{"id":7441,"date":"2024-12-18T14:25:30","date_gmt":"2024-12-18T13:25:30","guid":{"rendered":"https:\/\/alloraliving.com\/ensemble-incanto-fauteuil-element-simple\/"},"modified":"2025-02-11T08:41:41","modified_gmt":"2025-02-11T07:41:41","slug":"ensemble-incanto-fauteuil-element-simple","status":"publish","type":"product","link":"https:\/\/alloraliving.com\/fr\/ensemble-incanto-fauteuil-element-simple\/","title":{"rendered":"Ensemble Incanto Fauteuil + \u00c9l\u00e9ment Simple"},"content":{"rendered":"","protected":false},"excerpt":{"rendered":"<p>L&rsquo;ensemble compos\u00e9 d&rsquo;un fauteuil et d&rsquo;un module simple de la collection INCANTO allie confort et libert\u00e9 d&rsquo;agencement. Le fauteuil offre un endroit confortable pour se reposer, et un module simple \u00e9largit les possibilit\u00e9s d&rsquo;am\u00e9nagement, permettant de l&rsquo;adapter aux besoins individuels. Le rev\u00eatement en velours c\u00f4tel\u00e9 ajoute de la texture et de la chaleur \u00e0 l&rsquo;apparence g\u00e9n\u00e9rale.  <\/p>\n<p>Gr\u00e2ce \u00e0 la modularit\u00e9 de la collection INCANTO, vous pourrez facilement cr\u00e9er un am\u00e9nagement qui s&rsquo;adaptera parfaitement au caract\u00e8re de votre int\u00e9rieur. C&rsquo;est la solution parfaite pour ceux qui appr\u00e9cient la flexibilit\u00e9 et souhaitent cr\u00e9er des espaces inspir\u00e9s par la simplicit\u00e9 et l&rsquo;\u00e9l\u00e9gance. <\/p>\n","protected":false},"featured_media":7449,"template":"","meta":[],"product_brand":[],"product_cat":[946,947,935,930],"product_tag":[],"class_list":{"0":"post-7441","1":"product","2":"type-product","3":"status-publish","4":"has-post-thumbnail","6":"product_cat-canapes","7":"product_cat-canapes-modulaires","8":"product_cat-collection-incanto","9":"product_cat-sieges","10":"product_shipping_class-livraison-gratuite","12":"first","13":"instock","14":"taxable","15":"shipping-taxable","16":"purchasable","17":"product-type-variable","18":"has-default-attributes","19":"wvs-archive-product-wrapper"},"yoast_head":"<!-- This site is optimized with the Yoast SEO Premium plugin v26.8 (Yoast SEO v26.8) - https:\/\/yoast.com\/product\/yoast-seo-premium-wordpress\/ -->\n<title>Ensemble Incanto Fauteuil + \u00c9l\u00e9ment Simple - AlloraLiving.com<\/title>\n<meta name=\"robots\" content=\"index, follow, max-snippet:-1, max-image-preview:large, max-video-preview:-1\" \/>\n<link rel=\"canonical\" href=\"https:\/\/alloraliving.com\/fr\/ensemble-incanto-fauteuil-element-simple\/\" \/>\n<meta property=\"og:locale\" content=\"fr_FR\" \/>\n<meta property=\"og:type\" content=\"article\" \/>\n<meta property=\"og:title\" content=\"Ensemble Incanto Fauteuil + \u00c9l\u00e9ment Simple\" \/>\n<meta property=\"og:description\" content=\"L&#039;ensemble compos\u00e9 d&#039;un fauteuil et d&#039;un module simple de la collection INCANTO allie confort et libert\u00e9 d&#039;agencement. Le fauteuil offre un endroit confortable pour se reposer, et un module simple \u00e9largit les possibilit\u00e9s d&#039;am\u00e9nagement, permettant de l&#039;adapter aux besoins individuels. Le rev\u00eatement en velours c\u00f4tel\u00e9 ajoute de la texture et de la chaleur \u00e0 l&#039;apparence g\u00e9n\u00e9rale.  Gr\u00e2ce \u00e0 la modularit\u00e9 de la collection INCANTO, vous pourrez facilement cr\u00e9er un am\u00e9nagement qui s&#039;adaptera parfaitement au caract\u00e8re de votre int\u00e9rieur. C&#039;est la solution parfaite pour ceux qui appr\u00e9cient la flexibilit\u00e9 et souhaitent cr\u00e9er des espaces inspir\u00e9s par la simplicit\u00e9 et l&#039;\u00e9l\u00e9gance.\" \/>\n<meta property=\"og:url\" content=\"https:\/\/alloraliving.com\/fr\/ensemble-incanto-fauteuil-element-simple\/\" \/>\n<meta property=\"og:site_name\" content=\"AlloraLiving.com\" \/>\n<meta property=\"article:modified_time\" content=\"2025-02-11T07:41:41+00:00\" \/>\n<meta property=\"og:image\" content=\"https:\/\/alloraliving.com\/wp-content\/uploads\/1-zestaw-fotel-element-prosty-incanto-sand-cream.jpg\" \/>\n\t<meta property=\"og:image:width\" content=\"1600\" \/>\n\t<meta property=\"og:image:height\" content=\"1200\" \/>\n\t<meta property=\"og:image:type\" content=\"image\/jpeg\" \/>\n<meta name=\"twitter:card\" content=\"summary_large_image\" \/>\n<meta name=\"twitter:label1\" content=\"Disponibilit\u00e9\" \/>\n\t<meta name=\"twitter:data1\" content=\"En stock\" \/>\n<script type=\"application\/ld+json\" class=\"yoast-schema-graph\">{\"@context\":\"https:\/\/schema.org\",\"@graph\":[{\"@type\":[\"WebPage\",\"ItemPage\"],\"@id\":\"https:\/\/alloraliving.com\/fr\/ensemble-incanto-fauteuil-element-simple\/\",\"url\":\"https:\/\/alloraliving.com\/fr\/ensemble-incanto-fauteuil-element-simple\/\",\"name\":\"Ensemble Incanto Fauteuil + \u00c9l\u00e9ment Simple - AlloraLiving.com\",\"isPartOf\":{\"@id\":\"https:\/\/alloraliving.com\/fr\/#website\"},\"primaryImageOfPage\":{\"@id\":\"https:\/\/alloraliving.com\/fr\/ensemble-incanto-fauteuil-element-simple\/#primaryimage\"},\"image\":{\"@id\":\"https:\/\/alloraliving.com\/fr\/ensemble-incanto-fauteuil-element-simple\/#primaryimage\"},\"thumbnailUrl\":\"https:\/\/alloraliving.com\/wp-content\/uploads\/1-zestaw-fotel-element-prosty-incanto-sand-cream.jpg\",\"datePublished\":\"2024-12-18T13:25:30+00:00\",\"dateModified\":\"2025-02-11T07:41:41+00:00\",\"breadcrumb\":{\"@id\":\"https:\/\/alloraliving.com\/fr\/ensemble-incanto-fauteuil-element-simple\/#breadcrumb\"},\"inLanguage\":\"fr-FR\",\"potentialAction\":[{\"@type\":\"ReadAction\",\"target\":[\"https:\/\/alloraliving.com\/fr\/ensemble-incanto-fauteuil-element-simple\/\"]}]},{\"@type\":\"ImageObject\",\"inLanguage\":\"fr-FR\",\"@id\":\"https:\/\/alloraliving.com\/fr\/ensemble-incanto-fauteuil-element-simple\/#primaryimage\",\"url\":\"https:\/\/alloraliving.com\/wp-content\/uploads\/1-zestaw-fotel-element-prosty-incanto-sand-cream.jpg\",\"contentUrl\":\"https:\/\/alloraliving.com\/wp-content\/uploads\/1-zestaw-fotel-element-prosty-incanto-sand-cream.jpg\",\"width\":1600,\"height\":1200},{\"@type\":\"BreadcrumbList\",\"@id\":\"https:\/\/alloraliving.com\/fr\/ensemble-incanto-fauteuil-element-simple\/#breadcrumb\",\"itemListElement\":[{\"@type\":\"ListItem\",\"position\":1,\"name\":\"Strona g\u0142\u00f3wna\",\"item\":\"https:\/\/alloraliving.com\/fr\/\"},{\"@type\":\"ListItem\",\"position\":2,\"name\":\"Boutique\",\"item\":\"https:\/\/alloraliving.com\/fr\/?page_id=6496\"},{\"@type\":\"ListItem\",\"position\":3,\"name\":\"Ensemble Incanto Fauteuil + \u00c9l\u00e9ment Simple\"}]},{\"@type\":\"WebSite\",\"@id\":\"https:\/\/alloraliving.com\/fr\/#website\",\"url\":\"https:\/\/alloraliving.com\/fr\/\",\"name\":\"AlloraLiving.com\",\"description\":\"\",\"potentialAction\":[{\"@type\":\"SearchAction\",\"target\":{\"@type\":\"EntryPoint\",\"urlTemplate\":\"https:\/\/alloraliving.com\/fr\/?s={search_term_string}\"},\"query-input\":{\"@type\":\"PropertyValueSpecification\",\"valueRequired\":true,\"valueName\":\"search_term_string\"}}],\"inLanguage\":\"fr-FR\"}]}<\/script>\n<meta property=\"og:availability\" content=\"instock\" \/>\n<meta property=\"product:availability\" content=\"instock\" \/>\n<meta property=\"product:condition\" content=\"new\" \/>\n<!-- \/ Yoast SEO Premium plugin. -->","yoast_head_json":{"title":"Ensemble Incanto Fauteuil + \u00c9l\u00e9ment Simple - AlloraLiving.com","robots":{"index":"index","follow":"follow","max-snippet":"max-snippet:-1","max-image-preview":"max-image-preview:large","max-video-preview":"max-video-preview:-1"},"canonical":"https:\/\/alloraliving.com\/fr\/ensemble-incanto-fauteuil-element-simple\/","og_locale":"fr_FR","og_type":"article","og_title":"Ensemble Incanto Fauteuil + \u00c9l\u00e9ment Simple","og_description":"L'ensemble compos\u00e9 d'un fauteuil et d'un module simple de la collection INCANTO allie confort et libert\u00e9 d'agencement. Le fauteuil offre un endroit confortable pour se reposer, et un module simple \u00e9largit les possibilit\u00e9s d'am\u00e9nagement, permettant de l'adapter aux besoins individuels. Le rev\u00eatement en velours c\u00f4tel\u00e9 ajoute de la texture et de la chaleur \u00e0 l'apparence g\u00e9n\u00e9rale.  Gr\u00e2ce \u00e0 la modularit\u00e9 de la collection INCANTO, vous pourrez facilement cr\u00e9er un am\u00e9nagement qui s'adaptera parfaitement au caract\u00e8re de votre int\u00e9rieur. C'est la solution parfaite pour ceux qui appr\u00e9cient la flexibilit\u00e9 et souhaitent cr\u00e9er des espaces inspir\u00e9s par la simplicit\u00e9 et l'\u00e9l\u00e9gance.","og_url":"https:\/\/alloraliving.com\/fr\/ensemble-incanto-fauteuil-element-simple\/","og_site_name":"AlloraLiving.com","article_modified_time":"2025-02-11T07:41:41+00:00","og_image":[{"width":1600,"height":1200,"url":"https:\/\/alloraliving.com\/wp-content\/uploads\/1-zestaw-fotel-element-prosty-incanto-sand-cream.jpg","type":"image\/jpeg"}],"twitter_card":"summary_large_image","twitter_misc":{"Disponibilit\u00e9":"En stock"},"schema":{"@context":"https:\/\/schema.org","@graph":[{"@type":["WebPage","ItemPage"],"@id":"https:\/\/alloraliving.com\/fr\/ensemble-incanto-fauteuil-element-simple\/","url":"https:\/\/alloraliving.com\/fr\/ensemble-incanto-fauteuil-element-simple\/","name":"Ensemble Incanto Fauteuil + \u00c9l\u00e9ment Simple - AlloraLiving.com","isPartOf":{"@id":"https:\/\/alloraliving.com\/fr\/#website"},"primaryImageOfPage":{"@id":"https:\/\/alloraliving.com\/fr\/ensemble-incanto-fauteuil-element-simple\/#primaryimage"},"image":{"@id":"https:\/\/alloraliving.com\/fr\/ensemble-incanto-fauteuil-element-simple\/#primaryimage"},"thumbnailUrl":"https:\/\/alloraliving.com\/wp-content\/uploads\/1-zestaw-fotel-element-prosty-incanto-sand-cream.jpg","datePublished":"2024-12-18T13:25:30+00:00","dateModified":"2025-02-11T07:41:41+00:00","breadcrumb":{"@id":"https:\/\/alloraliving.com\/fr\/ensemble-incanto-fauteuil-element-simple\/#breadcrumb"},"inLanguage":"fr-FR","potentialAction":[{"@type":"ReadAction","target":["https:\/\/alloraliving.com\/fr\/ensemble-incanto-fauteuil-element-simple\/"]}]},{"@type":"ImageObject","inLanguage":"fr-FR","@id":"https:\/\/alloraliving.com\/fr\/ensemble-incanto-fauteuil-element-simple\/#primaryimage","url":"https:\/\/alloraliving.com\/wp-content\/uploads\/1-zestaw-fotel-element-prosty-incanto-sand-cream.jpg","contentUrl":"https:\/\/alloraliving.com\/wp-content\/uploads\/1-zestaw-fotel-element-prosty-incanto-sand-cream.jpg","width":1600,"height":1200},{"@type":"BreadcrumbList","@id":"https:\/\/alloraliving.com\/fr\/ensemble-incanto-fauteuil-element-simple\/#breadcrumb","itemListElement":[{"@type":"ListItem","position":1,"name":"Strona g\u0142\u00f3wna","item":"https:\/\/alloraliving.com\/fr\/"},{"@type":"ListItem","position":2,"name":"Boutique","item":"https:\/\/alloraliving.com\/fr\/?page_id=6496"},{"@type":"ListItem","position":3,"name":"Ensemble Incanto Fauteuil + \u00c9l\u00e9ment Simple"}]},{"@type":"WebSite","@id":"https:\/\/alloraliving.com\/fr\/#website","url":"https:\/\/alloraliving.com\/fr\/","name":"AlloraLiving.com","description":"","potentialAction":[{"@type":"SearchAction","target":{"@type":"EntryPoint","urlTemplate":"https:\/\/alloraliving.com\/fr\/?s={search_term_string}"},"query-input":{"@type":"PropertyValueSpecification","valueRequired":true,"valueName":"search_term_string"}}],"inLanguage":"fr-FR"}]},"og_availability":"instock","product_availability":"instock","product_condition":"new"},"_links":{"self":[{"href":"https:\/\/alloraliving.com\/fr\/wp-json\/wp\/v2\/product\/7441","targetHints":{"allow":["GET"]}}],"collection":[{"href":"https:\/\/alloraliving.com\/fr\/wp-json\/wp\/v2\/product"}],"about":[{"href":"https:\/\/alloraliving.com\/fr\/wp-json\/wp\/v2\/types\/product"}],"wp:featuredmedia":[{"embeddable":true,"href":"https:\/\/alloraliving.com\/fr\/wp-json\/wp\/v2\/media\/7449"}],"wp:attachment":[{"href":"https:\/\/alloraliving.com\/fr\/wp-json\/wp\/v2\/media?parent=7441"}],"wp:term":[{"taxonomy":"product_brand","embeddable":true,"href":"https:\/\/alloraliving.com\/fr\/wp-json\/wp\/v2\/product_brand?post=7441"},{"taxonomy":"product_cat","embeddable":true,"href":"https:\/\/alloraliving.com\/fr\/wp-json\/wp\/v2\/product_cat?post=7441"},{"taxonomy":"product_tag","embeddable":true,"href":"https:\/\/alloraliving.com\/fr\/wp-json\/wp\/v2\/product_tag?post=7441"}],"curies":[{"name":"wp","href":"https:\/\/api.w.org\/{rel}","templated":true}]}}