{"id":7464,"date":"2024-08-22T08:11:24","date_gmt":"2024-08-22T06:11:24","guid":{"rendered":"https:\/\/alloraliving.com\/canape-3-places-incanto\/"},"modified":"2025-02-11T08:41:43","modified_gmt":"2025-02-11T07:41:43","slug":"canape-3-places-incanto","status":"publish","type":"product","link":"https:\/\/alloraliving.com\/fr\/canape-3-places-incanto\/","title":{"rendered":"Canap\u00e9 3 places Incanto"},"content":{"rendered":"","protected":false},"excerpt":{"rendered":"<p>Le canap\u00e9 3 places de la collection INCANTO est une combinaison classique de fonctionnalit\u00e9 et de confort, parfaite pour les grands espaces. Sa forme simple avec des accoudoirs qui ferment l&rsquo;espace d&rsquo;assise ajoute du confort, et la fabrication solide garantit durabilit\u00e9 et confort. <\/p>\n<p>Ce canap\u00e9 s&rsquo;int\u00e8gre parfaitement dans l&rsquo;id\u00e9e de la collection INCANTO, offrant une \u00e9l\u00e9gance et un charme subtil qui compl\u00e8te n&rsquo;importe quel espace. Gr\u00e2ce \u00e0 une palette de couleurs soigneusement s\u00e9lectionn\u00e9e, des cr\u00e8mes claires aux gris \u00e9l\u00e9gants, le canap\u00e9 introduit l&rsquo;harmonie dans l&rsquo;int\u00e9rieur et laisse place \u00e0 une libre disposition \u00e0 l&rsquo;aide d&rsquo;accessoires. <\/p>\n","protected":false},"featured_media":7467,"template":"","meta":[],"product_brand":[],"product_cat":[946,947,935],"product_tag":[],"class_list":{"0":"post-7464","1":"product","2":"type-product","3":"status-publish","4":"has-post-thumbnail","6":"product_cat-canapes","7":"product_cat-canapes-modulaires","8":"product_cat-collection-incanto","9":"product_shipping_class-livraison-gratuite","11":"first","12":"instock","13":"taxable","14":"shipping-taxable","15":"purchasable","16":"product-type-variable","17":"has-default-attributes","18":"wvs-archive-product-wrapper"},"yoast_head":"<!-- This site is optimized with the Yoast SEO Premium plugin v26.8 (Yoast SEO v26.8) - https:\/\/yoast.com\/product\/yoast-seo-premium-wordpress\/ -->\n<title>Canap\u00e9 3 places Incanto - AlloraLiving.com<\/title>\n<meta name=\"robots\" content=\"index, follow, max-snippet:-1, max-image-preview:large, max-video-preview:-1\" \/>\n<link rel=\"canonical\" href=\"https:\/\/alloraliving.com\/fr\/canape-3-places-incanto\/\" \/>\n<meta property=\"og:locale\" content=\"fr_FR\" \/>\n<meta property=\"og:type\" content=\"article\" \/>\n<meta property=\"og:title\" content=\"Canap\u00e9 3 places Incanto\" \/>\n<meta property=\"og:description\" content=\"Le canap\u00e9 3 places de la collection INCANTO est une combinaison classique de fonctionnalit\u00e9 et de confort, parfaite pour les grands espaces. Sa forme simple avec des accoudoirs qui ferment l&#039;espace d&#039;assise ajoute du confort, et la fabrication solide garantit durabilit\u00e9 et confort.  Ce canap\u00e9 s&#039;int\u00e8gre parfaitement dans l&#039;id\u00e9e de la collection INCANTO, offrant une \u00e9l\u00e9gance et un charme subtil qui compl\u00e8te n&#039;importe quel espace. Gr\u00e2ce \u00e0 une palette de couleurs soigneusement s\u00e9lectionn\u00e9e, des cr\u00e8mes claires aux gris \u00e9l\u00e9gants, le canap\u00e9 introduit l&#039;harmonie dans l&#039;int\u00e9rieur et laisse place \u00e0 une libre disposition \u00e0 l&#039;aide d&#039;accessoires.\" \/>\n<meta property=\"og:url\" content=\"https:\/\/alloraliving.com\/fr\/canape-3-places-incanto\/\" \/>\n<meta property=\"og:site_name\" content=\"AlloraLiving.com\" \/>\n<meta property=\"article:modified_time\" content=\"2025-02-11T07:41:43+00:00\" \/>\n<meta property=\"og:image\" content=\"https:\/\/alloraliving.com\/wp-content\/uploads\/1-bezowa-sofa-modulowa-do-salonu-biura-incanto-sand-cream.jpg\" \/>\n\t<meta property=\"og:image:width\" content=\"1600\" \/>\n\t<meta property=\"og:image:height\" content=\"1200\" \/>\n\t<meta property=\"og:image:type\" content=\"image\/jpeg\" \/>\n<meta name=\"twitter:card\" content=\"summary_large_image\" \/>\n<meta name=\"twitter:label1\" content=\"Disponibilit\u00e9\" \/>\n\t<meta name=\"twitter:data1\" content=\"En stock\" \/>\n<script type=\"application\/ld+json\" class=\"yoast-schema-graph\">{\"@context\":\"https:\/\/schema.org\",\"@graph\":[{\"@type\":[\"WebPage\",\"ItemPage\"],\"@id\":\"https:\/\/alloraliving.com\/fr\/canape-3-places-incanto\/\",\"url\":\"https:\/\/alloraliving.com\/fr\/canape-3-places-incanto\/\",\"name\":\"Canap\u00e9 3 places Incanto - AlloraLiving.com\",\"isPartOf\":{\"@id\":\"https:\/\/alloraliving.com\/fr\/#website\"},\"primaryImageOfPage\":{\"@id\":\"https:\/\/alloraliving.com\/fr\/canape-3-places-incanto\/#primaryimage\"},\"image\":{\"@id\":\"https:\/\/alloraliving.com\/fr\/canape-3-places-incanto\/#primaryimage\"},\"thumbnailUrl\":\"https:\/\/alloraliving.com\/wp-content\/uploads\/1-bezowa-sofa-modulowa-do-salonu-biura-incanto-sand-cream.jpg\",\"datePublished\":\"2024-08-22T06:11:24+00:00\",\"dateModified\":\"2025-02-11T07:41:43+00:00\",\"breadcrumb\":{\"@id\":\"https:\/\/alloraliving.com\/fr\/canape-3-places-incanto\/#breadcrumb\"},\"inLanguage\":\"fr-FR\",\"potentialAction\":[{\"@type\":\"ReadAction\",\"target\":[\"https:\/\/alloraliving.com\/fr\/canape-3-places-incanto\/\"]}]},{\"@type\":\"ImageObject\",\"inLanguage\":\"fr-FR\",\"@id\":\"https:\/\/alloraliving.com\/fr\/canape-3-places-incanto\/#primaryimage\",\"url\":\"https:\/\/alloraliving.com\/wp-content\/uploads\/1-bezowa-sofa-modulowa-do-salonu-biura-incanto-sand-cream.jpg\",\"contentUrl\":\"https:\/\/alloraliving.com\/wp-content\/uploads\/1-bezowa-sofa-modulowa-do-salonu-biura-incanto-sand-cream.jpg\",\"width\":1600,\"height\":1200},{\"@type\":\"BreadcrumbList\",\"@id\":\"https:\/\/alloraliving.com\/fr\/canape-3-places-incanto\/#breadcrumb\",\"itemListElement\":[{\"@type\":\"ListItem\",\"position\":1,\"name\":\"Strona g\u0142\u00f3wna\",\"item\":\"https:\/\/alloraliving.com\/fr\/\"},{\"@type\":\"ListItem\",\"position\":2,\"name\":\"Boutique\",\"item\":\"https:\/\/alloraliving.com\/fr\/?page_id=6496\"},{\"@type\":\"ListItem\",\"position\":3,\"name\":\"Canap\u00e9 3 places Incanto\"}]},{\"@type\":\"WebSite\",\"@id\":\"https:\/\/alloraliving.com\/fr\/#website\",\"url\":\"https:\/\/alloraliving.com\/fr\/\",\"name\":\"AlloraLiving.com\",\"description\":\"\",\"potentialAction\":[{\"@type\":\"SearchAction\",\"target\":{\"@type\":\"EntryPoint\",\"urlTemplate\":\"https:\/\/alloraliving.com\/fr\/?s={search_term_string}\"},\"query-input\":{\"@type\":\"PropertyValueSpecification\",\"valueRequired\":true,\"valueName\":\"search_term_string\"}}],\"inLanguage\":\"fr-FR\"}]}<\/script>\n<meta property=\"og:availability\" content=\"instock\" \/>\n<meta property=\"product:availability\" content=\"instock\" \/>\n<meta property=\"product:condition\" content=\"new\" \/>\n<!-- \/ Yoast SEO Premium plugin. -->","yoast_head_json":{"title":"Canap\u00e9 3 places Incanto - AlloraLiving.com","robots":{"index":"index","follow":"follow","max-snippet":"max-snippet:-1","max-image-preview":"max-image-preview:large","max-video-preview":"max-video-preview:-1"},"canonical":"https:\/\/alloraliving.com\/fr\/canape-3-places-incanto\/","og_locale":"fr_FR","og_type":"article","og_title":"Canap\u00e9 3 places Incanto","og_description":"Le canap\u00e9 3 places de la collection INCANTO est une combinaison classique de fonctionnalit\u00e9 et de confort, parfaite pour les grands espaces. Sa forme simple avec des accoudoirs qui ferment l'espace d'assise ajoute du confort, et la fabrication solide garantit durabilit\u00e9 et confort.  Ce canap\u00e9 s'int\u00e8gre parfaitement dans l'id\u00e9e de la collection INCANTO, offrant une \u00e9l\u00e9gance et un charme subtil qui compl\u00e8te n'importe quel espace. Gr\u00e2ce \u00e0 une palette de couleurs soigneusement s\u00e9lectionn\u00e9e, des cr\u00e8mes claires aux gris \u00e9l\u00e9gants, le canap\u00e9 introduit l'harmonie dans l'int\u00e9rieur et laisse place \u00e0 une libre disposition \u00e0 l'aide d'accessoires.","og_url":"https:\/\/alloraliving.com\/fr\/canape-3-places-incanto\/","og_site_name":"AlloraLiving.com","article_modified_time":"2025-02-11T07:41:43+00:00","og_image":[{"width":1600,"height":1200,"url":"https:\/\/alloraliving.com\/wp-content\/uploads\/1-bezowa-sofa-modulowa-do-salonu-biura-incanto-sand-cream.jpg","type":"image\/jpeg"}],"twitter_card":"summary_large_image","twitter_misc":{"Disponibilit\u00e9":"En stock"},"schema":{"@context":"https:\/\/schema.org","@graph":[{"@type":["WebPage","ItemPage"],"@id":"https:\/\/alloraliving.com\/fr\/canape-3-places-incanto\/","url":"https:\/\/alloraliving.com\/fr\/canape-3-places-incanto\/","name":"Canap\u00e9 3 places Incanto - AlloraLiving.com","isPartOf":{"@id":"https:\/\/alloraliving.com\/fr\/#website"},"primaryImageOfPage":{"@id":"https:\/\/alloraliving.com\/fr\/canape-3-places-incanto\/#primaryimage"},"image":{"@id":"https:\/\/alloraliving.com\/fr\/canape-3-places-incanto\/#primaryimage"},"thumbnailUrl":"https:\/\/alloraliving.com\/wp-content\/uploads\/1-bezowa-sofa-modulowa-do-salonu-biura-incanto-sand-cream.jpg","datePublished":"2024-08-22T06:11:24+00:00","dateModified":"2025-02-11T07:41:43+00:00","breadcrumb":{"@id":"https:\/\/alloraliving.com\/fr\/canape-3-places-incanto\/#breadcrumb"},"inLanguage":"fr-FR","potentialAction":[{"@type":"ReadAction","target":["https:\/\/alloraliving.com\/fr\/canape-3-places-incanto\/"]}]},{"@type":"ImageObject","inLanguage":"fr-FR","@id":"https:\/\/alloraliving.com\/fr\/canape-3-places-incanto\/#primaryimage","url":"https:\/\/alloraliving.com\/wp-content\/uploads\/1-bezowa-sofa-modulowa-do-salonu-biura-incanto-sand-cream.jpg","contentUrl":"https:\/\/alloraliving.com\/wp-content\/uploads\/1-bezowa-sofa-modulowa-do-salonu-biura-incanto-sand-cream.jpg","width":1600,"height":1200},{"@type":"BreadcrumbList","@id":"https:\/\/alloraliving.com\/fr\/canape-3-places-incanto\/#breadcrumb","itemListElement":[{"@type":"ListItem","position":1,"name":"Strona g\u0142\u00f3wna","item":"https:\/\/alloraliving.com\/fr\/"},{"@type":"ListItem","position":2,"name":"Boutique","item":"https:\/\/alloraliving.com\/fr\/?page_id=6496"},{"@type":"ListItem","position":3,"name":"Canap\u00e9 3 places Incanto"}]},{"@type":"WebSite","@id":"https:\/\/alloraliving.com\/fr\/#website","url":"https:\/\/alloraliving.com\/fr\/","name":"AlloraLiving.com","description":"","potentialAction":[{"@type":"SearchAction","target":{"@type":"EntryPoint","urlTemplate":"https:\/\/alloraliving.com\/fr\/?s={search_term_string}"},"query-input":{"@type":"PropertyValueSpecification","valueRequired":true,"valueName":"search_term_string"}}],"inLanguage":"fr-FR"}]},"og_availability":"instock","product_availability":"instock","product_condition":"new"},"_links":{"self":[{"href":"https:\/\/alloraliving.com\/fr\/wp-json\/wp\/v2\/product\/7464","targetHints":{"allow":["GET"]}}],"collection":[{"href":"https:\/\/alloraliving.com\/fr\/wp-json\/wp\/v2\/product"}],"about":[{"href":"https:\/\/alloraliving.com\/fr\/wp-json\/wp\/v2\/types\/product"}],"wp:featuredmedia":[{"embeddable":true,"href":"https:\/\/alloraliving.com\/fr\/wp-json\/wp\/v2\/media\/7467"}],"wp:attachment":[{"href":"https:\/\/alloraliving.com\/fr\/wp-json\/wp\/v2\/media?parent=7464"}],"wp:term":[{"taxonomy":"product_brand","embeddable":true,"href":"https:\/\/alloraliving.com\/fr\/wp-json\/wp\/v2\/product_brand?post=7464"},{"taxonomy":"product_cat","embeddable":true,"href":"https:\/\/alloraliving.com\/fr\/wp-json\/wp\/v2\/product_cat?post=7464"},{"taxonomy":"product_tag","embeddable":true,"href":"https:\/\/alloraliving.com\/fr\/wp-json\/wp\/v2\/product_tag?post=7464"}],"curies":[{"name":"wp","href":"https:\/\/api.w.org\/{rel}","templated":true}]}}