{"id":7475,"date":"2024-12-18T14:13:34","date_gmt":"2024-12-18T13:13:34","guid":{"rendered":"https:\/\/alloraliving.com\/incanto-lot-de-2-elements-simples\/"},"modified":"2025-02-11T08:41:43","modified_gmt":"2025-02-11T07:41:43","slug":"incanto-lot-de-2-elements-simples","status":"publish","type":"product","link":"https:\/\/alloraliving.com\/fr\/incanto-lot-de-2-elements-simples\/","title":{"rendered":"Incanto Lot de 2 \u00e9l\u00e9ments simples"},"content":{"rendered":"","protected":false},"excerpt":{"rendered":"<p>Un ensemble de deux modules simples de la collection INCANTO constitue une base solide pour cr\u00e9er divers am\u00e9nagements. Les deux \u00e9l\u00e9ments, recouverts de velours c\u00f4tel\u00e9 doux, introduisent une \u00e9l\u00e9gance subtile tout en offrant une assise confortable. Leur simplicit\u00e9 et leur polyvalence les rendent faciles \u00e0 int\u00e9grer dans n\u2019importe quel int\u00e9rieur, cr\u00e9ant un espace ordonn\u00e9 et convivial.  <\/p>\n<p>La collection INCANTO est bas\u00e9e sur la flexibilit\u00e9 et la fonctionnalit\u00e9, vous pouvez donc combiner librement les modules, obtenant l&rsquo;effet d&rsquo;une composition harmonieuse qui impressionne par sa simplicit\u00e9 et son style intemporel.<\/p>\n","protected":false},"featured_media":7479,"template":"","meta":[],"product_brand":[],"product_cat":[946,947,935],"product_tag":[],"class_list":{"0":"post-7475","1":"product","2":"type-product","3":"status-publish","4":"has-post-thumbnail","6":"product_cat-canapes","7":"product_cat-canapes-modulaires","8":"product_cat-collection-incanto","9":"product_shipping_class-livraison-gratuite","11":"first","12":"instock","13":"taxable","14":"shipping-taxable","15":"purchasable","16":"product-type-variable","17":"has-default-attributes","18":"wvs-archive-product-wrapper"},"yoast_head":"<!-- This site is optimized with the Yoast SEO Premium plugin v26.8 (Yoast SEO v26.8) - https:\/\/yoast.com\/product\/yoast-seo-premium-wordpress\/ -->\n<title>Incanto Lot de 2 \u00e9l\u00e9ments simples - AlloraLiving.com<\/title>\n<meta name=\"robots\" content=\"index, follow, max-snippet:-1, max-image-preview:large, max-video-preview:-1\" \/>\n<link rel=\"canonical\" href=\"https:\/\/alloraliving.com\/fr\/incanto-lot-de-2-elements-simples\/\" \/>\n<meta property=\"og:locale\" content=\"fr_FR\" \/>\n<meta property=\"og:type\" content=\"article\" \/>\n<meta property=\"og:title\" content=\"Incanto Lot de 2 \u00e9l\u00e9ments simples\" \/>\n<meta property=\"og:description\" content=\"Un ensemble de deux modules simples de la collection INCANTO constitue une base solide pour cr\u00e9er divers am\u00e9nagements. Les deux \u00e9l\u00e9ments, recouverts de velours c\u00f4tel\u00e9 doux, introduisent une \u00e9l\u00e9gance subtile tout en offrant une assise confortable. Leur simplicit\u00e9 et leur polyvalence les rendent faciles \u00e0 int\u00e9grer dans n\u2019importe quel int\u00e9rieur, cr\u00e9ant un espace ordonn\u00e9 et convivial.  La collection INCANTO est bas\u00e9e sur la flexibilit\u00e9 et la fonctionnalit\u00e9, vous pouvez donc combiner librement les modules, obtenant l&#039;effet d&#039;une composition harmonieuse qui impressionne par sa simplicit\u00e9 et son style intemporel.\" \/>\n<meta property=\"og:url\" content=\"https:\/\/alloraliving.com\/fr\/incanto-lot-de-2-elements-simples\/\" \/>\n<meta property=\"og:site_name\" content=\"AlloraLiving.com\" \/>\n<meta property=\"article:modified_time\" content=\"2025-02-11T07:41:43+00:00\" \/>\n<meta property=\"og:image\" content=\"https:\/\/alloraliving.com\/wp-content\/uploads\/1-zestaw-2-elementy-proste-incanto-sand-cream.jpg\" \/>\n\t<meta property=\"og:image:width\" content=\"1600\" \/>\n\t<meta property=\"og:image:height\" content=\"1200\" \/>\n\t<meta property=\"og:image:type\" content=\"image\/jpeg\" \/>\n<meta name=\"twitter:card\" content=\"summary_large_image\" \/>\n<meta name=\"twitter:label1\" content=\"Disponibilit\u00e9\" \/>\n\t<meta name=\"twitter:data1\" content=\"En stock\" \/>\n<script type=\"application\/ld+json\" class=\"yoast-schema-graph\">{\"@context\":\"https:\/\/schema.org\",\"@graph\":[{\"@type\":[\"WebPage\",\"ItemPage\"],\"@id\":\"https:\/\/alloraliving.com\/fr\/incanto-lot-de-2-elements-simples\/\",\"url\":\"https:\/\/alloraliving.com\/fr\/incanto-lot-de-2-elements-simples\/\",\"name\":\"Incanto Lot de 2 \u00e9l\u00e9ments simples - AlloraLiving.com\",\"isPartOf\":{\"@id\":\"https:\/\/alloraliving.com\/fr\/#website\"},\"primaryImageOfPage\":{\"@id\":\"https:\/\/alloraliving.com\/fr\/incanto-lot-de-2-elements-simples\/#primaryimage\"},\"image\":{\"@id\":\"https:\/\/alloraliving.com\/fr\/incanto-lot-de-2-elements-simples\/#primaryimage\"},\"thumbnailUrl\":\"https:\/\/alloraliving.com\/wp-content\/uploads\/1-zestaw-2-elementy-proste-incanto-sand-cream.jpg\",\"datePublished\":\"2024-12-18T13:13:34+00:00\",\"dateModified\":\"2025-02-11T07:41:43+00:00\",\"breadcrumb\":{\"@id\":\"https:\/\/alloraliving.com\/fr\/incanto-lot-de-2-elements-simples\/#breadcrumb\"},\"inLanguage\":\"fr-FR\",\"potentialAction\":[{\"@type\":\"ReadAction\",\"target\":[\"https:\/\/alloraliving.com\/fr\/incanto-lot-de-2-elements-simples\/\"]}]},{\"@type\":\"ImageObject\",\"inLanguage\":\"fr-FR\",\"@id\":\"https:\/\/alloraliving.com\/fr\/incanto-lot-de-2-elements-simples\/#primaryimage\",\"url\":\"https:\/\/alloraliving.com\/wp-content\/uploads\/1-zestaw-2-elementy-proste-incanto-sand-cream.jpg\",\"contentUrl\":\"https:\/\/alloraliving.com\/wp-content\/uploads\/1-zestaw-2-elementy-proste-incanto-sand-cream.jpg\",\"width\":1600,\"height\":1200},{\"@type\":\"BreadcrumbList\",\"@id\":\"https:\/\/alloraliving.com\/fr\/incanto-lot-de-2-elements-simples\/#breadcrumb\",\"itemListElement\":[{\"@type\":\"ListItem\",\"position\":1,\"name\":\"Strona g\u0142\u00f3wna\",\"item\":\"https:\/\/alloraliving.com\/fr\/\"},{\"@type\":\"ListItem\",\"position\":2,\"name\":\"Boutique\",\"item\":\"https:\/\/alloraliving.com\/fr\/?page_id=6496\"},{\"@type\":\"ListItem\",\"position\":3,\"name\":\"Incanto Lot de 2 \u00e9l\u00e9ments simples\"}]},{\"@type\":\"WebSite\",\"@id\":\"https:\/\/alloraliving.com\/fr\/#website\",\"url\":\"https:\/\/alloraliving.com\/fr\/\",\"name\":\"AlloraLiving.com\",\"description\":\"\",\"potentialAction\":[{\"@type\":\"SearchAction\",\"target\":{\"@type\":\"EntryPoint\",\"urlTemplate\":\"https:\/\/alloraliving.com\/fr\/?s={search_term_string}\"},\"query-input\":{\"@type\":\"PropertyValueSpecification\",\"valueRequired\":true,\"valueName\":\"search_term_string\"}}],\"inLanguage\":\"fr-FR\"}]}<\/script>\n<meta property=\"og:availability\" content=\"instock\" \/>\n<meta property=\"product:availability\" content=\"instock\" \/>\n<meta property=\"product:condition\" content=\"new\" \/>\n<!-- \/ Yoast SEO Premium plugin. -->","yoast_head_json":{"title":"Incanto Lot de 2 \u00e9l\u00e9ments simples - AlloraLiving.com","robots":{"index":"index","follow":"follow","max-snippet":"max-snippet:-1","max-image-preview":"max-image-preview:large","max-video-preview":"max-video-preview:-1"},"canonical":"https:\/\/alloraliving.com\/fr\/incanto-lot-de-2-elements-simples\/","og_locale":"fr_FR","og_type":"article","og_title":"Incanto Lot de 2 \u00e9l\u00e9ments simples","og_description":"Un ensemble de deux modules simples de la collection INCANTO constitue une base solide pour cr\u00e9er divers am\u00e9nagements. Les deux \u00e9l\u00e9ments, recouverts de velours c\u00f4tel\u00e9 doux, introduisent une \u00e9l\u00e9gance subtile tout en offrant une assise confortable. Leur simplicit\u00e9 et leur polyvalence les rendent faciles \u00e0 int\u00e9grer dans n\u2019importe quel int\u00e9rieur, cr\u00e9ant un espace ordonn\u00e9 et convivial.  La collection INCANTO est bas\u00e9e sur la flexibilit\u00e9 et la fonctionnalit\u00e9, vous pouvez donc combiner librement les modules, obtenant l'effet d'une composition harmonieuse qui impressionne par sa simplicit\u00e9 et son style intemporel.","og_url":"https:\/\/alloraliving.com\/fr\/incanto-lot-de-2-elements-simples\/","og_site_name":"AlloraLiving.com","article_modified_time":"2025-02-11T07:41:43+00:00","og_image":[{"width":1600,"height":1200,"url":"https:\/\/alloraliving.com\/wp-content\/uploads\/1-zestaw-2-elementy-proste-incanto-sand-cream.jpg","type":"image\/jpeg"}],"twitter_card":"summary_large_image","twitter_misc":{"Disponibilit\u00e9":"En stock"},"schema":{"@context":"https:\/\/schema.org","@graph":[{"@type":["WebPage","ItemPage"],"@id":"https:\/\/alloraliving.com\/fr\/incanto-lot-de-2-elements-simples\/","url":"https:\/\/alloraliving.com\/fr\/incanto-lot-de-2-elements-simples\/","name":"Incanto Lot de 2 \u00e9l\u00e9ments simples - AlloraLiving.com","isPartOf":{"@id":"https:\/\/alloraliving.com\/fr\/#website"},"primaryImageOfPage":{"@id":"https:\/\/alloraliving.com\/fr\/incanto-lot-de-2-elements-simples\/#primaryimage"},"image":{"@id":"https:\/\/alloraliving.com\/fr\/incanto-lot-de-2-elements-simples\/#primaryimage"},"thumbnailUrl":"https:\/\/alloraliving.com\/wp-content\/uploads\/1-zestaw-2-elementy-proste-incanto-sand-cream.jpg","datePublished":"2024-12-18T13:13:34+00:00","dateModified":"2025-02-11T07:41:43+00:00","breadcrumb":{"@id":"https:\/\/alloraliving.com\/fr\/incanto-lot-de-2-elements-simples\/#breadcrumb"},"inLanguage":"fr-FR","potentialAction":[{"@type":"ReadAction","target":["https:\/\/alloraliving.com\/fr\/incanto-lot-de-2-elements-simples\/"]}]},{"@type":"ImageObject","inLanguage":"fr-FR","@id":"https:\/\/alloraliving.com\/fr\/incanto-lot-de-2-elements-simples\/#primaryimage","url":"https:\/\/alloraliving.com\/wp-content\/uploads\/1-zestaw-2-elementy-proste-incanto-sand-cream.jpg","contentUrl":"https:\/\/alloraliving.com\/wp-content\/uploads\/1-zestaw-2-elementy-proste-incanto-sand-cream.jpg","width":1600,"height":1200},{"@type":"BreadcrumbList","@id":"https:\/\/alloraliving.com\/fr\/incanto-lot-de-2-elements-simples\/#breadcrumb","itemListElement":[{"@type":"ListItem","position":1,"name":"Strona g\u0142\u00f3wna","item":"https:\/\/alloraliving.com\/fr\/"},{"@type":"ListItem","position":2,"name":"Boutique","item":"https:\/\/alloraliving.com\/fr\/?page_id=6496"},{"@type":"ListItem","position":3,"name":"Incanto Lot de 2 \u00e9l\u00e9ments simples"}]},{"@type":"WebSite","@id":"https:\/\/alloraliving.com\/fr\/#website","url":"https:\/\/alloraliving.com\/fr\/","name":"AlloraLiving.com","description":"","potentialAction":[{"@type":"SearchAction","target":{"@type":"EntryPoint","urlTemplate":"https:\/\/alloraliving.com\/fr\/?s={search_term_string}"},"query-input":{"@type":"PropertyValueSpecification","valueRequired":true,"valueName":"search_term_string"}}],"inLanguage":"fr-FR"}]},"og_availability":"instock","product_availability":"instock","product_condition":"new"},"_links":{"self":[{"href":"https:\/\/alloraliving.com\/fr\/wp-json\/wp\/v2\/product\/7475","targetHints":{"allow":["GET"]}}],"collection":[{"href":"https:\/\/alloraliving.com\/fr\/wp-json\/wp\/v2\/product"}],"about":[{"href":"https:\/\/alloraliving.com\/fr\/wp-json\/wp\/v2\/types\/product"}],"wp:featuredmedia":[{"embeddable":true,"href":"https:\/\/alloraliving.com\/fr\/wp-json\/wp\/v2\/media\/7479"}],"wp:attachment":[{"href":"https:\/\/alloraliving.com\/fr\/wp-json\/wp\/v2\/media?parent=7475"}],"wp:term":[{"taxonomy":"product_brand","embeddable":true,"href":"https:\/\/alloraliving.com\/fr\/wp-json\/wp\/v2\/product_brand?post=7475"},{"taxonomy":"product_cat","embeddable":true,"href":"https:\/\/alloraliving.com\/fr\/wp-json\/wp\/v2\/product_cat?post=7475"},{"taxonomy":"product_tag","embeddable":true,"href":"https:\/\/alloraliving.com\/fr\/wp-json\/wp\/v2\/product_tag?post=7475"}],"curies":[{"name":"wp","href":"https:\/\/api.w.org\/{rel}","templated":true}]}}