{"id":7504,"date":"2024-08-22T07:53:42","date_gmt":"2024-08-22T05:53:42","guid":{"rendered":"https:\/\/alloraliving.com\/canape-2-places-incanto\/"},"modified":"2025-02-11T08:41:45","modified_gmt":"2025-02-11T07:41:45","slug":"canape-2-places-incanto","status":"publish","type":"product","link":"https:\/\/alloraliving.com\/fr\/canape-2-places-incanto\/","title":{"rendered":"Canap\u00e9 2 places Incanto"},"content":{"rendered":"","protected":false},"excerpt":{"rendered":"<p>Le canap\u00e9 2 places de la collection INCANTO est une combinaison compacte d&rsquo;\u00e9l\u00e9gance et de fonctionnalit\u00e9. La forme simple et la fabrication solide permettent au canap\u00e9 de s&rsquo;int\u00e9grer parfaitement dans le concept de la collection, introduisant un charme subtil \u00e0 l&rsquo;int\u00e9rieur. Le velours c\u00f4tel\u00e9 \u00e9pais avec lequel il est recouvert ajoute une texture distinctive au meuble, assurant un confort au quotidien.  <\/p>\n<p>Ce canap\u00e9 est parfait pour les petits espaces qui n\u00e9cessitent de la fonctionnalit\u00e9 sans compromettre le style. Gr\u00e2ce \u00e0 des nuances soigneusement s\u00e9lectionn\u00e9es, du beige classique au gris \u00e9l\u00e9gant, le canap\u00e9 INCANTO introduit l&rsquo;harmonie dans l&rsquo;int\u00e9rieur et laisse place \u00e0 une libre disposition \u00e0 l&rsquo;aide d&rsquo;accessoires. <\/p>\n","protected":false},"featured_media":7506,"template":"","meta":[],"product_brand":[],"product_cat":[946,947,935],"product_tag":[],"class_list":{"0":"post-7504","1":"product","2":"type-product","3":"status-publish","4":"has-post-thumbnail","6":"product_cat-canapes","7":"product_cat-canapes-modulaires","8":"product_cat-collection-incanto","9":"product_shipping_class-livraison-gratuite","11":"first","12":"instock","13":"taxable","14":"shipping-taxable","15":"purchasable","16":"product-type-variable","17":"has-default-attributes","18":"wvs-archive-product-wrapper"},"yoast_head":"<!-- This site is optimized with the Yoast SEO Premium plugin v26.8 (Yoast SEO v26.8) - https:\/\/yoast.com\/product\/yoast-seo-premium-wordpress\/ -->\n<title>Canap\u00e9 2 places Incanto - AlloraLiving.com<\/title>\n<meta name=\"robots\" content=\"index, follow, max-snippet:-1, max-image-preview:large, max-video-preview:-1\" \/>\n<link rel=\"canonical\" href=\"https:\/\/alloraliving.com\/fr\/canape-2-places-incanto\/\" \/>\n<meta property=\"og:locale\" content=\"fr_FR\" \/>\n<meta property=\"og:type\" content=\"article\" \/>\n<meta property=\"og:title\" content=\"Canap\u00e9 2 places Incanto\" \/>\n<meta property=\"og:description\" content=\"Le canap\u00e9 2 places de la collection INCANTO est une combinaison compacte d&#039;\u00e9l\u00e9gance et de fonctionnalit\u00e9. La forme simple et la fabrication solide permettent au canap\u00e9 de s&#039;int\u00e9grer parfaitement dans le concept de la collection, introduisant un charme subtil \u00e0 l&#039;int\u00e9rieur. Le velours c\u00f4tel\u00e9 \u00e9pais avec lequel il est recouvert ajoute une texture distinctive au meuble, assurant un confort au quotidien.  Ce canap\u00e9 est parfait pour les petits espaces qui n\u00e9cessitent de la fonctionnalit\u00e9 sans compromettre le style. Gr\u00e2ce \u00e0 des nuances soigneusement s\u00e9lectionn\u00e9es, du beige classique au gris \u00e9l\u00e9gant, le canap\u00e9 INCANTO introduit l&#039;harmonie dans l&#039;int\u00e9rieur et laisse place \u00e0 une libre disposition \u00e0 l&#039;aide d&#039;accessoires.\" \/>\n<meta property=\"og:url\" content=\"https:\/\/alloraliving.com\/fr\/canape-2-places-incanto\/\" \/>\n<meta property=\"og:site_name\" content=\"AlloraLiving.com\" \/>\n<meta property=\"article:modified_time\" content=\"2025-02-11T07:41:45+00:00\" \/>\n<meta property=\"og:image\" content=\"https:\/\/alloraliving.com\/wp-content\/uploads\/1-nowoczesna-sofa-2-osobowa-do-salonu-incanto-sand-cream.jpg\" \/>\n\t<meta property=\"og:image:width\" content=\"1600\" \/>\n\t<meta property=\"og:image:height\" content=\"1200\" \/>\n\t<meta property=\"og:image:type\" content=\"image\/jpeg\" \/>\n<meta name=\"twitter:card\" content=\"summary_large_image\" \/>\n<meta name=\"twitter:label1\" content=\"Disponibilit\u00e9\" \/>\n\t<meta name=\"twitter:data1\" content=\"En stock\" \/>\n<script type=\"application\/ld+json\" class=\"yoast-schema-graph\">{\"@context\":\"https:\/\/schema.org\",\"@graph\":[{\"@type\":[\"WebPage\",\"ItemPage\"],\"@id\":\"https:\/\/alloraliving.com\/fr\/canape-2-places-incanto\/\",\"url\":\"https:\/\/alloraliving.com\/fr\/canape-2-places-incanto\/\",\"name\":\"Canap\u00e9 2 places Incanto - AlloraLiving.com\",\"isPartOf\":{\"@id\":\"https:\/\/alloraliving.com\/fr\/#website\"},\"primaryImageOfPage\":{\"@id\":\"https:\/\/alloraliving.com\/fr\/canape-2-places-incanto\/#primaryimage\"},\"image\":{\"@id\":\"https:\/\/alloraliving.com\/fr\/canape-2-places-incanto\/#primaryimage\"},\"thumbnailUrl\":\"https:\/\/alloraliving.com\/wp-content\/uploads\/1-nowoczesna-sofa-2-osobowa-do-salonu-incanto-sand-cream.jpg\",\"datePublished\":\"2024-08-22T05:53:42+00:00\",\"dateModified\":\"2025-02-11T07:41:45+00:00\",\"breadcrumb\":{\"@id\":\"https:\/\/alloraliving.com\/fr\/canape-2-places-incanto\/#breadcrumb\"},\"inLanguage\":\"fr-FR\",\"potentialAction\":[{\"@type\":\"ReadAction\",\"target\":[\"https:\/\/alloraliving.com\/fr\/canape-2-places-incanto\/\"]}]},{\"@type\":\"ImageObject\",\"inLanguage\":\"fr-FR\",\"@id\":\"https:\/\/alloraliving.com\/fr\/canape-2-places-incanto\/#primaryimage\",\"url\":\"https:\/\/alloraliving.com\/wp-content\/uploads\/1-nowoczesna-sofa-2-osobowa-do-salonu-incanto-sand-cream.jpg\",\"contentUrl\":\"https:\/\/alloraliving.com\/wp-content\/uploads\/1-nowoczesna-sofa-2-osobowa-do-salonu-incanto-sand-cream.jpg\",\"width\":1600,\"height\":1200},{\"@type\":\"BreadcrumbList\",\"@id\":\"https:\/\/alloraliving.com\/fr\/canape-2-places-incanto\/#breadcrumb\",\"itemListElement\":[{\"@type\":\"ListItem\",\"position\":1,\"name\":\"Strona g\u0142\u00f3wna\",\"item\":\"https:\/\/alloraliving.com\/fr\/\"},{\"@type\":\"ListItem\",\"position\":2,\"name\":\"Boutique\",\"item\":\"https:\/\/alloraliving.com\/fr\/?page_id=6496\"},{\"@type\":\"ListItem\",\"position\":3,\"name\":\"Canap\u00e9 2 places Incanto\"}]},{\"@type\":\"WebSite\",\"@id\":\"https:\/\/alloraliving.com\/fr\/#website\",\"url\":\"https:\/\/alloraliving.com\/fr\/\",\"name\":\"AlloraLiving.com\",\"description\":\"\",\"potentialAction\":[{\"@type\":\"SearchAction\",\"target\":{\"@type\":\"EntryPoint\",\"urlTemplate\":\"https:\/\/alloraliving.com\/fr\/?s={search_term_string}\"},\"query-input\":{\"@type\":\"PropertyValueSpecification\",\"valueRequired\":true,\"valueName\":\"search_term_string\"}}],\"inLanguage\":\"fr-FR\"}]}<\/script>\n<meta property=\"og:availability\" content=\"instock\" \/>\n<meta property=\"product:availability\" content=\"instock\" \/>\n<meta property=\"product:condition\" content=\"new\" \/>\n<!-- \/ Yoast SEO Premium plugin. -->","yoast_head_json":{"title":"Canap\u00e9 2 places Incanto - AlloraLiving.com","robots":{"index":"index","follow":"follow","max-snippet":"max-snippet:-1","max-image-preview":"max-image-preview:large","max-video-preview":"max-video-preview:-1"},"canonical":"https:\/\/alloraliving.com\/fr\/canape-2-places-incanto\/","og_locale":"fr_FR","og_type":"article","og_title":"Canap\u00e9 2 places Incanto","og_description":"Le canap\u00e9 2 places de la collection INCANTO est une combinaison compacte d'\u00e9l\u00e9gance et de fonctionnalit\u00e9. La forme simple et la fabrication solide permettent au canap\u00e9 de s'int\u00e9grer parfaitement dans le concept de la collection, introduisant un charme subtil \u00e0 l'int\u00e9rieur. Le velours c\u00f4tel\u00e9 \u00e9pais avec lequel il est recouvert ajoute une texture distinctive au meuble, assurant un confort au quotidien.  Ce canap\u00e9 est parfait pour les petits espaces qui n\u00e9cessitent de la fonctionnalit\u00e9 sans compromettre le style. Gr\u00e2ce \u00e0 des nuances soigneusement s\u00e9lectionn\u00e9es, du beige classique au gris \u00e9l\u00e9gant, le canap\u00e9 INCANTO introduit l'harmonie dans l'int\u00e9rieur et laisse place \u00e0 une libre disposition \u00e0 l'aide d'accessoires.","og_url":"https:\/\/alloraliving.com\/fr\/canape-2-places-incanto\/","og_site_name":"AlloraLiving.com","article_modified_time":"2025-02-11T07:41:45+00:00","og_image":[{"width":1600,"height":1200,"url":"https:\/\/alloraliving.com\/wp-content\/uploads\/1-nowoczesna-sofa-2-osobowa-do-salonu-incanto-sand-cream.jpg","type":"image\/jpeg"}],"twitter_card":"summary_large_image","twitter_misc":{"Disponibilit\u00e9":"En stock"},"schema":{"@context":"https:\/\/schema.org","@graph":[{"@type":["WebPage","ItemPage"],"@id":"https:\/\/alloraliving.com\/fr\/canape-2-places-incanto\/","url":"https:\/\/alloraliving.com\/fr\/canape-2-places-incanto\/","name":"Canap\u00e9 2 places Incanto - AlloraLiving.com","isPartOf":{"@id":"https:\/\/alloraliving.com\/fr\/#website"},"primaryImageOfPage":{"@id":"https:\/\/alloraliving.com\/fr\/canape-2-places-incanto\/#primaryimage"},"image":{"@id":"https:\/\/alloraliving.com\/fr\/canape-2-places-incanto\/#primaryimage"},"thumbnailUrl":"https:\/\/alloraliving.com\/wp-content\/uploads\/1-nowoczesna-sofa-2-osobowa-do-salonu-incanto-sand-cream.jpg","datePublished":"2024-08-22T05:53:42+00:00","dateModified":"2025-02-11T07:41:45+00:00","breadcrumb":{"@id":"https:\/\/alloraliving.com\/fr\/canape-2-places-incanto\/#breadcrumb"},"inLanguage":"fr-FR","potentialAction":[{"@type":"ReadAction","target":["https:\/\/alloraliving.com\/fr\/canape-2-places-incanto\/"]}]},{"@type":"ImageObject","inLanguage":"fr-FR","@id":"https:\/\/alloraliving.com\/fr\/canape-2-places-incanto\/#primaryimage","url":"https:\/\/alloraliving.com\/wp-content\/uploads\/1-nowoczesna-sofa-2-osobowa-do-salonu-incanto-sand-cream.jpg","contentUrl":"https:\/\/alloraliving.com\/wp-content\/uploads\/1-nowoczesna-sofa-2-osobowa-do-salonu-incanto-sand-cream.jpg","width":1600,"height":1200},{"@type":"BreadcrumbList","@id":"https:\/\/alloraliving.com\/fr\/canape-2-places-incanto\/#breadcrumb","itemListElement":[{"@type":"ListItem","position":1,"name":"Strona g\u0142\u00f3wna","item":"https:\/\/alloraliving.com\/fr\/"},{"@type":"ListItem","position":2,"name":"Boutique","item":"https:\/\/alloraliving.com\/fr\/?page_id=6496"},{"@type":"ListItem","position":3,"name":"Canap\u00e9 2 places Incanto"}]},{"@type":"WebSite","@id":"https:\/\/alloraliving.com\/fr\/#website","url":"https:\/\/alloraliving.com\/fr\/","name":"AlloraLiving.com","description":"","potentialAction":[{"@type":"SearchAction","target":{"@type":"EntryPoint","urlTemplate":"https:\/\/alloraliving.com\/fr\/?s={search_term_string}"},"query-input":{"@type":"PropertyValueSpecification","valueRequired":true,"valueName":"search_term_string"}}],"inLanguage":"fr-FR"}]},"og_availability":"instock","product_availability":"instock","product_condition":"new"},"_links":{"self":[{"href":"https:\/\/alloraliving.com\/fr\/wp-json\/wp\/v2\/product\/7504","targetHints":{"allow":["GET"]}}],"collection":[{"href":"https:\/\/alloraliving.com\/fr\/wp-json\/wp\/v2\/product"}],"about":[{"href":"https:\/\/alloraliving.com\/fr\/wp-json\/wp\/v2\/types\/product"}],"wp:featuredmedia":[{"embeddable":true,"href":"https:\/\/alloraliving.com\/fr\/wp-json\/wp\/v2\/media\/7506"}],"wp:attachment":[{"href":"https:\/\/alloraliving.com\/fr\/wp-json\/wp\/v2\/media?parent=7504"}],"wp:term":[{"taxonomy":"product_brand","embeddable":true,"href":"https:\/\/alloraliving.com\/fr\/wp-json\/wp\/v2\/product_brand?post=7504"},{"taxonomy":"product_cat","embeddable":true,"href":"https:\/\/alloraliving.com\/fr\/wp-json\/wp\/v2\/product_cat?post=7504"},{"taxonomy":"product_tag","embeddable":true,"href":"https:\/\/alloraliving.com\/fr\/wp-json\/wp\/v2\/product_tag?post=7504"}],"curies":[{"name":"wp","href":"https:\/\/api.w.org\/{rel}","templated":true}]}}