{"id":7505,"date":"2024-12-18T14:05:29","date_gmt":"2024-12-18T13:05:29","guid":{"rendered":"https:\/\/alloraliving.com\/ensemble-de-2-fauteuils-incanto\/"},"modified":"2025-02-11T08:41:45","modified_gmt":"2025-02-11T07:41:45","slug":"ensemble-de-2-fauteuils-incanto","status":"publish","type":"product","link":"https:\/\/alloraliving.com\/fr\/ensemble-de-2-fauteuils-incanto\/","title":{"rendered":"Ensemble de 2 fauteuils Incanto"},"content":{"rendered":"","protected":false},"excerpt":{"rendered":"<p>Un ensemble de deux fauteuils de la collection INCANTO est une proposition pour les personnes qui appr\u00e9cient la simplicit\u00e9 et l&rsquo;\u00e9l\u00e9gance dans la d\u00e9coration int\u00e9rieure. Deux fauteuils identiques, recouverts de velours c\u00f4tel\u00e9 doux, cr\u00e9ent une composition coh\u00e9rente, introduisant un accent chaleureux dans l&rsquo;espace. Leurs assises confortables et leurs dossiers ergonomiques incitent \u00e0 la d\u00e9tente, tandis que l\u2019association harmonieuse des mati\u00e8res et des formes souligne le caract\u00e8re intemporel de la collection.  <\/p>\n<p>Dans l&rsquo;esprit INCANTO, cet ensemble permet de cr\u00e9er un espace d\u00e9tente intime, quelle que soit la taille de la pi\u00e8ce. C&rsquo;est la solution parfaite pour ceux qui recherchent \u00e0 la fois confort et coh\u00e9rence esth\u00e9tique. <\/p>\n","protected":false},"featured_media":7507,"template":"","meta":[],"product_brand":[],"product_cat":[935,930],"product_tag":[],"class_list":{"0":"post-7505","1":"product","2":"type-product","3":"status-publish","4":"has-post-thumbnail","6":"product_cat-collection-incanto","7":"product_cat-sieges","8":"product_shipping_class-livraison-gratuite","10":"first","11":"instock","12":"taxable","13":"shipping-taxable","14":"purchasable","15":"product-type-variable","16":"has-default-attributes","17":"wvs-archive-product-wrapper"},"yoast_head":"<!-- This site is optimized with the Yoast SEO Premium plugin v26.8 (Yoast SEO v26.8) - https:\/\/yoast.com\/product\/yoast-seo-premium-wordpress\/ -->\n<title>Ensemble de 2 fauteuils Incanto - AlloraLiving.com<\/title>\n<meta name=\"robots\" content=\"index, follow, max-snippet:-1, max-image-preview:large, max-video-preview:-1\" \/>\n<link rel=\"canonical\" href=\"https:\/\/alloraliving.com\/fr\/ensemble-de-2-fauteuils-incanto\/\" \/>\n<meta property=\"og:locale\" content=\"fr_FR\" \/>\n<meta property=\"og:type\" content=\"article\" \/>\n<meta property=\"og:title\" content=\"Ensemble de 2 fauteuils Incanto\" \/>\n<meta property=\"og:description\" content=\"Un ensemble de deux fauteuils de la collection INCANTO est une proposition pour les personnes qui appr\u00e9cient la simplicit\u00e9 et l&#039;\u00e9l\u00e9gance dans la d\u00e9coration int\u00e9rieure. Deux fauteuils identiques, recouverts de velours c\u00f4tel\u00e9 doux, cr\u00e9ent une composition coh\u00e9rente, introduisant un accent chaleureux dans l&#039;espace. Leurs assises confortables et leurs dossiers ergonomiques incitent \u00e0 la d\u00e9tente, tandis que l\u2019association harmonieuse des mati\u00e8res et des formes souligne le caract\u00e8re intemporel de la collection.  Dans l&#039;esprit INCANTO, cet ensemble permet de cr\u00e9er un espace d\u00e9tente intime, quelle que soit la taille de la pi\u00e8ce. C&#039;est la solution parfaite pour ceux qui recherchent \u00e0 la fois confort et coh\u00e9rence esth\u00e9tique.\" \/>\n<meta property=\"og:url\" content=\"https:\/\/alloraliving.com\/fr\/ensemble-de-2-fauteuils-incanto\/\" \/>\n<meta property=\"og:site_name\" content=\"AlloraLiving.com\" \/>\n<meta property=\"article:modified_time\" content=\"2025-02-11T07:41:45+00:00\" \/>\n<meta property=\"og:image\" content=\"https:\/\/alloraliving.com\/wp-content\/uploads\/1-zestaw-2-fotele-incanto-sand-cream.jpg\" \/>\n\t<meta property=\"og:image:width\" content=\"1600\" \/>\n\t<meta property=\"og:image:height\" content=\"1200\" \/>\n\t<meta property=\"og:image:type\" content=\"image\/jpeg\" \/>\n<meta name=\"twitter:card\" content=\"summary_large_image\" \/>\n<meta name=\"twitter:label1\" content=\"Disponibilit\u00e9\" \/>\n\t<meta name=\"twitter:data1\" content=\"En stock\" \/>\n<script type=\"application\/ld+json\" class=\"yoast-schema-graph\">{\"@context\":\"https:\/\/schema.org\",\"@graph\":[{\"@type\":[\"WebPage\",\"ItemPage\"],\"@id\":\"https:\/\/alloraliving.com\/fr\/ensemble-de-2-fauteuils-incanto\/\",\"url\":\"https:\/\/alloraliving.com\/fr\/ensemble-de-2-fauteuils-incanto\/\",\"name\":\"Ensemble de 2 fauteuils Incanto - AlloraLiving.com\",\"isPartOf\":{\"@id\":\"https:\/\/alloraliving.com\/fr\/#website\"},\"primaryImageOfPage\":{\"@id\":\"https:\/\/alloraliving.com\/fr\/ensemble-de-2-fauteuils-incanto\/#primaryimage\"},\"image\":{\"@id\":\"https:\/\/alloraliving.com\/fr\/ensemble-de-2-fauteuils-incanto\/#primaryimage\"},\"thumbnailUrl\":\"https:\/\/alloraliving.com\/wp-content\/uploads\/1-zestaw-2-fotele-incanto-sand-cream.jpg\",\"datePublished\":\"2024-12-18T13:05:29+00:00\",\"dateModified\":\"2025-02-11T07:41:45+00:00\",\"breadcrumb\":{\"@id\":\"https:\/\/alloraliving.com\/fr\/ensemble-de-2-fauteuils-incanto\/#breadcrumb\"},\"inLanguage\":\"fr-FR\",\"potentialAction\":[{\"@type\":\"ReadAction\",\"target\":[\"https:\/\/alloraliving.com\/fr\/ensemble-de-2-fauteuils-incanto\/\"]}]},{\"@type\":\"ImageObject\",\"inLanguage\":\"fr-FR\",\"@id\":\"https:\/\/alloraliving.com\/fr\/ensemble-de-2-fauteuils-incanto\/#primaryimage\",\"url\":\"https:\/\/alloraliving.com\/wp-content\/uploads\/1-zestaw-2-fotele-incanto-sand-cream.jpg\",\"contentUrl\":\"https:\/\/alloraliving.com\/wp-content\/uploads\/1-zestaw-2-fotele-incanto-sand-cream.jpg\",\"width\":1600,\"height\":1200},{\"@type\":\"BreadcrumbList\",\"@id\":\"https:\/\/alloraliving.com\/fr\/ensemble-de-2-fauteuils-incanto\/#breadcrumb\",\"itemListElement\":[{\"@type\":\"ListItem\",\"position\":1,\"name\":\"Strona g\u0142\u00f3wna\",\"item\":\"https:\/\/alloraliving.com\/fr\/\"},{\"@type\":\"ListItem\",\"position\":2,\"name\":\"Boutique\",\"item\":\"https:\/\/alloraliving.com\/fr\/?page_id=6496\"},{\"@type\":\"ListItem\",\"position\":3,\"name\":\"Ensemble de 2 fauteuils Incanto\"}]},{\"@type\":\"WebSite\",\"@id\":\"https:\/\/alloraliving.com\/fr\/#website\",\"url\":\"https:\/\/alloraliving.com\/fr\/\",\"name\":\"AlloraLiving.com\",\"description\":\"\",\"potentialAction\":[{\"@type\":\"SearchAction\",\"target\":{\"@type\":\"EntryPoint\",\"urlTemplate\":\"https:\/\/alloraliving.com\/fr\/?s={search_term_string}\"},\"query-input\":{\"@type\":\"PropertyValueSpecification\",\"valueRequired\":true,\"valueName\":\"search_term_string\"}}],\"inLanguage\":\"fr-FR\"}]}<\/script>\n<meta property=\"og:availability\" content=\"instock\" \/>\n<meta property=\"product:availability\" content=\"instock\" \/>\n<meta property=\"product:condition\" content=\"new\" \/>\n<!-- \/ Yoast SEO Premium plugin. -->","yoast_head_json":{"title":"Ensemble de 2 fauteuils Incanto - AlloraLiving.com","robots":{"index":"index","follow":"follow","max-snippet":"max-snippet:-1","max-image-preview":"max-image-preview:large","max-video-preview":"max-video-preview:-1"},"canonical":"https:\/\/alloraliving.com\/fr\/ensemble-de-2-fauteuils-incanto\/","og_locale":"fr_FR","og_type":"article","og_title":"Ensemble de 2 fauteuils Incanto","og_description":"Un ensemble de deux fauteuils de la collection INCANTO est une proposition pour les personnes qui appr\u00e9cient la simplicit\u00e9 et l'\u00e9l\u00e9gance dans la d\u00e9coration int\u00e9rieure. Deux fauteuils identiques, recouverts de velours c\u00f4tel\u00e9 doux, cr\u00e9ent une composition coh\u00e9rente, introduisant un accent chaleureux dans l'espace. Leurs assises confortables et leurs dossiers ergonomiques incitent \u00e0 la d\u00e9tente, tandis que l\u2019association harmonieuse des mati\u00e8res et des formes souligne le caract\u00e8re intemporel de la collection.  Dans l'esprit INCANTO, cet ensemble permet de cr\u00e9er un espace d\u00e9tente intime, quelle que soit la taille de la pi\u00e8ce. C'est la solution parfaite pour ceux qui recherchent \u00e0 la fois confort et coh\u00e9rence esth\u00e9tique.","og_url":"https:\/\/alloraliving.com\/fr\/ensemble-de-2-fauteuils-incanto\/","og_site_name":"AlloraLiving.com","article_modified_time":"2025-02-11T07:41:45+00:00","og_image":[{"width":1600,"height":1200,"url":"https:\/\/alloraliving.com\/wp-content\/uploads\/1-zestaw-2-fotele-incanto-sand-cream.jpg","type":"image\/jpeg"}],"twitter_card":"summary_large_image","twitter_misc":{"Disponibilit\u00e9":"En stock"},"schema":{"@context":"https:\/\/schema.org","@graph":[{"@type":["WebPage","ItemPage"],"@id":"https:\/\/alloraliving.com\/fr\/ensemble-de-2-fauteuils-incanto\/","url":"https:\/\/alloraliving.com\/fr\/ensemble-de-2-fauteuils-incanto\/","name":"Ensemble de 2 fauteuils Incanto - AlloraLiving.com","isPartOf":{"@id":"https:\/\/alloraliving.com\/fr\/#website"},"primaryImageOfPage":{"@id":"https:\/\/alloraliving.com\/fr\/ensemble-de-2-fauteuils-incanto\/#primaryimage"},"image":{"@id":"https:\/\/alloraliving.com\/fr\/ensemble-de-2-fauteuils-incanto\/#primaryimage"},"thumbnailUrl":"https:\/\/alloraliving.com\/wp-content\/uploads\/1-zestaw-2-fotele-incanto-sand-cream.jpg","datePublished":"2024-12-18T13:05:29+00:00","dateModified":"2025-02-11T07:41:45+00:00","breadcrumb":{"@id":"https:\/\/alloraliving.com\/fr\/ensemble-de-2-fauteuils-incanto\/#breadcrumb"},"inLanguage":"fr-FR","potentialAction":[{"@type":"ReadAction","target":["https:\/\/alloraliving.com\/fr\/ensemble-de-2-fauteuils-incanto\/"]}]},{"@type":"ImageObject","inLanguage":"fr-FR","@id":"https:\/\/alloraliving.com\/fr\/ensemble-de-2-fauteuils-incanto\/#primaryimage","url":"https:\/\/alloraliving.com\/wp-content\/uploads\/1-zestaw-2-fotele-incanto-sand-cream.jpg","contentUrl":"https:\/\/alloraliving.com\/wp-content\/uploads\/1-zestaw-2-fotele-incanto-sand-cream.jpg","width":1600,"height":1200},{"@type":"BreadcrumbList","@id":"https:\/\/alloraliving.com\/fr\/ensemble-de-2-fauteuils-incanto\/#breadcrumb","itemListElement":[{"@type":"ListItem","position":1,"name":"Strona g\u0142\u00f3wna","item":"https:\/\/alloraliving.com\/fr\/"},{"@type":"ListItem","position":2,"name":"Boutique","item":"https:\/\/alloraliving.com\/fr\/?page_id=6496"},{"@type":"ListItem","position":3,"name":"Ensemble de 2 fauteuils Incanto"}]},{"@type":"WebSite","@id":"https:\/\/alloraliving.com\/fr\/#website","url":"https:\/\/alloraliving.com\/fr\/","name":"AlloraLiving.com","description":"","potentialAction":[{"@type":"SearchAction","target":{"@type":"EntryPoint","urlTemplate":"https:\/\/alloraliving.com\/fr\/?s={search_term_string}"},"query-input":{"@type":"PropertyValueSpecification","valueRequired":true,"valueName":"search_term_string"}}],"inLanguage":"fr-FR"}]},"og_availability":"instock","product_availability":"instock","product_condition":"new"},"_links":{"self":[{"href":"https:\/\/alloraliving.com\/fr\/wp-json\/wp\/v2\/product\/7505","targetHints":{"allow":["GET"]}}],"collection":[{"href":"https:\/\/alloraliving.com\/fr\/wp-json\/wp\/v2\/product"}],"about":[{"href":"https:\/\/alloraliving.com\/fr\/wp-json\/wp\/v2\/types\/product"}],"wp:featuredmedia":[{"embeddable":true,"href":"https:\/\/alloraliving.com\/fr\/wp-json\/wp\/v2\/media\/7507"}],"wp:attachment":[{"href":"https:\/\/alloraliving.com\/fr\/wp-json\/wp\/v2\/media?parent=7505"}],"wp:term":[{"taxonomy":"product_brand","embeddable":true,"href":"https:\/\/alloraliving.com\/fr\/wp-json\/wp\/v2\/product_brand?post=7505"},{"taxonomy":"product_cat","embeddable":true,"href":"https:\/\/alloraliving.com\/fr\/wp-json\/wp\/v2\/product_cat?post=7505"},{"taxonomy":"product_tag","embeddable":true,"href":"https:\/\/alloraliving.com\/fr\/wp-json\/wp\/v2\/product_tag?post=7505"}],"curies":[{"name":"wp","href":"https:\/\/api.w.org\/{rel}","templated":true}]}}