{"id":7530,"date":"2024-08-21T15:17:49","date_gmt":"2024-08-21T13:17:49","guid":{"rendered":"https:\/\/alloraliving.com\/element-simple-incanto\/"},"modified":"2025-02-11T08:41:46","modified_gmt":"2025-02-11T07:41:46","slug":"element-simple-incanto","status":"publish","type":"product","link":"https:\/\/alloraliving.com\/fr\/element-simple-incanto\/","title":{"rendered":"\u00c9l\u00e9ment simple Incanto"},"content":{"rendered":"","protected":false},"excerpt":{"rendered":"<p>Un \u00e9l\u00e9ment simple de la collection INCANTO constitue une base id\u00e9ale pour cr\u00e9er un arrangement unique. Sa forme simple et son rev\u00eatement en velours c\u00f4tel\u00e9 doux et \u00e9pais introduisent un charme subtil et un caract\u00e8re expressif \u00e0 l&rsquo;int\u00e9rieur. Ce module fonctionnera dans une vari\u00e9t\u00e9 de configurations, offrant une flexibilit\u00e9 totale.  <\/p>\n<p>Gr\u00e2ce \u00e0 son design intemporel, l&rsquo;\u00e9l\u00e9ment droit INCANTO peut \u00eatre combin\u00e9 dans des espaces aussi bien grands que petits, cr\u00e9ant un endroit confortable pour se d\u00e9tendre. C&rsquo;est une option parfaite pour ceux qui recherchent des solutions fonctionnelles et en m\u00eame temps captivantes. <\/p>\n","protected":false},"featured_media":7531,"template":"","meta":[],"product_brand":[],"product_cat":[946,947,935],"product_tag":[],"class_list":{"0":"post-7530","1":"product","2":"type-product","3":"status-publish","4":"has-post-thumbnail","6":"product_cat-canapes","7":"product_cat-canapes-modulaires","8":"product_cat-collection-incanto","9":"product_shipping_class-livraison-gratuite","11":"first","12":"instock","13":"taxable","14":"shipping-taxable","15":"purchasable","16":"product-type-variable","17":"has-default-attributes","18":"wvs-archive-product-wrapper"},"yoast_head":"<!-- This site is optimized with the Yoast SEO Premium plugin v26.8 (Yoast SEO v26.8) - https:\/\/yoast.com\/product\/yoast-seo-premium-wordpress\/ -->\n<title>\u00c9l\u00e9ment simple Incanto - AlloraLiving.com<\/title>\n<meta name=\"robots\" content=\"index, follow, max-snippet:-1, max-image-preview:large, max-video-preview:-1\" \/>\n<link rel=\"canonical\" href=\"https:\/\/alloraliving.com\/fr\/element-simple-incanto\/\" \/>\n<meta property=\"og:locale\" content=\"fr_FR\" \/>\n<meta property=\"og:type\" content=\"article\" \/>\n<meta property=\"og:title\" content=\"\u00c9l\u00e9ment simple Incanto\" \/>\n<meta property=\"og:description\" content=\"Un \u00e9l\u00e9ment simple de la collection INCANTO constitue une base id\u00e9ale pour cr\u00e9er un arrangement unique. Sa forme simple et son rev\u00eatement en velours c\u00f4tel\u00e9 doux et \u00e9pais introduisent un charme subtil et un caract\u00e8re expressif \u00e0 l&#039;int\u00e9rieur. Ce module fonctionnera dans une vari\u00e9t\u00e9 de configurations, offrant une flexibilit\u00e9 totale.  Gr\u00e2ce \u00e0 son design intemporel, l&#039;\u00e9l\u00e9ment droit INCANTO peut \u00eatre combin\u00e9 dans des espaces aussi bien grands que petits, cr\u00e9ant un endroit confortable pour se d\u00e9tendre. C&#039;est une option parfaite pour ceux qui recherchent des solutions fonctionnelles et en m\u00eame temps captivantes.\" \/>\n<meta property=\"og:url\" content=\"https:\/\/alloraliving.com\/fr\/element-simple-incanto\/\" \/>\n<meta property=\"og:site_name\" content=\"AlloraLiving.com\" \/>\n<meta property=\"article:modified_time\" content=\"2025-02-11T07:41:46+00:00\" \/>\n<meta property=\"og:image\" content=\"https:\/\/alloraliving.com\/wp-content\/uploads\/1-element-prosty-sofy-modulowej-incanto-sand-cream.jpg\" \/>\n\t<meta property=\"og:image:width\" content=\"1600\" \/>\n\t<meta property=\"og:image:height\" content=\"1200\" \/>\n\t<meta property=\"og:image:type\" content=\"image\/jpeg\" \/>\n<meta name=\"twitter:card\" content=\"summary_large_image\" \/>\n<meta name=\"twitter:label1\" content=\"Disponibilit\u00e9\" \/>\n\t<meta name=\"twitter:data1\" content=\"En stock\" \/>\n<script type=\"application\/ld+json\" class=\"yoast-schema-graph\">{\"@context\":\"https:\/\/schema.org\",\"@graph\":[{\"@type\":[\"WebPage\",\"ItemPage\"],\"@id\":\"https:\/\/alloraliving.com\/fr\/element-simple-incanto\/\",\"url\":\"https:\/\/alloraliving.com\/fr\/element-simple-incanto\/\",\"name\":\"\u00c9l\u00e9ment simple Incanto - AlloraLiving.com\",\"isPartOf\":{\"@id\":\"https:\/\/alloraliving.com\/fr\/#website\"},\"primaryImageOfPage\":{\"@id\":\"https:\/\/alloraliving.com\/fr\/element-simple-incanto\/#primaryimage\"},\"image\":{\"@id\":\"https:\/\/alloraliving.com\/fr\/element-simple-incanto\/#primaryimage\"},\"thumbnailUrl\":\"https:\/\/alloraliving.com\/wp-content\/uploads\/1-element-prosty-sofy-modulowej-incanto-sand-cream.jpg\",\"datePublished\":\"2024-08-21T13:17:49+00:00\",\"dateModified\":\"2025-02-11T07:41:46+00:00\",\"breadcrumb\":{\"@id\":\"https:\/\/alloraliving.com\/fr\/element-simple-incanto\/#breadcrumb\"},\"inLanguage\":\"fr-FR\",\"potentialAction\":[{\"@type\":\"ReadAction\",\"target\":[\"https:\/\/alloraliving.com\/fr\/element-simple-incanto\/\"]}]},{\"@type\":\"ImageObject\",\"inLanguage\":\"fr-FR\",\"@id\":\"https:\/\/alloraliving.com\/fr\/element-simple-incanto\/#primaryimage\",\"url\":\"https:\/\/alloraliving.com\/wp-content\/uploads\/1-element-prosty-sofy-modulowej-incanto-sand-cream.jpg\",\"contentUrl\":\"https:\/\/alloraliving.com\/wp-content\/uploads\/1-element-prosty-sofy-modulowej-incanto-sand-cream.jpg\",\"width\":1600,\"height\":1200},{\"@type\":\"BreadcrumbList\",\"@id\":\"https:\/\/alloraliving.com\/fr\/element-simple-incanto\/#breadcrumb\",\"itemListElement\":[{\"@type\":\"ListItem\",\"position\":1,\"name\":\"Strona g\u0142\u00f3wna\",\"item\":\"https:\/\/alloraliving.com\/fr\/\"},{\"@type\":\"ListItem\",\"position\":2,\"name\":\"Boutique\",\"item\":\"https:\/\/alloraliving.com\/fr\/?page_id=6496\"},{\"@type\":\"ListItem\",\"position\":3,\"name\":\"\u00c9l\u00e9ment simple Incanto\"}]},{\"@type\":\"WebSite\",\"@id\":\"https:\/\/alloraliving.com\/fr\/#website\",\"url\":\"https:\/\/alloraliving.com\/fr\/\",\"name\":\"AlloraLiving.com\",\"description\":\"\",\"potentialAction\":[{\"@type\":\"SearchAction\",\"target\":{\"@type\":\"EntryPoint\",\"urlTemplate\":\"https:\/\/alloraliving.com\/fr\/?s={search_term_string}\"},\"query-input\":{\"@type\":\"PropertyValueSpecification\",\"valueRequired\":true,\"valueName\":\"search_term_string\"}}],\"inLanguage\":\"fr-FR\"}]}<\/script>\n<meta property=\"og:availability\" content=\"instock\" \/>\n<meta property=\"product:availability\" content=\"instock\" \/>\n<meta property=\"product:condition\" content=\"new\" \/>\n<!-- \/ Yoast SEO Premium plugin. -->","yoast_head_json":{"title":"\u00c9l\u00e9ment simple Incanto - AlloraLiving.com","robots":{"index":"index","follow":"follow","max-snippet":"max-snippet:-1","max-image-preview":"max-image-preview:large","max-video-preview":"max-video-preview:-1"},"canonical":"https:\/\/alloraliving.com\/fr\/element-simple-incanto\/","og_locale":"fr_FR","og_type":"article","og_title":"\u00c9l\u00e9ment simple Incanto","og_description":"Un \u00e9l\u00e9ment simple de la collection INCANTO constitue une base id\u00e9ale pour cr\u00e9er un arrangement unique. Sa forme simple et son rev\u00eatement en velours c\u00f4tel\u00e9 doux et \u00e9pais introduisent un charme subtil et un caract\u00e8re expressif \u00e0 l'int\u00e9rieur. Ce module fonctionnera dans une vari\u00e9t\u00e9 de configurations, offrant une flexibilit\u00e9 totale.  Gr\u00e2ce \u00e0 son design intemporel, l'\u00e9l\u00e9ment droit INCANTO peut \u00eatre combin\u00e9 dans des espaces aussi bien grands que petits, cr\u00e9ant un endroit confortable pour se d\u00e9tendre. C'est une option parfaite pour ceux qui recherchent des solutions fonctionnelles et en m\u00eame temps captivantes.","og_url":"https:\/\/alloraliving.com\/fr\/element-simple-incanto\/","og_site_name":"AlloraLiving.com","article_modified_time":"2025-02-11T07:41:46+00:00","og_image":[{"width":1600,"height":1200,"url":"https:\/\/alloraliving.com\/wp-content\/uploads\/1-element-prosty-sofy-modulowej-incanto-sand-cream.jpg","type":"image\/jpeg"}],"twitter_card":"summary_large_image","twitter_misc":{"Disponibilit\u00e9":"En stock"},"schema":{"@context":"https:\/\/schema.org","@graph":[{"@type":["WebPage","ItemPage"],"@id":"https:\/\/alloraliving.com\/fr\/element-simple-incanto\/","url":"https:\/\/alloraliving.com\/fr\/element-simple-incanto\/","name":"\u00c9l\u00e9ment simple Incanto - AlloraLiving.com","isPartOf":{"@id":"https:\/\/alloraliving.com\/fr\/#website"},"primaryImageOfPage":{"@id":"https:\/\/alloraliving.com\/fr\/element-simple-incanto\/#primaryimage"},"image":{"@id":"https:\/\/alloraliving.com\/fr\/element-simple-incanto\/#primaryimage"},"thumbnailUrl":"https:\/\/alloraliving.com\/wp-content\/uploads\/1-element-prosty-sofy-modulowej-incanto-sand-cream.jpg","datePublished":"2024-08-21T13:17:49+00:00","dateModified":"2025-02-11T07:41:46+00:00","breadcrumb":{"@id":"https:\/\/alloraliving.com\/fr\/element-simple-incanto\/#breadcrumb"},"inLanguage":"fr-FR","potentialAction":[{"@type":"ReadAction","target":["https:\/\/alloraliving.com\/fr\/element-simple-incanto\/"]}]},{"@type":"ImageObject","inLanguage":"fr-FR","@id":"https:\/\/alloraliving.com\/fr\/element-simple-incanto\/#primaryimage","url":"https:\/\/alloraliving.com\/wp-content\/uploads\/1-element-prosty-sofy-modulowej-incanto-sand-cream.jpg","contentUrl":"https:\/\/alloraliving.com\/wp-content\/uploads\/1-element-prosty-sofy-modulowej-incanto-sand-cream.jpg","width":1600,"height":1200},{"@type":"BreadcrumbList","@id":"https:\/\/alloraliving.com\/fr\/element-simple-incanto\/#breadcrumb","itemListElement":[{"@type":"ListItem","position":1,"name":"Strona g\u0142\u00f3wna","item":"https:\/\/alloraliving.com\/fr\/"},{"@type":"ListItem","position":2,"name":"Boutique","item":"https:\/\/alloraliving.com\/fr\/?page_id=6496"},{"@type":"ListItem","position":3,"name":"\u00c9l\u00e9ment simple Incanto"}]},{"@type":"WebSite","@id":"https:\/\/alloraliving.com\/fr\/#website","url":"https:\/\/alloraliving.com\/fr\/","name":"AlloraLiving.com","description":"","potentialAction":[{"@type":"SearchAction","target":{"@type":"EntryPoint","urlTemplate":"https:\/\/alloraliving.com\/fr\/?s={search_term_string}"},"query-input":{"@type":"PropertyValueSpecification","valueRequired":true,"valueName":"search_term_string"}}],"inLanguage":"fr-FR"}]},"og_availability":"instock","product_availability":"instock","product_condition":"new"},"_links":{"self":[{"href":"https:\/\/alloraliving.com\/fr\/wp-json\/wp\/v2\/product\/7530","targetHints":{"allow":["GET"]}}],"collection":[{"href":"https:\/\/alloraliving.com\/fr\/wp-json\/wp\/v2\/product"}],"about":[{"href":"https:\/\/alloraliving.com\/fr\/wp-json\/wp\/v2\/types\/product"}],"wp:featuredmedia":[{"embeddable":true,"href":"https:\/\/alloraliving.com\/fr\/wp-json\/wp\/v2\/media\/7531"}],"wp:attachment":[{"href":"https:\/\/alloraliving.com\/fr\/wp-json\/wp\/v2\/media?parent=7530"}],"wp:term":[{"taxonomy":"product_brand","embeddable":true,"href":"https:\/\/alloraliving.com\/fr\/wp-json\/wp\/v2\/product_brand?post=7530"},{"taxonomy":"product_cat","embeddable":true,"href":"https:\/\/alloraliving.com\/fr\/wp-json\/wp\/v2\/product_cat?post=7530"},{"taxonomy":"product_tag","embeddable":true,"href":"https:\/\/alloraliving.com\/fr\/wp-json\/wp\/v2\/product_tag?post=7530"}],"curies":[{"name":"wp","href":"https:\/\/api.w.org\/{rel}","templated":true}]}}