{"id":7542,"date":"2024-08-22T07:38:19","date_gmt":"2024-08-22T05:38:19","guid":{"rendered":"https:\/\/alloraliving.com\/fauteuil-incanto\/"},"modified":"2025-02-11T08:41:47","modified_gmt":"2025-02-11T07:41:47","slug":"fauteuil-incanto","status":"publish","type":"product","link":"https:\/\/alloraliving.com\/fr\/fauteuil-incanto\/","title":{"rendered":"Fauteuil Incanto"},"content":{"rendered":"","protected":false},"excerpt":{"rendered":"<p>Le fauteuil de la collection INCANTO est un meuble qui s\u00e9duit par sa simplicit\u00e9 et son \u00e9l\u00e9gance. Rev\u00eatu de velours c\u00f4tel\u00e9 doux et \u00e9pais, il apporte un charme unique \u00e0 chaque int\u00e9rieur, soulignant son caract\u00e8re. Le si\u00e8ge large et le dossier ergonomique offrent du confort tout en ajoutant de la texture.  <\/p>\n<p>C&rsquo;est un choix parfait pour ceux qui souhaitent cr\u00e9er un coin cosy dans le salon. Le fauteuil INCANTO impressionne non seulement par son design, mais aussi par la mani\u00e8re dont il s&rsquo;int\u00e8gre naturellement dans n&rsquo;importe quel am\u00e9nagement, favorisant ainsi les moments de d\u00e9tente. <\/p>\n","protected":false},"featured_media":7543,"template":"","meta":[],"product_brand":[],"product_cat":[935,930],"product_tag":[],"class_list":{"0":"post-7542","1":"product","2":"type-product","3":"status-publish","4":"has-post-thumbnail","6":"product_cat-collection-incanto","7":"product_cat-sieges","8":"product_shipping_class-livraison-gratuite","10":"first","11":"instock","12":"taxable","13":"shipping-taxable","14":"purchasable","15":"product-type-variable","16":"has-default-attributes","17":"wvs-archive-product-wrapper"},"yoast_head":"<!-- This site is optimized with the Yoast SEO Premium plugin v26.8 (Yoast SEO v26.8) - https:\/\/yoast.com\/product\/yoast-seo-premium-wordpress\/ -->\n<title>Fauteuil Incanto - AlloraLiving.com<\/title>\n<meta name=\"robots\" content=\"index, follow, max-snippet:-1, max-image-preview:large, max-video-preview:-1\" \/>\n<link rel=\"canonical\" href=\"https:\/\/alloraliving.com\/fr\/fauteuil-incanto\/\" \/>\n<meta property=\"og:locale\" content=\"fr_FR\" \/>\n<meta property=\"og:type\" content=\"article\" \/>\n<meta property=\"og:title\" content=\"Fauteuil Incanto\" \/>\n<meta property=\"og:description\" content=\"Le fauteuil de la collection INCANTO est un meuble qui s\u00e9duit par sa simplicit\u00e9 et son \u00e9l\u00e9gance. Rev\u00eatu de velours c\u00f4tel\u00e9 doux et \u00e9pais, il apporte un charme unique \u00e0 chaque int\u00e9rieur, soulignant son caract\u00e8re. Le si\u00e8ge large et le dossier ergonomique offrent du confort tout en ajoutant de la texture.  C&#039;est un choix parfait pour ceux qui souhaitent cr\u00e9er un coin cosy dans le salon. Le fauteuil INCANTO impressionne non seulement par son design, mais aussi par la mani\u00e8re dont il s&#039;int\u00e8gre naturellement dans n&#039;importe quel am\u00e9nagement, favorisant ainsi les moments de d\u00e9tente.\" \/>\n<meta property=\"og:url\" content=\"https:\/\/alloraliving.com\/fr\/fauteuil-incanto\/\" \/>\n<meta property=\"og:site_name\" content=\"AlloraLiving.com\" \/>\n<meta property=\"article:modified_time\" content=\"2025-02-11T07:41:47+00:00\" \/>\n<meta property=\"og:image\" content=\"https:\/\/alloraliving.com\/wp-content\/uploads\/1-bezowy-fotel-sztruksowy-do-salonu-incanto-sand-cream.jpg\" \/>\n\t<meta property=\"og:image:width\" content=\"1600\" \/>\n\t<meta property=\"og:image:height\" content=\"1200\" \/>\n\t<meta property=\"og:image:type\" content=\"image\/jpeg\" \/>\n<meta name=\"twitter:card\" content=\"summary_large_image\" \/>\n<meta name=\"twitter:label1\" content=\"Disponibilit\u00e9\" \/>\n\t<meta name=\"twitter:data1\" content=\"En stock\" \/>\n<script type=\"application\/ld+json\" class=\"yoast-schema-graph\">{\"@context\":\"https:\/\/schema.org\",\"@graph\":[{\"@type\":[\"WebPage\",\"ItemPage\"],\"@id\":\"https:\/\/alloraliving.com\/fr\/fauteuil-incanto\/\",\"url\":\"https:\/\/alloraliving.com\/fr\/fauteuil-incanto\/\",\"name\":\"Fauteuil Incanto - AlloraLiving.com\",\"isPartOf\":{\"@id\":\"https:\/\/alloraliving.com\/fr\/#website\"},\"primaryImageOfPage\":{\"@id\":\"https:\/\/alloraliving.com\/fr\/fauteuil-incanto\/#primaryimage\"},\"image\":{\"@id\":\"https:\/\/alloraliving.com\/fr\/fauteuil-incanto\/#primaryimage\"},\"thumbnailUrl\":\"https:\/\/alloraliving.com\/wp-content\/uploads\/1-bezowy-fotel-sztruksowy-do-salonu-incanto-sand-cream.jpg\",\"datePublished\":\"2024-08-22T05:38:19+00:00\",\"dateModified\":\"2025-02-11T07:41:47+00:00\",\"breadcrumb\":{\"@id\":\"https:\/\/alloraliving.com\/fr\/fauteuil-incanto\/#breadcrumb\"},\"inLanguage\":\"fr-FR\",\"potentialAction\":[{\"@type\":\"ReadAction\",\"target\":[\"https:\/\/alloraliving.com\/fr\/fauteuil-incanto\/\"]}]},{\"@type\":\"ImageObject\",\"inLanguage\":\"fr-FR\",\"@id\":\"https:\/\/alloraliving.com\/fr\/fauteuil-incanto\/#primaryimage\",\"url\":\"https:\/\/alloraliving.com\/wp-content\/uploads\/1-bezowy-fotel-sztruksowy-do-salonu-incanto-sand-cream.jpg\",\"contentUrl\":\"https:\/\/alloraliving.com\/wp-content\/uploads\/1-bezowy-fotel-sztruksowy-do-salonu-incanto-sand-cream.jpg\",\"width\":1600,\"height\":1200},{\"@type\":\"BreadcrumbList\",\"@id\":\"https:\/\/alloraliving.com\/fr\/fauteuil-incanto\/#breadcrumb\",\"itemListElement\":[{\"@type\":\"ListItem\",\"position\":1,\"name\":\"Strona g\u0142\u00f3wna\",\"item\":\"https:\/\/alloraliving.com\/fr\/\"},{\"@type\":\"ListItem\",\"position\":2,\"name\":\"Boutique\",\"item\":\"https:\/\/alloraliving.com\/fr\/?page_id=6496\"},{\"@type\":\"ListItem\",\"position\":3,\"name\":\"Fauteuil Incanto\"}]},{\"@type\":\"WebSite\",\"@id\":\"https:\/\/alloraliving.com\/fr\/#website\",\"url\":\"https:\/\/alloraliving.com\/fr\/\",\"name\":\"AlloraLiving.com\",\"description\":\"\",\"potentialAction\":[{\"@type\":\"SearchAction\",\"target\":{\"@type\":\"EntryPoint\",\"urlTemplate\":\"https:\/\/alloraliving.com\/fr\/?s={search_term_string}\"},\"query-input\":{\"@type\":\"PropertyValueSpecification\",\"valueRequired\":true,\"valueName\":\"search_term_string\"}}],\"inLanguage\":\"fr-FR\"}]}<\/script>\n<meta property=\"og:availability\" content=\"instock\" \/>\n<meta property=\"product:availability\" content=\"instock\" \/>\n<meta property=\"product:condition\" content=\"new\" \/>\n<!-- \/ Yoast SEO Premium plugin. -->","yoast_head_json":{"title":"Fauteuil Incanto - AlloraLiving.com","robots":{"index":"index","follow":"follow","max-snippet":"max-snippet:-1","max-image-preview":"max-image-preview:large","max-video-preview":"max-video-preview:-1"},"canonical":"https:\/\/alloraliving.com\/fr\/fauteuil-incanto\/","og_locale":"fr_FR","og_type":"article","og_title":"Fauteuil Incanto","og_description":"Le fauteuil de la collection INCANTO est un meuble qui s\u00e9duit par sa simplicit\u00e9 et son \u00e9l\u00e9gance. Rev\u00eatu de velours c\u00f4tel\u00e9 doux et \u00e9pais, il apporte un charme unique \u00e0 chaque int\u00e9rieur, soulignant son caract\u00e8re. Le si\u00e8ge large et le dossier ergonomique offrent du confort tout en ajoutant de la texture.  C'est un choix parfait pour ceux qui souhaitent cr\u00e9er un coin cosy dans le salon. Le fauteuil INCANTO impressionne non seulement par son design, mais aussi par la mani\u00e8re dont il s'int\u00e8gre naturellement dans n'importe quel am\u00e9nagement, favorisant ainsi les moments de d\u00e9tente.","og_url":"https:\/\/alloraliving.com\/fr\/fauteuil-incanto\/","og_site_name":"AlloraLiving.com","article_modified_time":"2025-02-11T07:41:47+00:00","og_image":[{"width":1600,"height":1200,"url":"https:\/\/alloraliving.com\/wp-content\/uploads\/1-bezowy-fotel-sztruksowy-do-salonu-incanto-sand-cream.jpg","type":"image\/jpeg"}],"twitter_card":"summary_large_image","twitter_misc":{"Disponibilit\u00e9":"En stock"},"schema":{"@context":"https:\/\/schema.org","@graph":[{"@type":["WebPage","ItemPage"],"@id":"https:\/\/alloraliving.com\/fr\/fauteuil-incanto\/","url":"https:\/\/alloraliving.com\/fr\/fauteuil-incanto\/","name":"Fauteuil Incanto - AlloraLiving.com","isPartOf":{"@id":"https:\/\/alloraliving.com\/fr\/#website"},"primaryImageOfPage":{"@id":"https:\/\/alloraliving.com\/fr\/fauteuil-incanto\/#primaryimage"},"image":{"@id":"https:\/\/alloraliving.com\/fr\/fauteuil-incanto\/#primaryimage"},"thumbnailUrl":"https:\/\/alloraliving.com\/wp-content\/uploads\/1-bezowy-fotel-sztruksowy-do-salonu-incanto-sand-cream.jpg","datePublished":"2024-08-22T05:38:19+00:00","dateModified":"2025-02-11T07:41:47+00:00","breadcrumb":{"@id":"https:\/\/alloraliving.com\/fr\/fauteuil-incanto\/#breadcrumb"},"inLanguage":"fr-FR","potentialAction":[{"@type":"ReadAction","target":["https:\/\/alloraliving.com\/fr\/fauteuil-incanto\/"]}]},{"@type":"ImageObject","inLanguage":"fr-FR","@id":"https:\/\/alloraliving.com\/fr\/fauteuil-incanto\/#primaryimage","url":"https:\/\/alloraliving.com\/wp-content\/uploads\/1-bezowy-fotel-sztruksowy-do-salonu-incanto-sand-cream.jpg","contentUrl":"https:\/\/alloraliving.com\/wp-content\/uploads\/1-bezowy-fotel-sztruksowy-do-salonu-incanto-sand-cream.jpg","width":1600,"height":1200},{"@type":"BreadcrumbList","@id":"https:\/\/alloraliving.com\/fr\/fauteuil-incanto\/#breadcrumb","itemListElement":[{"@type":"ListItem","position":1,"name":"Strona g\u0142\u00f3wna","item":"https:\/\/alloraliving.com\/fr\/"},{"@type":"ListItem","position":2,"name":"Boutique","item":"https:\/\/alloraliving.com\/fr\/?page_id=6496"},{"@type":"ListItem","position":3,"name":"Fauteuil Incanto"}]},{"@type":"WebSite","@id":"https:\/\/alloraliving.com\/fr\/#website","url":"https:\/\/alloraliving.com\/fr\/","name":"AlloraLiving.com","description":"","potentialAction":[{"@type":"SearchAction","target":{"@type":"EntryPoint","urlTemplate":"https:\/\/alloraliving.com\/fr\/?s={search_term_string}"},"query-input":{"@type":"PropertyValueSpecification","valueRequired":true,"valueName":"search_term_string"}}],"inLanguage":"fr-FR"}]},"og_availability":"instock","product_availability":"instock","product_condition":"new"},"_links":{"self":[{"href":"https:\/\/alloraliving.com\/fr\/wp-json\/wp\/v2\/product\/7542","targetHints":{"allow":["GET"]}}],"collection":[{"href":"https:\/\/alloraliving.com\/fr\/wp-json\/wp\/v2\/product"}],"about":[{"href":"https:\/\/alloraliving.com\/fr\/wp-json\/wp\/v2\/types\/product"}],"wp:featuredmedia":[{"embeddable":true,"href":"https:\/\/alloraliving.com\/fr\/wp-json\/wp\/v2\/media\/7543"}],"wp:attachment":[{"href":"https:\/\/alloraliving.com\/fr\/wp-json\/wp\/v2\/media?parent=7542"}],"wp:term":[{"taxonomy":"product_brand","embeddable":true,"href":"https:\/\/alloraliving.com\/fr\/wp-json\/wp\/v2\/product_brand?post=7542"},{"taxonomy":"product_cat","embeddable":true,"href":"https:\/\/alloraliving.com\/fr\/wp-json\/wp\/v2\/product_cat?post=7542"},{"taxonomy":"product_tag","embeddable":true,"href":"https:\/\/alloraliving.com\/fr\/wp-json\/wp\/v2\/product_tag?post=7542"}],"curies":[{"name":"wp","href":"https:\/\/api.w.org\/{rel}","templated":true}]}}