{"id":7559,"date":"2024-12-18T08:30:58","date_gmt":"2024-12-18T07:30:58","guid":{"rendered":"https:\/\/alloraliving.com\/fauteuil-nuvola-sans-accoudoirs\/"},"modified":"2025-02-11T08:42:48","modified_gmt":"2025-02-11T07:42:48","slug":"fauteuil-nuvola-sans-accoudoirs","status":"publish","type":"product","link":"https:\/\/alloraliving.com\/fr\/fauteuil-nuvola-sans-accoudoirs\/","title":{"rendered":"Fauteuil Nuvola sans accoudoirs"},"content":{"rendered":"","protected":false},"excerpt":{"rendered":"<p>Le fauteuil NUVOLA allie l&rsquo;harmonie de la forme et de la fonction, ravissant avec des lignes douces et arrondies inspir\u00e9es de la subtilit\u00e9 des nuages. Sa silhouette \u00e9l\u00e9gante conf\u00e8re \u00e0 l&rsquo;int\u00e9rieur l\u00e9g\u00e8ret\u00e9, devenant l&rsquo;endroit id\u00e9al pour se d\u00e9tendre, que ce soit dans un salon spacieux ou dans un coin cosy. Gr\u00e2ce \u00e0 sa conception universelle, le fauteuil s&rsquo;adaptera aussi bien aux am\u00e9nagements minimalistes et modernes qu&rsquo;aux espaces classiques et plus d\u00e9coratifs.  <\/p>\n<p>La collection NUVOLA d&rsquo;Allora Living est un hommage \u00e0 l&rsquo;\u00e9l\u00e9gance d\u00e9licate et \u00e0 la polyvalence. Nos designers ont choisi pour ce mod\u00e8le un rev\u00eatement luxueux en velours, disponible en six coloris soigneusement s\u00e9lectionn\u00e9s. <\/p>\n","protected":false},"featured_media":7563,"template":"","meta":[],"product_brand":[],"product_cat":[936,930],"product_tag":[],"class_list":{"0":"post-7559","1":"product","2":"type-product","3":"status-publish","4":"has-post-thumbnail","6":"product_cat-collection-nuvola","7":"product_cat-sieges","8":"product_shipping_class-livraison-gratuite","10":"first","11":"instock","12":"taxable","13":"shipping-taxable","14":"purchasable","15":"product-type-variable","16":"has-default-attributes","17":"wvs-archive-product-wrapper"},"yoast_head":"<!-- This site is optimized with the Yoast SEO Premium plugin v26.8 (Yoast SEO v26.8) - https:\/\/yoast.com\/product\/yoast-seo-premium-wordpress\/ -->\n<title>Fauteuil Nuvola sans accoudoirs - AlloraLiving.com<\/title>\n<meta name=\"robots\" content=\"index, follow, max-snippet:-1, max-image-preview:large, max-video-preview:-1\" \/>\n<link rel=\"canonical\" href=\"https:\/\/alloraliving.com\/fr\/fauteuil-nuvola-sans-accoudoirs\/\" \/>\n<meta property=\"og:locale\" content=\"fr_FR\" \/>\n<meta property=\"og:type\" content=\"article\" \/>\n<meta property=\"og:title\" content=\"Fauteuil Nuvola sans accoudoirs\" \/>\n<meta property=\"og:description\" content=\"Le fauteuil NUVOLA allie l&#039;harmonie de la forme et de la fonction, ravissant avec des lignes douces et arrondies inspir\u00e9es de la subtilit\u00e9 des nuages. Sa silhouette \u00e9l\u00e9gante conf\u00e8re \u00e0 l&#039;int\u00e9rieur l\u00e9g\u00e8ret\u00e9, devenant l&#039;endroit id\u00e9al pour se d\u00e9tendre, que ce soit dans un salon spacieux ou dans un coin cosy. Gr\u00e2ce \u00e0 sa conception universelle, le fauteuil s&#039;adaptera aussi bien aux am\u00e9nagements minimalistes et modernes qu&#039;aux espaces classiques et plus d\u00e9coratifs.  La collection NUVOLA d&#039;Allora Living est un hommage \u00e0 l&#039;\u00e9l\u00e9gance d\u00e9licate et \u00e0 la polyvalence. Nos designers ont choisi pour ce mod\u00e8le un rev\u00eatement luxueux en velours, disponible en six coloris soigneusement s\u00e9lectionn\u00e9s.\" \/>\n<meta property=\"og:url\" content=\"https:\/\/alloraliving.com\/fr\/fauteuil-nuvola-sans-accoudoirs\/\" \/>\n<meta property=\"og:site_name\" content=\"AlloraLiving.com\" \/>\n<meta property=\"article:modified_time\" content=\"2025-02-11T07:42:48+00:00\" \/>\n<meta property=\"og:image\" content=\"https:\/\/alloraliving.com\/wp-content\/uploads\/2-element-prosty-sofy-modulowej-nuvola-sand-cream.jpg\" \/>\n\t<meta property=\"og:image:width\" content=\"1600\" \/>\n\t<meta property=\"og:image:height\" content=\"1200\" \/>\n\t<meta property=\"og:image:type\" content=\"image\/jpeg\" \/>\n<meta name=\"twitter:card\" content=\"summary_large_image\" \/>\n<meta name=\"twitter:label1\" content=\"Disponibilit\u00e9\" \/>\n\t<meta name=\"twitter:data1\" content=\"En stock\" \/>\n<script type=\"application\/ld+json\" class=\"yoast-schema-graph\">{\"@context\":\"https:\/\/schema.org\",\"@graph\":[{\"@type\":[\"WebPage\",\"ItemPage\"],\"@id\":\"https:\/\/alloraliving.com\/fr\/fauteuil-nuvola-sans-accoudoirs\/\",\"url\":\"https:\/\/alloraliving.com\/fr\/fauteuil-nuvola-sans-accoudoirs\/\",\"name\":\"Fauteuil Nuvola sans accoudoirs - AlloraLiving.com\",\"isPartOf\":{\"@id\":\"https:\/\/alloraliving.com\/fr\/#website\"},\"primaryImageOfPage\":{\"@id\":\"https:\/\/alloraliving.com\/fr\/fauteuil-nuvola-sans-accoudoirs\/#primaryimage\"},\"image\":{\"@id\":\"https:\/\/alloraliving.com\/fr\/fauteuil-nuvola-sans-accoudoirs\/#primaryimage\"},\"thumbnailUrl\":\"https:\/\/alloraliving.com\/wp-content\/uploads\/2-element-prosty-sofy-modulowej-nuvola-sand-cream.jpg\",\"datePublished\":\"2024-12-18T07:30:58+00:00\",\"dateModified\":\"2025-02-11T07:42:48+00:00\",\"breadcrumb\":{\"@id\":\"https:\/\/alloraliving.com\/fr\/fauteuil-nuvola-sans-accoudoirs\/#breadcrumb\"},\"inLanguage\":\"fr-FR\",\"potentialAction\":[{\"@type\":\"ReadAction\",\"target\":[\"https:\/\/alloraliving.com\/fr\/fauteuil-nuvola-sans-accoudoirs\/\"]}]},{\"@type\":\"ImageObject\",\"inLanguage\":\"fr-FR\",\"@id\":\"https:\/\/alloraliving.com\/fr\/fauteuil-nuvola-sans-accoudoirs\/#primaryimage\",\"url\":\"https:\/\/alloraliving.com\/wp-content\/uploads\/2-element-prosty-sofy-modulowej-nuvola-sand-cream.jpg\",\"contentUrl\":\"https:\/\/alloraliving.com\/wp-content\/uploads\/2-element-prosty-sofy-modulowej-nuvola-sand-cream.jpg\",\"width\":1600,\"height\":1200},{\"@type\":\"BreadcrumbList\",\"@id\":\"https:\/\/alloraliving.com\/fr\/fauteuil-nuvola-sans-accoudoirs\/#breadcrumb\",\"itemListElement\":[{\"@type\":\"ListItem\",\"position\":1,\"name\":\"Strona g\u0142\u00f3wna\",\"item\":\"https:\/\/alloraliving.com\/fr\/\"},{\"@type\":\"ListItem\",\"position\":2,\"name\":\"Boutique\",\"item\":\"https:\/\/alloraliving.com\/fr\/?page_id=6496\"},{\"@type\":\"ListItem\",\"position\":3,\"name\":\"Fauteuil Nuvola sans accoudoirs\"}]},{\"@type\":\"WebSite\",\"@id\":\"https:\/\/alloraliving.com\/fr\/#website\",\"url\":\"https:\/\/alloraliving.com\/fr\/\",\"name\":\"AlloraLiving.com\",\"description\":\"\",\"potentialAction\":[{\"@type\":\"SearchAction\",\"target\":{\"@type\":\"EntryPoint\",\"urlTemplate\":\"https:\/\/alloraliving.com\/fr\/?s={search_term_string}\"},\"query-input\":{\"@type\":\"PropertyValueSpecification\",\"valueRequired\":true,\"valueName\":\"search_term_string\"}}],\"inLanguage\":\"fr-FR\"}]}<\/script>\n<meta property=\"og:availability\" content=\"instock\" \/>\n<meta property=\"product:availability\" content=\"instock\" \/>\n<meta property=\"product:condition\" content=\"new\" \/>\n<!-- \/ Yoast SEO Premium plugin. -->","yoast_head_json":{"title":"Fauteuil Nuvola sans accoudoirs - AlloraLiving.com","robots":{"index":"index","follow":"follow","max-snippet":"max-snippet:-1","max-image-preview":"max-image-preview:large","max-video-preview":"max-video-preview:-1"},"canonical":"https:\/\/alloraliving.com\/fr\/fauteuil-nuvola-sans-accoudoirs\/","og_locale":"fr_FR","og_type":"article","og_title":"Fauteuil Nuvola sans accoudoirs","og_description":"Le fauteuil NUVOLA allie l'harmonie de la forme et de la fonction, ravissant avec des lignes douces et arrondies inspir\u00e9es de la subtilit\u00e9 des nuages. Sa silhouette \u00e9l\u00e9gante conf\u00e8re \u00e0 l'int\u00e9rieur l\u00e9g\u00e8ret\u00e9, devenant l'endroit id\u00e9al pour se d\u00e9tendre, que ce soit dans un salon spacieux ou dans un coin cosy. Gr\u00e2ce \u00e0 sa conception universelle, le fauteuil s'adaptera aussi bien aux am\u00e9nagements minimalistes et modernes qu'aux espaces classiques et plus d\u00e9coratifs.  La collection NUVOLA d'Allora Living est un hommage \u00e0 l'\u00e9l\u00e9gance d\u00e9licate et \u00e0 la polyvalence. Nos designers ont choisi pour ce mod\u00e8le un rev\u00eatement luxueux en velours, disponible en six coloris soigneusement s\u00e9lectionn\u00e9s.","og_url":"https:\/\/alloraliving.com\/fr\/fauteuil-nuvola-sans-accoudoirs\/","og_site_name":"AlloraLiving.com","article_modified_time":"2025-02-11T07:42:48+00:00","og_image":[{"width":1600,"height":1200,"url":"https:\/\/alloraliving.com\/wp-content\/uploads\/2-element-prosty-sofy-modulowej-nuvola-sand-cream.jpg","type":"image\/jpeg"}],"twitter_card":"summary_large_image","twitter_misc":{"Disponibilit\u00e9":"En stock"},"schema":{"@context":"https:\/\/schema.org","@graph":[{"@type":["WebPage","ItemPage"],"@id":"https:\/\/alloraliving.com\/fr\/fauteuil-nuvola-sans-accoudoirs\/","url":"https:\/\/alloraliving.com\/fr\/fauteuil-nuvola-sans-accoudoirs\/","name":"Fauteuil Nuvola sans accoudoirs - AlloraLiving.com","isPartOf":{"@id":"https:\/\/alloraliving.com\/fr\/#website"},"primaryImageOfPage":{"@id":"https:\/\/alloraliving.com\/fr\/fauteuil-nuvola-sans-accoudoirs\/#primaryimage"},"image":{"@id":"https:\/\/alloraliving.com\/fr\/fauteuil-nuvola-sans-accoudoirs\/#primaryimage"},"thumbnailUrl":"https:\/\/alloraliving.com\/wp-content\/uploads\/2-element-prosty-sofy-modulowej-nuvola-sand-cream.jpg","datePublished":"2024-12-18T07:30:58+00:00","dateModified":"2025-02-11T07:42:48+00:00","breadcrumb":{"@id":"https:\/\/alloraliving.com\/fr\/fauteuil-nuvola-sans-accoudoirs\/#breadcrumb"},"inLanguage":"fr-FR","potentialAction":[{"@type":"ReadAction","target":["https:\/\/alloraliving.com\/fr\/fauteuil-nuvola-sans-accoudoirs\/"]}]},{"@type":"ImageObject","inLanguage":"fr-FR","@id":"https:\/\/alloraliving.com\/fr\/fauteuil-nuvola-sans-accoudoirs\/#primaryimage","url":"https:\/\/alloraliving.com\/wp-content\/uploads\/2-element-prosty-sofy-modulowej-nuvola-sand-cream.jpg","contentUrl":"https:\/\/alloraliving.com\/wp-content\/uploads\/2-element-prosty-sofy-modulowej-nuvola-sand-cream.jpg","width":1600,"height":1200},{"@type":"BreadcrumbList","@id":"https:\/\/alloraliving.com\/fr\/fauteuil-nuvola-sans-accoudoirs\/#breadcrumb","itemListElement":[{"@type":"ListItem","position":1,"name":"Strona g\u0142\u00f3wna","item":"https:\/\/alloraliving.com\/fr\/"},{"@type":"ListItem","position":2,"name":"Boutique","item":"https:\/\/alloraliving.com\/fr\/?page_id=6496"},{"@type":"ListItem","position":3,"name":"Fauteuil Nuvola sans accoudoirs"}]},{"@type":"WebSite","@id":"https:\/\/alloraliving.com\/fr\/#website","url":"https:\/\/alloraliving.com\/fr\/","name":"AlloraLiving.com","description":"","potentialAction":[{"@type":"SearchAction","target":{"@type":"EntryPoint","urlTemplate":"https:\/\/alloraliving.com\/fr\/?s={search_term_string}"},"query-input":{"@type":"PropertyValueSpecification","valueRequired":true,"valueName":"search_term_string"}}],"inLanguage":"fr-FR"}]},"og_availability":"instock","product_availability":"instock","product_condition":"new"},"_links":{"self":[{"href":"https:\/\/alloraliving.com\/fr\/wp-json\/wp\/v2\/product\/7559","targetHints":{"allow":["GET"]}}],"collection":[{"href":"https:\/\/alloraliving.com\/fr\/wp-json\/wp\/v2\/product"}],"about":[{"href":"https:\/\/alloraliving.com\/fr\/wp-json\/wp\/v2\/types\/product"}],"wp:featuredmedia":[{"embeddable":true,"href":"https:\/\/alloraliving.com\/fr\/wp-json\/wp\/v2\/media\/7563"}],"wp:attachment":[{"href":"https:\/\/alloraliving.com\/fr\/wp-json\/wp\/v2\/media?parent=7559"}],"wp:term":[{"taxonomy":"product_brand","embeddable":true,"href":"https:\/\/alloraliving.com\/fr\/wp-json\/wp\/v2\/product_brand?post=7559"},{"taxonomy":"product_cat","embeddable":true,"href":"https:\/\/alloraliving.com\/fr\/wp-json\/wp\/v2\/product_cat?post=7559"},{"taxonomy":"product_tag","embeddable":true,"href":"https:\/\/alloraliving.com\/fr\/wp-json\/wp\/v2\/product_tag?post=7559"}],"curies":[{"name":"wp","href":"https:\/\/api.w.org\/{rel}","templated":true}]}}