{"id":7560,"date":"2024-12-18T11:27:32","date_gmt":"2024-12-18T10:27:32","guid":{"rendered":"https:\/\/alloraliving.com\/ensemble-nuvola-canape-3-places-pouf\/"},"modified":"2025-02-11T08:42:48","modified_gmt":"2025-02-11T07:42:48","slug":"ensemble-nuvola-canape-3-places-pouf","status":"publish","type":"product","link":"https:\/\/alloraliving.com\/fr\/ensemble-nuvola-canape-3-places-pouf\/","title":{"rendered":"Ensemble Nuvola canap\u00e9 3 places + pouf"},"content":{"rendered":"","protected":false},"excerpt":{"rendered":"<p>Le canap\u00e9 trois places NUVOLA avec pouf est un ensemble cr\u00e9\u00e9 pour les int\u00e9rieurs spacieux qui n\u00e9cessitent une combinaison de confort et de design raffin\u00e9. Le canap\u00e9, inspir\u00e9 de la d\u00e9licatesse des nuages, ravit par ses lignes fluides et son assise spacieuse, et le pouf compl\u00e8te la composition, offrant une fonctionnalit\u00e9 suppl\u00e9mentaire. Ensemble, ils cr\u00e9ent un espace qui vous invite \u00e0 vous d\u00e9tendre et \u00e0 c\u00e9l\u00e9brer la beaut\u00e9 des moments du quotidien.  <\/p>\n<p>Gr\u00e2ce au velours luxueux et aux couleurs uniformes, l&rsquo;ensemble conserve un caract\u00e8re harmonieux, s&rsquo;int\u00e9grant parfaitement dans les int\u00e9rieurs modernes et \u00e9l\u00e9gants. La palette de couleurs sophistiqu\u00e9e de la collection NUVOLA vous permet de cr\u00e9er un arrangement qui respire la subtilit\u00e9 et le style intemporel. <\/p>\n","protected":false},"featured_media":7562,"template":"","meta":[],"product_brand":[],"product_cat":[946,947,936],"product_tag":[],"class_list":{"0":"post-7560","1":"product","2":"type-product","3":"status-publish","4":"has-post-thumbnail","6":"product_cat-canapes","7":"product_cat-canapes-modulaires","8":"product_cat-collection-nuvola","9":"product_shipping_class-livraison-gratuite","11":"first","12":"instock","13":"taxable","14":"shipping-taxable","15":"purchasable","16":"product-type-variable","17":"has-default-attributes","18":"wvs-archive-product-wrapper"},"yoast_head":"<!-- This site is optimized with the Yoast SEO Premium plugin v26.8 (Yoast SEO v26.8) - https:\/\/yoast.com\/product\/yoast-seo-premium-wordpress\/ -->\n<title>Ensemble Nuvola canap\u00e9 3 places + pouf - AlloraLiving.com<\/title>\n<meta name=\"robots\" content=\"index, follow, max-snippet:-1, max-image-preview:large, max-video-preview:-1\" \/>\n<link rel=\"canonical\" href=\"https:\/\/alloraliving.com\/fr\/ensemble-nuvola-canape-3-places-pouf\/\" \/>\n<meta property=\"og:locale\" content=\"fr_FR\" \/>\n<meta property=\"og:type\" content=\"article\" \/>\n<meta property=\"og:title\" content=\"Ensemble Nuvola canap\u00e9 3 places + pouf\" \/>\n<meta property=\"og:description\" content=\"Le canap\u00e9 trois places NUVOLA avec pouf est un ensemble cr\u00e9\u00e9 pour les int\u00e9rieurs spacieux qui n\u00e9cessitent une combinaison de confort et de design raffin\u00e9. Le canap\u00e9, inspir\u00e9 de la d\u00e9licatesse des nuages, ravit par ses lignes fluides et son assise spacieuse, et le pouf compl\u00e8te la composition, offrant une fonctionnalit\u00e9 suppl\u00e9mentaire. Ensemble, ils cr\u00e9ent un espace qui vous invite \u00e0 vous d\u00e9tendre et \u00e0 c\u00e9l\u00e9brer la beaut\u00e9 des moments du quotidien.  Gr\u00e2ce au velours luxueux et aux couleurs uniformes, l&#039;ensemble conserve un caract\u00e8re harmonieux, s&#039;int\u00e9grant parfaitement dans les int\u00e9rieurs modernes et \u00e9l\u00e9gants. La palette de couleurs sophistiqu\u00e9e de la collection NUVOLA vous permet de cr\u00e9er un arrangement qui respire la subtilit\u00e9 et le style intemporel.\" \/>\n<meta property=\"og:url\" content=\"https:\/\/alloraliving.com\/fr\/ensemble-nuvola-canape-3-places-pouf\/\" \/>\n<meta property=\"og:site_name\" content=\"AlloraLiving.com\" \/>\n<meta property=\"article:modified_time\" content=\"2025-02-11T07:42:48+00:00\" \/>\n<meta property=\"og:image\" content=\"https:\/\/alloraliving.com\/wp-content\/uploads\/1-zestaw-sofa-3-osobowa-z-pufa-nuvola-sand-cream.jpg\" \/>\n\t<meta property=\"og:image:width\" content=\"1600\" \/>\n\t<meta property=\"og:image:height\" content=\"1200\" \/>\n\t<meta property=\"og:image:type\" content=\"image\/jpeg\" \/>\n<meta name=\"twitter:card\" content=\"summary_large_image\" \/>\n<meta name=\"twitter:label1\" content=\"Disponibilit\u00e9\" \/>\n\t<meta name=\"twitter:data1\" content=\"En stock\" \/>\n<script type=\"application\/ld+json\" class=\"yoast-schema-graph\">{\"@context\":\"https:\/\/schema.org\",\"@graph\":[{\"@type\":[\"WebPage\",\"ItemPage\"],\"@id\":\"https:\/\/alloraliving.com\/fr\/ensemble-nuvola-canape-3-places-pouf\/\",\"url\":\"https:\/\/alloraliving.com\/fr\/ensemble-nuvola-canape-3-places-pouf\/\",\"name\":\"Ensemble Nuvola canap\u00e9 3 places + pouf - AlloraLiving.com\",\"isPartOf\":{\"@id\":\"https:\/\/alloraliving.com\/fr\/#website\"},\"primaryImageOfPage\":{\"@id\":\"https:\/\/alloraliving.com\/fr\/ensemble-nuvola-canape-3-places-pouf\/#primaryimage\"},\"image\":{\"@id\":\"https:\/\/alloraliving.com\/fr\/ensemble-nuvola-canape-3-places-pouf\/#primaryimage\"},\"thumbnailUrl\":\"https:\/\/alloraliving.com\/wp-content\/uploads\/1-zestaw-sofa-3-osobowa-z-pufa-nuvola-sand-cream.jpg\",\"datePublished\":\"2024-12-18T10:27:32+00:00\",\"dateModified\":\"2025-02-11T07:42:48+00:00\",\"breadcrumb\":{\"@id\":\"https:\/\/alloraliving.com\/fr\/ensemble-nuvola-canape-3-places-pouf\/#breadcrumb\"},\"inLanguage\":\"fr-FR\",\"potentialAction\":[{\"@type\":\"ReadAction\",\"target\":[\"https:\/\/alloraliving.com\/fr\/ensemble-nuvola-canape-3-places-pouf\/\"]}]},{\"@type\":\"ImageObject\",\"inLanguage\":\"fr-FR\",\"@id\":\"https:\/\/alloraliving.com\/fr\/ensemble-nuvola-canape-3-places-pouf\/#primaryimage\",\"url\":\"https:\/\/alloraliving.com\/wp-content\/uploads\/1-zestaw-sofa-3-osobowa-z-pufa-nuvola-sand-cream.jpg\",\"contentUrl\":\"https:\/\/alloraliving.com\/wp-content\/uploads\/1-zestaw-sofa-3-osobowa-z-pufa-nuvola-sand-cream.jpg\",\"width\":1600,\"height\":1200},{\"@type\":\"BreadcrumbList\",\"@id\":\"https:\/\/alloraliving.com\/fr\/ensemble-nuvola-canape-3-places-pouf\/#breadcrumb\",\"itemListElement\":[{\"@type\":\"ListItem\",\"position\":1,\"name\":\"Strona g\u0142\u00f3wna\",\"item\":\"https:\/\/alloraliving.com\/fr\/\"},{\"@type\":\"ListItem\",\"position\":2,\"name\":\"Boutique\",\"item\":\"https:\/\/alloraliving.com\/fr\/?page_id=6496\"},{\"@type\":\"ListItem\",\"position\":3,\"name\":\"Ensemble Nuvola canap\u00e9 3 places + pouf\"}]},{\"@type\":\"WebSite\",\"@id\":\"https:\/\/alloraliving.com\/fr\/#website\",\"url\":\"https:\/\/alloraliving.com\/fr\/\",\"name\":\"AlloraLiving.com\",\"description\":\"\",\"potentialAction\":[{\"@type\":\"SearchAction\",\"target\":{\"@type\":\"EntryPoint\",\"urlTemplate\":\"https:\/\/alloraliving.com\/fr\/?s={search_term_string}\"},\"query-input\":{\"@type\":\"PropertyValueSpecification\",\"valueRequired\":true,\"valueName\":\"search_term_string\"}}],\"inLanguage\":\"fr-FR\"}]}<\/script>\n<meta property=\"og:availability\" content=\"instock\" \/>\n<meta property=\"product:availability\" content=\"instock\" \/>\n<meta property=\"product:condition\" content=\"new\" \/>\n<!-- \/ Yoast SEO Premium plugin. -->","yoast_head_json":{"title":"Ensemble Nuvola canap\u00e9 3 places + pouf - AlloraLiving.com","robots":{"index":"index","follow":"follow","max-snippet":"max-snippet:-1","max-image-preview":"max-image-preview:large","max-video-preview":"max-video-preview:-1"},"canonical":"https:\/\/alloraliving.com\/fr\/ensemble-nuvola-canape-3-places-pouf\/","og_locale":"fr_FR","og_type":"article","og_title":"Ensemble Nuvola canap\u00e9 3 places + pouf","og_description":"Le canap\u00e9 trois places NUVOLA avec pouf est un ensemble cr\u00e9\u00e9 pour les int\u00e9rieurs spacieux qui n\u00e9cessitent une combinaison de confort et de design raffin\u00e9. Le canap\u00e9, inspir\u00e9 de la d\u00e9licatesse des nuages, ravit par ses lignes fluides et son assise spacieuse, et le pouf compl\u00e8te la composition, offrant une fonctionnalit\u00e9 suppl\u00e9mentaire. Ensemble, ils cr\u00e9ent un espace qui vous invite \u00e0 vous d\u00e9tendre et \u00e0 c\u00e9l\u00e9brer la beaut\u00e9 des moments du quotidien.  Gr\u00e2ce au velours luxueux et aux couleurs uniformes, l'ensemble conserve un caract\u00e8re harmonieux, s'int\u00e9grant parfaitement dans les int\u00e9rieurs modernes et \u00e9l\u00e9gants. La palette de couleurs sophistiqu\u00e9e de la collection NUVOLA vous permet de cr\u00e9er un arrangement qui respire la subtilit\u00e9 et le style intemporel.","og_url":"https:\/\/alloraliving.com\/fr\/ensemble-nuvola-canape-3-places-pouf\/","og_site_name":"AlloraLiving.com","article_modified_time":"2025-02-11T07:42:48+00:00","og_image":[{"width":1600,"height":1200,"url":"https:\/\/alloraliving.com\/wp-content\/uploads\/1-zestaw-sofa-3-osobowa-z-pufa-nuvola-sand-cream.jpg","type":"image\/jpeg"}],"twitter_card":"summary_large_image","twitter_misc":{"Disponibilit\u00e9":"En stock"},"schema":{"@context":"https:\/\/schema.org","@graph":[{"@type":["WebPage","ItemPage"],"@id":"https:\/\/alloraliving.com\/fr\/ensemble-nuvola-canape-3-places-pouf\/","url":"https:\/\/alloraliving.com\/fr\/ensemble-nuvola-canape-3-places-pouf\/","name":"Ensemble Nuvola canap\u00e9 3 places + pouf - AlloraLiving.com","isPartOf":{"@id":"https:\/\/alloraliving.com\/fr\/#website"},"primaryImageOfPage":{"@id":"https:\/\/alloraliving.com\/fr\/ensemble-nuvola-canape-3-places-pouf\/#primaryimage"},"image":{"@id":"https:\/\/alloraliving.com\/fr\/ensemble-nuvola-canape-3-places-pouf\/#primaryimage"},"thumbnailUrl":"https:\/\/alloraliving.com\/wp-content\/uploads\/1-zestaw-sofa-3-osobowa-z-pufa-nuvola-sand-cream.jpg","datePublished":"2024-12-18T10:27:32+00:00","dateModified":"2025-02-11T07:42:48+00:00","breadcrumb":{"@id":"https:\/\/alloraliving.com\/fr\/ensemble-nuvola-canape-3-places-pouf\/#breadcrumb"},"inLanguage":"fr-FR","potentialAction":[{"@type":"ReadAction","target":["https:\/\/alloraliving.com\/fr\/ensemble-nuvola-canape-3-places-pouf\/"]}]},{"@type":"ImageObject","inLanguage":"fr-FR","@id":"https:\/\/alloraliving.com\/fr\/ensemble-nuvola-canape-3-places-pouf\/#primaryimage","url":"https:\/\/alloraliving.com\/wp-content\/uploads\/1-zestaw-sofa-3-osobowa-z-pufa-nuvola-sand-cream.jpg","contentUrl":"https:\/\/alloraliving.com\/wp-content\/uploads\/1-zestaw-sofa-3-osobowa-z-pufa-nuvola-sand-cream.jpg","width":1600,"height":1200},{"@type":"BreadcrumbList","@id":"https:\/\/alloraliving.com\/fr\/ensemble-nuvola-canape-3-places-pouf\/#breadcrumb","itemListElement":[{"@type":"ListItem","position":1,"name":"Strona g\u0142\u00f3wna","item":"https:\/\/alloraliving.com\/fr\/"},{"@type":"ListItem","position":2,"name":"Boutique","item":"https:\/\/alloraliving.com\/fr\/?page_id=6496"},{"@type":"ListItem","position":3,"name":"Ensemble Nuvola canap\u00e9 3 places + pouf"}]},{"@type":"WebSite","@id":"https:\/\/alloraliving.com\/fr\/#website","url":"https:\/\/alloraliving.com\/fr\/","name":"AlloraLiving.com","description":"","potentialAction":[{"@type":"SearchAction","target":{"@type":"EntryPoint","urlTemplate":"https:\/\/alloraliving.com\/fr\/?s={search_term_string}"},"query-input":{"@type":"PropertyValueSpecification","valueRequired":true,"valueName":"search_term_string"}}],"inLanguage":"fr-FR"}]},"og_availability":"instock","product_availability":"instock","product_condition":"new"},"_links":{"self":[{"href":"https:\/\/alloraliving.com\/fr\/wp-json\/wp\/v2\/product\/7560","targetHints":{"allow":["GET"]}}],"collection":[{"href":"https:\/\/alloraliving.com\/fr\/wp-json\/wp\/v2\/product"}],"about":[{"href":"https:\/\/alloraliving.com\/fr\/wp-json\/wp\/v2\/types\/product"}],"wp:featuredmedia":[{"embeddable":true,"href":"https:\/\/alloraliving.com\/fr\/wp-json\/wp\/v2\/media\/7562"}],"wp:attachment":[{"href":"https:\/\/alloraliving.com\/fr\/wp-json\/wp\/v2\/media?parent=7560"}],"wp:term":[{"taxonomy":"product_brand","embeddable":true,"href":"https:\/\/alloraliving.com\/fr\/wp-json\/wp\/v2\/product_brand?post=7560"},{"taxonomy":"product_cat","embeddable":true,"href":"https:\/\/alloraliving.com\/fr\/wp-json\/wp\/v2\/product_cat?post=7560"},{"taxonomy":"product_tag","embeddable":true,"href":"https:\/\/alloraliving.com\/fr\/wp-json\/wp\/v2\/product_tag?post=7560"}],"curies":[{"name":"wp","href":"https:\/\/api.w.org\/{rel}","templated":true}]}}