{"id":7561,"date":"2024-07-04T09:31:54","date_gmt":"2024-07-04T07:31:54","guid":{"rendered":"https:\/\/alloraliving.com\/element-simple-nuvola\/"},"modified":"2025-02-11T08:42:48","modified_gmt":"2025-02-11T07:42:48","slug":"element-simple-nuvola","status":"publish","type":"product","link":"https:\/\/alloraliving.com\/fr\/element-simple-nuvola\/","title":{"rendered":"\u00c9l\u00e9ment simple Nuvola"},"content":{"rendered":"","protected":false},"excerpt":{"rendered":"<p>L&rsquo;\u00e9l\u00e9ment droit NUVOLA est un module universel qui s&rsquo;int\u00e8gre parfaitement dans n&rsquo;importe quelle disposition de mobilier. Sa forme simple mais douce fait r\u00e9f\u00e9rence \u00e0 l&rsquo;inspiration des nuages, offrant confort et \u00e9l\u00e9gance dans n&rsquo;importe quel int\u00e9rieur. Ce module est disponible dans des nuances subtiles de Sand Cream ou de Glacier Grey, qui soulignent son caract\u00e8re intemporel. Cependant, nous vous encourageons \u00e0 d\u00e9couvrir \u00e9galement des couleurs plus expressives.   <\/p>\n<p>Vous pourrez facilement le combiner avec d&rsquo;autres modules, et si vous r\u00eavez d&rsquo;un ensemble plus grand &#8211; avec l&rsquo;ajout d&rsquo;un pouf ou d&rsquo;un canap\u00e9 &#8211; vous cr\u00e9erez un espace de d\u00e9tente complet et personnalis\u00e9.<\/p>\n","protected":false},"featured_media":7565,"template":"","meta":[],"product_brand":[],"product_cat":[946,947,936],"product_tag":[],"class_list":{"0":"post-7561","1":"product","2":"type-product","3":"status-publish","4":"has-post-thumbnail","6":"product_cat-canapes","7":"product_cat-canapes-modulaires","8":"product_cat-collection-nuvola","9":"product_shipping_class-livraison-gratuite","11":"first","12":"instock","13":"taxable","14":"shipping-taxable","15":"purchasable","16":"product-type-variable","17":"has-default-attributes","18":"wvs-archive-product-wrapper"},"yoast_head":"<!-- This site is optimized with the Yoast SEO Premium plugin v26.8 (Yoast SEO v26.8) - https:\/\/yoast.com\/product\/yoast-seo-premium-wordpress\/ -->\n<title>\u00c9l\u00e9ment simple Nuvola - AlloraLiving.com<\/title>\n<meta name=\"robots\" content=\"index, follow, max-snippet:-1, max-image-preview:large, max-video-preview:-1\" \/>\n<link rel=\"canonical\" href=\"https:\/\/alloraliving.com\/fr\/element-simple-nuvola\/\" \/>\n<meta property=\"og:locale\" content=\"fr_FR\" \/>\n<meta property=\"og:type\" content=\"article\" \/>\n<meta property=\"og:title\" content=\"\u00c9l\u00e9ment simple Nuvola\" \/>\n<meta property=\"og:description\" content=\"L&#039;\u00e9l\u00e9ment droit NUVOLA est un module universel qui s&#039;int\u00e8gre parfaitement dans n&#039;importe quelle disposition de mobilier. Sa forme simple mais douce fait r\u00e9f\u00e9rence \u00e0 l&#039;inspiration des nuages, offrant confort et \u00e9l\u00e9gance dans n&#039;importe quel int\u00e9rieur. Ce module est disponible dans des nuances subtiles de Sand Cream ou de Glacier Grey, qui soulignent son caract\u00e8re intemporel. Cependant, nous vous encourageons \u00e0 d\u00e9couvrir \u00e9galement des couleurs plus expressives.   Vous pourrez facilement le combiner avec d&#039;autres modules, et si vous r\u00eavez d&#039;un ensemble plus grand - avec l&#039;ajout d&#039;un pouf ou d&#039;un canap\u00e9 - vous cr\u00e9erez un espace de d\u00e9tente complet et personnalis\u00e9.\" \/>\n<meta property=\"og:url\" content=\"https:\/\/alloraliving.com\/fr\/element-simple-nuvola\/\" \/>\n<meta property=\"og:site_name\" content=\"AlloraLiving.com\" \/>\n<meta property=\"article:modified_time\" content=\"2025-02-11T07:42:48+00:00\" \/>\n<meta property=\"og:image\" content=\"https:\/\/alloraliving.com\/wp-content\/uploads\/1-element-prosty-sofy-modulowej-nuvola-sand-cream.jpg\" \/>\n\t<meta property=\"og:image:width\" content=\"1600\" \/>\n\t<meta property=\"og:image:height\" content=\"1200\" \/>\n\t<meta property=\"og:image:type\" content=\"image\/jpeg\" \/>\n<meta name=\"twitter:card\" content=\"summary_large_image\" \/>\n<meta name=\"twitter:label1\" content=\"Disponibilit\u00e9\" \/>\n\t<meta name=\"twitter:data1\" content=\"En stock\" \/>\n<script type=\"application\/ld+json\" class=\"yoast-schema-graph\">{\"@context\":\"https:\/\/schema.org\",\"@graph\":[{\"@type\":[\"WebPage\",\"ItemPage\"],\"@id\":\"https:\/\/alloraliving.com\/fr\/element-simple-nuvola\/\",\"url\":\"https:\/\/alloraliving.com\/fr\/element-simple-nuvola\/\",\"name\":\"\u00c9l\u00e9ment simple Nuvola - AlloraLiving.com\",\"isPartOf\":{\"@id\":\"https:\/\/alloraliving.com\/fr\/#website\"},\"primaryImageOfPage\":{\"@id\":\"https:\/\/alloraliving.com\/fr\/element-simple-nuvola\/#primaryimage\"},\"image\":{\"@id\":\"https:\/\/alloraliving.com\/fr\/element-simple-nuvola\/#primaryimage\"},\"thumbnailUrl\":\"https:\/\/alloraliving.com\/wp-content\/uploads\/1-element-prosty-sofy-modulowej-nuvola-sand-cream.jpg\",\"datePublished\":\"2024-07-04T07:31:54+00:00\",\"dateModified\":\"2025-02-11T07:42:48+00:00\",\"breadcrumb\":{\"@id\":\"https:\/\/alloraliving.com\/fr\/element-simple-nuvola\/#breadcrumb\"},\"inLanguage\":\"fr-FR\",\"potentialAction\":[{\"@type\":\"ReadAction\",\"target\":[\"https:\/\/alloraliving.com\/fr\/element-simple-nuvola\/\"]}]},{\"@type\":\"ImageObject\",\"inLanguage\":\"fr-FR\",\"@id\":\"https:\/\/alloraliving.com\/fr\/element-simple-nuvola\/#primaryimage\",\"url\":\"https:\/\/alloraliving.com\/wp-content\/uploads\/1-element-prosty-sofy-modulowej-nuvola-sand-cream.jpg\",\"contentUrl\":\"https:\/\/alloraliving.com\/wp-content\/uploads\/1-element-prosty-sofy-modulowej-nuvola-sand-cream.jpg\",\"width\":1600,\"height\":1200},{\"@type\":\"BreadcrumbList\",\"@id\":\"https:\/\/alloraliving.com\/fr\/element-simple-nuvola\/#breadcrumb\",\"itemListElement\":[{\"@type\":\"ListItem\",\"position\":1,\"name\":\"Strona g\u0142\u00f3wna\",\"item\":\"https:\/\/alloraliving.com\/fr\/\"},{\"@type\":\"ListItem\",\"position\":2,\"name\":\"Boutique\",\"item\":\"https:\/\/alloraliving.com\/fr\/?page_id=6496\"},{\"@type\":\"ListItem\",\"position\":3,\"name\":\"\u00c9l\u00e9ment simple Nuvola\"}]},{\"@type\":\"WebSite\",\"@id\":\"https:\/\/alloraliving.com\/fr\/#website\",\"url\":\"https:\/\/alloraliving.com\/fr\/\",\"name\":\"AlloraLiving.com\",\"description\":\"\",\"potentialAction\":[{\"@type\":\"SearchAction\",\"target\":{\"@type\":\"EntryPoint\",\"urlTemplate\":\"https:\/\/alloraliving.com\/fr\/?s={search_term_string}\"},\"query-input\":{\"@type\":\"PropertyValueSpecification\",\"valueRequired\":true,\"valueName\":\"search_term_string\"}}],\"inLanguage\":\"fr-FR\"}]}<\/script>\n<meta property=\"og:availability\" content=\"instock\" \/>\n<meta property=\"product:availability\" content=\"instock\" \/>\n<meta property=\"product:condition\" content=\"new\" \/>\n<!-- \/ Yoast SEO Premium plugin. -->","yoast_head_json":{"title":"\u00c9l\u00e9ment simple Nuvola - AlloraLiving.com","robots":{"index":"index","follow":"follow","max-snippet":"max-snippet:-1","max-image-preview":"max-image-preview:large","max-video-preview":"max-video-preview:-1"},"canonical":"https:\/\/alloraliving.com\/fr\/element-simple-nuvola\/","og_locale":"fr_FR","og_type":"article","og_title":"\u00c9l\u00e9ment simple Nuvola","og_description":"L'\u00e9l\u00e9ment droit NUVOLA est un module universel qui s'int\u00e8gre parfaitement dans n'importe quelle disposition de mobilier. Sa forme simple mais douce fait r\u00e9f\u00e9rence \u00e0 l'inspiration des nuages, offrant confort et \u00e9l\u00e9gance dans n'importe quel int\u00e9rieur. Ce module est disponible dans des nuances subtiles de Sand Cream ou de Glacier Grey, qui soulignent son caract\u00e8re intemporel. Cependant, nous vous encourageons \u00e0 d\u00e9couvrir \u00e9galement des couleurs plus expressives.   Vous pourrez facilement le combiner avec d'autres modules, et si vous r\u00eavez d'un ensemble plus grand - avec l'ajout d'un pouf ou d'un canap\u00e9 - vous cr\u00e9erez un espace de d\u00e9tente complet et personnalis\u00e9.","og_url":"https:\/\/alloraliving.com\/fr\/element-simple-nuvola\/","og_site_name":"AlloraLiving.com","article_modified_time":"2025-02-11T07:42:48+00:00","og_image":[{"width":1600,"height":1200,"url":"https:\/\/alloraliving.com\/wp-content\/uploads\/1-element-prosty-sofy-modulowej-nuvola-sand-cream.jpg","type":"image\/jpeg"}],"twitter_card":"summary_large_image","twitter_misc":{"Disponibilit\u00e9":"En stock"},"schema":{"@context":"https:\/\/schema.org","@graph":[{"@type":["WebPage","ItemPage"],"@id":"https:\/\/alloraliving.com\/fr\/element-simple-nuvola\/","url":"https:\/\/alloraliving.com\/fr\/element-simple-nuvola\/","name":"\u00c9l\u00e9ment simple Nuvola - AlloraLiving.com","isPartOf":{"@id":"https:\/\/alloraliving.com\/fr\/#website"},"primaryImageOfPage":{"@id":"https:\/\/alloraliving.com\/fr\/element-simple-nuvola\/#primaryimage"},"image":{"@id":"https:\/\/alloraliving.com\/fr\/element-simple-nuvola\/#primaryimage"},"thumbnailUrl":"https:\/\/alloraliving.com\/wp-content\/uploads\/1-element-prosty-sofy-modulowej-nuvola-sand-cream.jpg","datePublished":"2024-07-04T07:31:54+00:00","dateModified":"2025-02-11T07:42:48+00:00","breadcrumb":{"@id":"https:\/\/alloraliving.com\/fr\/element-simple-nuvola\/#breadcrumb"},"inLanguage":"fr-FR","potentialAction":[{"@type":"ReadAction","target":["https:\/\/alloraliving.com\/fr\/element-simple-nuvola\/"]}]},{"@type":"ImageObject","inLanguage":"fr-FR","@id":"https:\/\/alloraliving.com\/fr\/element-simple-nuvola\/#primaryimage","url":"https:\/\/alloraliving.com\/wp-content\/uploads\/1-element-prosty-sofy-modulowej-nuvola-sand-cream.jpg","contentUrl":"https:\/\/alloraliving.com\/wp-content\/uploads\/1-element-prosty-sofy-modulowej-nuvola-sand-cream.jpg","width":1600,"height":1200},{"@type":"BreadcrumbList","@id":"https:\/\/alloraliving.com\/fr\/element-simple-nuvola\/#breadcrumb","itemListElement":[{"@type":"ListItem","position":1,"name":"Strona g\u0142\u00f3wna","item":"https:\/\/alloraliving.com\/fr\/"},{"@type":"ListItem","position":2,"name":"Boutique","item":"https:\/\/alloraliving.com\/fr\/?page_id=6496"},{"@type":"ListItem","position":3,"name":"\u00c9l\u00e9ment simple Nuvola"}]},{"@type":"WebSite","@id":"https:\/\/alloraliving.com\/fr\/#website","url":"https:\/\/alloraliving.com\/fr\/","name":"AlloraLiving.com","description":"","potentialAction":[{"@type":"SearchAction","target":{"@type":"EntryPoint","urlTemplate":"https:\/\/alloraliving.com\/fr\/?s={search_term_string}"},"query-input":{"@type":"PropertyValueSpecification","valueRequired":true,"valueName":"search_term_string"}}],"inLanguage":"fr-FR"}]},"og_availability":"instock","product_availability":"instock","product_condition":"new"},"_links":{"self":[{"href":"https:\/\/alloraliving.com\/fr\/wp-json\/wp\/v2\/product\/7561","targetHints":{"allow":["GET"]}}],"collection":[{"href":"https:\/\/alloraliving.com\/fr\/wp-json\/wp\/v2\/product"}],"about":[{"href":"https:\/\/alloraliving.com\/fr\/wp-json\/wp\/v2\/types\/product"}],"wp:featuredmedia":[{"embeddable":true,"href":"https:\/\/alloraliving.com\/fr\/wp-json\/wp\/v2\/media\/7565"}],"wp:attachment":[{"href":"https:\/\/alloraliving.com\/fr\/wp-json\/wp\/v2\/media?parent=7561"}],"wp:term":[{"taxonomy":"product_brand","embeddable":true,"href":"https:\/\/alloraliving.com\/fr\/wp-json\/wp\/v2\/product_brand?post=7561"},{"taxonomy":"product_cat","embeddable":true,"href":"https:\/\/alloraliving.com\/fr\/wp-json\/wp\/v2\/product_cat?post=7561"},{"taxonomy":"product_tag","embeddable":true,"href":"https:\/\/alloraliving.com\/fr\/wp-json\/wp\/v2\/product_tag?post=7561"}],"curies":[{"name":"wp","href":"https:\/\/api.w.org\/{rel}","templated":true}]}}