{"id":7610,"date":"2024-12-18T11:16:49","date_gmt":"2024-12-18T10:16:49","guid":{"rendered":"https:\/\/alloraliving.com\/ensemble-nuvola-canape-2-places-pouf\/"},"modified":"2025-02-11T08:42:51","modified_gmt":"2025-02-11T07:42:51","slug":"ensemble-nuvola-canape-2-places-pouf","status":"publish","type":"product","link":"https:\/\/alloraliving.com\/fr\/ensemble-nuvola-canape-2-places-pouf\/","title":{"rendered":"Ensemble Nuvola canap\u00e9 2 places + pouf"},"content":{"rendered":"","protected":false},"excerpt":{"rendered":"<p>L&rsquo;ensemble canap\u00e9 deux places et pouf NUVOLA est l&rsquo;essence du confort dans une forme compacte et \u00e9l\u00e9gante. Le canap\u00e9 aux lignes douces et arrondies inspir\u00e9es des nuages \u200b\u200bapporte subtilit\u00e9 et convivialit\u00e9, et le pouf est un ajout pratique \u2013 id\u00e9al comme repose-pieds ou si\u00e8ge suppl\u00e9mentaire. Ce duo cr\u00e9e un espace harmonieux de d\u00e9tente, id\u00e9al pour les petits int\u00e9rieurs ou les espaces de d\u00e9tente.  <\/p>\n<p>La collection NUVOLA se distingue par son rev\u00eatement luxueux en velours, disponible en six coloris soigneusement s\u00e9lectionn\u00e9s. L&rsquo;ensemble dans une teinte uniforme souligne la coh\u00e9rence de l&rsquo;esth\u00e9tique et s&rsquo;int\u00e8gre parfaitement dans des compositions \u00e9l\u00e9gantes et modernes. <\/p>\n","protected":false},"featured_media":7613,"template":"","meta":[],"product_brand":[],"product_cat":[946,947,936],"product_tag":[],"class_list":{"0":"post-7610","1":"product","2":"type-product","3":"status-publish","4":"has-post-thumbnail","6":"product_cat-canapes","7":"product_cat-canapes-modulaires","8":"product_cat-collection-nuvola","9":"product_shipping_class-livraison-gratuite","11":"first","12":"instock","13":"taxable","14":"shipping-taxable","15":"purchasable","16":"product-type-variable","17":"has-default-attributes","18":"wvs-archive-product-wrapper"},"yoast_head":"<!-- This site is optimized with the Yoast SEO Premium plugin v26.8 (Yoast SEO v26.8) - https:\/\/yoast.com\/product\/yoast-seo-premium-wordpress\/ -->\n<title>Ensemble Nuvola canap\u00e9 2 places + pouf - AlloraLiving.com<\/title>\n<meta name=\"robots\" content=\"index, follow, max-snippet:-1, max-image-preview:large, max-video-preview:-1\" \/>\n<link rel=\"canonical\" href=\"https:\/\/alloraliving.com\/fr\/ensemble-nuvola-canape-2-places-pouf\/\" \/>\n<meta property=\"og:locale\" content=\"fr_FR\" \/>\n<meta property=\"og:type\" content=\"article\" \/>\n<meta property=\"og:title\" content=\"Ensemble Nuvola canap\u00e9 2 places + pouf\" \/>\n<meta property=\"og:description\" content=\"L&#039;ensemble canap\u00e9 deux places et pouf NUVOLA est l&#039;essence du confort dans une forme compacte et \u00e9l\u00e9gante. Le canap\u00e9 aux lignes douces et arrondies inspir\u00e9es des nuages \u200b\u200bapporte subtilit\u00e9 et convivialit\u00e9, et le pouf est un ajout pratique \u2013 id\u00e9al comme repose-pieds ou si\u00e8ge suppl\u00e9mentaire. Ce duo cr\u00e9e un espace harmonieux de d\u00e9tente, id\u00e9al pour les petits int\u00e9rieurs ou les espaces de d\u00e9tente.  La collection NUVOLA se distingue par son rev\u00eatement luxueux en velours, disponible en six coloris soigneusement s\u00e9lectionn\u00e9s. L&#039;ensemble dans une teinte uniforme souligne la coh\u00e9rence de l&#039;esth\u00e9tique et s&#039;int\u00e8gre parfaitement dans des compositions \u00e9l\u00e9gantes et modernes.\" \/>\n<meta property=\"og:url\" content=\"https:\/\/alloraliving.com\/fr\/ensemble-nuvola-canape-2-places-pouf\/\" \/>\n<meta property=\"og:site_name\" content=\"AlloraLiving.com\" \/>\n<meta property=\"article:modified_time\" content=\"2025-02-11T07:42:51+00:00\" \/>\n<meta property=\"og:image\" content=\"https:\/\/alloraliving.com\/wp-content\/uploads\/1-zestaw-sofa-2-osobowa-z-pufa-nuvola-sand-cream.jpg\" \/>\n\t<meta property=\"og:image:width\" content=\"1600\" \/>\n\t<meta property=\"og:image:height\" content=\"1200\" \/>\n\t<meta property=\"og:image:type\" content=\"image\/jpeg\" \/>\n<meta name=\"twitter:card\" content=\"summary_large_image\" \/>\n<meta name=\"twitter:label1\" content=\"Disponibilit\u00e9\" \/>\n\t<meta name=\"twitter:data1\" content=\"En stock\" \/>\n<script type=\"application\/ld+json\" class=\"yoast-schema-graph\">{\"@context\":\"https:\/\/schema.org\",\"@graph\":[{\"@type\":[\"WebPage\",\"ItemPage\"],\"@id\":\"https:\/\/alloraliving.com\/fr\/ensemble-nuvola-canape-2-places-pouf\/\",\"url\":\"https:\/\/alloraliving.com\/fr\/ensemble-nuvola-canape-2-places-pouf\/\",\"name\":\"Ensemble Nuvola canap\u00e9 2 places + pouf - AlloraLiving.com\",\"isPartOf\":{\"@id\":\"https:\/\/alloraliving.com\/fr\/#website\"},\"primaryImageOfPage\":{\"@id\":\"https:\/\/alloraliving.com\/fr\/ensemble-nuvola-canape-2-places-pouf\/#primaryimage\"},\"image\":{\"@id\":\"https:\/\/alloraliving.com\/fr\/ensemble-nuvola-canape-2-places-pouf\/#primaryimage\"},\"thumbnailUrl\":\"https:\/\/alloraliving.com\/wp-content\/uploads\/1-zestaw-sofa-2-osobowa-z-pufa-nuvola-sand-cream.jpg\",\"datePublished\":\"2024-12-18T10:16:49+00:00\",\"dateModified\":\"2025-02-11T07:42:51+00:00\",\"breadcrumb\":{\"@id\":\"https:\/\/alloraliving.com\/fr\/ensemble-nuvola-canape-2-places-pouf\/#breadcrumb\"},\"inLanguage\":\"fr-FR\",\"potentialAction\":[{\"@type\":\"ReadAction\",\"target\":[\"https:\/\/alloraliving.com\/fr\/ensemble-nuvola-canape-2-places-pouf\/\"]}]},{\"@type\":\"ImageObject\",\"inLanguage\":\"fr-FR\",\"@id\":\"https:\/\/alloraliving.com\/fr\/ensemble-nuvola-canape-2-places-pouf\/#primaryimage\",\"url\":\"https:\/\/alloraliving.com\/wp-content\/uploads\/1-zestaw-sofa-2-osobowa-z-pufa-nuvola-sand-cream.jpg\",\"contentUrl\":\"https:\/\/alloraliving.com\/wp-content\/uploads\/1-zestaw-sofa-2-osobowa-z-pufa-nuvola-sand-cream.jpg\",\"width\":1600,\"height\":1200},{\"@type\":\"BreadcrumbList\",\"@id\":\"https:\/\/alloraliving.com\/fr\/ensemble-nuvola-canape-2-places-pouf\/#breadcrumb\",\"itemListElement\":[{\"@type\":\"ListItem\",\"position\":1,\"name\":\"Strona g\u0142\u00f3wna\",\"item\":\"https:\/\/alloraliving.com\/fr\/\"},{\"@type\":\"ListItem\",\"position\":2,\"name\":\"Boutique\",\"item\":\"https:\/\/alloraliving.com\/fr\/?page_id=6496\"},{\"@type\":\"ListItem\",\"position\":3,\"name\":\"Ensemble Nuvola canap\u00e9 2 places + pouf\"}]},{\"@type\":\"WebSite\",\"@id\":\"https:\/\/alloraliving.com\/fr\/#website\",\"url\":\"https:\/\/alloraliving.com\/fr\/\",\"name\":\"AlloraLiving.com\",\"description\":\"\",\"potentialAction\":[{\"@type\":\"SearchAction\",\"target\":{\"@type\":\"EntryPoint\",\"urlTemplate\":\"https:\/\/alloraliving.com\/fr\/?s={search_term_string}\"},\"query-input\":{\"@type\":\"PropertyValueSpecification\",\"valueRequired\":true,\"valueName\":\"search_term_string\"}}],\"inLanguage\":\"fr-FR\"}]}<\/script>\n<meta property=\"og:availability\" content=\"instock\" \/>\n<meta property=\"product:availability\" content=\"instock\" \/>\n<meta property=\"product:condition\" content=\"new\" \/>\n<!-- \/ Yoast SEO Premium plugin. -->","yoast_head_json":{"title":"Ensemble Nuvola canap\u00e9 2 places + pouf - AlloraLiving.com","robots":{"index":"index","follow":"follow","max-snippet":"max-snippet:-1","max-image-preview":"max-image-preview:large","max-video-preview":"max-video-preview:-1"},"canonical":"https:\/\/alloraliving.com\/fr\/ensemble-nuvola-canape-2-places-pouf\/","og_locale":"fr_FR","og_type":"article","og_title":"Ensemble Nuvola canap\u00e9 2 places + pouf","og_description":"L'ensemble canap\u00e9 deux places et pouf NUVOLA est l'essence du confort dans une forme compacte et \u00e9l\u00e9gante. Le canap\u00e9 aux lignes douces et arrondies inspir\u00e9es des nuages \u200b\u200bapporte subtilit\u00e9 et convivialit\u00e9, et le pouf est un ajout pratique \u2013 id\u00e9al comme repose-pieds ou si\u00e8ge suppl\u00e9mentaire. Ce duo cr\u00e9e un espace harmonieux de d\u00e9tente, id\u00e9al pour les petits int\u00e9rieurs ou les espaces de d\u00e9tente.  La collection NUVOLA se distingue par son rev\u00eatement luxueux en velours, disponible en six coloris soigneusement s\u00e9lectionn\u00e9s. L'ensemble dans une teinte uniforme souligne la coh\u00e9rence de l'esth\u00e9tique et s'int\u00e8gre parfaitement dans des compositions \u00e9l\u00e9gantes et modernes.","og_url":"https:\/\/alloraliving.com\/fr\/ensemble-nuvola-canape-2-places-pouf\/","og_site_name":"AlloraLiving.com","article_modified_time":"2025-02-11T07:42:51+00:00","og_image":[{"width":1600,"height":1200,"url":"https:\/\/alloraliving.com\/wp-content\/uploads\/1-zestaw-sofa-2-osobowa-z-pufa-nuvola-sand-cream.jpg","type":"image\/jpeg"}],"twitter_card":"summary_large_image","twitter_misc":{"Disponibilit\u00e9":"En stock"},"schema":{"@context":"https:\/\/schema.org","@graph":[{"@type":["WebPage","ItemPage"],"@id":"https:\/\/alloraliving.com\/fr\/ensemble-nuvola-canape-2-places-pouf\/","url":"https:\/\/alloraliving.com\/fr\/ensemble-nuvola-canape-2-places-pouf\/","name":"Ensemble Nuvola canap\u00e9 2 places + pouf - AlloraLiving.com","isPartOf":{"@id":"https:\/\/alloraliving.com\/fr\/#website"},"primaryImageOfPage":{"@id":"https:\/\/alloraliving.com\/fr\/ensemble-nuvola-canape-2-places-pouf\/#primaryimage"},"image":{"@id":"https:\/\/alloraliving.com\/fr\/ensemble-nuvola-canape-2-places-pouf\/#primaryimage"},"thumbnailUrl":"https:\/\/alloraliving.com\/wp-content\/uploads\/1-zestaw-sofa-2-osobowa-z-pufa-nuvola-sand-cream.jpg","datePublished":"2024-12-18T10:16:49+00:00","dateModified":"2025-02-11T07:42:51+00:00","breadcrumb":{"@id":"https:\/\/alloraliving.com\/fr\/ensemble-nuvola-canape-2-places-pouf\/#breadcrumb"},"inLanguage":"fr-FR","potentialAction":[{"@type":"ReadAction","target":["https:\/\/alloraliving.com\/fr\/ensemble-nuvola-canape-2-places-pouf\/"]}]},{"@type":"ImageObject","inLanguage":"fr-FR","@id":"https:\/\/alloraliving.com\/fr\/ensemble-nuvola-canape-2-places-pouf\/#primaryimage","url":"https:\/\/alloraliving.com\/wp-content\/uploads\/1-zestaw-sofa-2-osobowa-z-pufa-nuvola-sand-cream.jpg","contentUrl":"https:\/\/alloraliving.com\/wp-content\/uploads\/1-zestaw-sofa-2-osobowa-z-pufa-nuvola-sand-cream.jpg","width":1600,"height":1200},{"@type":"BreadcrumbList","@id":"https:\/\/alloraliving.com\/fr\/ensemble-nuvola-canape-2-places-pouf\/#breadcrumb","itemListElement":[{"@type":"ListItem","position":1,"name":"Strona g\u0142\u00f3wna","item":"https:\/\/alloraliving.com\/fr\/"},{"@type":"ListItem","position":2,"name":"Boutique","item":"https:\/\/alloraliving.com\/fr\/?page_id=6496"},{"@type":"ListItem","position":3,"name":"Ensemble Nuvola canap\u00e9 2 places + pouf"}]},{"@type":"WebSite","@id":"https:\/\/alloraliving.com\/fr\/#website","url":"https:\/\/alloraliving.com\/fr\/","name":"AlloraLiving.com","description":"","potentialAction":[{"@type":"SearchAction","target":{"@type":"EntryPoint","urlTemplate":"https:\/\/alloraliving.com\/fr\/?s={search_term_string}"},"query-input":{"@type":"PropertyValueSpecification","valueRequired":true,"valueName":"search_term_string"}}],"inLanguage":"fr-FR"}]},"og_availability":"instock","product_availability":"instock","product_condition":"new"},"_links":{"self":[{"href":"https:\/\/alloraliving.com\/fr\/wp-json\/wp\/v2\/product\/7610","targetHints":{"allow":["GET"]}}],"collection":[{"href":"https:\/\/alloraliving.com\/fr\/wp-json\/wp\/v2\/product"}],"about":[{"href":"https:\/\/alloraliving.com\/fr\/wp-json\/wp\/v2\/types\/product"}],"wp:featuredmedia":[{"embeddable":true,"href":"https:\/\/alloraliving.com\/fr\/wp-json\/wp\/v2\/media\/7613"}],"wp:attachment":[{"href":"https:\/\/alloraliving.com\/fr\/wp-json\/wp\/v2\/media?parent=7610"}],"wp:term":[{"taxonomy":"product_brand","embeddable":true,"href":"https:\/\/alloraliving.com\/fr\/wp-json\/wp\/v2\/product_brand?post=7610"},{"taxonomy":"product_cat","embeddable":true,"href":"https:\/\/alloraliving.com\/fr\/wp-json\/wp\/v2\/product_cat?post=7610"},{"taxonomy":"product_tag","embeddable":true,"href":"https:\/\/alloraliving.com\/fr\/wp-json\/wp\/v2\/product_tag?post=7610"}],"curies":[{"name":"wp","href":"https:\/\/api.w.org\/{rel}","templated":true}]}}