{"id":7611,"date":"2024-07-04T08:04:31","date_gmt":"2024-07-04T06:04:31","guid":{"rendered":"https:\/\/alloraliving.com\/element-droit-nuvola\/"},"modified":"2025-02-11T08:42:51","modified_gmt":"2025-02-11T07:42:51","slug":"element-droit-nuvola","status":"publish","type":"product","link":"https:\/\/alloraliving.com\/fr\/element-droit-nuvola\/","title":{"rendered":"\u00c9l\u00e9ment droit Nuvola"},"content":{"rendered":"","protected":false},"excerpt":{"rendered":"<p>L&rsquo;\u00e9l\u00e9ment droit NUVOLA offre le m\u00eame confort \u00e9l\u00e9gant et la m\u00eame l\u00e9g\u00e8ret\u00e9 de forme que son homologue gauche. Les courbes subtiles du dossier et de l&rsquo;accoudoir font que le meuble ressemble \u00e0 des nuages \u200b\u200badjacents. Disponible \u00e9galement dans des coloris plus audacieux comme l&rsquo;Orange Cannelle ou le Vert \u00c9meraude, il apportera une \u00e9nergie et une chaleur uniques \u00e0 votre int\u00e9rieur.  <\/p>\n<p>Configurez votre ensemble en combinant cet \u00e9l\u00e9ment avec d&rsquo;autres modules &#8211; cr\u00e9ez un espace \u00e0 la fois fonctionnel et esth\u00e9tique.<\/p>\n","protected":false},"featured_media":7615,"template":"","meta":[],"product_brand":[],"product_cat":[946,947,936],"product_tag":[],"class_list":{"0":"post-7611","1":"product","2":"type-product","3":"status-publish","4":"has-post-thumbnail","6":"product_cat-canapes","7":"product_cat-canapes-modulaires","8":"product_cat-collection-nuvola","9":"product_shipping_class-livraison-gratuite","11":"first","12":"instock","13":"taxable","14":"shipping-taxable","15":"purchasable","16":"product-type-variable","17":"has-default-attributes","18":"wvs-archive-product-wrapper"},"yoast_head":"<!-- This site is optimized with the Yoast SEO Premium plugin v26.8 (Yoast SEO v26.8) - https:\/\/yoast.com\/product\/yoast-seo-premium-wordpress\/ -->\n<title>\u00c9l\u00e9ment droit Nuvola - AlloraLiving.com<\/title>\n<meta name=\"robots\" content=\"index, follow, max-snippet:-1, max-image-preview:large, max-video-preview:-1\" \/>\n<link rel=\"canonical\" href=\"https:\/\/alloraliving.com\/fr\/element-droit-nuvola\/\" \/>\n<meta property=\"og:locale\" content=\"fr_FR\" \/>\n<meta property=\"og:type\" content=\"article\" \/>\n<meta property=\"og:title\" content=\"\u00c9l\u00e9ment droit Nuvola\" \/>\n<meta property=\"og:description\" content=\"L&#039;\u00e9l\u00e9ment droit NUVOLA offre le m\u00eame confort \u00e9l\u00e9gant et la m\u00eame l\u00e9g\u00e8ret\u00e9 de forme que son homologue gauche. Les courbes subtiles du dossier et de l&#039;accoudoir font que le meuble ressemble \u00e0 des nuages \u200b\u200badjacents. Disponible \u00e9galement dans des coloris plus audacieux comme l&#039;Orange Cannelle ou le Vert \u00c9meraude, il apportera une \u00e9nergie et une chaleur uniques \u00e0 votre int\u00e9rieur.  Configurez votre ensemble en combinant cet \u00e9l\u00e9ment avec d&#039;autres modules - cr\u00e9ez un espace \u00e0 la fois fonctionnel et esth\u00e9tique.\" \/>\n<meta property=\"og:url\" content=\"https:\/\/alloraliving.com\/fr\/element-droit-nuvola\/\" \/>\n<meta property=\"og:site_name\" content=\"AlloraLiving.com\" \/>\n<meta property=\"article:modified_time\" content=\"2025-02-11T07:42:51+00:00\" \/>\n<meta property=\"og:image\" content=\"https:\/\/alloraliving.com\/wp-content\/uploads\/1-element-prawy-sofy-modulowej-nuvola-sand-cream.jpg\" \/>\n\t<meta property=\"og:image:width\" content=\"1600\" \/>\n\t<meta property=\"og:image:height\" content=\"1200\" \/>\n\t<meta property=\"og:image:type\" content=\"image\/jpeg\" \/>\n<meta name=\"twitter:card\" content=\"summary_large_image\" \/>\n<meta name=\"twitter:label1\" content=\"Disponibilit\u00e9\" \/>\n\t<meta name=\"twitter:data1\" content=\"En stock\" \/>\n<script type=\"application\/ld+json\" class=\"yoast-schema-graph\">{\"@context\":\"https:\/\/schema.org\",\"@graph\":[{\"@type\":[\"WebPage\",\"ItemPage\"],\"@id\":\"https:\/\/alloraliving.com\/fr\/element-droit-nuvola\/\",\"url\":\"https:\/\/alloraliving.com\/fr\/element-droit-nuvola\/\",\"name\":\"\u00c9l\u00e9ment droit Nuvola - AlloraLiving.com\",\"isPartOf\":{\"@id\":\"https:\/\/alloraliving.com\/fr\/#website\"},\"primaryImageOfPage\":{\"@id\":\"https:\/\/alloraliving.com\/fr\/element-droit-nuvola\/#primaryimage\"},\"image\":{\"@id\":\"https:\/\/alloraliving.com\/fr\/element-droit-nuvola\/#primaryimage\"},\"thumbnailUrl\":\"https:\/\/alloraliving.com\/wp-content\/uploads\/1-element-prawy-sofy-modulowej-nuvola-sand-cream.jpg\",\"datePublished\":\"2024-07-04T06:04:31+00:00\",\"dateModified\":\"2025-02-11T07:42:51+00:00\",\"breadcrumb\":{\"@id\":\"https:\/\/alloraliving.com\/fr\/element-droit-nuvola\/#breadcrumb\"},\"inLanguage\":\"fr-FR\",\"potentialAction\":[{\"@type\":\"ReadAction\",\"target\":[\"https:\/\/alloraliving.com\/fr\/element-droit-nuvola\/\"]}]},{\"@type\":\"ImageObject\",\"inLanguage\":\"fr-FR\",\"@id\":\"https:\/\/alloraliving.com\/fr\/element-droit-nuvola\/#primaryimage\",\"url\":\"https:\/\/alloraliving.com\/wp-content\/uploads\/1-element-prawy-sofy-modulowej-nuvola-sand-cream.jpg\",\"contentUrl\":\"https:\/\/alloraliving.com\/wp-content\/uploads\/1-element-prawy-sofy-modulowej-nuvola-sand-cream.jpg\",\"width\":1600,\"height\":1200},{\"@type\":\"BreadcrumbList\",\"@id\":\"https:\/\/alloraliving.com\/fr\/element-droit-nuvola\/#breadcrumb\",\"itemListElement\":[{\"@type\":\"ListItem\",\"position\":1,\"name\":\"Strona g\u0142\u00f3wna\",\"item\":\"https:\/\/alloraliving.com\/fr\/\"},{\"@type\":\"ListItem\",\"position\":2,\"name\":\"Boutique\",\"item\":\"https:\/\/alloraliving.com\/fr\/?page_id=6496\"},{\"@type\":\"ListItem\",\"position\":3,\"name\":\"\u00c9l\u00e9ment droit Nuvola\"}]},{\"@type\":\"WebSite\",\"@id\":\"https:\/\/alloraliving.com\/fr\/#website\",\"url\":\"https:\/\/alloraliving.com\/fr\/\",\"name\":\"AlloraLiving.com\",\"description\":\"\",\"potentialAction\":[{\"@type\":\"SearchAction\",\"target\":{\"@type\":\"EntryPoint\",\"urlTemplate\":\"https:\/\/alloraliving.com\/fr\/?s={search_term_string}\"},\"query-input\":{\"@type\":\"PropertyValueSpecification\",\"valueRequired\":true,\"valueName\":\"search_term_string\"}}],\"inLanguage\":\"fr-FR\"}]}<\/script>\n<meta property=\"og:availability\" content=\"instock\" \/>\n<meta property=\"product:availability\" content=\"instock\" \/>\n<meta property=\"product:condition\" content=\"new\" \/>\n<!-- \/ Yoast SEO Premium plugin. -->","yoast_head_json":{"title":"\u00c9l\u00e9ment droit Nuvola - AlloraLiving.com","robots":{"index":"index","follow":"follow","max-snippet":"max-snippet:-1","max-image-preview":"max-image-preview:large","max-video-preview":"max-video-preview:-1"},"canonical":"https:\/\/alloraliving.com\/fr\/element-droit-nuvola\/","og_locale":"fr_FR","og_type":"article","og_title":"\u00c9l\u00e9ment droit Nuvola","og_description":"L'\u00e9l\u00e9ment droit NUVOLA offre le m\u00eame confort \u00e9l\u00e9gant et la m\u00eame l\u00e9g\u00e8ret\u00e9 de forme que son homologue gauche. Les courbes subtiles du dossier et de l'accoudoir font que le meuble ressemble \u00e0 des nuages \u200b\u200badjacents. Disponible \u00e9galement dans des coloris plus audacieux comme l'Orange Cannelle ou le Vert \u00c9meraude, il apportera une \u00e9nergie et une chaleur uniques \u00e0 votre int\u00e9rieur.  Configurez votre ensemble en combinant cet \u00e9l\u00e9ment avec d'autres modules - cr\u00e9ez un espace \u00e0 la fois fonctionnel et esth\u00e9tique.","og_url":"https:\/\/alloraliving.com\/fr\/element-droit-nuvola\/","og_site_name":"AlloraLiving.com","article_modified_time":"2025-02-11T07:42:51+00:00","og_image":[{"width":1600,"height":1200,"url":"https:\/\/alloraliving.com\/wp-content\/uploads\/1-element-prawy-sofy-modulowej-nuvola-sand-cream.jpg","type":"image\/jpeg"}],"twitter_card":"summary_large_image","twitter_misc":{"Disponibilit\u00e9":"En stock"},"schema":{"@context":"https:\/\/schema.org","@graph":[{"@type":["WebPage","ItemPage"],"@id":"https:\/\/alloraliving.com\/fr\/element-droit-nuvola\/","url":"https:\/\/alloraliving.com\/fr\/element-droit-nuvola\/","name":"\u00c9l\u00e9ment droit Nuvola - AlloraLiving.com","isPartOf":{"@id":"https:\/\/alloraliving.com\/fr\/#website"},"primaryImageOfPage":{"@id":"https:\/\/alloraliving.com\/fr\/element-droit-nuvola\/#primaryimage"},"image":{"@id":"https:\/\/alloraliving.com\/fr\/element-droit-nuvola\/#primaryimage"},"thumbnailUrl":"https:\/\/alloraliving.com\/wp-content\/uploads\/1-element-prawy-sofy-modulowej-nuvola-sand-cream.jpg","datePublished":"2024-07-04T06:04:31+00:00","dateModified":"2025-02-11T07:42:51+00:00","breadcrumb":{"@id":"https:\/\/alloraliving.com\/fr\/element-droit-nuvola\/#breadcrumb"},"inLanguage":"fr-FR","potentialAction":[{"@type":"ReadAction","target":["https:\/\/alloraliving.com\/fr\/element-droit-nuvola\/"]}]},{"@type":"ImageObject","inLanguage":"fr-FR","@id":"https:\/\/alloraliving.com\/fr\/element-droit-nuvola\/#primaryimage","url":"https:\/\/alloraliving.com\/wp-content\/uploads\/1-element-prawy-sofy-modulowej-nuvola-sand-cream.jpg","contentUrl":"https:\/\/alloraliving.com\/wp-content\/uploads\/1-element-prawy-sofy-modulowej-nuvola-sand-cream.jpg","width":1600,"height":1200},{"@type":"BreadcrumbList","@id":"https:\/\/alloraliving.com\/fr\/element-droit-nuvola\/#breadcrumb","itemListElement":[{"@type":"ListItem","position":1,"name":"Strona g\u0142\u00f3wna","item":"https:\/\/alloraliving.com\/fr\/"},{"@type":"ListItem","position":2,"name":"Boutique","item":"https:\/\/alloraliving.com\/fr\/?page_id=6496"},{"@type":"ListItem","position":3,"name":"\u00c9l\u00e9ment droit Nuvola"}]},{"@type":"WebSite","@id":"https:\/\/alloraliving.com\/fr\/#website","url":"https:\/\/alloraliving.com\/fr\/","name":"AlloraLiving.com","description":"","potentialAction":[{"@type":"SearchAction","target":{"@type":"EntryPoint","urlTemplate":"https:\/\/alloraliving.com\/fr\/?s={search_term_string}"},"query-input":{"@type":"PropertyValueSpecification","valueRequired":true,"valueName":"search_term_string"}}],"inLanguage":"fr-FR"}]},"og_availability":"instock","product_availability":"instock","product_condition":"new"},"_links":{"self":[{"href":"https:\/\/alloraliving.com\/fr\/wp-json\/wp\/v2\/product\/7611","targetHints":{"allow":["GET"]}}],"collection":[{"href":"https:\/\/alloraliving.com\/fr\/wp-json\/wp\/v2\/product"}],"about":[{"href":"https:\/\/alloraliving.com\/fr\/wp-json\/wp\/v2\/types\/product"}],"wp:featuredmedia":[{"embeddable":true,"href":"https:\/\/alloraliving.com\/fr\/wp-json\/wp\/v2\/media\/7615"}],"wp:attachment":[{"href":"https:\/\/alloraliving.com\/fr\/wp-json\/wp\/v2\/media?parent=7611"}],"wp:term":[{"taxonomy":"product_brand","embeddable":true,"href":"https:\/\/alloraliving.com\/fr\/wp-json\/wp\/v2\/product_brand?post=7611"},{"taxonomy":"product_cat","embeddable":true,"href":"https:\/\/alloraliving.com\/fr\/wp-json\/wp\/v2\/product_cat?post=7611"},{"taxonomy":"product_tag","embeddable":true,"href":"https:\/\/alloraliving.com\/fr\/wp-json\/wp\/v2\/product_tag?post=7611"}],"curies":[{"name":"wp","href":"https:\/\/api.w.org\/{rel}","templated":true}]}}