{"id":7612,"date":"2024-07-04T12:11:08","date_gmt":"2024-07-04T10:11:08","guid":{"rendered":"https:\/\/alloraliving.com\/canape-3-places-nuvola\/"},"modified":"2025-02-11T08:42:51","modified_gmt":"2025-02-11T07:42:51","slug":"canape-3-places-nuvola","status":"publish","type":"product","link":"https:\/\/alloraliving.com\/fr\/canape-3-places-nuvola\/","title":{"rendered":"Canap\u00e9 3 places Nuvola"},"content":{"rendered":"","protected":false},"excerpt":{"rendered":"<p>Le canap\u00e9 ouvert 3 places NUVOLA est un meuble qui allie \u00e9l\u00e9gance et espace, s&rsquo;int\u00e9grant parfaitement dans les int\u00e9rieurs modernes. Sa forme ouverte et ses lignes douces inspir\u00e9es des nuages \u200b\u200bajoutent une l\u00e9g\u00e8ret\u00e9 et une harmonie uniques \u00e0 l&rsquo;int\u00e9rieur. <\/p>\n<p>La conception modulaire de la collection NUVOLA permet de combiner librement ce meuble avec d&rsquo;autres \u00e9l\u00e9ments, ce qui offre aux architectes et aux designers d&rsquo;int\u00e9rieur un large \u00e9ventail de possibilit\u00e9s d&rsquo;agencement. Gr\u00e2ce \u00e0 cela, la collection NUVOLA s&rsquo;adapte facilement \u00e0 une vari\u00e9t\u00e9 de styles, en combinant des formes modernes avec des canap\u00e9s ou des poufs classiques. <\/p>\n","protected":false},"featured_media":7617,"template":"","meta":[],"product_brand":[],"product_cat":[946,947,936],"product_tag":[],"class_list":{"0":"post-7612","1":"product","2":"type-product","3":"status-publish","4":"has-post-thumbnail","6":"product_cat-canapes","7":"product_cat-canapes-modulaires","8":"product_cat-collection-nuvola","9":"product_shipping_class-livraison-gratuite","11":"first","12":"instock","13":"taxable","14":"shipping-taxable","15":"purchasable","16":"product-type-variable","17":"has-default-attributes","18":"wvs-archive-product-wrapper"},"yoast_head":"<!-- This site is optimized with the Yoast SEO Premium plugin v26.8 (Yoast SEO v26.8) - https:\/\/yoast.com\/product\/yoast-seo-premium-wordpress\/ -->\n<title>Canap\u00e9 3 places Nuvola - AlloraLiving.com<\/title>\n<meta name=\"robots\" content=\"index, follow, max-snippet:-1, max-image-preview:large, max-video-preview:-1\" \/>\n<link rel=\"canonical\" href=\"https:\/\/alloraliving.com\/fr\/canape-3-places-nuvola\/\" \/>\n<meta property=\"og:locale\" content=\"fr_FR\" \/>\n<meta property=\"og:type\" content=\"article\" \/>\n<meta property=\"og:title\" content=\"Canap\u00e9 3 places Nuvola\" \/>\n<meta property=\"og:description\" content=\"Le canap\u00e9 ouvert 3 places NUVOLA est un meuble qui allie \u00e9l\u00e9gance et espace, s&#039;int\u00e9grant parfaitement dans les int\u00e9rieurs modernes. Sa forme ouverte et ses lignes douces inspir\u00e9es des nuages \u200b\u200bajoutent une l\u00e9g\u00e8ret\u00e9 et une harmonie uniques \u00e0 l&#039;int\u00e9rieur.  La conception modulaire de la collection NUVOLA permet de combiner librement ce meuble avec d&#039;autres \u00e9l\u00e9ments, ce qui offre aux architectes et aux designers d&#039;int\u00e9rieur un large \u00e9ventail de possibilit\u00e9s d&#039;agencement. Gr\u00e2ce \u00e0 cela, la collection NUVOLA s&#039;adapte facilement \u00e0 une vari\u00e9t\u00e9 de styles, en combinant des formes modernes avec des canap\u00e9s ou des poufs classiques.\" \/>\n<meta property=\"og:url\" content=\"https:\/\/alloraliving.com\/fr\/canape-3-places-nuvola\/\" \/>\n<meta property=\"og:site_name\" content=\"AlloraLiving.com\" \/>\n<meta property=\"article:modified_time\" content=\"2025-02-11T07:42:51+00:00\" \/>\n<meta property=\"og:image\" content=\"https:\/\/alloraliving.com\/wp-content\/uploads\/6-kremowa-sofa-modulowa-do-salonu-nuvola-sand-cream.jpg\" \/>\n\t<meta property=\"og:image:width\" content=\"1600\" \/>\n\t<meta property=\"og:image:height\" content=\"1200\" \/>\n\t<meta property=\"og:image:type\" content=\"image\/jpeg\" \/>\n<meta name=\"twitter:card\" content=\"summary_large_image\" \/>\n<meta name=\"twitter:label1\" content=\"Disponibilit\u00e9\" \/>\n\t<meta name=\"twitter:data1\" content=\"En stock\" \/>\n<script type=\"application\/ld+json\" class=\"yoast-schema-graph\">{\"@context\":\"https:\/\/schema.org\",\"@graph\":[{\"@type\":[\"WebPage\",\"ItemPage\"],\"@id\":\"https:\/\/alloraliving.com\/fr\/canape-3-places-nuvola\/\",\"url\":\"https:\/\/alloraliving.com\/fr\/canape-3-places-nuvola\/\",\"name\":\"Canap\u00e9 3 places Nuvola - AlloraLiving.com\",\"isPartOf\":{\"@id\":\"https:\/\/alloraliving.com\/fr\/#website\"},\"primaryImageOfPage\":{\"@id\":\"https:\/\/alloraliving.com\/fr\/canape-3-places-nuvola\/#primaryimage\"},\"image\":{\"@id\":\"https:\/\/alloraliving.com\/fr\/canape-3-places-nuvola\/#primaryimage\"},\"thumbnailUrl\":\"https:\/\/alloraliving.com\/wp-content\/uploads\/6-kremowa-sofa-modulowa-do-salonu-nuvola-sand-cream.jpg\",\"datePublished\":\"2024-07-04T10:11:08+00:00\",\"dateModified\":\"2025-02-11T07:42:51+00:00\",\"breadcrumb\":{\"@id\":\"https:\/\/alloraliving.com\/fr\/canape-3-places-nuvola\/#breadcrumb\"},\"inLanguage\":\"fr-FR\",\"potentialAction\":[{\"@type\":\"ReadAction\",\"target\":[\"https:\/\/alloraliving.com\/fr\/canape-3-places-nuvola\/\"]}]},{\"@type\":\"ImageObject\",\"inLanguage\":\"fr-FR\",\"@id\":\"https:\/\/alloraliving.com\/fr\/canape-3-places-nuvola\/#primaryimage\",\"url\":\"https:\/\/alloraliving.com\/wp-content\/uploads\/6-kremowa-sofa-modulowa-do-salonu-nuvola-sand-cream.jpg\",\"contentUrl\":\"https:\/\/alloraliving.com\/wp-content\/uploads\/6-kremowa-sofa-modulowa-do-salonu-nuvola-sand-cream.jpg\",\"width\":1600,\"height\":1200},{\"@type\":\"BreadcrumbList\",\"@id\":\"https:\/\/alloraliving.com\/fr\/canape-3-places-nuvola\/#breadcrumb\",\"itemListElement\":[{\"@type\":\"ListItem\",\"position\":1,\"name\":\"Strona g\u0142\u00f3wna\",\"item\":\"https:\/\/alloraliving.com\/fr\/\"},{\"@type\":\"ListItem\",\"position\":2,\"name\":\"Boutique\",\"item\":\"https:\/\/alloraliving.com\/fr\/?page_id=6496\"},{\"@type\":\"ListItem\",\"position\":3,\"name\":\"Canap\u00e9 3 places Nuvola\"}]},{\"@type\":\"WebSite\",\"@id\":\"https:\/\/alloraliving.com\/fr\/#website\",\"url\":\"https:\/\/alloraliving.com\/fr\/\",\"name\":\"AlloraLiving.com\",\"description\":\"\",\"potentialAction\":[{\"@type\":\"SearchAction\",\"target\":{\"@type\":\"EntryPoint\",\"urlTemplate\":\"https:\/\/alloraliving.com\/fr\/?s={search_term_string}\"},\"query-input\":{\"@type\":\"PropertyValueSpecification\",\"valueRequired\":true,\"valueName\":\"search_term_string\"}}],\"inLanguage\":\"fr-FR\"}]}<\/script>\n<meta property=\"og:availability\" content=\"instock\" \/>\n<meta property=\"product:availability\" content=\"instock\" \/>\n<meta property=\"product:condition\" content=\"new\" \/>\n<!-- \/ Yoast SEO Premium plugin. -->","yoast_head_json":{"title":"Canap\u00e9 3 places Nuvola - AlloraLiving.com","robots":{"index":"index","follow":"follow","max-snippet":"max-snippet:-1","max-image-preview":"max-image-preview:large","max-video-preview":"max-video-preview:-1"},"canonical":"https:\/\/alloraliving.com\/fr\/canape-3-places-nuvola\/","og_locale":"fr_FR","og_type":"article","og_title":"Canap\u00e9 3 places Nuvola","og_description":"Le canap\u00e9 ouvert 3 places NUVOLA est un meuble qui allie \u00e9l\u00e9gance et espace, s'int\u00e9grant parfaitement dans les int\u00e9rieurs modernes. Sa forme ouverte et ses lignes douces inspir\u00e9es des nuages \u200b\u200bajoutent une l\u00e9g\u00e8ret\u00e9 et une harmonie uniques \u00e0 l'int\u00e9rieur.  La conception modulaire de la collection NUVOLA permet de combiner librement ce meuble avec d'autres \u00e9l\u00e9ments, ce qui offre aux architectes et aux designers d'int\u00e9rieur un large \u00e9ventail de possibilit\u00e9s d'agencement. Gr\u00e2ce \u00e0 cela, la collection NUVOLA s'adapte facilement \u00e0 une vari\u00e9t\u00e9 de styles, en combinant des formes modernes avec des canap\u00e9s ou des poufs classiques.","og_url":"https:\/\/alloraliving.com\/fr\/canape-3-places-nuvola\/","og_site_name":"AlloraLiving.com","article_modified_time":"2025-02-11T07:42:51+00:00","og_image":[{"width":1600,"height":1200,"url":"https:\/\/alloraliving.com\/wp-content\/uploads\/6-kremowa-sofa-modulowa-do-salonu-nuvola-sand-cream.jpg","type":"image\/jpeg"}],"twitter_card":"summary_large_image","twitter_misc":{"Disponibilit\u00e9":"En stock"},"schema":{"@context":"https:\/\/schema.org","@graph":[{"@type":["WebPage","ItemPage"],"@id":"https:\/\/alloraliving.com\/fr\/canape-3-places-nuvola\/","url":"https:\/\/alloraliving.com\/fr\/canape-3-places-nuvola\/","name":"Canap\u00e9 3 places Nuvola - AlloraLiving.com","isPartOf":{"@id":"https:\/\/alloraliving.com\/fr\/#website"},"primaryImageOfPage":{"@id":"https:\/\/alloraliving.com\/fr\/canape-3-places-nuvola\/#primaryimage"},"image":{"@id":"https:\/\/alloraliving.com\/fr\/canape-3-places-nuvola\/#primaryimage"},"thumbnailUrl":"https:\/\/alloraliving.com\/wp-content\/uploads\/6-kremowa-sofa-modulowa-do-salonu-nuvola-sand-cream.jpg","datePublished":"2024-07-04T10:11:08+00:00","dateModified":"2025-02-11T07:42:51+00:00","breadcrumb":{"@id":"https:\/\/alloraliving.com\/fr\/canape-3-places-nuvola\/#breadcrumb"},"inLanguage":"fr-FR","potentialAction":[{"@type":"ReadAction","target":["https:\/\/alloraliving.com\/fr\/canape-3-places-nuvola\/"]}]},{"@type":"ImageObject","inLanguage":"fr-FR","@id":"https:\/\/alloraliving.com\/fr\/canape-3-places-nuvola\/#primaryimage","url":"https:\/\/alloraliving.com\/wp-content\/uploads\/6-kremowa-sofa-modulowa-do-salonu-nuvola-sand-cream.jpg","contentUrl":"https:\/\/alloraliving.com\/wp-content\/uploads\/6-kremowa-sofa-modulowa-do-salonu-nuvola-sand-cream.jpg","width":1600,"height":1200},{"@type":"BreadcrumbList","@id":"https:\/\/alloraliving.com\/fr\/canape-3-places-nuvola\/#breadcrumb","itemListElement":[{"@type":"ListItem","position":1,"name":"Strona g\u0142\u00f3wna","item":"https:\/\/alloraliving.com\/fr\/"},{"@type":"ListItem","position":2,"name":"Boutique","item":"https:\/\/alloraliving.com\/fr\/?page_id=6496"},{"@type":"ListItem","position":3,"name":"Canap\u00e9 3 places Nuvola"}]},{"@type":"WebSite","@id":"https:\/\/alloraliving.com\/fr\/#website","url":"https:\/\/alloraliving.com\/fr\/","name":"AlloraLiving.com","description":"","potentialAction":[{"@type":"SearchAction","target":{"@type":"EntryPoint","urlTemplate":"https:\/\/alloraliving.com\/fr\/?s={search_term_string}"},"query-input":{"@type":"PropertyValueSpecification","valueRequired":true,"valueName":"search_term_string"}}],"inLanguage":"fr-FR"}]},"og_availability":"instock","product_availability":"instock","product_condition":"new"},"_links":{"self":[{"href":"https:\/\/alloraliving.com\/fr\/wp-json\/wp\/v2\/product\/7612","targetHints":{"allow":["GET"]}}],"collection":[{"href":"https:\/\/alloraliving.com\/fr\/wp-json\/wp\/v2\/product"}],"about":[{"href":"https:\/\/alloraliving.com\/fr\/wp-json\/wp\/v2\/types\/product"}],"wp:featuredmedia":[{"embeddable":true,"href":"https:\/\/alloraliving.com\/fr\/wp-json\/wp\/v2\/media\/7617"}],"wp:attachment":[{"href":"https:\/\/alloraliving.com\/fr\/wp-json\/wp\/v2\/media?parent=7612"}],"wp:term":[{"taxonomy":"product_brand","embeddable":true,"href":"https:\/\/alloraliving.com\/fr\/wp-json\/wp\/v2\/product_brand?post=7612"},{"taxonomy":"product_cat","embeddable":true,"href":"https:\/\/alloraliving.com\/fr\/wp-json\/wp\/v2\/product_cat?post=7612"},{"taxonomy":"product_tag","embeddable":true,"href":"https:\/\/alloraliving.com\/fr\/wp-json\/wp\/v2\/product_tag?post=7612"}],"curies":[{"name":"wp","href":"https:\/\/api.w.org\/{rel}","templated":true}]}}