{"id":7715,"date":"2024-12-18T11:09:25","date_gmt":"2024-12-18T10:09:25","guid":{"rendered":"https:\/\/alloraliving.com\/ensemble-nuvola-fauteuil-pouf\/"},"modified":"2025-02-11T08:42:54","modified_gmt":"2025-02-11T07:42:54","slug":"ensemble-nuvola-fauteuil-pouf","status":"publish","type":"product","link":"https:\/\/alloraliving.com\/fr\/ensemble-nuvola-fauteuil-pouf\/","title":{"rendered":"Ensemble Nuvola Fauteuil + Pouf"},"content":{"rendered":"","protected":false},"excerpt":{"rendered":"<p>L&rsquo;ensemble fauteuil et pouf NUVOLA est un duo sophistiqu\u00e9 qui allie la subtilit\u00e9 des formes \u00e0 un confort exceptionnel. Les lignes douces et fluides du fauteuil, inspir\u00e9es de la forme des nuages, conf\u00e8rent \u00e0 l&rsquo;int\u00e9rieur une sensation de l\u00e9g\u00e8ret\u00e9, et le pouf, con\u00e7u comme un \u00e9l\u00e9ment compl\u00e9mentaire, offre un confort et une fonctionnalit\u00e9 suppl\u00e9mentaires. Il fonctionnera parfaitement aussi bien dans les salons spacieux que dans les am\u00e9nagements plus intimes, cr\u00e9ant une atmosph\u00e8re de paix et d&rsquo;\u00e9l\u00e9gance.  <\/p>\n<p>La collection NUVOLA d&rsquo;Allora Living pr\u00e9sente une finition velours luxueuse, disponible en six teintes soigneusement s\u00e9lectionn\u00e9es. L&rsquo;ensemble dans une palette de couleurs uniforme souligne l&rsquo;harmonie du design, s&rsquo;int\u00e9grant dans des int\u00e9rieurs modernes et intemporels. <\/p>\n","protected":false},"featured_media":7718,"template":"","meta":[],"product_brand":[],"product_cat":[936,930],"product_tag":[],"class_list":{"0":"post-7715","1":"product","2":"type-product","3":"status-publish","4":"has-post-thumbnail","6":"product_cat-collection-nuvola","7":"product_cat-sieges","8":"product_shipping_class-livraison-gratuite","10":"first","11":"instock","12":"taxable","13":"shipping-taxable","14":"purchasable","15":"product-type-variable","16":"has-default-attributes","17":"wvs-archive-product-wrapper"},"yoast_head":"<!-- This site is optimized with the Yoast SEO Premium plugin v26.8 (Yoast SEO v26.8) - https:\/\/yoast.com\/product\/yoast-seo-premium-wordpress\/ -->\n<title>Ensemble Nuvola Fauteuil + Pouf - AlloraLiving.com<\/title>\n<meta name=\"robots\" content=\"index, follow, max-snippet:-1, max-image-preview:large, max-video-preview:-1\" \/>\n<link rel=\"canonical\" href=\"https:\/\/alloraliving.com\/fr\/ensemble-nuvola-fauteuil-pouf\/\" \/>\n<meta property=\"og:locale\" content=\"fr_FR\" \/>\n<meta property=\"og:type\" content=\"article\" \/>\n<meta property=\"og:title\" content=\"Ensemble Nuvola Fauteuil + Pouf\" \/>\n<meta property=\"og:description\" content=\"L&#039;ensemble fauteuil et pouf NUVOLA est un duo sophistiqu\u00e9 qui allie la subtilit\u00e9 des formes \u00e0 un confort exceptionnel. Les lignes douces et fluides du fauteuil, inspir\u00e9es de la forme des nuages, conf\u00e8rent \u00e0 l&#039;int\u00e9rieur une sensation de l\u00e9g\u00e8ret\u00e9, et le pouf, con\u00e7u comme un \u00e9l\u00e9ment compl\u00e9mentaire, offre un confort et une fonctionnalit\u00e9 suppl\u00e9mentaires. Il fonctionnera parfaitement aussi bien dans les salons spacieux que dans les am\u00e9nagements plus intimes, cr\u00e9ant une atmosph\u00e8re de paix et d&#039;\u00e9l\u00e9gance.  La collection NUVOLA d&#039;Allora Living pr\u00e9sente une finition velours luxueuse, disponible en six teintes soigneusement s\u00e9lectionn\u00e9es. L&#039;ensemble dans une palette de couleurs uniforme souligne l&#039;harmonie du design, s&#039;int\u00e9grant dans des int\u00e9rieurs modernes et intemporels.\" \/>\n<meta property=\"og:url\" content=\"https:\/\/alloraliving.com\/fr\/ensemble-nuvola-fauteuil-pouf\/\" \/>\n<meta property=\"og:site_name\" content=\"AlloraLiving.com\" \/>\n<meta property=\"article:modified_time\" content=\"2025-02-11T07:42:54+00:00\" \/>\n<meta property=\"og:image\" content=\"https:\/\/alloraliving.com\/wp-content\/uploads\/1-zestaw-element-prosty-z-pufa-sand-cream.jpg\" \/>\n\t<meta property=\"og:image:width\" content=\"1600\" \/>\n\t<meta property=\"og:image:height\" content=\"1200\" \/>\n\t<meta property=\"og:image:type\" content=\"image\/jpeg\" \/>\n<meta name=\"twitter:card\" content=\"summary_large_image\" \/>\n<meta name=\"twitter:label1\" content=\"Disponibilit\u00e9\" \/>\n\t<meta name=\"twitter:data1\" content=\"En stock\" \/>\n<script type=\"application\/ld+json\" class=\"yoast-schema-graph\">{\"@context\":\"https:\/\/schema.org\",\"@graph\":[{\"@type\":[\"WebPage\",\"ItemPage\"],\"@id\":\"https:\/\/alloraliving.com\/fr\/ensemble-nuvola-fauteuil-pouf\/\",\"url\":\"https:\/\/alloraliving.com\/fr\/ensemble-nuvola-fauteuil-pouf\/\",\"name\":\"Ensemble Nuvola Fauteuil + Pouf - AlloraLiving.com\",\"isPartOf\":{\"@id\":\"https:\/\/alloraliving.com\/fr\/#website\"},\"primaryImageOfPage\":{\"@id\":\"https:\/\/alloraliving.com\/fr\/ensemble-nuvola-fauteuil-pouf\/#primaryimage\"},\"image\":{\"@id\":\"https:\/\/alloraliving.com\/fr\/ensemble-nuvola-fauteuil-pouf\/#primaryimage\"},\"thumbnailUrl\":\"https:\/\/alloraliving.com\/wp-content\/uploads\/1-zestaw-element-prosty-z-pufa-sand-cream.jpg\",\"datePublished\":\"2024-12-18T10:09:25+00:00\",\"dateModified\":\"2025-02-11T07:42:54+00:00\",\"breadcrumb\":{\"@id\":\"https:\/\/alloraliving.com\/fr\/ensemble-nuvola-fauteuil-pouf\/#breadcrumb\"},\"inLanguage\":\"fr-FR\",\"potentialAction\":[{\"@type\":\"ReadAction\",\"target\":[\"https:\/\/alloraliving.com\/fr\/ensemble-nuvola-fauteuil-pouf\/\"]}]},{\"@type\":\"ImageObject\",\"inLanguage\":\"fr-FR\",\"@id\":\"https:\/\/alloraliving.com\/fr\/ensemble-nuvola-fauteuil-pouf\/#primaryimage\",\"url\":\"https:\/\/alloraliving.com\/wp-content\/uploads\/1-zestaw-element-prosty-z-pufa-sand-cream.jpg\",\"contentUrl\":\"https:\/\/alloraliving.com\/wp-content\/uploads\/1-zestaw-element-prosty-z-pufa-sand-cream.jpg\",\"width\":1600,\"height\":1200},{\"@type\":\"BreadcrumbList\",\"@id\":\"https:\/\/alloraliving.com\/fr\/ensemble-nuvola-fauteuil-pouf\/#breadcrumb\",\"itemListElement\":[{\"@type\":\"ListItem\",\"position\":1,\"name\":\"Strona g\u0142\u00f3wna\",\"item\":\"https:\/\/alloraliving.com\/fr\/\"},{\"@type\":\"ListItem\",\"position\":2,\"name\":\"Boutique\",\"item\":\"https:\/\/alloraliving.com\/fr\/?page_id=6496\"},{\"@type\":\"ListItem\",\"position\":3,\"name\":\"Ensemble Nuvola Fauteuil + Pouf\"}]},{\"@type\":\"WebSite\",\"@id\":\"https:\/\/alloraliving.com\/fr\/#website\",\"url\":\"https:\/\/alloraliving.com\/fr\/\",\"name\":\"AlloraLiving.com\",\"description\":\"\",\"potentialAction\":[{\"@type\":\"SearchAction\",\"target\":{\"@type\":\"EntryPoint\",\"urlTemplate\":\"https:\/\/alloraliving.com\/fr\/?s={search_term_string}\"},\"query-input\":{\"@type\":\"PropertyValueSpecification\",\"valueRequired\":true,\"valueName\":\"search_term_string\"}}],\"inLanguage\":\"fr-FR\"}]}<\/script>\n<meta property=\"og:availability\" content=\"instock\" \/>\n<meta property=\"product:availability\" content=\"instock\" \/>\n<meta property=\"product:condition\" content=\"new\" \/>\n<!-- \/ Yoast SEO Premium plugin. -->","yoast_head_json":{"title":"Ensemble Nuvola Fauteuil + Pouf - AlloraLiving.com","robots":{"index":"index","follow":"follow","max-snippet":"max-snippet:-1","max-image-preview":"max-image-preview:large","max-video-preview":"max-video-preview:-1"},"canonical":"https:\/\/alloraliving.com\/fr\/ensemble-nuvola-fauteuil-pouf\/","og_locale":"fr_FR","og_type":"article","og_title":"Ensemble Nuvola Fauteuil + Pouf","og_description":"L'ensemble fauteuil et pouf NUVOLA est un duo sophistiqu\u00e9 qui allie la subtilit\u00e9 des formes \u00e0 un confort exceptionnel. Les lignes douces et fluides du fauteuil, inspir\u00e9es de la forme des nuages, conf\u00e8rent \u00e0 l'int\u00e9rieur une sensation de l\u00e9g\u00e8ret\u00e9, et le pouf, con\u00e7u comme un \u00e9l\u00e9ment compl\u00e9mentaire, offre un confort et une fonctionnalit\u00e9 suppl\u00e9mentaires. Il fonctionnera parfaitement aussi bien dans les salons spacieux que dans les am\u00e9nagements plus intimes, cr\u00e9ant une atmosph\u00e8re de paix et d'\u00e9l\u00e9gance.  La collection NUVOLA d'Allora Living pr\u00e9sente une finition velours luxueuse, disponible en six teintes soigneusement s\u00e9lectionn\u00e9es. L'ensemble dans une palette de couleurs uniforme souligne l'harmonie du design, s'int\u00e9grant dans des int\u00e9rieurs modernes et intemporels.","og_url":"https:\/\/alloraliving.com\/fr\/ensemble-nuvola-fauteuil-pouf\/","og_site_name":"AlloraLiving.com","article_modified_time":"2025-02-11T07:42:54+00:00","og_image":[{"width":1600,"height":1200,"url":"https:\/\/alloraliving.com\/wp-content\/uploads\/1-zestaw-element-prosty-z-pufa-sand-cream.jpg","type":"image\/jpeg"}],"twitter_card":"summary_large_image","twitter_misc":{"Disponibilit\u00e9":"En stock"},"schema":{"@context":"https:\/\/schema.org","@graph":[{"@type":["WebPage","ItemPage"],"@id":"https:\/\/alloraliving.com\/fr\/ensemble-nuvola-fauteuil-pouf\/","url":"https:\/\/alloraliving.com\/fr\/ensemble-nuvola-fauteuil-pouf\/","name":"Ensemble Nuvola Fauteuil + Pouf - AlloraLiving.com","isPartOf":{"@id":"https:\/\/alloraliving.com\/fr\/#website"},"primaryImageOfPage":{"@id":"https:\/\/alloraliving.com\/fr\/ensemble-nuvola-fauteuil-pouf\/#primaryimage"},"image":{"@id":"https:\/\/alloraliving.com\/fr\/ensemble-nuvola-fauteuil-pouf\/#primaryimage"},"thumbnailUrl":"https:\/\/alloraliving.com\/wp-content\/uploads\/1-zestaw-element-prosty-z-pufa-sand-cream.jpg","datePublished":"2024-12-18T10:09:25+00:00","dateModified":"2025-02-11T07:42:54+00:00","breadcrumb":{"@id":"https:\/\/alloraliving.com\/fr\/ensemble-nuvola-fauteuil-pouf\/#breadcrumb"},"inLanguage":"fr-FR","potentialAction":[{"@type":"ReadAction","target":["https:\/\/alloraliving.com\/fr\/ensemble-nuvola-fauteuil-pouf\/"]}]},{"@type":"ImageObject","inLanguage":"fr-FR","@id":"https:\/\/alloraliving.com\/fr\/ensemble-nuvola-fauteuil-pouf\/#primaryimage","url":"https:\/\/alloraliving.com\/wp-content\/uploads\/1-zestaw-element-prosty-z-pufa-sand-cream.jpg","contentUrl":"https:\/\/alloraliving.com\/wp-content\/uploads\/1-zestaw-element-prosty-z-pufa-sand-cream.jpg","width":1600,"height":1200},{"@type":"BreadcrumbList","@id":"https:\/\/alloraliving.com\/fr\/ensemble-nuvola-fauteuil-pouf\/#breadcrumb","itemListElement":[{"@type":"ListItem","position":1,"name":"Strona g\u0142\u00f3wna","item":"https:\/\/alloraliving.com\/fr\/"},{"@type":"ListItem","position":2,"name":"Boutique","item":"https:\/\/alloraliving.com\/fr\/?page_id=6496"},{"@type":"ListItem","position":3,"name":"Ensemble Nuvola Fauteuil + Pouf"}]},{"@type":"WebSite","@id":"https:\/\/alloraliving.com\/fr\/#website","url":"https:\/\/alloraliving.com\/fr\/","name":"AlloraLiving.com","description":"","potentialAction":[{"@type":"SearchAction","target":{"@type":"EntryPoint","urlTemplate":"https:\/\/alloraliving.com\/fr\/?s={search_term_string}"},"query-input":{"@type":"PropertyValueSpecification","valueRequired":true,"valueName":"search_term_string"}}],"inLanguage":"fr-FR"}]},"og_availability":"instock","product_availability":"instock","product_condition":"new"},"_links":{"self":[{"href":"https:\/\/alloraliving.com\/fr\/wp-json\/wp\/v2\/product\/7715","targetHints":{"allow":["GET"]}}],"collection":[{"href":"https:\/\/alloraliving.com\/fr\/wp-json\/wp\/v2\/product"}],"about":[{"href":"https:\/\/alloraliving.com\/fr\/wp-json\/wp\/v2\/types\/product"}],"wp:featuredmedia":[{"embeddable":true,"href":"https:\/\/alloraliving.com\/fr\/wp-json\/wp\/v2\/media\/7718"}],"wp:attachment":[{"href":"https:\/\/alloraliving.com\/fr\/wp-json\/wp\/v2\/media?parent=7715"}],"wp:term":[{"taxonomy":"product_brand","embeddable":true,"href":"https:\/\/alloraliving.com\/fr\/wp-json\/wp\/v2\/product_brand?post=7715"},{"taxonomy":"product_cat","embeddable":true,"href":"https:\/\/alloraliving.com\/fr\/wp-json\/wp\/v2\/product_cat?post=7715"},{"taxonomy":"product_tag","embeddable":true,"href":"https:\/\/alloraliving.com\/fr\/wp-json\/wp\/v2\/product_tag?post=7715"}],"curies":[{"name":"wp","href":"https:\/\/api.w.org\/{rel}","templated":true}]}}