{"id":7716,"date":"2024-07-03T10:01:08","date_gmt":"2024-07-03T08:01:08","guid":{"rendered":"https:\/\/alloraliving.com\/pouf-nuvola\/"},"modified":"2025-02-11T08:42:54","modified_gmt":"2025-02-11T07:42:54","slug":"pouf-nuvola","status":"publish","type":"product","link":"https:\/\/alloraliving.com\/fr\/pouf-nuvola\/","title":{"rendered":"Pouf Nuvola"},"content":{"rendered":"","protected":false},"excerpt":{"rendered":"<p>Le pouf NUVOLA est un compl\u00e9ment parfait \u00e0 n&rsquo;importe quel espace, \u00e0 la fois comme repose-pieds et comme si\u00e8ge suppl\u00e9mentaire. Sa forme douce et arrondie fait r\u00e9f\u00e9rence \u00e0 la d\u00e9licatesse des nuages, ce qui fait que le pouf apporte l\u00e9g\u00e8ret\u00e9 et harmonie \u00e0 l&rsquo;int\u00e9rieur. Disponible dans une palette de couleurs subtiles, telles que le Sand Cream ou le Glacier Grey, le pouf s&rsquo;int\u00e9grera parfaitement dans n&rsquo;importe quel int\u00e9rieur, lui ajoutant un caract\u00e8re unique.  <\/p>\n<p>La collection NUVOLA comprend \u00e9galement des canap\u00e9s et des modules flexibles qui vous permettront de cr\u00e9er un espace id\u00e9al pour la d\u00e9tente et l&rsquo;utilisation quotidienne.<\/p>\n","protected":false},"featured_media":7717,"template":"","meta":[],"product_brand":[],"product_cat":[936,945],"product_tag":[],"class_list":{"0":"post-7716","1":"product","2":"type-product","3":"status-publish","4":"has-post-thumbnail","6":"product_cat-collection-nuvola","7":"product_cat-poufs-fr","8":"product_shipping_class-livraison-gratuite","10":"first","11":"instock","12":"taxable","13":"shipping-taxable","14":"purchasable","15":"product-type-variable","16":"has-default-attributes","17":"wvs-archive-product-wrapper"},"yoast_head":"<!-- This site is optimized with the Yoast SEO Premium plugin v26.8 (Yoast SEO v26.8) - https:\/\/yoast.com\/product\/yoast-seo-premium-wordpress\/ -->\n<title>Pouf Nuvola - AlloraLiving.com<\/title>\n<meta name=\"robots\" content=\"index, follow, max-snippet:-1, max-image-preview:large, max-video-preview:-1\" \/>\n<link rel=\"canonical\" href=\"https:\/\/alloraliving.com\/fr\/pouf-nuvola\/\" \/>\n<meta property=\"og:locale\" content=\"fr_FR\" \/>\n<meta property=\"og:type\" content=\"article\" \/>\n<meta property=\"og:title\" content=\"Pouf Nuvola\" \/>\n<meta property=\"og:description\" content=\"Le pouf NUVOLA est un compl\u00e9ment parfait \u00e0 n&#039;importe quel espace, \u00e0 la fois comme repose-pieds et comme si\u00e8ge suppl\u00e9mentaire. Sa forme douce et arrondie fait r\u00e9f\u00e9rence \u00e0 la d\u00e9licatesse des nuages, ce qui fait que le pouf apporte l\u00e9g\u00e8ret\u00e9 et harmonie \u00e0 l&#039;int\u00e9rieur. Disponible dans une palette de couleurs subtiles, telles que le Sand Cream ou le Glacier Grey, le pouf s&#039;int\u00e9grera parfaitement dans n&#039;importe quel int\u00e9rieur, lui ajoutant un caract\u00e8re unique.  La collection NUVOLA comprend \u00e9galement des canap\u00e9s et des modules flexibles qui vous permettront de cr\u00e9er un espace id\u00e9al pour la d\u00e9tente et l&#039;utilisation quotidienne.\" \/>\n<meta property=\"og:url\" content=\"https:\/\/alloraliving.com\/fr\/pouf-nuvola\/\" \/>\n<meta property=\"og:site_name\" content=\"AlloraLiving.com\" \/>\n<meta property=\"article:modified_time\" content=\"2025-02-11T07:42:54+00:00\" \/>\n<meta property=\"og:image\" content=\"https:\/\/alloraliving.com\/wp-content\/uploads\/1-kremowa-pufa-do-salonu-nuvola-sand-cream.jpg\" \/>\n\t<meta property=\"og:image:width\" content=\"1600\" \/>\n\t<meta property=\"og:image:height\" content=\"1200\" \/>\n\t<meta property=\"og:image:type\" content=\"image\/jpeg\" \/>\n<meta name=\"twitter:card\" content=\"summary_large_image\" \/>\n<meta name=\"twitter:label1\" content=\"Disponibilit\u00e9\" \/>\n\t<meta name=\"twitter:data1\" content=\"En stock\" \/>\n<script type=\"application\/ld+json\" class=\"yoast-schema-graph\">{\"@context\":\"https:\/\/schema.org\",\"@graph\":[{\"@type\":[\"WebPage\",\"ItemPage\"],\"@id\":\"https:\/\/alloraliving.com\/fr\/pouf-nuvola\/\",\"url\":\"https:\/\/alloraliving.com\/fr\/pouf-nuvola\/\",\"name\":\"Pouf Nuvola - AlloraLiving.com\",\"isPartOf\":{\"@id\":\"https:\/\/alloraliving.com\/fr\/#website\"},\"primaryImageOfPage\":{\"@id\":\"https:\/\/alloraliving.com\/fr\/pouf-nuvola\/#primaryimage\"},\"image\":{\"@id\":\"https:\/\/alloraliving.com\/fr\/pouf-nuvola\/#primaryimage\"},\"thumbnailUrl\":\"https:\/\/alloraliving.com\/wp-content\/uploads\/1-kremowa-pufa-do-salonu-nuvola-sand-cream.jpg\",\"datePublished\":\"2024-07-03T08:01:08+00:00\",\"dateModified\":\"2025-02-11T07:42:54+00:00\",\"breadcrumb\":{\"@id\":\"https:\/\/alloraliving.com\/fr\/pouf-nuvola\/#breadcrumb\"},\"inLanguage\":\"fr-FR\",\"potentialAction\":[{\"@type\":\"ReadAction\",\"target\":[\"https:\/\/alloraliving.com\/fr\/pouf-nuvola\/\"]}]},{\"@type\":\"ImageObject\",\"inLanguage\":\"fr-FR\",\"@id\":\"https:\/\/alloraliving.com\/fr\/pouf-nuvola\/#primaryimage\",\"url\":\"https:\/\/alloraliving.com\/wp-content\/uploads\/1-kremowa-pufa-do-salonu-nuvola-sand-cream.jpg\",\"contentUrl\":\"https:\/\/alloraliving.com\/wp-content\/uploads\/1-kremowa-pufa-do-salonu-nuvola-sand-cream.jpg\",\"width\":1600,\"height\":1200},{\"@type\":\"BreadcrumbList\",\"@id\":\"https:\/\/alloraliving.com\/fr\/pouf-nuvola\/#breadcrumb\",\"itemListElement\":[{\"@type\":\"ListItem\",\"position\":1,\"name\":\"Strona g\u0142\u00f3wna\",\"item\":\"https:\/\/alloraliving.com\/fr\/\"},{\"@type\":\"ListItem\",\"position\":2,\"name\":\"Boutique\",\"item\":\"https:\/\/alloraliving.com\/fr\/?page_id=6496\"},{\"@type\":\"ListItem\",\"position\":3,\"name\":\"Pouf Nuvola\"}]},{\"@type\":\"WebSite\",\"@id\":\"https:\/\/alloraliving.com\/fr\/#website\",\"url\":\"https:\/\/alloraliving.com\/fr\/\",\"name\":\"AlloraLiving.com\",\"description\":\"\",\"potentialAction\":[{\"@type\":\"SearchAction\",\"target\":{\"@type\":\"EntryPoint\",\"urlTemplate\":\"https:\/\/alloraliving.com\/fr\/?s={search_term_string}\"},\"query-input\":{\"@type\":\"PropertyValueSpecification\",\"valueRequired\":true,\"valueName\":\"search_term_string\"}}],\"inLanguage\":\"fr-FR\"}]}<\/script>\n<meta property=\"og:availability\" content=\"instock\" \/>\n<meta property=\"product:availability\" content=\"instock\" \/>\n<meta property=\"product:condition\" content=\"new\" \/>\n<!-- \/ Yoast SEO Premium plugin. -->","yoast_head_json":{"title":"Pouf Nuvola - AlloraLiving.com","robots":{"index":"index","follow":"follow","max-snippet":"max-snippet:-1","max-image-preview":"max-image-preview:large","max-video-preview":"max-video-preview:-1"},"canonical":"https:\/\/alloraliving.com\/fr\/pouf-nuvola\/","og_locale":"fr_FR","og_type":"article","og_title":"Pouf Nuvola","og_description":"Le pouf NUVOLA est un compl\u00e9ment parfait \u00e0 n'importe quel espace, \u00e0 la fois comme repose-pieds et comme si\u00e8ge suppl\u00e9mentaire. Sa forme douce et arrondie fait r\u00e9f\u00e9rence \u00e0 la d\u00e9licatesse des nuages, ce qui fait que le pouf apporte l\u00e9g\u00e8ret\u00e9 et harmonie \u00e0 l'int\u00e9rieur. Disponible dans une palette de couleurs subtiles, telles que le Sand Cream ou le Glacier Grey, le pouf s'int\u00e9grera parfaitement dans n'importe quel int\u00e9rieur, lui ajoutant un caract\u00e8re unique.  La collection NUVOLA comprend \u00e9galement des canap\u00e9s et des modules flexibles qui vous permettront de cr\u00e9er un espace id\u00e9al pour la d\u00e9tente et l'utilisation quotidienne.","og_url":"https:\/\/alloraliving.com\/fr\/pouf-nuvola\/","og_site_name":"AlloraLiving.com","article_modified_time":"2025-02-11T07:42:54+00:00","og_image":[{"width":1600,"height":1200,"url":"https:\/\/alloraliving.com\/wp-content\/uploads\/1-kremowa-pufa-do-salonu-nuvola-sand-cream.jpg","type":"image\/jpeg"}],"twitter_card":"summary_large_image","twitter_misc":{"Disponibilit\u00e9":"En stock"},"schema":{"@context":"https:\/\/schema.org","@graph":[{"@type":["WebPage","ItemPage"],"@id":"https:\/\/alloraliving.com\/fr\/pouf-nuvola\/","url":"https:\/\/alloraliving.com\/fr\/pouf-nuvola\/","name":"Pouf Nuvola - AlloraLiving.com","isPartOf":{"@id":"https:\/\/alloraliving.com\/fr\/#website"},"primaryImageOfPage":{"@id":"https:\/\/alloraliving.com\/fr\/pouf-nuvola\/#primaryimage"},"image":{"@id":"https:\/\/alloraliving.com\/fr\/pouf-nuvola\/#primaryimage"},"thumbnailUrl":"https:\/\/alloraliving.com\/wp-content\/uploads\/1-kremowa-pufa-do-salonu-nuvola-sand-cream.jpg","datePublished":"2024-07-03T08:01:08+00:00","dateModified":"2025-02-11T07:42:54+00:00","breadcrumb":{"@id":"https:\/\/alloraliving.com\/fr\/pouf-nuvola\/#breadcrumb"},"inLanguage":"fr-FR","potentialAction":[{"@type":"ReadAction","target":["https:\/\/alloraliving.com\/fr\/pouf-nuvola\/"]}]},{"@type":"ImageObject","inLanguage":"fr-FR","@id":"https:\/\/alloraliving.com\/fr\/pouf-nuvola\/#primaryimage","url":"https:\/\/alloraliving.com\/wp-content\/uploads\/1-kremowa-pufa-do-salonu-nuvola-sand-cream.jpg","contentUrl":"https:\/\/alloraliving.com\/wp-content\/uploads\/1-kremowa-pufa-do-salonu-nuvola-sand-cream.jpg","width":1600,"height":1200},{"@type":"BreadcrumbList","@id":"https:\/\/alloraliving.com\/fr\/pouf-nuvola\/#breadcrumb","itemListElement":[{"@type":"ListItem","position":1,"name":"Strona g\u0142\u00f3wna","item":"https:\/\/alloraliving.com\/fr\/"},{"@type":"ListItem","position":2,"name":"Boutique","item":"https:\/\/alloraliving.com\/fr\/?page_id=6496"},{"@type":"ListItem","position":3,"name":"Pouf Nuvola"}]},{"@type":"WebSite","@id":"https:\/\/alloraliving.com\/fr\/#website","url":"https:\/\/alloraliving.com\/fr\/","name":"AlloraLiving.com","description":"","potentialAction":[{"@type":"SearchAction","target":{"@type":"EntryPoint","urlTemplate":"https:\/\/alloraliving.com\/fr\/?s={search_term_string}"},"query-input":{"@type":"PropertyValueSpecification","valueRequired":true,"valueName":"search_term_string"}}],"inLanguage":"fr-FR"}]},"og_availability":"instock","product_availability":"instock","product_condition":"new"},"_links":{"self":[{"href":"https:\/\/alloraliving.com\/fr\/wp-json\/wp\/v2\/product\/7716","targetHints":{"allow":["GET"]}}],"collection":[{"href":"https:\/\/alloraliving.com\/fr\/wp-json\/wp\/v2\/product"}],"about":[{"href":"https:\/\/alloraliving.com\/fr\/wp-json\/wp\/v2\/types\/product"}],"wp:featuredmedia":[{"embeddable":true,"href":"https:\/\/alloraliving.com\/fr\/wp-json\/wp\/v2\/media\/7717"}],"wp:attachment":[{"href":"https:\/\/alloraliving.com\/fr\/wp-json\/wp\/v2\/media?parent=7716"}],"wp:term":[{"taxonomy":"product_brand","embeddable":true,"href":"https:\/\/alloraliving.com\/fr\/wp-json\/wp\/v2\/product_brand?post=7716"},{"taxonomy":"product_cat","embeddable":true,"href":"https:\/\/alloraliving.com\/fr\/wp-json\/wp\/v2\/product_cat?post=7716"},{"taxonomy":"product_tag","embeddable":true,"href":"https:\/\/alloraliving.com\/fr\/wp-json\/wp\/v2\/product_tag?post=7716"}],"curies":[{"name":"wp","href":"https:\/\/api.w.org\/{rel}","templated":true}]}}