{"id":7792,"date":"2024-12-18T08:50:49","date_gmt":"2024-12-18T07:50:49","guid":{"rendered":"https:\/\/alloraliving.com\/ensemble-de-2-poufs-nuvola\/"},"modified":"2025-02-11T08:42:57","modified_gmt":"2025-02-11T07:42:57","slug":"ensemble-de-2-poufs-nuvola","status":"publish","type":"product","link":"https:\/\/alloraliving.com\/fr\/ensemble-de-2-poufs-nuvola\/","title":{"rendered":"Ensemble de 2 poufs Nuvola"},"content":{"rendered":"","protected":false},"excerpt":{"rendered":"<p>Deux poufs NUVOLA sont un accent polyvalent qui apporte l\u00e9g\u00e8ret\u00e9 et \u00e9l\u00e9gance moderne \u00e0 l&rsquo;int\u00e9rieur. Les formes arrondies inspir\u00e9es des nuages \u200b\u200bs\u00e9duisent non seulement par leur forme, mais offrent \u00e9galement une fonctionnalit\u00e9 exceptionnelle : elles peuvent \u00eatre utilis\u00e9es comme si\u00e8ges suppl\u00e9mentaires, repose-pieds ou accents d\u00e9coratifs subtils. Cet ensemble est parfait pour les espaces o\u00f9 l\u2019\u00e9quilibre entre esth\u00e9tique et convivialit\u00e9 est essentiel.  <\/p>\n<p>Une finition velours luxueuse d\u00e9clin\u00e9e en six teintes sophistiqu\u00e9es souligne la coh\u00e9rence du design. Gr\u00e2ce \u00e0 ses couleurs uniformes, l&rsquo;ensemble de poufs compl\u00e8te harmonieusement l&rsquo;int\u00e9rieur, lui conf\u00e9rant un caract\u00e8re raffin\u00e9. <\/p>\n","protected":false},"featured_media":7793,"template":"","meta":[],"product_brand":[],"product_cat":[936,945],"product_tag":[],"class_list":{"0":"post-7792","1":"product","2":"type-product","3":"status-publish","4":"has-post-thumbnail","6":"product_cat-collection-nuvola","7":"product_cat-poufs-fr","8":"product_shipping_class-livraison-gratuite","10":"first","11":"instock","12":"taxable","13":"shipping-taxable","14":"purchasable","15":"product-type-variable","16":"has-default-attributes","17":"wvs-archive-product-wrapper"},"yoast_head":"<!-- This site is optimized with the Yoast SEO Premium plugin v26.8 (Yoast SEO v26.8) - https:\/\/yoast.com\/product\/yoast-seo-premium-wordpress\/ -->\n<title>Ensemble de 2 poufs Nuvola - AlloraLiving.com<\/title>\n<meta name=\"robots\" content=\"index, follow, max-snippet:-1, max-image-preview:large, max-video-preview:-1\" \/>\n<link rel=\"canonical\" href=\"https:\/\/alloraliving.com\/fr\/ensemble-de-2-poufs-nuvola\/\" \/>\n<meta property=\"og:locale\" content=\"fr_FR\" \/>\n<meta property=\"og:type\" content=\"article\" \/>\n<meta property=\"og:title\" content=\"Ensemble de 2 poufs Nuvola\" \/>\n<meta property=\"og:description\" content=\"Deux poufs NUVOLA sont un accent polyvalent qui apporte l\u00e9g\u00e8ret\u00e9 et \u00e9l\u00e9gance moderne \u00e0 l&#039;int\u00e9rieur. Les formes arrondies inspir\u00e9es des nuages \u200b\u200bs\u00e9duisent non seulement par leur forme, mais offrent \u00e9galement une fonctionnalit\u00e9 exceptionnelle : elles peuvent \u00eatre utilis\u00e9es comme si\u00e8ges suppl\u00e9mentaires, repose-pieds ou accents d\u00e9coratifs subtils. Cet ensemble est parfait pour les espaces o\u00f9 l\u2019\u00e9quilibre entre esth\u00e9tique et convivialit\u00e9 est essentiel.  Une finition velours luxueuse d\u00e9clin\u00e9e en six teintes sophistiqu\u00e9es souligne la coh\u00e9rence du design. Gr\u00e2ce \u00e0 ses couleurs uniformes, l&#039;ensemble de poufs compl\u00e8te harmonieusement l&#039;int\u00e9rieur, lui conf\u00e9rant un caract\u00e8re raffin\u00e9.\" \/>\n<meta property=\"og:url\" content=\"https:\/\/alloraliving.com\/fr\/ensemble-de-2-poufs-nuvola\/\" \/>\n<meta property=\"og:site_name\" content=\"AlloraLiving.com\" \/>\n<meta property=\"article:modified_time\" content=\"2025-02-11T07:42:57+00:00\" \/>\n<meta property=\"og:image\" content=\"https:\/\/alloraliving.com\/wp-content\/uploads\/1-zestaw-2-puf-nuvola-sand-cream.jpg\" \/>\n\t<meta property=\"og:image:width\" content=\"1600\" \/>\n\t<meta property=\"og:image:height\" content=\"1200\" \/>\n\t<meta property=\"og:image:type\" content=\"image\/jpeg\" \/>\n<meta name=\"twitter:card\" content=\"summary_large_image\" \/>\n<meta name=\"twitter:label1\" content=\"Disponibilit\u00e9\" \/>\n\t<meta name=\"twitter:data1\" content=\"En stock\" \/>\n<script type=\"application\/ld+json\" class=\"yoast-schema-graph\">{\"@context\":\"https:\/\/schema.org\",\"@graph\":[{\"@type\":[\"WebPage\",\"ItemPage\"],\"@id\":\"https:\/\/alloraliving.com\/fr\/ensemble-de-2-poufs-nuvola\/\",\"url\":\"https:\/\/alloraliving.com\/fr\/ensemble-de-2-poufs-nuvola\/\",\"name\":\"Ensemble de 2 poufs Nuvola - AlloraLiving.com\",\"isPartOf\":{\"@id\":\"https:\/\/alloraliving.com\/fr\/#website\"},\"primaryImageOfPage\":{\"@id\":\"https:\/\/alloraliving.com\/fr\/ensemble-de-2-poufs-nuvola\/#primaryimage\"},\"image\":{\"@id\":\"https:\/\/alloraliving.com\/fr\/ensemble-de-2-poufs-nuvola\/#primaryimage\"},\"thumbnailUrl\":\"https:\/\/alloraliving.com\/wp-content\/uploads\/1-zestaw-2-puf-nuvola-sand-cream.jpg\",\"datePublished\":\"2024-12-18T07:50:49+00:00\",\"dateModified\":\"2025-02-11T07:42:57+00:00\",\"breadcrumb\":{\"@id\":\"https:\/\/alloraliving.com\/fr\/ensemble-de-2-poufs-nuvola\/#breadcrumb\"},\"inLanguage\":\"fr-FR\",\"potentialAction\":[{\"@type\":\"ReadAction\",\"target\":[\"https:\/\/alloraliving.com\/fr\/ensemble-de-2-poufs-nuvola\/\"]}]},{\"@type\":\"ImageObject\",\"inLanguage\":\"fr-FR\",\"@id\":\"https:\/\/alloraliving.com\/fr\/ensemble-de-2-poufs-nuvola\/#primaryimage\",\"url\":\"https:\/\/alloraliving.com\/wp-content\/uploads\/1-zestaw-2-puf-nuvola-sand-cream.jpg\",\"contentUrl\":\"https:\/\/alloraliving.com\/wp-content\/uploads\/1-zestaw-2-puf-nuvola-sand-cream.jpg\",\"width\":1600,\"height\":1200},{\"@type\":\"BreadcrumbList\",\"@id\":\"https:\/\/alloraliving.com\/fr\/ensemble-de-2-poufs-nuvola\/#breadcrumb\",\"itemListElement\":[{\"@type\":\"ListItem\",\"position\":1,\"name\":\"Strona g\u0142\u00f3wna\",\"item\":\"https:\/\/alloraliving.com\/fr\/\"},{\"@type\":\"ListItem\",\"position\":2,\"name\":\"Boutique\",\"item\":\"https:\/\/alloraliving.com\/fr\/?page_id=6496\"},{\"@type\":\"ListItem\",\"position\":3,\"name\":\"Ensemble de 2 poufs Nuvola\"}]},{\"@type\":\"WebSite\",\"@id\":\"https:\/\/alloraliving.com\/fr\/#website\",\"url\":\"https:\/\/alloraliving.com\/fr\/\",\"name\":\"AlloraLiving.com\",\"description\":\"\",\"potentialAction\":[{\"@type\":\"SearchAction\",\"target\":{\"@type\":\"EntryPoint\",\"urlTemplate\":\"https:\/\/alloraliving.com\/fr\/?s={search_term_string}\"},\"query-input\":{\"@type\":\"PropertyValueSpecification\",\"valueRequired\":true,\"valueName\":\"search_term_string\"}}],\"inLanguage\":\"fr-FR\"}]}<\/script>\n<meta property=\"og:availability\" content=\"instock\" \/>\n<meta property=\"product:availability\" content=\"instock\" \/>\n<meta property=\"product:condition\" content=\"new\" \/>\n<!-- \/ Yoast SEO Premium plugin. -->","yoast_head_json":{"title":"Ensemble de 2 poufs Nuvola - AlloraLiving.com","robots":{"index":"index","follow":"follow","max-snippet":"max-snippet:-1","max-image-preview":"max-image-preview:large","max-video-preview":"max-video-preview:-1"},"canonical":"https:\/\/alloraliving.com\/fr\/ensemble-de-2-poufs-nuvola\/","og_locale":"fr_FR","og_type":"article","og_title":"Ensemble de 2 poufs Nuvola","og_description":"Deux poufs NUVOLA sont un accent polyvalent qui apporte l\u00e9g\u00e8ret\u00e9 et \u00e9l\u00e9gance moderne \u00e0 l'int\u00e9rieur. Les formes arrondies inspir\u00e9es des nuages \u200b\u200bs\u00e9duisent non seulement par leur forme, mais offrent \u00e9galement une fonctionnalit\u00e9 exceptionnelle : elles peuvent \u00eatre utilis\u00e9es comme si\u00e8ges suppl\u00e9mentaires, repose-pieds ou accents d\u00e9coratifs subtils. Cet ensemble est parfait pour les espaces o\u00f9 l\u2019\u00e9quilibre entre esth\u00e9tique et convivialit\u00e9 est essentiel.  Une finition velours luxueuse d\u00e9clin\u00e9e en six teintes sophistiqu\u00e9es souligne la coh\u00e9rence du design. Gr\u00e2ce \u00e0 ses couleurs uniformes, l'ensemble de poufs compl\u00e8te harmonieusement l'int\u00e9rieur, lui conf\u00e9rant un caract\u00e8re raffin\u00e9.","og_url":"https:\/\/alloraliving.com\/fr\/ensemble-de-2-poufs-nuvola\/","og_site_name":"AlloraLiving.com","article_modified_time":"2025-02-11T07:42:57+00:00","og_image":[{"width":1600,"height":1200,"url":"https:\/\/alloraliving.com\/wp-content\/uploads\/1-zestaw-2-puf-nuvola-sand-cream.jpg","type":"image\/jpeg"}],"twitter_card":"summary_large_image","twitter_misc":{"Disponibilit\u00e9":"En stock"},"schema":{"@context":"https:\/\/schema.org","@graph":[{"@type":["WebPage","ItemPage"],"@id":"https:\/\/alloraliving.com\/fr\/ensemble-de-2-poufs-nuvola\/","url":"https:\/\/alloraliving.com\/fr\/ensemble-de-2-poufs-nuvola\/","name":"Ensemble de 2 poufs Nuvola - AlloraLiving.com","isPartOf":{"@id":"https:\/\/alloraliving.com\/fr\/#website"},"primaryImageOfPage":{"@id":"https:\/\/alloraliving.com\/fr\/ensemble-de-2-poufs-nuvola\/#primaryimage"},"image":{"@id":"https:\/\/alloraliving.com\/fr\/ensemble-de-2-poufs-nuvola\/#primaryimage"},"thumbnailUrl":"https:\/\/alloraliving.com\/wp-content\/uploads\/1-zestaw-2-puf-nuvola-sand-cream.jpg","datePublished":"2024-12-18T07:50:49+00:00","dateModified":"2025-02-11T07:42:57+00:00","breadcrumb":{"@id":"https:\/\/alloraliving.com\/fr\/ensemble-de-2-poufs-nuvola\/#breadcrumb"},"inLanguage":"fr-FR","potentialAction":[{"@type":"ReadAction","target":["https:\/\/alloraliving.com\/fr\/ensemble-de-2-poufs-nuvola\/"]}]},{"@type":"ImageObject","inLanguage":"fr-FR","@id":"https:\/\/alloraliving.com\/fr\/ensemble-de-2-poufs-nuvola\/#primaryimage","url":"https:\/\/alloraliving.com\/wp-content\/uploads\/1-zestaw-2-puf-nuvola-sand-cream.jpg","contentUrl":"https:\/\/alloraliving.com\/wp-content\/uploads\/1-zestaw-2-puf-nuvola-sand-cream.jpg","width":1600,"height":1200},{"@type":"BreadcrumbList","@id":"https:\/\/alloraliving.com\/fr\/ensemble-de-2-poufs-nuvola\/#breadcrumb","itemListElement":[{"@type":"ListItem","position":1,"name":"Strona g\u0142\u00f3wna","item":"https:\/\/alloraliving.com\/fr\/"},{"@type":"ListItem","position":2,"name":"Boutique","item":"https:\/\/alloraliving.com\/fr\/?page_id=6496"},{"@type":"ListItem","position":3,"name":"Ensemble de 2 poufs Nuvola"}]},{"@type":"WebSite","@id":"https:\/\/alloraliving.com\/fr\/#website","url":"https:\/\/alloraliving.com\/fr\/","name":"AlloraLiving.com","description":"","potentialAction":[{"@type":"SearchAction","target":{"@type":"EntryPoint","urlTemplate":"https:\/\/alloraliving.com\/fr\/?s={search_term_string}"},"query-input":{"@type":"PropertyValueSpecification","valueRequired":true,"valueName":"search_term_string"}}],"inLanguage":"fr-FR"}]},"og_availability":"instock","product_availability":"instock","product_condition":"new"},"_links":{"self":[{"href":"https:\/\/alloraliving.com\/fr\/wp-json\/wp\/v2\/product\/7792","targetHints":{"allow":["GET"]}}],"collection":[{"href":"https:\/\/alloraliving.com\/fr\/wp-json\/wp\/v2\/product"}],"about":[{"href":"https:\/\/alloraliving.com\/fr\/wp-json\/wp\/v2\/types\/product"}],"wp:featuredmedia":[{"embeddable":true,"href":"https:\/\/alloraliving.com\/fr\/wp-json\/wp\/v2\/media\/7793"}],"wp:attachment":[{"href":"https:\/\/alloraliving.com\/fr\/wp-json\/wp\/v2\/media?parent=7792"}],"wp:term":[{"taxonomy":"product_brand","embeddable":true,"href":"https:\/\/alloraliving.com\/fr\/wp-json\/wp\/v2\/product_brand?post=7792"},{"taxonomy":"product_cat","embeddable":true,"href":"https:\/\/alloraliving.com\/fr\/wp-json\/wp\/v2\/product_cat?post=7792"},{"taxonomy":"product_tag","embeddable":true,"href":"https:\/\/alloraliving.com\/fr\/wp-json\/wp\/v2\/product_tag?post=7792"}],"curies":[{"name":"wp","href":"https:\/\/api.w.org\/{rel}","templated":true}]}}