{"id":7842,"date":"2024-12-18T08:40:45","date_gmt":"2024-12-18T07:40:45","guid":{"rendered":"https:\/\/alloraliving.com\/ensemble-de-2-fauteuils-nuvola\/"},"modified":"2025-02-11T08:42:59","modified_gmt":"2025-02-11T07:42:59","slug":"ensemble-de-2-fauteuils-nuvola","status":"publish","type":"product","link":"https:\/\/alloraliving.com\/fr\/ensemble-de-2-fauteuils-nuvola\/","title":{"rendered":"Ensemble de 2 fauteuils Nuvola"},"content":{"rendered":"","protected":false},"excerpt":{"rendered":"<p>L&rsquo;ensemble de deux fauteuils NUVOLA est la quintessence du confort et du style, parfait pour ceux qui souhaitent cr\u00e9er un espace \u00e9l\u00e9gant de conversation ou de d\u00e9tente. Les lignes douces et arrondies et la forme l\u00e9g\u00e8re des fauteuils inspir\u00e9s des nuages \u200b\u200bapportent subtilit\u00e9 et harmonie \u00e0 l&rsquo;int\u00e9rieur. L&rsquo;ensemble fonctionnera parfaitement dans des espaces plus grands, permettant un agencement coh\u00e9rent ou d\u00e9limitant clairement des zones de d\u00e9tente.<\/p>\n<p>La collection NUVOLA d&rsquo;Allora Living pr\u00e9sente un rev\u00eatement en velours luxueux dans six couleurs soigneusement s\u00e9lectionn\u00e9es. Choisissez un ensemble dans une seule teinte pour souligner la coh\u00e9rence et l&rsquo;\u00e9l\u00e9gance de l&rsquo;int\u00e9rieur, cr\u00e9ant un espace plein d&rsquo;harmonie et de sophistication.  <\/p>\n","protected":false},"featured_media":7843,"template":"","meta":[],"product_brand":[],"product_cat":[936,930],"product_tag":[],"class_list":{"0":"post-7842","1":"product","2":"type-product","3":"status-publish","4":"has-post-thumbnail","6":"product_cat-collection-nuvola","7":"product_cat-sieges","8":"product_shipping_class-livraison-gratuite","10":"first","11":"instock","12":"taxable","13":"shipping-taxable","14":"purchasable","15":"product-type-variable","16":"has-default-attributes","17":"wvs-archive-product-wrapper"},"yoast_head":"<!-- This site is optimized with the Yoast SEO Premium plugin v26.8 (Yoast SEO v26.8) - https:\/\/yoast.com\/product\/yoast-seo-premium-wordpress\/ -->\n<title>Ensemble de 2 fauteuils Nuvola - AlloraLiving.com<\/title>\n<meta name=\"robots\" content=\"index, follow, max-snippet:-1, max-image-preview:large, max-video-preview:-1\" \/>\n<link rel=\"canonical\" href=\"https:\/\/alloraliving.com\/fr\/ensemble-de-2-fauteuils-nuvola\/\" \/>\n<meta property=\"og:locale\" content=\"fr_FR\" \/>\n<meta property=\"og:type\" content=\"article\" \/>\n<meta property=\"og:title\" content=\"Ensemble de 2 fauteuils Nuvola\" \/>\n<meta property=\"og:description\" content=\"L&#039;ensemble de deux fauteuils NUVOLA est la quintessence du confort et du style, parfait pour ceux qui souhaitent cr\u00e9er un espace \u00e9l\u00e9gant de conversation ou de d\u00e9tente. Les lignes douces et arrondies et la forme l\u00e9g\u00e8re des fauteuils inspir\u00e9s des nuages \u200b\u200bapportent subtilit\u00e9 et harmonie \u00e0 l&#039;int\u00e9rieur. L&#039;ensemble fonctionnera parfaitement dans des espaces plus grands, permettant un agencement coh\u00e9rent ou d\u00e9limitant clairement des zones de d\u00e9tente. La collection NUVOLA d&#039;Allora Living pr\u00e9sente un rev\u00eatement en velours luxueux dans six couleurs soigneusement s\u00e9lectionn\u00e9es. Choisissez un ensemble dans une seule teinte pour souligner la coh\u00e9rence et l&#039;\u00e9l\u00e9gance de l&#039;int\u00e9rieur, cr\u00e9ant un espace plein d&#039;harmonie et de sophistication.\" \/>\n<meta property=\"og:url\" content=\"https:\/\/alloraliving.com\/fr\/ensemble-de-2-fauteuils-nuvola\/\" \/>\n<meta property=\"og:site_name\" content=\"AlloraLiving.com\" \/>\n<meta property=\"article:modified_time\" content=\"2025-02-11T07:42:59+00:00\" \/>\n<meta property=\"og:image\" content=\"https:\/\/alloraliving.com\/wp-content\/uploads\/1-zestaw-2-elementy-proste-nuvola-sand-cream.jpg\" \/>\n\t<meta property=\"og:image:width\" content=\"1600\" \/>\n\t<meta property=\"og:image:height\" content=\"1200\" \/>\n\t<meta property=\"og:image:type\" content=\"image\/jpeg\" \/>\n<meta name=\"twitter:card\" content=\"summary_large_image\" \/>\n<meta name=\"twitter:label1\" content=\"Disponibilit\u00e9\" \/>\n\t<meta name=\"twitter:data1\" content=\"En stock\" \/>\n<script type=\"application\/ld+json\" class=\"yoast-schema-graph\">{\"@context\":\"https:\/\/schema.org\",\"@graph\":[{\"@type\":[\"WebPage\",\"ItemPage\"],\"@id\":\"https:\/\/alloraliving.com\/fr\/ensemble-de-2-fauteuils-nuvola\/\",\"url\":\"https:\/\/alloraliving.com\/fr\/ensemble-de-2-fauteuils-nuvola\/\",\"name\":\"Ensemble de 2 fauteuils Nuvola - AlloraLiving.com\",\"isPartOf\":{\"@id\":\"https:\/\/alloraliving.com\/fr\/#website\"},\"primaryImageOfPage\":{\"@id\":\"https:\/\/alloraliving.com\/fr\/ensemble-de-2-fauteuils-nuvola\/#primaryimage\"},\"image\":{\"@id\":\"https:\/\/alloraliving.com\/fr\/ensemble-de-2-fauteuils-nuvola\/#primaryimage\"},\"thumbnailUrl\":\"https:\/\/alloraliving.com\/wp-content\/uploads\/1-zestaw-2-elementy-proste-nuvola-sand-cream.jpg\",\"datePublished\":\"2024-12-18T07:40:45+00:00\",\"dateModified\":\"2025-02-11T07:42:59+00:00\",\"breadcrumb\":{\"@id\":\"https:\/\/alloraliving.com\/fr\/ensemble-de-2-fauteuils-nuvola\/#breadcrumb\"},\"inLanguage\":\"fr-FR\",\"potentialAction\":[{\"@type\":\"ReadAction\",\"target\":[\"https:\/\/alloraliving.com\/fr\/ensemble-de-2-fauteuils-nuvola\/\"]}]},{\"@type\":\"ImageObject\",\"inLanguage\":\"fr-FR\",\"@id\":\"https:\/\/alloraliving.com\/fr\/ensemble-de-2-fauteuils-nuvola\/#primaryimage\",\"url\":\"https:\/\/alloraliving.com\/wp-content\/uploads\/1-zestaw-2-elementy-proste-nuvola-sand-cream.jpg\",\"contentUrl\":\"https:\/\/alloraliving.com\/wp-content\/uploads\/1-zestaw-2-elementy-proste-nuvola-sand-cream.jpg\",\"width\":1600,\"height\":1200},{\"@type\":\"BreadcrumbList\",\"@id\":\"https:\/\/alloraliving.com\/fr\/ensemble-de-2-fauteuils-nuvola\/#breadcrumb\",\"itemListElement\":[{\"@type\":\"ListItem\",\"position\":1,\"name\":\"Strona g\u0142\u00f3wna\",\"item\":\"https:\/\/alloraliving.com\/fr\/\"},{\"@type\":\"ListItem\",\"position\":2,\"name\":\"Boutique\",\"item\":\"https:\/\/alloraliving.com\/fr\/?page_id=6496\"},{\"@type\":\"ListItem\",\"position\":3,\"name\":\"Ensemble de 2 fauteuils Nuvola\"}]},{\"@type\":\"WebSite\",\"@id\":\"https:\/\/alloraliving.com\/fr\/#website\",\"url\":\"https:\/\/alloraliving.com\/fr\/\",\"name\":\"AlloraLiving.com\",\"description\":\"\",\"potentialAction\":[{\"@type\":\"SearchAction\",\"target\":{\"@type\":\"EntryPoint\",\"urlTemplate\":\"https:\/\/alloraliving.com\/fr\/?s={search_term_string}\"},\"query-input\":{\"@type\":\"PropertyValueSpecification\",\"valueRequired\":true,\"valueName\":\"search_term_string\"}}],\"inLanguage\":\"fr-FR\"}]}<\/script>\n<meta property=\"og:availability\" content=\"instock\" \/>\n<meta property=\"product:availability\" content=\"instock\" \/>\n<meta property=\"product:condition\" content=\"new\" \/>\n<!-- \/ Yoast SEO Premium plugin. -->","yoast_head_json":{"title":"Ensemble de 2 fauteuils Nuvola - AlloraLiving.com","robots":{"index":"index","follow":"follow","max-snippet":"max-snippet:-1","max-image-preview":"max-image-preview:large","max-video-preview":"max-video-preview:-1"},"canonical":"https:\/\/alloraliving.com\/fr\/ensemble-de-2-fauteuils-nuvola\/","og_locale":"fr_FR","og_type":"article","og_title":"Ensemble de 2 fauteuils Nuvola","og_description":"L'ensemble de deux fauteuils NUVOLA est la quintessence du confort et du style, parfait pour ceux qui souhaitent cr\u00e9er un espace \u00e9l\u00e9gant de conversation ou de d\u00e9tente. Les lignes douces et arrondies et la forme l\u00e9g\u00e8re des fauteuils inspir\u00e9s des nuages \u200b\u200bapportent subtilit\u00e9 et harmonie \u00e0 l'int\u00e9rieur. L'ensemble fonctionnera parfaitement dans des espaces plus grands, permettant un agencement coh\u00e9rent ou d\u00e9limitant clairement des zones de d\u00e9tente. La collection NUVOLA d'Allora Living pr\u00e9sente un rev\u00eatement en velours luxueux dans six couleurs soigneusement s\u00e9lectionn\u00e9es. Choisissez un ensemble dans une seule teinte pour souligner la coh\u00e9rence et l'\u00e9l\u00e9gance de l'int\u00e9rieur, cr\u00e9ant un espace plein d'harmonie et de sophistication.","og_url":"https:\/\/alloraliving.com\/fr\/ensemble-de-2-fauteuils-nuvola\/","og_site_name":"AlloraLiving.com","article_modified_time":"2025-02-11T07:42:59+00:00","og_image":[{"width":1600,"height":1200,"url":"https:\/\/alloraliving.com\/wp-content\/uploads\/1-zestaw-2-elementy-proste-nuvola-sand-cream.jpg","type":"image\/jpeg"}],"twitter_card":"summary_large_image","twitter_misc":{"Disponibilit\u00e9":"En stock"},"schema":{"@context":"https:\/\/schema.org","@graph":[{"@type":["WebPage","ItemPage"],"@id":"https:\/\/alloraliving.com\/fr\/ensemble-de-2-fauteuils-nuvola\/","url":"https:\/\/alloraliving.com\/fr\/ensemble-de-2-fauteuils-nuvola\/","name":"Ensemble de 2 fauteuils Nuvola - AlloraLiving.com","isPartOf":{"@id":"https:\/\/alloraliving.com\/fr\/#website"},"primaryImageOfPage":{"@id":"https:\/\/alloraliving.com\/fr\/ensemble-de-2-fauteuils-nuvola\/#primaryimage"},"image":{"@id":"https:\/\/alloraliving.com\/fr\/ensemble-de-2-fauteuils-nuvola\/#primaryimage"},"thumbnailUrl":"https:\/\/alloraliving.com\/wp-content\/uploads\/1-zestaw-2-elementy-proste-nuvola-sand-cream.jpg","datePublished":"2024-12-18T07:40:45+00:00","dateModified":"2025-02-11T07:42:59+00:00","breadcrumb":{"@id":"https:\/\/alloraliving.com\/fr\/ensemble-de-2-fauteuils-nuvola\/#breadcrumb"},"inLanguage":"fr-FR","potentialAction":[{"@type":"ReadAction","target":["https:\/\/alloraliving.com\/fr\/ensemble-de-2-fauteuils-nuvola\/"]}]},{"@type":"ImageObject","inLanguage":"fr-FR","@id":"https:\/\/alloraliving.com\/fr\/ensemble-de-2-fauteuils-nuvola\/#primaryimage","url":"https:\/\/alloraliving.com\/wp-content\/uploads\/1-zestaw-2-elementy-proste-nuvola-sand-cream.jpg","contentUrl":"https:\/\/alloraliving.com\/wp-content\/uploads\/1-zestaw-2-elementy-proste-nuvola-sand-cream.jpg","width":1600,"height":1200},{"@type":"BreadcrumbList","@id":"https:\/\/alloraliving.com\/fr\/ensemble-de-2-fauteuils-nuvola\/#breadcrumb","itemListElement":[{"@type":"ListItem","position":1,"name":"Strona g\u0142\u00f3wna","item":"https:\/\/alloraliving.com\/fr\/"},{"@type":"ListItem","position":2,"name":"Boutique","item":"https:\/\/alloraliving.com\/fr\/?page_id=6496"},{"@type":"ListItem","position":3,"name":"Ensemble de 2 fauteuils Nuvola"}]},{"@type":"WebSite","@id":"https:\/\/alloraliving.com\/fr\/#website","url":"https:\/\/alloraliving.com\/fr\/","name":"AlloraLiving.com","description":"","potentialAction":[{"@type":"SearchAction","target":{"@type":"EntryPoint","urlTemplate":"https:\/\/alloraliving.com\/fr\/?s={search_term_string}"},"query-input":{"@type":"PropertyValueSpecification","valueRequired":true,"valueName":"search_term_string"}}],"inLanguage":"fr-FR"}]},"og_availability":"instock","product_availability":"instock","product_condition":"new"},"_links":{"self":[{"href":"https:\/\/alloraliving.com\/fr\/wp-json\/wp\/v2\/product\/7842","targetHints":{"allow":["GET"]}}],"collection":[{"href":"https:\/\/alloraliving.com\/fr\/wp-json\/wp\/v2\/product"}],"about":[{"href":"https:\/\/alloraliving.com\/fr\/wp-json\/wp\/v2\/types\/product"}],"wp:featuredmedia":[{"embeddable":true,"href":"https:\/\/alloraliving.com\/fr\/wp-json\/wp\/v2\/media\/7843"}],"wp:attachment":[{"href":"https:\/\/alloraliving.com\/fr\/wp-json\/wp\/v2\/media?parent=7842"}],"wp:term":[{"taxonomy":"product_brand","embeddable":true,"href":"https:\/\/alloraliving.com\/fr\/wp-json\/wp\/v2\/product_brand?post=7842"},{"taxonomy":"product_cat","embeddable":true,"href":"https:\/\/alloraliving.com\/fr\/wp-json\/wp\/v2\/product_cat?post=7842"},{"taxonomy":"product_tag","embeddable":true,"href":"https:\/\/alloraliving.com\/fr\/wp-json\/wp\/v2\/product_tag?post=7842"}],"curies":[{"name":"wp","href":"https:\/\/api.w.org\/{rel}","templated":true}]}}