{"id":7855,"date":"2024-07-04T09:59:37","date_gmt":"2024-07-04T07:59:37","guid":{"rendered":"https:\/\/alloraliving.com\/element-gauche-nuvola\/"},"modified":"2025-02-11T08:43:01","modified_gmt":"2025-02-11T07:43:01","slug":"element-gauche-nuvola","status":"publish","type":"product","link":"https:\/\/alloraliving.com\/fr\/element-gauche-nuvola\/","title":{"rendered":"\u00c9l\u00e9ment gauche Nuvola"},"content":{"rendered":"","protected":false},"excerpt":{"rendered":"<p>L&rsquo;\u00e9l\u00e9ment gauche de NUVOLA est un module cl\u00e9 qui, gr\u00e2ce aux lignes arrondies du dossier et de l&rsquo;accoudoir mobile, rappelle la l\u00e9g\u00e8ret\u00e9 et la variabilit\u00e9 des nuages. Cette forme harmonieuse introduit une atmosph\u00e8re subtile et d\u00e9licate dans l&rsquo;int\u00e9rieur. Il est propos\u00e9 dans un tissu velours aux couleurs \u00e9l\u00e9gantes, qui soulignent en outre le caract\u00e8re doux et cosy du meuble.  <\/p>\n<p>Vous pouvez combiner cet \u00e9l\u00e9ment avec d&rsquo;autres modules de la collection NUVOLA pour cr\u00e9er un espace parfaitement personnalis\u00e9 qui correspond \u00e0 vos besoins.<\/p>\n","protected":false},"featured_media":7856,"template":"","meta":[],"product_brand":[],"product_cat":[946,947,936],"product_tag":[],"class_list":{"0":"post-7855","1":"product","2":"type-product","3":"status-publish","4":"has-post-thumbnail","6":"product_cat-canapes","7":"product_cat-canapes-modulaires","8":"product_cat-collection-nuvola","9":"product_shipping_class-livraison-gratuite","11":"first","12":"instock","13":"taxable","14":"shipping-taxable","15":"purchasable","16":"product-type-variable","17":"has-default-attributes","18":"wvs-archive-product-wrapper"},"yoast_head":"<!-- This site is optimized with the Yoast SEO Premium plugin v26.8 (Yoast SEO v26.8) - https:\/\/yoast.com\/product\/yoast-seo-premium-wordpress\/ -->\n<title>\u00c9l\u00e9ment gauche Nuvola - AlloraLiving.com<\/title>\n<meta name=\"robots\" content=\"index, follow, max-snippet:-1, max-image-preview:large, max-video-preview:-1\" \/>\n<link rel=\"canonical\" href=\"https:\/\/alloraliving.com\/fr\/element-gauche-nuvola\/\" \/>\n<meta property=\"og:locale\" content=\"fr_FR\" \/>\n<meta property=\"og:type\" content=\"article\" \/>\n<meta property=\"og:title\" content=\"\u00c9l\u00e9ment gauche Nuvola\" \/>\n<meta property=\"og:description\" content=\"L&#039;\u00e9l\u00e9ment gauche de NUVOLA est un module cl\u00e9 qui, gr\u00e2ce aux lignes arrondies du dossier et de l&#039;accoudoir mobile, rappelle la l\u00e9g\u00e8ret\u00e9 et la variabilit\u00e9 des nuages. Cette forme harmonieuse introduit une atmosph\u00e8re subtile et d\u00e9licate dans l&#039;int\u00e9rieur. Il est propos\u00e9 dans un tissu velours aux couleurs \u00e9l\u00e9gantes, qui soulignent en outre le caract\u00e8re doux et cosy du meuble.  Vous pouvez combiner cet \u00e9l\u00e9ment avec d&#039;autres modules de la collection NUVOLA pour cr\u00e9er un espace parfaitement personnalis\u00e9 qui correspond \u00e0 vos besoins.\" \/>\n<meta property=\"og:url\" content=\"https:\/\/alloraliving.com\/fr\/element-gauche-nuvola\/\" \/>\n<meta property=\"og:site_name\" content=\"AlloraLiving.com\" \/>\n<meta property=\"article:modified_time\" content=\"2025-02-11T07:43:01+00:00\" \/>\n<meta property=\"og:image\" content=\"https:\/\/alloraliving.com\/wp-content\/uploads\/1-element-lewy-sofy-modulowej-nuvola-sand-cream.jpg\" \/>\n\t<meta property=\"og:image:width\" content=\"1600\" \/>\n\t<meta property=\"og:image:height\" content=\"1200\" \/>\n\t<meta property=\"og:image:type\" content=\"image\/jpeg\" \/>\n<meta name=\"twitter:card\" content=\"summary_large_image\" \/>\n<meta name=\"twitter:label1\" content=\"Disponibilit\u00e9\" \/>\n\t<meta name=\"twitter:data1\" content=\"En stock\" \/>\n<script type=\"application\/ld+json\" class=\"yoast-schema-graph\">{\"@context\":\"https:\/\/schema.org\",\"@graph\":[{\"@type\":[\"WebPage\",\"ItemPage\"],\"@id\":\"https:\/\/alloraliving.com\/fr\/element-gauche-nuvola\/\",\"url\":\"https:\/\/alloraliving.com\/fr\/element-gauche-nuvola\/\",\"name\":\"\u00c9l\u00e9ment gauche Nuvola - AlloraLiving.com\",\"isPartOf\":{\"@id\":\"https:\/\/alloraliving.com\/fr\/#website\"},\"primaryImageOfPage\":{\"@id\":\"https:\/\/alloraliving.com\/fr\/element-gauche-nuvola\/#primaryimage\"},\"image\":{\"@id\":\"https:\/\/alloraliving.com\/fr\/element-gauche-nuvola\/#primaryimage\"},\"thumbnailUrl\":\"https:\/\/alloraliving.com\/wp-content\/uploads\/1-element-lewy-sofy-modulowej-nuvola-sand-cream.jpg\",\"datePublished\":\"2024-07-04T07:59:37+00:00\",\"dateModified\":\"2025-02-11T07:43:01+00:00\",\"breadcrumb\":{\"@id\":\"https:\/\/alloraliving.com\/fr\/element-gauche-nuvola\/#breadcrumb\"},\"inLanguage\":\"fr-FR\",\"potentialAction\":[{\"@type\":\"ReadAction\",\"target\":[\"https:\/\/alloraliving.com\/fr\/element-gauche-nuvola\/\"]}]},{\"@type\":\"ImageObject\",\"inLanguage\":\"fr-FR\",\"@id\":\"https:\/\/alloraliving.com\/fr\/element-gauche-nuvola\/#primaryimage\",\"url\":\"https:\/\/alloraliving.com\/wp-content\/uploads\/1-element-lewy-sofy-modulowej-nuvola-sand-cream.jpg\",\"contentUrl\":\"https:\/\/alloraliving.com\/wp-content\/uploads\/1-element-lewy-sofy-modulowej-nuvola-sand-cream.jpg\",\"width\":1600,\"height\":1200},{\"@type\":\"BreadcrumbList\",\"@id\":\"https:\/\/alloraliving.com\/fr\/element-gauche-nuvola\/#breadcrumb\",\"itemListElement\":[{\"@type\":\"ListItem\",\"position\":1,\"name\":\"Strona g\u0142\u00f3wna\",\"item\":\"https:\/\/alloraliving.com\/fr\/\"},{\"@type\":\"ListItem\",\"position\":2,\"name\":\"Boutique\",\"item\":\"https:\/\/alloraliving.com\/fr\/?page_id=6496\"},{\"@type\":\"ListItem\",\"position\":3,\"name\":\"\u00c9l\u00e9ment gauche Nuvola\"}]},{\"@type\":\"WebSite\",\"@id\":\"https:\/\/alloraliving.com\/fr\/#website\",\"url\":\"https:\/\/alloraliving.com\/fr\/\",\"name\":\"AlloraLiving.com\",\"description\":\"\",\"potentialAction\":[{\"@type\":\"SearchAction\",\"target\":{\"@type\":\"EntryPoint\",\"urlTemplate\":\"https:\/\/alloraliving.com\/fr\/?s={search_term_string}\"},\"query-input\":{\"@type\":\"PropertyValueSpecification\",\"valueRequired\":true,\"valueName\":\"search_term_string\"}}],\"inLanguage\":\"fr-FR\"}]}<\/script>\n<meta property=\"og:availability\" content=\"instock\" \/>\n<meta property=\"product:availability\" content=\"instock\" \/>\n<meta property=\"product:condition\" content=\"new\" \/>\n<!-- \/ Yoast SEO Premium plugin. -->","yoast_head_json":{"title":"\u00c9l\u00e9ment gauche Nuvola - AlloraLiving.com","robots":{"index":"index","follow":"follow","max-snippet":"max-snippet:-1","max-image-preview":"max-image-preview:large","max-video-preview":"max-video-preview:-1"},"canonical":"https:\/\/alloraliving.com\/fr\/element-gauche-nuvola\/","og_locale":"fr_FR","og_type":"article","og_title":"\u00c9l\u00e9ment gauche Nuvola","og_description":"L'\u00e9l\u00e9ment gauche de NUVOLA est un module cl\u00e9 qui, gr\u00e2ce aux lignes arrondies du dossier et de l'accoudoir mobile, rappelle la l\u00e9g\u00e8ret\u00e9 et la variabilit\u00e9 des nuages. Cette forme harmonieuse introduit une atmosph\u00e8re subtile et d\u00e9licate dans l'int\u00e9rieur. Il est propos\u00e9 dans un tissu velours aux couleurs \u00e9l\u00e9gantes, qui soulignent en outre le caract\u00e8re doux et cosy du meuble.  Vous pouvez combiner cet \u00e9l\u00e9ment avec d'autres modules de la collection NUVOLA pour cr\u00e9er un espace parfaitement personnalis\u00e9 qui correspond \u00e0 vos besoins.","og_url":"https:\/\/alloraliving.com\/fr\/element-gauche-nuvola\/","og_site_name":"AlloraLiving.com","article_modified_time":"2025-02-11T07:43:01+00:00","og_image":[{"width":1600,"height":1200,"url":"https:\/\/alloraliving.com\/wp-content\/uploads\/1-element-lewy-sofy-modulowej-nuvola-sand-cream.jpg","type":"image\/jpeg"}],"twitter_card":"summary_large_image","twitter_misc":{"Disponibilit\u00e9":"En stock"},"schema":{"@context":"https:\/\/schema.org","@graph":[{"@type":["WebPage","ItemPage"],"@id":"https:\/\/alloraliving.com\/fr\/element-gauche-nuvola\/","url":"https:\/\/alloraliving.com\/fr\/element-gauche-nuvola\/","name":"\u00c9l\u00e9ment gauche Nuvola - AlloraLiving.com","isPartOf":{"@id":"https:\/\/alloraliving.com\/fr\/#website"},"primaryImageOfPage":{"@id":"https:\/\/alloraliving.com\/fr\/element-gauche-nuvola\/#primaryimage"},"image":{"@id":"https:\/\/alloraliving.com\/fr\/element-gauche-nuvola\/#primaryimage"},"thumbnailUrl":"https:\/\/alloraliving.com\/wp-content\/uploads\/1-element-lewy-sofy-modulowej-nuvola-sand-cream.jpg","datePublished":"2024-07-04T07:59:37+00:00","dateModified":"2025-02-11T07:43:01+00:00","breadcrumb":{"@id":"https:\/\/alloraliving.com\/fr\/element-gauche-nuvola\/#breadcrumb"},"inLanguage":"fr-FR","potentialAction":[{"@type":"ReadAction","target":["https:\/\/alloraliving.com\/fr\/element-gauche-nuvola\/"]}]},{"@type":"ImageObject","inLanguage":"fr-FR","@id":"https:\/\/alloraliving.com\/fr\/element-gauche-nuvola\/#primaryimage","url":"https:\/\/alloraliving.com\/wp-content\/uploads\/1-element-lewy-sofy-modulowej-nuvola-sand-cream.jpg","contentUrl":"https:\/\/alloraliving.com\/wp-content\/uploads\/1-element-lewy-sofy-modulowej-nuvola-sand-cream.jpg","width":1600,"height":1200},{"@type":"BreadcrumbList","@id":"https:\/\/alloraliving.com\/fr\/element-gauche-nuvola\/#breadcrumb","itemListElement":[{"@type":"ListItem","position":1,"name":"Strona g\u0142\u00f3wna","item":"https:\/\/alloraliving.com\/fr\/"},{"@type":"ListItem","position":2,"name":"Boutique","item":"https:\/\/alloraliving.com\/fr\/?page_id=6496"},{"@type":"ListItem","position":3,"name":"\u00c9l\u00e9ment gauche Nuvola"}]},{"@type":"WebSite","@id":"https:\/\/alloraliving.com\/fr\/#website","url":"https:\/\/alloraliving.com\/fr\/","name":"AlloraLiving.com","description":"","potentialAction":[{"@type":"SearchAction","target":{"@type":"EntryPoint","urlTemplate":"https:\/\/alloraliving.com\/fr\/?s={search_term_string}"},"query-input":{"@type":"PropertyValueSpecification","valueRequired":true,"valueName":"search_term_string"}}],"inLanguage":"fr-FR"}]},"og_availability":"instock","product_availability":"instock","product_condition":"new"},"_links":{"self":[{"href":"https:\/\/alloraliving.com\/fr\/wp-json\/wp\/v2\/product\/7855","targetHints":{"allow":["GET"]}}],"collection":[{"href":"https:\/\/alloraliving.com\/fr\/wp-json\/wp\/v2\/product"}],"about":[{"href":"https:\/\/alloraliving.com\/fr\/wp-json\/wp\/v2\/types\/product"}],"wp:featuredmedia":[{"embeddable":true,"href":"https:\/\/alloraliving.com\/fr\/wp-json\/wp\/v2\/media\/7856"}],"wp:attachment":[{"href":"https:\/\/alloraliving.com\/fr\/wp-json\/wp\/v2\/media?parent=7855"}],"wp:term":[{"taxonomy":"product_brand","embeddable":true,"href":"https:\/\/alloraliving.com\/fr\/wp-json\/wp\/v2\/product_brand?post=7855"},{"taxonomy":"product_cat","embeddable":true,"href":"https:\/\/alloraliving.com\/fr\/wp-json\/wp\/v2\/product_cat?post=7855"},{"taxonomy":"product_tag","embeddable":true,"href":"https:\/\/alloraliving.com\/fr\/wp-json\/wp\/v2\/product_tag?post=7855"}],"curies":[{"name":"wp","href":"https:\/\/api.w.org\/{rel}","templated":true}]}}