{"id":7910,"date":"2024-10-02T13:54:33","date_gmt":"2024-10-02T11:54:33","guid":{"rendered":"https:\/\/alloraliving.com\/canape-dangle-siesta-avec-fonction-couchage\/"},"modified":"2025-02-11T08:43:44","modified_gmt":"2025-02-11T07:43:44","slug":"canape-dangle-siesta-avec-fonction-couchage","status":"publish","type":"product","link":"https:\/\/alloraliving.com\/fr\/canape-dangle-siesta-avec-fonction-couchage\/","title":{"rendered":"Canap\u00e9 d&rsquo;angle Siesta avec fonction couchage"},"content":{"rendered":"","protected":false},"excerpt":{"rendered":"<p>Le canap\u00e9 d&rsquo;angle SIESTA avec fonction couchage est un meuble polyvalent qui s&rsquo;int\u00e9grera parfaitement dans les grands espaces, offrant des si\u00e8ges et un espace de couchage suppl\u00e9mentaires. Gr\u00e2ce au compartiment literie, il conserve un aspect esth\u00e9tique et ordonn\u00e9 tout en assurant un confort d&rsquo;utilisation total. <\/p>\n<p>Le canap\u00e9 d&rsquo;angle s&rsquo;associe parfaitement \u00e0 un canap\u00e9 de la m\u00eame collection, qui cr\u00e9ent ensemble un espace de d\u00e9tente complet. Le tissu \u00e9pais en velours c\u00f4tel\u00e9 met en valeur le caract\u00e8re du meuble, lui conf\u00e9rant une texture unique et un style moderne qui correspond parfaitement aux tendances actuelles. <\/p>\n","protected":false},"featured_media":7911,"template":"","meta":[],"product_brand":[],"product_cat":[946,947,937],"product_tag":[],"class_list":{"0":"post-7910","1":"product","2":"type-product","3":"status-publish","4":"has-post-thumbnail","6":"product_cat-canapes","7":"product_cat-canapes-modulaires","8":"product_cat-collection-siesta","9":"product_shipping_class-livraison-gratuite","11":"first","12":"instock","13":"taxable","14":"shipping-taxable","15":"purchasable","16":"product-type-variable","17":"has-default-attributes","18":"wvs-archive-product-wrapper"},"yoast_head":"<!-- This site is optimized with the Yoast SEO Premium plugin v26.8 (Yoast SEO v26.8) - https:\/\/yoast.com\/product\/yoast-seo-premium-wordpress\/ -->\n<title>Canap\u00e9 d&#039;angle Siesta avec fonction couchage - AlloraLiving.com<\/title>\n<meta name=\"robots\" content=\"index, follow, max-snippet:-1, max-image-preview:large, max-video-preview:-1\" \/>\n<link rel=\"canonical\" href=\"https:\/\/alloraliving.com\/fr\/canape-dangle-siesta-avec-fonction-couchage\/\" \/>\n<meta property=\"og:locale\" content=\"fr_FR\" \/>\n<meta property=\"og:type\" content=\"article\" \/>\n<meta property=\"og:title\" content=\"Canap\u00e9 d&#039;angle Siesta avec fonction couchage\" \/>\n<meta property=\"og:description\" content=\"Le canap\u00e9 d&#039;angle SIESTA avec fonction couchage est un meuble polyvalent qui s&#039;int\u00e9grera parfaitement dans les grands espaces, offrant des si\u00e8ges et un espace de couchage suppl\u00e9mentaires. Gr\u00e2ce au compartiment literie, il conserve un aspect esth\u00e9tique et ordonn\u00e9 tout en assurant un confort d&#039;utilisation total.  Le canap\u00e9 d&#039;angle s&#039;associe parfaitement \u00e0 un canap\u00e9 de la m\u00eame collection, qui cr\u00e9ent ensemble un espace de d\u00e9tente complet. Le tissu \u00e9pais en velours c\u00f4tel\u00e9 met en valeur le caract\u00e8re du meuble, lui conf\u00e9rant une texture unique et un style moderne qui correspond parfaitement aux tendances actuelles.\" \/>\n<meta property=\"og:url\" content=\"https:\/\/alloraliving.com\/fr\/canape-dangle-siesta-avec-fonction-couchage\/\" \/>\n<meta property=\"og:site_name\" content=\"AlloraLiving.com\" \/>\n<meta property=\"article:modified_time\" content=\"2025-02-11T07:43:44+00:00\" \/>\n<meta property=\"og:image\" content=\"https:\/\/alloraliving.com\/wp-content\/uploads\/1-jasna-sztruksowa-sofa-narozna-do-salonu-siesta-sand-cream.jpg\" \/>\n\t<meta property=\"og:image:width\" content=\"1600\" \/>\n\t<meta property=\"og:image:height\" content=\"1200\" \/>\n\t<meta property=\"og:image:type\" content=\"image\/jpeg\" \/>\n<meta name=\"twitter:card\" content=\"summary_large_image\" \/>\n<meta name=\"twitter:label1\" content=\"Disponibilit\u00e9\" \/>\n\t<meta name=\"twitter:data1\" content=\"En stock\" \/>\n<script type=\"application\/ld+json\" class=\"yoast-schema-graph\">{\"@context\":\"https:\/\/schema.org\",\"@graph\":[{\"@type\":[\"WebPage\",\"ItemPage\"],\"@id\":\"https:\/\/alloraliving.com\/fr\/canape-dangle-siesta-avec-fonction-couchage\/\",\"url\":\"https:\/\/alloraliving.com\/fr\/canape-dangle-siesta-avec-fonction-couchage\/\",\"name\":\"Canap\u00e9 d'angle Siesta avec fonction couchage - AlloraLiving.com\",\"isPartOf\":{\"@id\":\"https:\/\/alloraliving.com\/fr\/#website\"},\"primaryImageOfPage\":{\"@id\":\"https:\/\/alloraliving.com\/fr\/canape-dangle-siesta-avec-fonction-couchage\/#primaryimage\"},\"image\":{\"@id\":\"https:\/\/alloraliving.com\/fr\/canape-dangle-siesta-avec-fonction-couchage\/#primaryimage\"},\"thumbnailUrl\":\"https:\/\/alloraliving.com\/wp-content\/uploads\/1-jasna-sztruksowa-sofa-narozna-do-salonu-siesta-sand-cream.jpg\",\"datePublished\":\"2024-10-02T11:54:33+00:00\",\"dateModified\":\"2025-02-11T07:43:44+00:00\",\"breadcrumb\":{\"@id\":\"https:\/\/alloraliving.com\/fr\/canape-dangle-siesta-avec-fonction-couchage\/#breadcrumb\"},\"inLanguage\":\"fr-FR\",\"potentialAction\":[{\"@type\":\"ReadAction\",\"target\":[\"https:\/\/alloraliving.com\/fr\/canape-dangle-siesta-avec-fonction-couchage\/\"]}]},{\"@type\":\"ImageObject\",\"inLanguage\":\"fr-FR\",\"@id\":\"https:\/\/alloraliving.com\/fr\/canape-dangle-siesta-avec-fonction-couchage\/#primaryimage\",\"url\":\"https:\/\/alloraliving.com\/wp-content\/uploads\/1-jasna-sztruksowa-sofa-narozna-do-salonu-siesta-sand-cream.jpg\",\"contentUrl\":\"https:\/\/alloraliving.com\/wp-content\/uploads\/1-jasna-sztruksowa-sofa-narozna-do-salonu-siesta-sand-cream.jpg\",\"width\":1600,\"height\":1200},{\"@type\":\"BreadcrumbList\",\"@id\":\"https:\/\/alloraliving.com\/fr\/canape-dangle-siesta-avec-fonction-couchage\/#breadcrumb\",\"itemListElement\":[{\"@type\":\"ListItem\",\"position\":1,\"name\":\"Strona g\u0142\u00f3wna\",\"item\":\"https:\/\/alloraliving.com\/fr\/\"},{\"@type\":\"ListItem\",\"position\":2,\"name\":\"Boutique\",\"item\":\"https:\/\/alloraliving.com\/fr\/?page_id=6496\"},{\"@type\":\"ListItem\",\"position\":3,\"name\":\"Canap\u00e9 d&#8217;angle Siesta avec fonction couchage\"}]},{\"@type\":\"WebSite\",\"@id\":\"https:\/\/alloraliving.com\/fr\/#website\",\"url\":\"https:\/\/alloraliving.com\/fr\/\",\"name\":\"AlloraLiving.com\",\"description\":\"\",\"potentialAction\":[{\"@type\":\"SearchAction\",\"target\":{\"@type\":\"EntryPoint\",\"urlTemplate\":\"https:\/\/alloraliving.com\/fr\/?s={search_term_string}\"},\"query-input\":{\"@type\":\"PropertyValueSpecification\",\"valueRequired\":true,\"valueName\":\"search_term_string\"}}],\"inLanguage\":\"fr-FR\"}]}<\/script>\n<meta property=\"og:availability\" content=\"instock\" \/>\n<meta property=\"product:availability\" content=\"instock\" \/>\n<meta property=\"product:condition\" content=\"new\" \/>\n<!-- \/ Yoast SEO Premium plugin. -->","yoast_head_json":{"title":"Canap\u00e9 d'angle Siesta avec fonction couchage - AlloraLiving.com","robots":{"index":"index","follow":"follow","max-snippet":"max-snippet:-1","max-image-preview":"max-image-preview:large","max-video-preview":"max-video-preview:-1"},"canonical":"https:\/\/alloraliving.com\/fr\/canape-dangle-siesta-avec-fonction-couchage\/","og_locale":"fr_FR","og_type":"article","og_title":"Canap\u00e9 d'angle Siesta avec fonction couchage","og_description":"Le canap\u00e9 d'angle SIESTA avec fonction couchage est un meuble polyvalent qui s'int\u00e9grera parfaitement dans les grands espaces, offrant des si\u00e8ges et un espace de couchage suppl\u00e9mentaires. Gr\u00e2ce au compartiment literie, il conserve un aspect esth\u00e9tique et ordonn\u00e9 tout en assurant un confort d'utilisation total.  Le canap\u00e9 d'angle s'associe parfaitement \u00e0 un canap\u00e9 de la m\u00eame collection, qui cr\u00e9ent ensemble un espace de d\u00e9tente complet. Le tissu \u00e9pais en velours c\u00f4tel\u00e9 met en valeur le caract\u00e8re du meuble, lui conf\u00e9rant une texture unique et un style moderne qui correspond parfaitement aux tendances actuelles.","og_url":"https:\/\/alloraliving.com\/fr\/canape-dangle-siesta-avec-fonction-couchage\/","og_site_name":"AlloraLiving.com","article_modified_time":"2025-02-11T07:43:44+00:00","og_image":[{"width":1600,"height":1200,"url":"https:\/\/alloraliving.com\/wp-content\/uploads\/1-jasna-sztruksowa-sofa-narozna-do-salonu-siesta-sand-cream.jpg","type":"image\/jpeg"}],"twitter_card":"summary_large_image","twitter_misc":{"Disponibilit\u00e9":"En stock"},"schema":{"@context":"https:\/\/schema.org","@graph":[{"@type":["WebPage","ItemPage"],"@id":"https:\/\/alloraliving.com\/fr\/canape-dangle-siesta-avec-fonction-couchage\/","url":"https:\/\/alloraliving.com\/fr\/canape-dangle-siesta-avec-fonction-couchage\/","name":"Canap\u00e9 d'angle Siesta avec fonction couchage - AlloraLiving.com","isPartOf":{"@id":"https:\/\/alloraliving.com\/fr\/#website"},"primaryImageOfPage":{"@id":"https:\/\/alloraliving.com\/fr\/canape-dangle-siesta-avec-fonction-couchage\/#primaryimage"},"image":{"@id":"https:\/\/alloraliving.com\/fr\/canape-dangle-siesta-avec-fonction-couchage\/#primaryimage"},"thumbnailUrl":"https:\/\/alloraliving.com\/wp-content\/uploads\/1-jasna-sztruksowa-sofa-narozna-do-salonu-siesta-sand-cream.jpg","datePublished":"2024-10-02T11:54:33+00:00","dateModified":"2025-02-11T07:43:44+00:00","breadcrumb":{"@id":"https:\/\/alloraliving.com\/fr\/canape-dangle-siesta-avec-fonction-couchage\/#breadcrumb"},"inLanguage":"fr-FR","potentialAction":[{"@type":"ReadAction","target":["https:\/\/alloraliving.com\/fr\/canape-dangle-siesta-avec-fonction-couchage\/"]}]},{"@type":"ImageObject","inLanguage":"fr-FR","@id":"https:\/\/alloraliving.com\/fr\/canape-dangle-siesta-avec-fonction-couchage\/#primaryimage","url":"https:\/\/alloraliving.com\/wp-content\/uploads\/1-jasna-sztruksowa-sofa-narozna-do-salonu-siesta-sand-cream.jpg","contentUrl":"https:\/\/alloraliving.com\/wp-content\/uploads\/1-jasna-sztruksowa-sofa-narozna-do-salonu-siesta-sand-cream.jpg","width":1600,"height":1200},{"@type":"BreadcrumbList","@id":"https:\/\/alloraliving.com\/fr\/canape-dangle-siesta-avec-fonction-couchage\/#breadcrumb","itemListElement":[{"@type":"ListItem","position":1,"name":"Strona g\u0142\u00f3wna","item":"https:\/\/alloraliving.com\/fr\/"},{"@type":"ListItem","position":2,"name":"Boutique","item":"https:\/\/alloraliving.com\/fr\/?page_id=6496"},{"@type":"ListItem","position":3,"name":"Canap\u00e9 d&#8217;angle Siesta avec fonction couchage"}]},{"@type":"WebSite","@id":"https:\/\/alloraliving.com\/fr\/#website","url":"https:\/\/alloraliving.com\/fr\/","name":"AlloraLiving.com","description":"","potentialAction":[{"@type":"SearchAction","target":{"@type":"EntryPoint","urlTemplate":"https:\/\/alloraliving.com\/fr\/?s={search_term_string}"},"query-input":{"@type":"PropertyValueSpecification","valueRequired":true,"valueName":"search_term_string"}}],"inLanguage":"fr-FR"}]},"og_availability":"instock","product_availability":"instock","product_condition":"new"},"_links":{"self":[{"href":"https:\/\/alloraliving.com\/fr\/wp-json\/wp\/v2\/product\/7910","targetHints":{"allow":["GET"]}}],"collection":[{"href":"https:\/\/alloraliving.com\/fr\/wp-json\/wp\/v2\/product"}],"about":[{"href":"https:\/\/alloraliving.com\/fr\/wp-json\/wp\/v2\/types\/product"}],"wp:featuredmedia":[{"embeddable":true,"href":"https:\/\/alloraliving.com\/fr\/wp-json\/wp\/v2\/media\/7911"}],"wp:attachment":[{"href":"https:\/\/alloraliving.com\/fr\/wp-json\/wp\/v2\/media?parent=7910"}],"wp:term":[{"taxonomy":"product_brand","embeddable":true,"href":"https:\/\/alloraliving.com\/fr\/wp-json\/wp\/v2\/product_brand?post=7910"},{"taxonomy":"product_cat","embeddable":true,"href":"https:\/\/alloraliving.com\/fr\/wp-json\/wp\/v2\/product_cat?post=7910"},{"taxonomy":"product_tag","embeddable":true,"href":"https:\/\/alloraliving.com\/fr\/wp-json\/wp\/v2\/product_tag?post=7910"}],"curies":[{"name":"wp","href":"https:\/\/api.w.org\/{rel}","templated":true}]}}