{"id":7973,"date":"2024-10-02T08:16:51","date_gmt":"2024-10-02T06:16:51","guid":{"rendered":"https:\/\/alloraliving.com\/canape-2-places-siesta-avec-fonction-couchage\/"},"modified":"2025-02-11T08:43:47","modified_gmt":"2025-02-11T07:43:47","slug":"canape-2-places-siesta-avec-fonction-couchage","status":"publish","type":"product","link":"https:\/\/alloraliving.com\/fr\/canape-2-places-siesta-avec-fonction-couchage\/","title":{"rendered":"Canap\u00e9 2 places Siesta avec fonction couchage"},"content":{"rendered":"","protected":false},"excerpt":{"rendered":"<p>Le canap\u00e9 SIESTA avec fonction couchage est une solution pratique et \u00e9l\u00e9gante pour les espaces o\u00f9 le confort et l&rsquo;esth\u00e9tique sont importants. Gr\u00e2ce \u00e0 sa forme compacte et \u00e0 ses lignes modernes, ce meuble conviendra aussi bien aux petits appartements qu&rsquo;aux grands salons, compl\u00e9tant harmonieusement le d\u00e9cor. La fonction couchage et le compartiment couchage assurent un confort quotidien, tandis que le rev\u00eatement \u00e9pais en velours c\u00f4tel\u00e9 souligne le caract\u00e8re intemporel du canap\u00e9, conf\u00e9rant \u00e0 l&rsquo;int\u00e9rieur un confort unique.  <\/p>\n<p>La collection SIESTA d&rsquo;Allora Living s&rsquo;inspire des derni\u00e8res tendances des salons mondiaux de design d&rsquo;int\u00e9rieur, alliant fonctionnalit\u00e9 et \u00e9l\u00e9gance dans une forme qui ne se d\u00e9modera jamais.<\/p>\n","protected":false},"featured_media":7974,"template":"","meta":[],"product_brand":[],"product_cat":[946,947,937],"product_tag":[],"class_list":{"0":"post-7973","1":"product","2":"type-product","3":"status-publish","4":"has-post-thumbnail","6":"product_cat-canapes","7":"product_cat-canapes-modulaires","8":"product_cat-collection-siesta","9":"product_shipping_class-livraison-gratuite","11":"first","12":"instock","13":"taxable","14":"shipping-taxable","15":"purchasable","16":"product-type-variable","17":"has-default-attributes","18":"wvs-archive-product-wrapper"},"yoast_head":"<!-- This site is optimized with the Yoast SEO Premium plugin v26.8 (Yoast SEO v26.8) - https:\/\/yoast.com\/product\/yoast-seo-premium-wordpress\/ -->\n<title>Canap\u00e9 2 places Siesta avec fonction couchage - AlloraLiving.com<\/title>\n<meta name=\"robots\" content=\"index, follow, max-snippet:-1, max-image-preview:large, max-video-preview:-1\" \/>\n<link rel=\"canonical\" href=\"https:\/\/alloraliving.com\/fr\/canape-2-places-siesta-avec-fonction-couchage\/\" \/>\n<meta property=\"og:locale\" content=\"fr_FR\" \/>\n<meta property=\"og:type\" content=\"article\" \/>\n<meta property=\"og:title\" content=\"Canap\u00e9 2 places Siesta avec fonction couchage\" \/>\n<meta property=\"og:description\" content=\"Le canap\u00e9 SIESTA avec fonction couchage est une solution pratique et \u00e9l\u00e9gante pour les espaces o\u00f9 le confort et l&#039;esth\u00e9tique sont importants. Gr\u00e2ce \u00e0 sa forme compacte et \u00e0 ses lignes modernes, ce meuble conviendra aussi bien aux petits appartements qu&#039;aux grands salons, compl\u00e9tant harmonieusement le d\u00e9cor. La fonction couchage et le compartiment couchage assurent un confort quotidien, tandis que le rev\u00eatement \u00e9pais en velours c\u00f4tel\u00e9 souligne le caract\u00e8re intemporel du canap\u00e9, conf\u00e9rant \u00e0 l&#039;int\u00e9rieur un confort unique.  La collection SIESTA d&#039;Allora Living s&#039;inspire des derni\u00e8res tendances des salons mondiaux de design d&#039;int\u00e9rieur, alliant fonctionnalit\u00e9 et \u00e9l\u00e9gance dans une forme qui ne se d\u00e9modera jamais.\" \/>\n<meta property=\"og:url\" content=\"https:\/\/alloraliving.com\/fr\/canape-2-places-siesta-avec-fonction-couchage\/\" \/>\n<meta property=\"og:site_name\" content=\"AlloraLiving.com\" \/>\n<meta property=\"article:modified_time\" content=\"2025-02-11T07:43:47+00:00\" \/>\n<meta property=\"og:image\" content=\"https:\/\/alloraliving.com\/wp-content\/uploads\/1-kremowa-sofa-rozkladana-z-funkcja-spania-siesta-sand-cream.jpg\" \/>\n\t<meta property=\"og:image:width\" content=\"1600\" \/>\n\t<meta property=\"og:image:height\" content=\"1200\" \/>\n\t<meta property=\"og:image:type\" content=\"image\/jpeg\" \/>\n<meta name=\"twitter:card\" content=\"summary_large_image\" \/>\n<meta name=\"twitter:label1\" content=\"Disponibilit\u00e9\" \/>\n\t<meta name=\"twitter:data1\" content=\"En stock\" \/>\n<script type=\"application\/ld+json\" class=\"yoast-schema-graph\">{\"@context\":\"https:\/\/schema.org\",\"@graph\":[{\"@type\":[\"WebPage\",\"ItemPage\"],\"@id\":\"https:\/\/alloraliving.com\/fr\/canape-2-places-siesta-avec-fonction-couchage\/\",\"url\":\"https:\/\/alloraliving.com\/fr\/canape-2-places-siesta-avec-fonction-couchage\/\",\"name\":\"Canap\u00e9 2 places Siesta avec fonction couchage - AlloraLiving.com\",\"isPartOf\":{\"@id\":\"https:\/\/alloraliving.com\/fr\/#website\"},\"primaryImageOfPage\":{\"@id\":\"https:\/\/alloraliving.com\/fr\/canape-2-places-siesta-avec-fonction-couchage\/#primaryimage\"},\"image\":{\"@id\":\"https:\/\/alloraliving.com\/fr\/canape-2-places-siesta-avec-fonction-couchage\/#primaryimage\"},\"thumbnailUrl\":\"https:\/\/alloraliving.com\/wp-content\/uploads\/1-kremowa-sofa-rozkladana-z-funkcja-spania-siesta-sand-cream.jpg\",\"datePublished\":\"2024-10-02T06:16:51+00:00\",\"dateModified\":\"2025-02-11T07:43:47+00:00\",\"breadcrumb\":{\"@id\":\"https:\/\/alloraliving.com\/fr\/canape-2-places-siesta-avec-fonction-couchage\/#breadcrumb\"},\"inLanguage\":\"fr-FR\",\"potentialAction\":[{\"@type\":\"ReadAction\",\"target\":[\"https:\/\/alloraliving.com\/fr\/canape-2-places-siesta-avec-fonction-couchage\/\"]}]},{\"@type\":\"ImageObject\",\"inLanguage\":\"fr-FR\",\"@id\":\"https:\/\/alloraliving.com\/fr\/canape-2-places-siesta-avec-fonction-couchage\/#primaryimage\",\"url\":\"https:\/\/alloraliving.com\/wp-content\/uploads\/1-kremowa-sofa-rozkladana-z-funkcja-spania-siesta-sand-cream.jpg\",\"contentUrl\":\"https:\/\/alloraliving.com\/wp-content\/uploads\/1-kremowa-sofa-rozkladana-z-funkcja-spania-siesta-sand-cream.jpg\",\"width\":1600,\"height\":1200},{\"@type\":\"BreadcrumbList\",\"@id\":\"https:\/\/alloraliving.com\/fr\/canape-2-places-siesta-avec-fonction-couchage\/#breadcrumb\",\"itemListElement\":[{\"@type\":\"ListItem\",\"position\":1,\"name\":\"Strona g\u0142\u00f3wna\",\"item\":\"https:\/\/alloraliving.com\/fr\/\"},{\"@type\":\"ListItem\",\"position\":2,\"name\":\"Boutique\",\"item\":\"https:\/\/alloraliving.com\/fr\/?page_id=6496\"},{\"@type\":\"ListItem\",\"position\":3,\"name\":\"Canap\u00e9 2 places Siesta avec fonction couchage\"}]},{\"@type\":\"WebSite\",\"@id\":\"https:\/\/alloraliving.com\/fr\/#website\",\"url\":\"https:\/\/alloraliving.com\/fr\/\",\"name\":\"AlloraLiving.com\",\"description\":\"\",\"potentialAction\":[{\"@type\":\"SearchAction\",\"target\":{\"@type\":\"EntryPoint\",\"urlTemplate\":\"https:\/\/alloraliving.com\/fr\/?s={search_term_string}\"},\"query-input\":{\"@type\":\"PropertyValueSpecification\",\"valueRequired\":true,\"valueName\":\"search_term_string\"}}],\"inLanguage\":\"fr-FR\"}]}<\/script>\n<meta property=\"og:availability\" content=\"instock\" \/>\n<meta property=\"product:availability\" content=\"instock\" \/>\n<meta property=\"product:condition\" content=\"new\" \/>\n<!-- \/ Yoast SEO Premium plugin. -->","yoast_head_json":{"title":"Canap\u00e9 2 places Siesta avec fonction couchage - AlloraLiving.com","robots":{"index":"index","follow":"follow","max-snippet":"max-snippet:-1","max-image-preview":"max-image-preview:large","max-video-preview":"max-video-preview:-1"},"canonical":"https:\/\/alloraliving.com\/fr\/canape-2-places-siesta-avec-fonction-couchage\/","og_locale":"fr_FR","og_type":"article","og_title":"Canap\u00e9 2 places Siesta avec fonction couchage","og_description":"Le canap\u00e9 SIESTA avec fonction couchage est une solution pratique et \u00e9l\u00e9gante pour les espaces o\u00f9 le confort et l'esth\u00e9tique sont importants. Gr\u00e2ce \u00e0 sa forme compacte et \u00e0 ses lignes modernes, ce meuble conviendra aussi bien aux petits appartements qu'aux grands salons, compl\u00e9tant harmonieusement le d\u00e9cor. La fonction couchage et le compartiment couchage assurent un confort quotidien, tandis que le rev\u00eatement \u00e9pais en velours c\u00f4tel\u00e9 souligne le caract\u00e8re intemporel du canap\u00e9, conf\u00e9rant \u00e0 l'int\u00e9rieur un confort unique.  La collection SIESTA d'Allora Living s'inspire des derni\u00e8res tendances des salons mondiaux de design d'int\u00e9rieur, alliant fonctionnalit\u00e9 et \u00e9l\u00e9gance dans une forme qui ne se d\u00e9modera jamais.","og_url":"https:\/\/alloraliving.com\/fr\/canape-2-places-siesta-avec-fonction-couchage\/","og_site_name":"AlloraLiving.com","article_modified_time":"2025-02-11T07:43:47+00:00","og_image":[{"width":1600,"height":1200,"url":"https:\/\/alloraliving.com\/wp-content\/uploads\/1-kremowa-sofa-rozkladana-z-funkcja-spania-siesta-sand-cream.jpg","type":"image\/jpeg"}],"twitter_card":"summary_large_image","twitter_misc":{"Disponibilit\u00e9":"En stock"},"schema":{"@context":"https:\/\/schema.org","@graph":[{"@type":["WebPage","ItemPage"],"@id":"https:\/\/alloraliving.com\/fr\/canape-2-places-siesta-avec-fonction-couchage\/","url":"https:\/\/alloraliving.com\/fr\/canape-2-places-siesta-avec-fonction-couchage\/","name":"Canap\u00e9 2 places Siesta avec fonction couchage - AlloraLiving.com","isPartOf":{"@id":"https:\/\/alloraliving.com\/fr\/#website"},"primaryImageOfPage":{"@id":"https:\/\/alloraliving.com\/fr\/canape-2-places-siesta-avec-fonction-couchage\/#primaryimage"},"image":{"@id":"https:\/\/alloraliving.com\/fr\/canape-2-places-siesta-avec-fonction-couchage\/#primaryimage"},"thumbnailUrl":"https:\/\/alloraliving.com\/wp-content\/uploads\/1-kremowa-sofa-rozkladana-z-funkcja-spania-siesta-sand-cream.jpg","datePublished":"2024-10-02T06:16:51+00:00","dateModified":"2025-02-11T07:43:47+00:00","breadcrumb":{"@id":"https:\/\/alloraliving.com\/fr\/canape-2-places-siesta-avec-fonction-couchage\/#breadcrumb"},"inLanguage":"fr-FR","potentialAction":[{"@type":"ReadAction","target":["https:\/\/alloraliving.com\/fr\/canape-2-places-siesta-avec-fonction-couchage\/"]}]},{"@type":"ImageObject","inLanguage":"fr-FR","@id":"https:\/\/alloraliving.com\/fr\/canape-2-places-siesta-avec-fonction-couchage\/#primaryimage","url":"https:\/\/alloraliving.com\/wp-content\/uploads\/1-kremowa-sofa-rozkladana-z-funkcja-spania-siesta-sand-cream.jpg","contentUrl":"https:\/\/alloraliving.com\/wp-content\/uploads\/1-kremowa-sofa-rozkladana-z-funkcja-spania-siesta-sand-cream.jpg","width":1600,"height":1200},{"@type":"BreadcrumbList","@id":"https:\/\/alloraliving.com\/fr\/canape-2-places-siesta-avec-fonction-couchage\/#breadcrumb","itemListElement":[{"@type":"ListItem","position":1,"name":"Strona g\u0142\u00f3wna","item":"https:\/\/alloraliving.com\/fr\/"},{"@type":"ListItem","position":2,"name":"Boutique","item":"https:\/\/alloraliving.com\/fr\/?page_id=6496"},{"@type":"ListItem","position":3,"name":"Canap\u00e9 2 places Siesta avec fonction couchage"}]},{"@type":"WebSite","@id":"https:\/\/alloraliving.com\/fr\/#website","url":"https:\/\/alloraliving.com\/fr\/","name":"AlloraLiving.com","description":"","potentialAction":[{"@type":"SearchAction","target":{"@type":"EntryPoint","urlTemplate":"https:\/\/alloraliving.com\/fr\/?s={search_term_string}"},"query-input":{"@type":"PropertyValueSpecification","valueRequired":true,"valueName":"search_term_string"}}],"inLanguage":"fr-FR"}]},"og_availability":"instock","product_availability":"instock","product_condition":"new"},"_links":{"self":[{"href":"https:\/\/alloraliving.com\/fr\/wp-json\/wp\/v2\/product\/7973","targetHints":{"allow":["GET"]}}],"collection":[{"href":"https:\/\/alloraliving.com\/fr\/wp-json\/wp\/v2\/product"}],"about":[{"href":"https:\/\/alloraliving.com\/fr\/wp-json\/wp\/v2\/types\/product"}],"wp:featuredmedia":[{"embeddable":true,"href":"https:\/\/alloraliving.com\/fr\/wp-json\/wp\/v2\/media\/7974"}],"wp:attachment":[{"href":"https:\/\/alloraliving.com\/fr\/wp-json\/wp\/v2\/media?parent=7973"}],"wp:term":[{"taxonomy":"product_brand","embeddable":true,"href":"https:\/\/alloraliving.com\/fr\/wp-json\/wp\/v2\/product_brand?post=7973"},{"taxonomy":"product_cat","embeddable":true,"href":"https:\/\/alloraliving.com\/fr\/wp-json\/wp\/v2\/product_cat?post=7973"},{"taxonomy":"product_tag","embeddable":true,"href":"https:\/\/alloraliving.com\/fr\/wp-json\/wp\/v2\/product_tag?post=7973"}],"curies":[{"name":"wp","href":"https:\/\/api.w.org\/{rel}","templated":true}]}}