{"id":8013,"date":"2024-12-21T09:44:28","date_gmt":"2024-12-21T08:44:28","guid":{"rendered":"https:\/\/alloraliving.com\/module-triple-simple-solaire\/"},"modified":"2025-02-11T08:44:31","modified_gmt":"2025-02-11T07:44:31","slug":"module-triple-simple-solaire","status":"publish","type":"product","link":"https:\/\/alloraliving.com\/fr\/module-triple-simple-solaire\/","title":{"rendered":"Module triple simple solaire"},"content":{"rendered":"","protected":false},"excerpt":{"rendered":"<p>Le module triple droit SOLARE offre plus d&rsquo;espace d&rsquo;assise tout en conservant l&rsquo;aspect \u00e9l\u00e9gant et minimaliste de la collection. Les coutures g\u00e9om\u00e9triques et les inserts de rembourrage subtils conf\u00e8rent au meuble un aspect exceptionnellement moderne et \u00e9l\u00e9gant. <\/p>\n<p>Vous pouvez combiner le module double simple avec d&rsquo;autres \u00e9l\u00e9ments de la collection SOLARE pour cr\u00e9er un espace confortable et personnalis\u00e9 dans votre maison.<\/p>\n","protected":false},"featured_media":8019,"template":"","meta":[],"product_brand":[],"product_cat":[946,947,938],"product_tag":[],"class_list":{"0":"post-8013","1":"product","2":"type-product","3":"status-publish","4":"has-post-thumbnail","6":"product_cat-canapes","7":"product_cat-canapes-modulaires","8":"product_cat-collection-solare","9":"product_shipping_class-livraison-gratuite","11":"first","12":"instock","13":"taxable","14":"shipping-taxable","15":"purchasable","16":"product-type-variable","17":"has-default-attributes","18":"wvs-archive-product-wrapper"},"yoast_head":"<!-- This site is optimized with the Yoast SEO Premium plugin v26.8 (Yoast SEO v26.8) - https:\/\/yoast.com\/product\/yoast-seo-premium-wordpress\/ -->\n<title>Module triple simple solaire - AlloraLiving.com<\/title>\n<meta name=\"robots\" content=\"index, follow, max-snippet:-1, max-image-preview:large, max-video-preview:-1\" \/>\n<link rel=\"canonical\" href=\"https:\/\/alloraliving.com\/fr\/module-triple-simple-solaire\/\" \/>\n<meta property=\"og:locale\" content=\"fr_FR\" \/>\n<meta property=\"og:type\" content=\"article\" \/>\n<meta property=\"og:title\" content=\"Module triple simple solaire\" \/>\n<meta property=\"og:description\" content=\"Le module triple droit SOLARE offre plus d&#039;espace d&#039;assise tout en conservant l&#039;aspect \u00e9l\u00e9gant et minimaliste de la collection. Les coutures g\u00e9om\u00e9triques et les inserts de rembourrage subtils conf\u00e8rent au meuble un aspect exceptionnellement moderne et \u00e9l\u00e9gant.  Vous pouvez combiner le module double simple avec d&#039;autres \u00e9l\u00e9ments de la collection SOLARE pour cr\u00e9er un espace confortable et personnalis\u00e9 dans votre maison.\" \/>\n<meta property=\"og:url\" content=\"https:\/\/alloraliving.com\/fr\/module-triple-simple-solaire\/\" \/>\n<meta property=\"og:site_name\" content=\"AlloraLiving.com\" \/>\n<meta property=\"article:modified_time\" content=\"2025-02-11T07:44:31+00:00\" \/>\n<meta property=\"og:image\" content=\"https:\/\/alloraliving.com\/wp-content\/uploads\/1-element-prosty-podwojny-sofy-modulowej-solare-sand-cream.jpg\" \/>\n\t<meta property=\"og:image:width\" content=\"1600\" \/>\n\t<meta property=\"og:image:height\" content=\"1200\" \/>\n\t<meta property=\"og:image:type\" content=\"image\/jpeg\" \/>\n<meta name=\"twitter:card\" content=\"summary_large_image\" \/>\n<meta name=\"twitter:label1\" content=\"Disponibilit\u00e9\" \/>\n\t<meta name=\"twitter:data1\" content=\"En stock\" \/>\n<script type=\"application\/ld+json\" class=\"yoast-schema-graph\">{\"@context\":\"https:\/\/schema.org\",\"@graph\":[{\"@type\":[\"WebPage\",\"ItemPage\"],\"@id\":\"https:\/\/alloraliving.com\/fr\/module-triple-simple-solaire\/\",\"url\":\"https:\/\/alloraliving.com\/fr\/module-triple-simple-solaire\/\",\"name\":\"Module triple simple solaire - AlloraLiving.com\",\"isPartOf\":{\"@id\":\"https:\/\/alloraliving.com\/fr\/#website\"},\"primaryImageOfPage\":{\"@id\":\"https:\/\/alloraliving.com\/fr\/module-triple-simple-solaire\/#primaryimage\"},\"image\":{\"@id\":\"https:\/\/alloraliving.com\/fr\/module-triple-simple-solaire\/#primaryimage\"},\"thumbnailUrl\":\"https:\/\/alloraliving.com\/wp-content\/uploads\/1-element-prosty-podwojny-sofy-modulowej-solare-sand-cream.jpg\",\"datePublished\":\"2024-12-21T08:44:28+00:00\",\"dateModified\":\"2025-02-11T07:44:31+00:00\",\"breadcrumb\":{\"@id\":\"https:\/\/alloraliving.com\/fr\/module-triple-simple-solaire\/#breadcrumb\"},\"inLanguage\":\"fr-FR\",\"potentialAction\":[{\"@type\":\"ReadAction\",\"target\":[\"https:\/\/alloraliving.com\/fr\/module-triple-simple-solaire\/\"]}]},{\"@type\":\"ImageObject\",\"inLanguage\":\"fr-FR\",\"@id\":\"https:\/\/alloraliving.com\/fr\/module-triple-simple-solaire\/#primaryimage\",\"url\":\"https:\/\/alloraliving.com\/wp-content\/uploads\/1-element-prosty-podwojny-sofy-modulowej-solare-sand-cream.jpg\",\"contentUrl\":\"https:\/\/alloraliving.com\/wp-content\/uploads\/1-element-prosty-podwojny-sofy-modulowej-solare-sand-cream.jpg\",\"width\":1600,\"height\":1200},{\"@type\":\"BreadcrumbList\",\"@id\":\"https:\/\/alloraliving.com\/fr\/module-triple-simple-solaire\/#breadcrumb\",\"itemListElement\":[{\"@type\":\"ListItem\",\"position\":1,\"name\":\"Strona g\u0142\u00f3wna\",\"item\":\"https:\/\/alloraliving.com\/fr\/\"},{\"@type\":\"ListItem\",\"position\":2,\"name\":\"Boutique\",\"item\":\"https:\/\/alloraliving.com\/fr\/?page_id=6496\"},{\"@type\":\"ListItem\",\"position\":3,\"name\":\"Module triple simple solaire\"}]},{\"@type\":\"WebSite\",\"@id\":\"https:\/\/alloraliving.com\/fr\/#website\",\"url\":\"https:\/\/alloraliving.com\/fr\/\",\"name\":\"AlloraLiving.com\",\"description\":\"\",\"potentialAction\":[{\"@type\":\"SearchAction\",\"target\":{\"@type\":\"EntryPoint\",\"urlTemplate\":\"https:\/\/alloraliving.com\/fr\/?s={search_term_string}\"},\"query-input\":{\"@type\":\"PropertyValueSpecification\",\"valueRequired\":true,\"valueName\":\"search_term_string\"}}],\"inLanguage\":\"fr-FR\"}]}<\/script>\n<meta property=\"og:availability\" content=\"instock\" \/>\n<meta property=\"product:availability\" content=\"instock\" \/>\n<meta property=\"product:condition\" content=\"new\" \/>\n<!-- \/ Yoast SEO Premium plugin. -->","yoast_head_json":{"title":"Module triple simple solaire - AlloraLiving.com","robots":{"index":"index","follow":"follow","max-snippet":"max-snippet:-1","max-image-preview":"max-image-preview:large","max-video-preview":"max-video-preview:-1"},"canonical":"https:\/\/alloraliving.com\/fr\/module-triple-simple-solaire\/","og_locale":"fr_FR","og_type":"article","og_title":"Module triple simple solaire","og_description":"Le module triple droit SOLARE offre plus d'espace d'assise tout en conservant l'aspect \u00e9l\u00e9gant et minimaliste de la collection. Les coutures g\u00e9om\u00e9triques et les inserts de rembourrage subtils conf\u00e8rent au meuble un aspect exceptionnellement moderne et \u00e9l\u00e9gant.  Vous pouvez combiner le module double simple avec d'autres \u00e9l\u00e9ments de la collection SOLARE pour cr\u00e9er un espace confortable et personnalis\u00e9 dans votre maison.","og_url":"https:\/\/alloraliving.com\/fr\/module-triple-simple-solaire\/","og_site_name":"AlloraLiving.com","article_modified_time":"2025-02-11T07:44:31+00:00","og_image":[{"width":1600,"height":1200,"url":"https:\/\/alloraliving.com\/wp-content\/uploads\/1-element-prosty-podwojny-sofy-modulowej-solare-sand-cream.jpg","type":"image\/jpeg"}],"twitter_card":"summary_large_image","twitter_misc":{"Disponibilit\u00e9":"En stock"},"schema":{"@context":"https:\/\/schema.org","@graph":[{"@type":["WebPage","ItemPage"],"@id":"https:\/\/alloraliving.com\/fr\/module-triple-simple-solaire\/","url":"https:\/\/alloraliving.com\/fr\/module-triple-simple-solaire\/","name":"Module triple simple solaire - AlloraLiving.com","isPartOf":{"@id":"https:\/\/alloraliving.com\/fr\/#website"},"primaryImageOfPage":{"@id":"https:\/\/alloraliving.com\/fr\/module-triple-simple-solaire\/#primaryimage"},"image":{"@id":"https:\/\/alloraliving.com\/fr\/module-triple-simple-solaire\/#primaryimage"},"thumbnailUrl":"https:\/\/alloraliving.com\/wp-content\/uploads\/1-element-prosty-podwojny-sofy-modulowej-solare-sand-cream.jpg","datePublished":"2024-12-21T08:44:28+00:00","dateModified":"2025-02-11T07:44:31+00:00","breadcrumb":{"@id":"https:\/\/alloraliving.com\/fr\/module-triple-simple-solaire\/#breadcrumb"},"inLanguage":"fr-FR","potentialAction":[{"@type":"ReadAction","target":["https:\/\/alloraliving.com\/fr\/module-triple-simple-solaire\/"]}]},{"@type":"ImageObject","inLanguage":"fr-FR","@id":"https:\/\/alloraliving.com\/fr\/module-triple-simple-solaire\/#primaryimage","url":"https:\/\/alloraliving.com\/wp-content\/uploads\/1-element-prosty-podwojny-sofy-modulowej-solare-sand-cream.jpg","contentUrl":"https:\/\/alloraliving.com\/wp-content\/uploads\/1-element-prosty-podwojny-sofy-modulowej-solare-sand-cream.jpg","width":1600,"height":1200},{"@type":"BreadcrumbList","@id":"https:\/\/alloraliving.com\/fr\/module-triple-simple-solaire\/#breadcrumb","itemListElement":[{"@type":"ListItem","position":1,"name":"Strona g\u0142\u00f3wna","item":"https:\/\/alloraliving.com\/fr\/"},{"@type":"ListItem","position":2,"name":"Boutique","item":"https:\/\/alloraliving.com\/fr\/?page_id=6496"},{"@type":"ListItem","position":3,"name":"Module triple simple solaire"}]},{"@type":"WebSite","@id":"https:\/\/alloraliving.com\/fr\/#website","url":"https:\/\/alloraliving.com\/fr\/","name":"AlloraLiving.com","description":"","potentialAction":[{"@type":"SearchAction","target":{"@type":"EntryPoint","urlTemplate":"https:\/\/alloraliving.com\/fr\/?s={search_term_string}"},"query-input":{"@type":"PropertyValueSpecification","valueRequired":true,"valueName":"search_term_string"}}],"inLanguage":"fr-FR"}]},"og_availability":"instock","product_availability":"instock","product_condition":"new"},"_links":{"self":[{"href":"https:\/\/alloraliving.com\/fr\/wp-json\/wp\/v2\/product\/8013","targetHints":{"allow":["GET"]}}],"collection":[{"href":"https:\/\/alloraliving.com\/fr\/wp-json\/wp\/v2\/product"}],"about":[{"href":"https:\/\/alloraliving.com\/fr\/wp-json\/wp\/v2\/types\/product"}],"wp:featuredmedia":[{"embeddable":true,"href":"https:\/\/alloraliving.com\/fr\/wp-json\/wp\/v2\/media\/8019"}],"wp:attachment":[{"href":"https:\/\/alloraliving.com\/fr\/wp-json\/wp\/v2\/media?parent=8013"}],"wp:term":[{"taxonomy":"product_brand","embeddable":true,"href":"https:\/\/alloraliving.com\/fr\/wp-json\/wp\/v2\/product_brand?post=8013"},{"taxonomy":"product_cat","embeddable":true,"href":"https:\/\/alloraliving.com\/fr\/wp-json\/wp\/v2\/product_cat?post=8013"},{"taxonomy":"product_tag","embeddable":true,"href":"https:\/\/alloraliving.com\/fr\/wp-json\/wp\/v2\/product_tag?post=8013"}],"curies":[{"name":"wp","href":"https:\/\/api.w.org\/{rel}","templated":true}]}}