{"id":8034,"date":"2025-01-31T14:00:54","date_gmt":"2025-01-31T13:00:54","guid":{"rendered":"https:\/\/alloraliving.com\/module-solaire-simple\/"},"modified":"2025-02-11T08:44:32","modified_gmt":"2025-02-11T07:44:32","slug":"module-solaire-simple","status":"publish","type":"product","link":"https:\/\/alloraliving.com\/fr\/module-solaire-simple\/","title":{"rendered":"Module solaire simple"},"content":{"rendered":"","protected":false},"excerpt":{"rendered":"<p>Le module simple de 80 cm de large de la collection SOLARE est une base universelle qui vous permet de cr\u00e9er une vari\u00e9t\u00e9 d&rsquo;am\u00e9nagements de d\u00e9tente. Des coutures soigneusement travaill\u00e9es et des inserts de rembourrage d\u00e9licats lui conf\u00e8rent un look chic et moderne, s&rsquo;int\u00e9grant parfaitement dans le minimalisme de la collection. Gr\u00e2ce \u00e0 sa forme compacte, ce module fonctionnera bien dans les petits int\u00e9rieurs et, en combinaison avec d&rsquo;autres \u00e9l\u00e9ments SOLARE, il cr\u00e9era un espace de d\u00e9tente personnalis\u00e9.  <\/p>\n","protected":false},"featured_media":8035,"template":"","meta":[],"product_brand":[],"product_cat":[946,947,938],"product_tag":[],"class_list":{"0":"post-8034","1":"product","2":"type-product","3":"status-publish","4":"has-post-thumbnail","6":"product_cat-canapes","7":"product_cat-canapes-modulaires","8":"product_cat-collection-solare","9":"product_shipping_class-livraison-gratuite","11":"first","12":"instock","13":"taxable","14":"shipping-taxable","15":"purchasable","16":"product-type-variable","17":"has-default-attributes","18":"wvs-archive-product-wrapper"},"yoast_head":"<!-- This site is optimized with the Yoast SEO Premium plugin v26.8 (Yoast SEO v26.8) - https:\/\/yoast.com\/product\/yoast-seo-premium-wordpress\/ -->\n<title>Module solaire simple - AlloraLiving.com<\/title>\n<meta name=\"robots\" content=\"index, follow, max-snippet:-1, max-image-preview:large, max-video-preview:-1\" \/>\n<link rel=\"canonical\" href=\"https:\/\/alloraliving.com\/fr\/module-solaire-simple\/\" \/>\n<meta property=\"og:locale\" content=\"fr_FR\" \/>\n<meta property=\"og:type\" content=\"article\" \/>\n<meta property=\"og:title\" content=\"Module solaire simple\" \/>\n<meta property=\"og:description\" content=\"Le module simple de 80 cm de large de la collection SOLARE est une base universelle qui vous permet de cr\u00e9er une vari\u00e9t\u00e9 d&#039;am\u00e9nagements de d\u00e9tente. Des coutures soigneusement travaill\u00e9es et des inserts de rembourrage d\u00e9licats lui conf\u00e8rent un look chic et moderne, s&#039;int\u00e9grant parfaitement dans le minimalisme de la collection. Gr\u00e2ce \u00e0 sa forme compacte, ce module fonctionnera bien dans les petits int\u00e9rieurs et, en combinaison avec d&#039;autres \u00e9l\u00e9ments SOLARE, il cr\u00e9era un espace de d\u00e9tente personnalis\u00e9.\" \/>\n<meta property=\"og:url\" content=\"https:\/\/alloraliving.com\/fr\/module-solaire-simple\/\" \/>\n<meta property=\"og:site_name\" content=\"AlloraLiving.com\" \/>\n<meta property=\"article:modified_time\" content=\"2025-02-11T07:44:32+00:00\" \/>\n<meta property=\"og:image\" content=\"https:\/\/alloraliving.com\/wp-content\/uploads\/2-wygodny-fotel-wypoczynkowy-solare-sand-cream.jpg\" \/>\n\t<meta property=\"og:image:width\" content=\"1600\" \/>\n\t<meta property=\"og:image:height\" content=\"1200\" \/>\n\t<meta property=\"og:image:type\" content=\"image\/jpeg\" \/>\n<meta name=\"twitter:card\" content=\"summary_large_image\" \/>\n<meta name=\"twitter:label1\" content=\"Disponibilit\u00e9\" \/>\n\t<meta name=\"twitter:data1\" content=\"En stock\" \/>\n<script type=\"application\/ld+json\" class=\"yoast-schema-graph\">{\"@context\":\"https:\/\/schema.org\",\"@graph\":[{\"@type\":[\"WebPage\",\"ItemPage\"],\"@id\":\"https:\/\/alloraliving.com\/fr\/module-solaire-simple\/\",\"url\":\"https:\/\/alloraliving.com\/fr\/module-solaire-simple\/\",\"name\":\"Module solaire simple - AlloraLiving.com\",\"isPartOf\":{\"@id\":\"https:\/\/alloraliving.com\/fr\/#website\"},\"primaryImageOfPage\":{\"@id\":\"https:\/\/alloraliving.com\/fr\/module-solaire-simple\/#primaryimage\"},\"image\":{\"@id\":\"https:\/\/alloraliving.com\/fr\/module-solaire-simple\/#primaryimage\"},\"thumbnailUrl\":\"https:\/\/alloraliving.com\/wp-content\/uploads\/2-wygodny-fotel-wypoczynkowy-solare-sand-cream.jpg\",\"datePublished\":\"2025-01-31T13:00:54+00:00\",\"dateModified\":\"2025-02-11T07:44:32+00:00\",\"breadcrumb\":{\"@id\":\"https:\/\/alloraliving.com\/fr\/module-solaire-simple\/#breadcrumb\"},\"inLanguage\":\"fr-FR\",\"potentialAction\":[{\"@type\":\"ReadAction\",\"target\":[\"https:\/\/alloraliving.com\/fr\/module-solaire-simple\/\"]}]},{\"@type\":\"ImageObject\",\"inLanguage\":\"fr-FR\",\"@id\":\"https:\/\/alloraliving.com\/fr\/module-solaire-simple\/#primaryimage\",\"url\":\"https:\/\/alloraliving.com\/wp-content\/uploads\/2-wygodny-fotel-wypoczynkowy-solare-sand-cream.jpg\",\"contentUrl\":\"https:\/\/alloraliving.com\/wp-content\/uploads\/2-wygodny-fotel-wypoczynkowy-solare-sand-cream.jpg\",\"width\":1600,\"height\":1200},{\"@type\":\"BreadcrumbList\",\"@id\":\"https:\/\/alloraliving.com\/fr\/module-solaire-simple\/#breadcrumb\",\"itemListElement\":[{\"@type\":\"ListItem\",\"position\":1,\"name\":\"Strona g\u0142\u00f3wna\",\"item\":\"https:\/\/alloraliving.com\/fr\/\"},{\"@type\":\"ListItem\",\"position\":2,\"name\":\"Boutique\",\"item\":\"https:\/\/alloraliving.com\/fr\/?page_id=6496\"},{\"@type\":\"ListItem\",\"position\":3,\"name\":\"Module solaire simple\"}]},{\"@type\":\"WebSite\",\"@id\":\"https:\/\/alloraliving.com\/fr\/#website\",\"url\":\"https:\/\/alloraliving.com\/fr\/\",\"name\":\"AlloraLiving.com\",\"description\":\"\",\"potentialAction\":[{\"@type\":\"SearchAction\",\"target\":{\"@type\":\"EntryPoint\",\"urlTemplate\":\"https:\/\/alloraliving.com\/fr\/?s={search_term_string}\"},\"query-input\":{\"@type\":\"PropertyValueSpecification\",\"valueRequired\":true,\"valueName\":\"search_term_string\"}}],\"inLanguage\":\"fr-FR\"}]}<\/script>\n<meta property=\"og:availability\" content=\"instock\" \/>\n<meta property=\"product:availability\" content=\"instock\" \/>\n<meta property=\"product:condition\" content=\"new\" \/>\n<!-- \/ Yoast SEO Premium plugin. -->","yoast_head_json":{"title":"Module solaire simple - AlloraLiving.com","robots":{"index":"index","follow":"follow","max-snippet":"max-snippet:-1","max-image-preview":"max-image-preview:large","max-video-preview":"max-video-preview:-1"},"canonical":"https:\/\/alloraliving.com\/fr\/module-solaire-simple\/","og_locale":"fr_FR","og_type":"article","og_title":"Module solaire simple","og_description":"Le module simple de 80 cm de large de la collection SOLARE est une base universelle qui vous permet de cr\u00e9er une vari\u00e9t\u00e9 d'am\u00e9nagements de d\u00e9tente. Des coutures soigneusement travaill\u00e9es et des inserts de rembourrage d\u00e9licats lui conf\u00e8rent un look chic et moderne, s'int\u00e9grant parfaitement dans le minimalisme de la collection. Gr\u00e2ce \u00e0 sa forme compacte, ce module fonctionnera bien dans les petits int\u00e9rieurs et, en combinaison avec d'autres \u00e9l\u00e9ments SOLARE, il cr\u00e9era un espace de d\u00e9tente personnalis\u00e9.","og_url":"https:\/\/alloraliving.com\/fr\/module-solaire-simple\/","og_site_name":"AlloraLiving.com","article_modified_time":"2025-02-11T07:44:32+00:00","og_image":[{"width":1600,"height":1200,"url":"https:\/\/alloraliving.com\/wp-content\/uploads\/2-wygodny-fotel-wypoczynkowy-solare-sand-cream.jpg","type":"image\/jpeg"}],"twitter_card":"summary_large_image","twitter_misc":{"Disponibilit\u00e9":"En stock"},"schema":{"@context":"https:\/\/schema.org","@graph":[{"@type":["WebPage","ItemPage"],"@id":"https:\/\/alloraliving.com\/fr\/module-solaire-simple\/","url":"https:\/\/alloraliving.com\/fr\/module-solaire-simple\/","name":"Module solaire simple - AlloraLiving.com","isPartOf":{"@id":"https:\/\/alloraliving.com\/fr\/#website"},"primaryImageOfPage":{"@id":"https:\/\/alloraliving.com\/fr\/module-solaire-simple\/#primaryimage"},"image":{"@id":"https:\/\/alloraliving.com\/fr\/module-solaire-simple\/#primaryimage"},"thumbnailUrl":"https:\/\/alloraliving.com\/wp-content\/uploads\/2-wygodny-fotel-wypoczynkowy-solare-sand-cream.jpg","datePublished":"2025-01-31T13:00:54+00:00","dateModified":"2025-02-11T07:44:32+00:00","breadcrumb":{"@id":"https:\/\/alloraliving.com\/fr\/module-solaire-simple\/#breadcrumb"},"inLanguage":"fr-FR","potentialAction":[{"@type":"ReadAction","target":["https:\/\/alloraliving.com\/fr\/module-solaire-simple\/"]}]},{"@type":"ImageObject","inLanguage":"fr-FR","@id":"https:\/\/alloraliving.com\/fr\/module-solaire-simple\/#primaryimage","url":"https:\/\/alloraliving.com\/wp-content\/uploads\/2-wygodny-fotel-wypoczynkowy-solare-sand-cream.jpg","contentUrl":"https:\/\/alloraliving.com\/wp-content\/uploads\/2-wygodny-fotel-wypoczynkowy-solare-sand-cream.jpg","width":1600,"height":1200},{"@type":"BreadcrumbList","@id":"https:\/\/alloraliving.com\/fr\/module-solaire-simple\/#breadcrumb","itemListElement":[{"@type":"ListItem","position":1,"name":"Strona g\u0142\u00f3wna","item":"https:\/\/alloraliving.com\/fr\/"},{"@type":"ListItem","position":2,"name":"Boutique","item":"https:\/\/alloraliving.com\/fr\/?page_id=6496"},{"@type":"ListItem","position":3,"name":"Module solaire simple"}]},{"@type":"WebSite","@id":"https:\/\/alloraliving.com\/fr\/#website","url":"https:\/\/alloraliving.com\/fr\/","name":"AlloraLiving.com","description":"","potentialAction":[{"@type":"SearchAction","target":{"@type":"EntryPoint","urlTemplate":"https:\/\/alloraliving.com\/fr\/?s={search_term_string}"},"query-input":{"@type":"PropertyValueSpecification","valueRequired":true,"valueName":"search_term_string"}}],"inLanguage":"fr-FR"}]},"og_availability":"instock","product_availability":"instock","product_condition":"new"},"_links":{"self":[{"href":"https:\/\/alloraliving.com\/fr\/wp-json\/wp\/v2\/product\/8034","targetHints":{"allow":["GET"]}}],"collection":[{"href":"https:\/\/alloraliving.com\/fr\/wp-json\/wp\/v2\/product"}],"about":[{"href":"https:\/\/alloraliving.com\/fr\/wp-json\/wp\/v2\/types\/product"}],"wp:featuredmedia":[{"embeddable":true,"href":"https:\/\/alloraliving.com\/fr\/wp-json\/wp\/v2\/media\/8035"}],"wp:attachment":[{"href":"https:\/\/alloraliving.com\/fr\/wp-json\/wp\/v2\/media?parent=8034"}],"wp:term":[{"taxonomy":"product_brand","embeddable":true,"href":"https:\/\/alloraliving.com\/fr\/wp-json\/wp\/v2\/product_brand?post=8034"},{"taxonomy":"product_cat","embeddable":true,"href":"https:\/\/alloraliving.com\/fr\/wp-json\/wp\/v2\/product_cat?post=8034"},{"taxonomy":"product_tag","embeddable":true,"href":"https:\/\/alloraliving.com\/fr\/wp-json\/wp\/v2\/product_tag?post=8034"}],"curies":[{"name":"wp","href":"https:\/\/api.w.org\/{rel}","templated":true}]}}