{"id":8038,"date":"2024-12-21T09:33:44","date_gmt":"2024-12-21T08:33:44","guid":{"rendered":"https:\/\/alloraliving.com\/module-simple-double-solaire\/"},"modified":"2025-02-11T08:44:33","modified_gmt":"2025-02-11T07:44:33","slug":"module-simple-double-solaire","status":"publish","type":"product","link":"https:\/\/alloraliving.com\/fr\/module-simple-double-solaire\/","title":{"rendered":"Module simple double solaire"},"content":{"rendered":"","protected":false},"excerpt":{"rendered":"<p>Le module double droit SOLARE est l&rsquo;\u00e9l\u00e9ment de base de la collection, qui peut \u00eatre librement combin\u00e9 avec d&rsquo;autres, cr\u00e9ant un espace fonctionnel. Des coutures et des inserts de rembourrage soigneusement con\u00e7us lui conf\u00e8rent un look \u00e9l\u00e9gant qui s&rsquo;int\u00e8gre dans le style moderne. <\/p>\n<p>Dans la collection SOLARE, vous trouverez de nombreux autres modules qui vous permettront de cr\u00e9er l&rsquo;ensemble de vos r\u00eaves.<\/p>\n","protected":false},"featured_media":8044,"template":"","meta":[],"product_brand":[],"product_cat":[946,947,938],"product_tag":[],"class_list":{"0":"post-8038","1":"product","2":"type-product","3":"status-publish","4":"has-post-thumbnail","6":"product_cat-canapes","7":"product_cat-canapes-modulaires","8":"product_cat-collection-solare","9":"product_shipping_class-livraison-gratuite","11":"first","12":"instock","13":"taxable","14":"shipping-taxable","15":"purchasable","16":"product-type-variable","17":"has-default-attributes","18":"wvs-archive-product-wrapper"},"yoast_head":"<!-- This site is optimized with the Yoast SEO Premium plugin v26.8 (Yoast SEO v26.8) - https:\/\/yoast.com\/product\/yoast-seo-premium-wordpress\/ -->\n<title>Module simple double solaire - AlloraLiving.com<\/title>\n<meta name=\"robots\" content=\"index, follow, max-snippet:-1, max-image-preview:large, max-video-preview:-1\" \/>\n<link rel=\"canonical\" href=\"https:\/\/alloraliving.com\/fr\/module-simple-double-solaire\/\" \/>\n<meta property=\"og:locale\" content=\"fr_FR\" \/>\n<meta property=\"og:type\" content=\"article\" \/>\n<meta property=\"og:title\" content=\"Module simple double solaire\" \/>\n<meta property=\"og:description\" content=\"Le module double droit SOLARE est l&#039;\u00e9l\u00e9ment de base de la collection, qui peut \u00eatre librement combin\u00e9 avec d&#039;autres, cr\u00e9ant un espace fonctionnel. Des coutures et des inserts de rembourrage soigneusement con\u00e7us lui conf\u00e8rent un look \u00e9l\u00e9gant qui s&#039;int\u00e8gre dans le style moderne.  Dans la collection SOLARE, vous trouverez de nombreux autres modules qui vous permettront de cr\u00e9er l&#039;ensemble de vos r\u00eaves.\" \/>\n<meta property=\"og:url\" content=\"https:\/\/alloraliving.com\/fr\/module-simple-double-solaire\/\" \/>\n<meta property=\"og:site_name\" content=\"AlloraLiving.com\" \/>\n<meta property=\"article:modified_time\" content=\"2025-02-11T07:44:33+00:00\" \/>\n<meta property=\"og:image\" content=\"https:\/\/alloraliving.com\/wp-content\/uploads\/1-element-prosty-pojedynczy-sofy-modulowej-solare-sand-cream.jpg\" \/>\n\t<meta property=\"og:image:width\" content=\"1600\" \/>\n\t<meta property=\"og:image:height\" content=\"1200\" \/>\n\t<meta property=\"og:image:type\" content=\"image\/jpeg\" \/>\n<meta name=\"twitter:card\" content=\"summary_large_image\" \/>\n<meta name=\"twitter:label1\" content=\"Disponibilit\u00e9\" \/>\n\t<meta name=\"twitter:data1\" content=\"En stock\" \/>\n<script type=\"application\/ld+json\" class=\"yoast-schema-graph\">{\"@context\":\"https:\/\/schema.org\",\"@graph\":[{\"@type\":[\"WebPage\",\"ItemPage\"],\"@id\":\"https:\/\/alloraliving.com\/fr\/module-simple-double-solaire\/\",\"url\":\"https:\/\/alloraliving.com\/fr\/module-simple-double-solaire\/\",\"name\":\"Module simple double solaire - AlloraLiving.com\",\"isPartOf\":{\"@id\":\"https:\/\/alloraliving.com\/fr\/#website\"},\"primaryImageOfPage\":{\"@id\":\"https:\/\/alloraliving.com\/fr\/module-simple-double-solaire\/#primaryimage\"},\"image\":{\"@id\":\"https:\/\/alloraliving.com\/fr\/module-simple-double-solaire\/#primaryimage\"},\"thumbnailUrl\":\"https:\/\/alloraliving.com\/wp-content\/uploads\/1-element-prosty-pojedynczy-sofy-modulowej-solare-sand-cream.jpg\",\"datePublished\":\"2024-12-21T08:33:44+00:00\",\"dateModified\":\"2025-02-11T07:44:33+00:00\",\"breadcrumb\":{\"@id\":\"https:\/\/alloraliving.com\/fr\/module-simple-double-solaire\/#breadcrumb\"},\"inLanguage\":\"fr-FR\",\"potentialAction\":[{\"@type\":\"ReadAction\",\"target\":[\"https:\/\/alloraliving.com\/fr\/module-simple-double-solaire\/\"]}]},{\"@type\":\"ImageObject\",\"inLanguage\":\"fr-FR\",\"@id\":\"https:\/\/alloraliving.com\/fr\/module-simple-double-solaire\/#primaryimage\",\"url\":\"https:\/\/alloraliving.com\/wp-content\/uploads\/1-element-prosty-pojedynczy-sofy-modulowej-solare-sand-cream.jpg\",\"contentUrl\":\"https:\/\/alloraliving.com\/wp-content\/uploads\/1-element-prosty-pojedynczy-sofy-modulowej-solare-sand-cream.jpg\",\"width\":1600,\"height\":1200},{\"@type\":\"BreadcrumbList\",\"@id\":\"https:\/\/alloraliving.com\/fr\/module-simple-double-solaire\/#breadcrumb\",\"itemListElement\":[{\"@type\":\"ListItem\",\"position\":1,\"name\":\"Strona g\u0142\u00f3wna\",\"item\":\"https:\/\/alloraliving.com\/fr\/\"},{\"@type\":\"ListItem\",\"position\":2,\"name\":\"Boutique\",\"item\":\"https:\/\/alloraliving.com\/fr\/?page_id=6496\"},{\"@type\":\"ListItem\",\"position\":3,\"name\":\"Module simple double solaire\"}]},{\"@type\":\"WebSite\",\"@id\":\"https:\/\/alloraliving.com\/fr\/#website\",\"url\":\"https:\/\/alloraliving.com\/fr\/\",\"name\":\"AlloraLiving.com\",\"description\":\"\",\"potentialAction\":[{\"@type\":\"SearchAction\",\"target\":{\"@type\":\"EntryPoint\",\"urlTemplate\":\"https:\/\/alloraliving.com\/fr\/?s={search_term_string}\"},\"query-input\":{\"@type\":\"PropertyValueSpecification\",\"valueRequired\":true,\"valueName\":\"search_term_string\"}}],\"inLanguage\":\"fr-FR\"}]}<\/script>\n<meta property=\"og:availability\" content=\"instock\" \/>\n<meta property=\"product:availability\" content=\"instock\" \/>\n<meta property=\"product:condition\" content=\"new\" \/>\n<!-- \/ Yoast SEO Premium plugin. -->","yoast_head_json":{"title":"Module simple double solaire - AlloraLiving.com","robots":{"index":"index","follow":"follow","max-snippet":"max-snippet:-1","max-image-preview":"max-image-preview:large","max-video-preview":"max-video-preview:-1"},"canonical":"https:\/\/alloraliving.com\/fr\/module-simple-double-solaire\/","og_locale":"fr_FR","og_type":"article","og_title":"Module simple double solaire","og_description":"Le module double droit SOLARE est l'\u00e9l\u00e9ment de base de la collection, qui peut \u00eatre librement combin\u00e9 avec d'autres, cr\u00e9ant un espace fonctionnel. Des coutures et des inserts de rembourrage soigneusement con\u00e7us lui conf\u00e8rent un look \u00e9l\u00e9gant qui s'int\u00e8gre dans le style moderne.  Dans la collection SOLARE, vous trouverez de nombreux autres modules qui vous permettront de cr\u00e9er l'ensemble de vos r\u00eaves.","og_url":"https:\/\/alloraliving.com\/fr\/module-simple-double-solaire\/","og_site_name":"AlloraLiving.com","article_modified_time":"2025-02-11T07:44:33+00:00","og_image":[{"width":1600,"height":1200,"url":"https:\/\/alloraliving.com\/wp-content\/uploads\/1-element-prosty-pojedynczy-sofy-modulowej-solare-sand-cream.jpg","type":"image\/jpeg"}],"twitter_card":"summary_large_image","twitter_misc":{"Disponibilit\u00e9":"En stock"},"schema":{"@context":"https:\/\/schema.org","@graph":[{"@type":["WebPage","ItemPage"],"@id":"https:\/\/alloraliving.com\/fr\/module-simple-double-solaire\/","url":"https:\/\/alloraliving.com\/fr\/module-simple-double-solaire\/","name":"Module simple double solaire - AlloraLiving.com","isPartOf":{"@id":"https:\/\/alloraliving.com\/fr\/#website"},"primaryImageOfPage":{"@id":"https:\/\/alloraliving.com\/fr\/module-simple-double-solaire\/#primaryimage"},"image":{"@id":"https:\/\/alloraliving.com\/fr\/module-simple-double-solaire\/#primaryimage"},"thumbnailUrl":"https:\/\/alloraliving.com\/wp-content\/uploads\/1-element-prosty-pojedynczy-sofy-modulowej-solare-sand-cream.jpg","datePublished":"2024-12-21T08:33:44+00:00","dateModified":"2025-02-11T07:44:33+00:00","breadcrumb":{"@id":"https:\/\/alloraliving.com\/fr\/module-simple-double-solaire\/#breadcrumb"},"inLanguage":"fr-FR","potentialAction":[{"@type":"ReadAction","target":["https:\/\/alloraliving.com\/fr\/module-simple-double-solaire\/"]}]},{"@type":"ImageObject","inLanguage":"fr-FR","@id":"https:\/\/alloraliving.com\/fr\/module-simple-double-solaire\/#primaryimage","url":"https:\/\/alloraliving.com\/wp-content\/uploads\/1-element-prosty-pojedynczy-sofy-modulowej-solare-sand-cream.jpg","contentUrl":"https:\/\/alloraliving.com\/wp-content\/uploads\/1-element-prosty-pojedynczy-sofy-modulowej-solare-sand-cream.jpg","width":1600,"height":1200},{"@type":"BreadcrumbList","@id":"https:\/\/alloraliving.com\/fr\/module-simple-double-solaire\/#breadcrumb","itemListElement":[{"@type":"ListItem","position":1,"name":"Strona g\u0142\u00f3wna","item":"https:\/\/alloraliving.com\/fr\/"},{"@type":"ListItem","position":2,"name":"Boutique","item":"https:\/\/alloraliving.com\/fr\/?page_id=6496"},{"@type":"ListItem","position":3,"name":"Module simple double solaire"}]},{"@type":"WebSite","@id":"https:\/\/alloraliving.com\/fr\/#website","url":"https:\/\/alloraliving.com\/fr\/","name":"AlloraLiving.com","description":"","potentialAction":[{"@type":"SearchAction","target":{"@type":"EntryPoint","urlTemplate":"https:\/\/alloraliving.com\/fr\/?s={search_term_string}"},"query-input":{"@type":"PropertyValueSpecification","valueRequired":true,"valueName":"search_term_string"}}],"inLanguage":"fr-FR"}]},"og_availability":"instock","product_availability":"instock","product_condition":"new"},"_links":{"self":[{"href":"https:\/\/alloraliving.com\/fr\/wp-json\/wp\/v2\/product\/8038","targetHints":{"allow":["GET"]}}],"collection":[{"href":"https:\/\/alloraliving.com\/fr\/wp-json\/wp\/v2\/product"}],"about":[{"href":"https:\/\/alloraliving.com\/fr\/wp-json\/wp\/v2\/types\/product"}],"wp:featuredmedia":[{"embeddable":true,"href":"https:\/\/alloraliving.com\/fr\/wp-json\/wp\/v2\/media\/8044"}],"wp:attachment":[{"href":"https:\/\/alloraliving.com\/fr\/wp-json\/wp\/v2\/media?parent=8038"}],"wp:term":[{"taxonomy":"product_brand","embeddable":true,"href":"https:\/\/alloraliving.com\/fr\/wp-json\/wp\/v2\/product_brand?post=8038"},{"taxonomy":"product_cat","embeddable":true,"href":"https:\/\/alloraliving.com\/fr\/wp-json\/wp\/v2\/product_cat?post=8038"},{"taxonomy":"product_tag","embeddable":true,"href":"https:\/\/alloraliving.com\/fr\/wp-json\/wp\/v2\/product_tag?post=8038"}],"curies":[{"name":"wp","href":"https:\/\/api.w.org\/{rel}","templated":true}]}}