{"id":8041,"date":"2024-12-21T10:18:46","date_gmt":"2024-12-21T09:18:46","guid":{"rendered":"https:\/\/alloraliving.com\/canape-dangle-gauche-solare-5-places\/"},"modified":"2025-02-11T08:44:33","modified_gmt":"2025-02-11T07:44:33","slug":"canape-dangle-gauche-solare-5-places","status":"publish","type":"product","link":"https:\/\/alloraliving.com\/fr\/canape-dangle-gauche-solare-5-places\/","title":{"rendered":"Canap\u00e9 d&rsquo;angle gauche Solare 5 places"},"content":{"rendered":"","protected":false},"excerpt":{"rendered":"<p>Le canap\u00e9 d&rsquo;angle 5 places SOLARE est une solution id\u00e9ale pour les grands espaces o\u00f9 le confort et le design sont tous deux importants. Gr\u00e2ce aux coutures claires et aux inserts de rembourrage, le meuble attire l&rsquo;attention par son \u00e9l\u00e9gance et la solidit\u00e9 de sa fabrication. <\/p>\n<p>D\u00e9couvrez la large gamme de tissus et de coloris disponibles dans la collection SOLARE. Commandez un \u00e9chantillon de mat\u00e9riaux et cr\u00e9ez votre configuration de r\u00eave qui s&rsquo;adaptera parfaitement \u00e0 l&rsquo;atmosph\u00e8re de votre int\u00e9rieur. <\/p>\n","protected":false},"featured_media":8048,"template":"","meta":[],"product_brand":[],"product_cat":[946,947,938],"product_tag":[],"class_list":{"0":"post-8041","1":"product","2":"type-product","3":"status-publish","4":"has-post-thumbnail","6":"product_cat-canapes","7":"product_cat-canapes-modulaires","8":"product_cat-collection-solare","9":"product_shipping_class-livraison-gratuite","11":"first","12":"instock","13":"taxable","14":"shipping-taxable","15":"purchasable","16":"product-type-variable","17":"has-default-attributes","18":"wvs-archive-product-wrapper"},"yoast_head":"<!-- This site is optimized with the Yoast SEO Premium plugin v26.8 (Yoast SEO v26.8) - https:\/\/yoast.com\/product\/yoast-seo-premium-wordpress\/ -->\n<title>Canap\u00e9 d&#039;angle gauche Solare 5 places - AlloraLiving.com<\/title>\n<meta name=\"robots\" content=\"index, follow, max-snippet:-1, max-image-preview:large, max-video-preview:-1\" \/>\n<link rel=\"canonical\" href=\"https:\/\/alloraliving.com\/fr\/canape-dangle-gauche-solare-5-places\/\" \/>\n<meta property=\"og:locale\" content=\"fr_FR\" \/>\n<meta property=\"og:type\" content=\"article\" \/>\n<meta property=\"og:title\" content=\"Canap\u00e9 d&#039;angle gauche Solare 5 places\" \/>\n<meta property=\"og:description\" content=\"Le canap\u00e9 d&#039;angle 5 places SOLARE est une solution id\u00e9ale pour les grands espaces o\u00f9 le confort et le design sont tous deux importants. Gr\u00e2ce aux coutures claires et aux inserts de rembourrage, le meuble attire l&#039;attention par son \u00e9l\u00e9gance et la solidit\u00e9 de sa fabrication.  D\u00e9couvrez la large gamme de tissus et de coloris disponibles dans la collection SOLARE. Commandez un \u00e9chantillon de mat\u00e9riaux et cr\u00e9ez votre configuration de r\u00eave qui s&#039;adaptera parfaitement \u00e0 l&#039;atmosph\u00e8re de votre int\u00e9rieur.\" \/>\n<meta property=\"og:url\" content=\"https:\/\/alloraliving.com\/fr\/canape-dangle-gauche-solare-5-places\/\" \/>\n<meta property=\"og:site_name\" content=\"AlloraLiving.com\" \/>\n<meta property=\"article:modified_time\" content=\"2025-02-11T07:44:33+00:00\" \/>\n<meta property=\"og:image\" content=\"https:\/\/alloraliving.com\/wp-content\/uploads\/1-nowoczesny-duzy-naroznik-do-salonu-solare-sand-cream-1.jpg\" \/>\n\t<meta property=\"og:image:width\" content=\"1600\" \/>\n\t<meta property=\"og:image:height\" content=\"1200\" \/>\n\t<meta property=\"og:image:type\" content=\"image\/jpeg\" \/>\n<meta name=\"twitter:card\" content=\"summary_large_image\" \/>\n<meta name=\"twitter:label1\" content=\"Disponibilit\u00e9\" \/>\n\t<meta name=\"twitter:data1\" content=\"En stock\" \/>\n<script type=\"application\/ld+json\" class=\"yoast-schema-graph\">{\"@context\":\"https:\/\/schema.org\",\"@graph\":[{\"@type\":[\"WebPage\",\"ItemPage\"],\"@id\":\"https:\/\/alloraliving.com\/fr\/canape-dangle-gauche-solare-5-places\/\",\"url\":\"https:\/\/alloraliving.com\/fr\/canape-dangle-gauche-solare-5-places\/\",\"name\":\"Canap\u00e9 d'angle gauche Solare 5 places - AlloraLiving.com\",\"isPartOf\":{\"@id\":\"https:\/\/alloraliving.com\/fr\/#website\"},\"primaryImageOfPage\":{\"@id\":\"https:\/\/alloraliving.com\/fr\/canape-dangle-gauche-solare-5-places\/#primaryimage\"},\"image\":{\"@id\":\"https:\/\/alloraliving.com\/fr\/canape-dangle-gauche-solare-5-places\/#primaryimage\"},\"thumbnailUrl\":\"https:\/\/alloraliving.com\/wp-content\/uploads\/1-nowoczesny-duzy-naroznik-do-salonu-solare-sand-cream-1.jpg\",\"datePublished\":\"2024-12-21T09:18:46+00:00\",\"dateModified\":\"2025-02-11T07:44:33+00:00\",\"breadcrumb\":{\"@id\":\"https:\/\/alloraliving.com\/fr\/canape-dangle-gauche-solare-5-places\/#breadcrumb\"},\"inLanguage\":\"fr-FR\",\"potentialAction\":[{\"@type\":\"ReadAction\",\"target\":[\"https:\/\/alloraliving.com\/fr\/canape-dangle-gauche-solare-5-places\/\"]}]},{\"@type\":\"ImageObject\",\"inLanguage\":\"fr-FR\",\"@id\":\"https:\/\/alloraliving.com\/fr\/canape-dangle-gauche-solare-5-places\/#primaryimage\",\"url\":\"https:\/\/alloraliving.com\/wp-content\/uploads\/1-nowoczesny-duzy-naroznik-do-salonu-solare-sand-cream-1.jpg\",\"contentUrl\":\"https:\/\/alloraliving.com\/wp-content\/uploads\/1-nowoczesny-duzy-naroznik-do-salonu-solare-sand-cream-1.jpg\",\"width\":1600,\"height\":1200},{\"@type\":\"BreadcrumbList\",\"@id\":\"https:\/\/alloraliving.com\/fr\/canape-dangle-gauche-solare-5-places\/#breadcrumb\",\"itemListElement\":[{\"@type\":\"ListItem\",\"position\":1,\"name\":\"Strona g\u0142\u00f3wna\",\"item\":\"https:\/\/alloraliving.com\/fr\/\"},{\"@type\":\"ListItem\",\"position\":2,\"name\":\"Boutique\",\"item\":\"https:\/\/alloraliving.com\/fr\/?page_id=6496\"},{\"@type\":\"ListItem\",\"position\":3,\"name\":\"Canap\u00e9 d&#8217;angle gauche Solare 5 places\"}]},{\"@type\":\"WebSite\",\"@id\":\"https:\/\/alloraliving.com\/fr\/#website\",\"url\":\"https:\/\/alloraliving.com\/fr\/\",\"name\":\"AlloraLiving.com\",\"description\":\"\",\"potentialAction\":[{\"@type\":\"SearchAction\",\"target\":{\"@type\":\"EntryPoint\",\"urlTemplate\":\"https:\/\/alloraliving.com\/fr\/?s={search_term_string}\"},\"query-input\":{\"@type\":\"PropertyValueSpecification\",\"valueRequired\":true,\"valueName\":\"search_term_string\"}}],\"inLanguage\":\"fr-FR\"}]}<\/script>\n<meta property=\"og:availability\" content=\"instock\" \/>\n<meta property=\"product:availability\" content=\"instock\" \/>\n<meta property=\"product:condition\" content=\"new\" \/>\n<!-- \/ Yoast SEO Premium plugin. -->","yoast_head_json":{"title":"Canap\u00e9 d'angle gauche Solare 5 places - AlloraLiving.com","robots":{"index":"index","follow":"follow","max-snippet":"max-snippet:-1","max-image-preview":"max-image-preview:large","max-video-preview":"max-video-preview:-1"},"canonical":"https:\/\/alloraliving.com\/fr\/canape-dangle-gauche-solare-5-places\/","og_locale":"fr_FR","og_type":"article","og_title":"Canap\u00e9 d'angle gauche Solare 5 places","og_description":"Le canap\u00e9 d'angle 5 places SOLARE est une solution id\u00e9ale pour les grands espaces o\u00f9 le confort et le design sont tous deux importants. Gr\u00e2ce aux coutures claires et aux inserts de rembourrage, le meuble attire l'attention par son \u00e9l\u00e9gance et la solidit\u00e9 de sa fabrication.  D\u00e9couvrez la large gamme de tissus et de coloris disponibles dans la collection SOLARE. Commandez un \u00e9chantillon de mat\u00e9riaux et cr\u00e9ez votre configuration de r\u00eave qui s'adaptera parfaitement \u00e0 l'atmosph\u00e8re de votre int\u00e9rieur.","og_url":"https:\/\/alloraliving.com\/fr\/canape-dangle-gauche-solare-5-places\/","og_site_name":"AlloraLiving.com","article_modified_time":"2025-02-11T07:44:33+00:00","og_image":[{"width":1600,"height":1200,"url":"https:\/\/alloraliving.com\/wp-content\/uploads\/1-nowoczesny-duzy-naroznik-do-salonu-solare-sand-cream-1.jpg","type":"image\/jpeg"}],"twitter_card":"summary_large_image","twitter_misc":{"Disponibilit\u00e9":"En stock"},"schema":{"@context":"https:\/\/schema.org","@graph":[{"@type":["WebPage","ItemPage"],"@id":"https:\/\/alloraliving.com\/fr\/canape-dangle-gauche-solare-5-places\/","url":"https:\/\/alloraliving.com\/fr\/canape-dangle-gauche-solare-5-places\/","name":"Canap\u00e9 d'angle gauche Solare 5 places - AlloraLiving.com","isPartOf":{"@id":"https:\/\/alloraliving.com\/fr\/#website"},"primaryImageOfPage":{"@id":"https:\/\/alloraliving.com\/fr\/canape-dangle-gauche-solare-5-places\/#primaryimage"},"image":{"@id":"https:\/\/alloraliving.com\/fr\/canape-dangle-gauche-solare-5-places\/#primaryimage"},"thumbnailUrl":"https:\/\/alloraliving.com\/wp-content\/uploads\/1-nowoczesny-duzy-naroznik-do-salonu-solare-sand-cream-1.jpg","datePublished":"2024-12-21T09:18:46+00:00","dateModified":"2025-02-11T07:44:33+00:00","breadcrumb":{"@id":"https:\/\/alloraliving.com\/fr\/canape-dangle-gauche-solare-5-places\/#breadcrumb"},"inLanguage":"fr-FR","potentialAction":[{"@type":"ReadAction","target":["https:\/\/alloraliving.com\/fr\/canape-dangle-gauche-solare-5-places\/"]}]},{"@type":"ImageObject","inLanguage":"fr-FR","@id":"https:\/\/alloraliving.com\/fr\/canape-dangle-gauche-solare-5-places\/#primaryimage","url":"https:\/\/alloraliving.com\/wp-content\/uploads\/1-nowoczesny-duzy-naroznik-do-salonu-solare-sand-cream-1.jpg","contentUrl":"https:\/\/alloraliving.com\/wp-content\/uploads\/1-nowoczesny-duzy-naroznik-do-salonu-solare-sand-cream-1.jpg","width":1600,"height":1200},{"@type":"BreadcrumbList","@id":"https:\/\/alloraliving.com\/fr\/canape-dangle-gauche-solare-5-places\/#breadcrumb","itemListElement":[{"@type":"ListItem","position":1,"name":"Strona g\u0142\u00f3wna","item":"https:\/\/alloraliving.com\/fr\/"},{"@type":"ListItem","position":2,"name":"Boutique","item":"https:\/\/alloraliving.com\/fr\/?page_id=6496"},{"@type":"ListItem","position":3,"name":"Canap\u00e9 d&#8217;angle gauche Solare 5 places"}]},{"@type":"WebSite","@id":"https:\/\/alloraliving.com\/fr\/#website","url":"https:\/\/alloraliving.com\/fr\/","name":"AlloraLiving.com","description":"","potentialAction":[{"@type":"SearchAction","target":{"@type":"EntryPoint","urlTemplate":"https:\/\/alloraliving.com\/fr\/?s={search_term_string}"},"query-input":{"@type":"PropertyValueSpecification","valueRequired":true,"valueName":"search_term_string"}}],"inLanguage":"fr-FR"}]},"og_availability":"instock","product_availability":"instock","product_condition":"new"},"_links":{"self":[{"href":"https:\/\/alloraliving.com\/fr\/wp-json\/wp\/v2\/product\/8041","targetHints":{"allow":["GET"]}}],"collection":[{"href":"https:\/\/alloraliving.com\/fr\/wp-json\/wp\/v2\/product"}],"about":[{"href":"https:\/\/alloraliving.com\/fr\/wp-json\/wp\/v2\/types\/product"}],"wp:featuredmedia":[{"embeddable":true,"href":"https:\/\/alloraliving.com\/fr\/wp-json\/wp\/v2\/media\/8048"}],"wp:attachment":[{"href":"https:\/\/alloraliving.com\/fr\/wp-json\/wp\/v2\/media?parent=8041"}],"wp:term":[{"taxonomy":"product_brand","embeddable":true,"href":"https:\/\/alloraliving.com\/fr\/wp-json\/wp\/v2\/product_brand?post=8041"},{"taxonomy":"product_cat","embeddable":true,"href":"https:\/\/alloraliving.com\/fr\/wp-json\/wp\/v2\/product_cat?post=8041"},{"taxonomy":"product_tag","embeddable":true,"href":"https:\/\/alloraliving.com\/fr\/wp-json\/wp\/v2\/product_tag?post=8041"}],"curies":[{"name":"wp","href":"https:\/\/api.w.org\/{rel}","templated":true}]}}