{"id":8064,"date":"2024-12-21T10:55:30","date_gmt":"2024-12-21T09:55:30","guid":{"rendered":"https:\/\/alloraliving.com\/ensemble-solare-canape-2-places-pouf\/"},"modified":"2025-02-11T08:44:34","modified_gmt":"2025-02-11T07:44:34","slug":"ensemble-solare-canape-2-places-pouf","status":"publish","type":"product","link":"https:\/\/alloraliving.com\/fr\/ensemble-solare-canape-2-places-pouf\/","title":{"rendered":"Ensemble Solare canap\u00e9 2 places + pouf"},"content":{"rendered":"","protected":false},"excerpt":{"rendered":"<p>L&rsquo;ensemble canap\u00e9 2 places et pouf de la collection SOLARE est une option parfaite pour ceux qui souhaitent obtenir un ensemble de salon complet dans un petit espace. Le canap\u00e9 offre un confort intimiste, et le pouf, d\u00e9cor\u00e9 des m\u00eames surpiq\u00fbres et passepoils \u00e9l\u00e9gants, fait office de si\u00e8ge suppl\u00e9mentaire ou de repose-pieds, soulignant la coh\u00e9rence de l&rsquo;ensemble. <\/p>\n<p>La collection SOLARE, inspir\u00e9e de l&rsquo;esth\u00e9tique italienne, vous permet de combiner librement les modules, cr\u00e9ant des compositions qui combinent naturellement design intemporel et fonctionnalit\u00e9, s&rsquo;adaptant aux besoins individuels des membres de la famille.<\/p>\n","protected":false},"featured_media":8065,"template":"","meta":[],"product_brand":[],"product_cat":[946,947,938],"product_tag":[],"class_list":{"0":"post-8064","1":"product","2":"type-product","3":"status-publish","4":"has-post-thumbnail","6":"product_cat-canapes","7":"product_cat-canapes-modulaires","8":"product_cat-collection-solare","9":"product_shipping_class-livraison-gratuite","11":"first","12":"instock","13":"taxable","14":"shipping-taxable","15":"purchasable","16":"product-type-variable","17":"has-default-attributes","18":"wvs-archive-product-wrapper"},"yoast_head":"<!-- This site is optimized with the Yoast SEO Premium plugin v26.8 (Yoast SEO v26.8) - https:\/\/yoast.com\/product\/yoast-seo-premium-wordpress\/ -->\n<title>Ensemble Solare canap\u00e9 2 places + pouf - AlloraLiving.com<\/title>\n<meta name=\"robots\" content=\"index, follow, max-snippet:-1, max-image-preview:large, max-video-preview:-1\" \/>\n<link rel=\"canonical\" href=\"https:\/\/alloraliving.com\/fr\/ensemble-solare-canape-2-places-pouf\/\" \/>\n<meta property=\"og:locale\" content=\"fr_FR\" \/>\n<meta property=\"og:type\" content=\"article\" \/>\n<meta property=\"og:title\" content=\"Ensemble Solare canap\u00e9 2 places + pouf\" \/>\n<meta property=\"og:description\" content=\"L&#039;ensemble canap\u00e9 2 places et pouf de la collection SOLARE est une option parfaite pour ceux qui souhaitent obtenir un ensemble de salon complet dans un petit espace. Le canap\u00e9 offre un confort intimiste, et le pouf, d\u00e9cor\u00e9 des m\u00eames surpiq\u00fbres et passepoils \u00e9l\u00e9gants, fait office de si\u00e8ge suppl\u00e9mentaire ou de repose-pieds, soulignant la coh\u00e9rence de l&#039;ensemble.  La collection SOLARE, inspir\u00e9e de l&#039;esth\u00e9tique italienne, vous permet de combiner librement les modules, cr\u00e9ant des compositions qui combinent naturellement design intemporel et fonctionnalit\u00e9, s&#039;adaptant aux besoins individuels des membres de la famille.\" \/>\n<meta property=\"og:url\" content=\"https:\/\/alloraliving.com\/fr\/ensemble-solare-canape-2-places-pouf\/\" \/>\n<meta property=\"og:site_name\" content=\"AlloraLiving.com\" \/>\n<meta property=\"article:modified_time\" content=\"2025-02-11T07:44:34+00:00\" \/>\n<meta property=\"og:image\" content=\"https:\/\/alloraliving.com\/wp-content\/uploads\/1-zestaw-sofa-pufa-solare-sand-cream.jpg\" \/>\n\t<meta property=\"og:image:width\" content=\"1600\" \/>\n\t<meta property=\"og:image:height\" content=\"1200\" \/>\n\t<meta property=\"og:image:type\" content=\"image\/jpeg\" \/>\n<meta name=\"twitter:card\" content=\"summary_large_image\" \/>\n<meta name=\"twitter:label1\" content=\"Disponibilit\u00e9\" \/>\n\t<meta name=\"twitter:data1\" content=\"En stock\" \/>\n<script type=\"application\/ld+json\" class=\"yoast-schema-graph\">{\"@context\":\"https:\/\/schema.org\",\"@graph\":[{\"@type\":[\"WebPage\",\"ItemPage\"],\"@id\":\"https:\/\/alloraliving.com\/fr\/ensemble-solare-canape-2-places-pouf\/\",\"url\":\"https:\/\/alloraliving.com\/fr\/ensemble-solare-canape-2-places-pouf\/\",\"name\":\"Ensemble Solare canap\u00e9 2 places + pouf - AlloraLiving.com\",\"isPartOf\":{\"@id\":\"https:\/\/alloraliving.com\/fr\/#website\"},\"primaryImageOfPage\":{\"@id\":\"https:\/\/alloraliving.com\/fr\/ensemble-solare-canape-2-places-pouf\/#primaryimage\"},\"image\":{\"@id\":\"https:\/\/alloraliving.com\/fr\/ensemble-solare-canape-2-places-pouf\/#primaryimage\"},\"thumbnailUrl\":\"https:\/\/alloraliving.com\/wp-content\/uploads\/1-zestaw-sofa-pufa-solare-sand-cream.jpg\",\"datePublished\":\"2024-12-21T09:55:30+00:00\",\"dateModified\":\"2025-02-11T07:44:34+00:00\",\"breadcrumb\":{\"@id\":\"https:\/\/alloraliving.com\/fr\/ensemble-solare-canape-2-places-pouf\/#breadcrumb\"},\"inLanguage\":\"fr-FR\",\"potentialAction\":[{\"@type\":\"ReadAction\",\"target\":[\"https:\/\/alloraliving.com\/fr\/ensemble-solare-canape-2-places-pouf\/\"]}]},{\"@type\":\"ImageObject\",\"inLanguage\":\"fr-FR\",\"@id\":\"https:\/\/alloraliving.com\/fr\/ensemble-solare-canape-2-places-pouf\/#primaryimage\",\"url\":\"https:\/\/alloraliving.com\/wp-content\/uploads\/1-zestaw-sofa-pufa-solare-sand-cream.jpg\",\"contentUrl\":\"https:\/\/alloraliving.com\/wp-content\/uploads\/1-zestaw-sofa-pufa-solare-sand-cream.jpg\",\"width\":1600,\"height\":1200},{\"@type\":\"BreadcrumbList\",\"@id\":\"https:\/\/alloraliving.com\/fr\/ensemble-solare-canape-2-places-pouf\/#breadcrumb\",\"itemListElement\":[{\"@type\":\"ListItem\",\"position\":1,\"name\":\"Strona g\u0142\u00f3wna\",\"item\":\"https:\/\/alloraliving.com\/fr\/\"},{\"@type\":\"ListItem\",\"position\":2,\"name\":\"Boutique\",\"item\":\"https:\/\/alloraliving.com\/fr\/?page_id=6496\"},{\"@type\":\"ListItem\",\"position\":3,\"name\":\"Ensemble Solare canap\u00e9 2 places + pouf\"}]},{\"@type\":\"WebSite\",\"@id\":\"https:\/\/alloraliving.com\/fr\/#website\",\"url\":\"https:\/\/alloraliving.com\/fr\/\",\"name\":\"AlloraLiving.com\",\"description\":\"\",\"potentialAction\":[{\"@type\":\"SearchAction\",\"target\":{\"@type\":\"EntryPoint\",\"urlTemplate\":\"https:\/\/alloraliving.com\/fr\/?s={search_term_string}\"},\"query-input\":{\"@type\":\"PropertyValueSpecification\",\"valueRequired\":true,\"valueName\":\"search_term_string\"}}],\"inLanguage\":\"fr-FR\"}]}<\/script>\n<meta property=\"og:availability\" content=\"instock\" \/>\n<meta property=\"product:availability\" content=\"instock\" \/>\n<meta property=\"product:condition\" content=\"new\" \/>\n<!-- \/ Yoast SEO Premium plugin. -->","yoast_head_json":{"title":"Ensemble Solare canap\u00e9 2 places + pouf - AlloraLiving.com","robots":{"index":"index","follow":"follow","max-snippet":"max-snippet:-1","max-image-preview":"max-image-preview:large","max-video-preview":"max-video-preview:-1"},"canonical":"https:\/\/alloraliving.com\/fr\/ensemble-solare-canape-2-places-pouf\/","og_locale":"fr_FR","og_type":"article","og_title":"Ensemble Solare canap\u00e9 2 places + pouf","og_description":"L'ensemble canap\u00e9 2 places et pouf de la collection SOLARE est une option parfaite pour ceux qui souhaitent obtenir un ensemble de salon complet dans un petit espace. Le canap\u00e9 offre un confort intimiste, et le pouf, d\u00e9cor\u00e9 des m\u00eames surpiq\u00fbres et passepoils \u00e9l\u00e9gants, fait office de si\u00e8ge suppl\u00e9mentaire ou de repose-pieds, soulignant la coh\u00e9rence de l'ensemble.  La collection SOLARE, inspir\u00e9e de l'esth\u00e9tique italienne, vous permet de combiner librement les modules, cr\u00e9ant des compositions qui combinent naturellement design intemporel et fonctionnalit\u00e9, s'adaptant aux besoins individuels des membres de la famille.","og_url":"https:\/\/alloraliving.com\/fr\/ensemble-solare-canape-2-places-pouf\/","og_site_name":"AlloraLiving.com","article_modified_time":"2025-02-11T07:44:34+00:00","og_image":[{"width":1600,"height":1200,"url":"https:\/\/alloraliving.com\/wp-content\/uploads\/1-zestaw-sofa-pufa-solare-sand-cream.jpg","type":"image\/jpeg"}],"twitter_card":"summary_large_image","twitter_misc":{"Disponibilit\u00e9":"En stock"},"schema":{"@context":"https:\/\/schema.org","@graph":[{"@type":["WebPage","ItemPage"],"@id":"https:\/\/alloraliving.com\/fr\/ensemble-solare-canape-2-places-pouf\/","url":"https:\/\/alloraliving.com\/fr\/ensemble-solare-canape-2-places-pouf\/","name":"Ensemble Solare canap\u00e9 2 places + pouf - AlloraLiving.com","isPartOf":{"@id":"https:\/\/alloraliving.com\/fr\/#website"},"primaryImageOfPage":{"@id":"https:\/\/alloraliving.com\/fr\/ensemble-solare-canape-2-places-pouf\/#primaryimage"},"image":{"@id":"https:\/\/alloraliving.com\/fr\/ensemble-solare-canape-2-places-pouf\/#primaryimage"},"thumbnailUrl":"https:\/\/alloraliving.com\/wp-content\/uploads\/1-zestaw-sofa-pufa-solare-sand-cream.jpg","datePublished":"2024-12-21T09:55:30+00:00","dateModified":"2025-02-11T07:44:34+00:00","breadcrumb":{"@id":"https:\/\/alloraliving.com\/fr\/ensemble-solare-canape-2-places-pouf\/#breadcrumb"},"inLanguage":"fr-FR","potentialAction":[{"@type":"ReadAction","target":["https:\/\/alloraliving.com\/fr\/ensemble-solare-canape-2-places-pouf\/"]}]},{"@type":"ImageObject","inLanguage":"fr-FR","@id":"https:\/\/alloraliving.com\/fr\/ensemble-solare-canape-2-places-pouf\/#primaryimage","url":"https:\/\/alloraliving.com\/wp-content\/uploads\/1-zestaw-sofa-pufa-solare-sand-cream.jpg","contentUrl":"https:\/\/alloraliving.com\/wp-content\/uploads\/1-zestaw-sofa-pufa-solare-sand-cream.jpg","width":1600,"height":1200},{"@type":"BreadcrumbList","@id":"https:\/\/alloraliving.com\/fr\/ensemble-solare-canape-2-places-pouf\/#breadcrumb","itemListElement":[{"@type":"ListItem","position":1,"name":"Strona g\u0142\u00f3wna","item":"https:\/\/alloraliving.com\/fr\/"},{"@type":"ListItem","position":2,"name":"Boutique","item":"https:\/\/alloraliving.com\/fr\/?page_id=6496"},{"@type":"ListItem","position":3,"name":"Ensemble Solare canap\u00e9 2 places + pouf"}]},{"@type":"WebSite","@id":"https:\/\/alloraliving.com\/fr\/#website","url":"https:\/\/alloraliving.com\/fr\/","name":"AlloraLiving.com","description":"","potentialAction":[{"@type":"SearchAction","target":{"@type":"EntryPoint","urlTemplate":"https:\/\/alloraliving.com\/fr\/?s={search_term_string}"},"query-input":{"@type":"PropertyValueSpecification","valueRequired":true,"valueName":"search_term_string"}}],"inLanguage":"fr-FR"}]},"og_availability":"instock","product_availability":"instock","product_condition":"new"},"_links":{"self":[{"href":"https:\/\/alloraliving.com\/fr\/wp-json\/wp\/v2\/product\/8064","targetHints":{"allow":["GET"]}}],"collection":[{"href":"https:\/\/alloraliving.com\/fr\/wp-json\/wp\/v2\/product"}],"about":[{"href":"https:\/\/alloraliving.com\/fr\/wp-json\/wp\/v2\/types\/product"}],"wp:featuredmedia":[{"embeddable":true,"href":"https:\/\/alloraliving.com\/fr\/wp-json\/wp\/v2\/media\/8065"}],"wp:attachment":[{"href":"https:\/\/alloraliving.com\/fr\/wp-json\/wp\/v2\/media?parent=8064"}],"wp:term":[{"taxonomy":"product_brand","embeddable":true,"href":"https:\/\/alloraliving.com\/fr\/wp-json\/wp\/v2\/product_brand?post=8064"},{"taxonomy":"product_cat","embeddable":true,"href":"https:\/\/alloraliving.com\/fr\/wp-json\/wp\/v2\/product_cat?post=8064"},{"taxonomy":"product_tag","embeddable":true,"href":"https:\/\/alloraliving.com\/fr\/wp-json\/wp\/v2\/product_tag?post=8064"}],"curies":[{"name":"wp","href":"https:\/\/api.w.org\/{rel}","templated":true}]}}