{"id":8066,"date":"2024-12-21T09:24:03","date_gmt":"2024-12-21T08:24:03","guid":{"rendered":"https:\/\/alloraliving.com\/pouf-solaire\/"},"modified":"2025-02-11T08:44:35","modified_gmt":"2025-02-11T07:44:35","slug":"pouf-solaire","status":"publish","type":"product","link":"https:\/\/alloraliving.com\/fr\/pouf-solaire\/","title":{"rendered":"Pouf solaire"},"content":{"rendered":"","protected":false},"excerpt":{"rendered":"<p>Le pouf SOLARE est un petit accent mais significatif qui ajoutera du confort \u00e0 n&rsquo;importe quel int\u00e9rieur. Gr\u00e2ce \u00e0 des coutures g\u00e9om\u00e9triques et \u00e0 un motif de rembourrage d\u00e9licat, le pouf est non seulement pratique, mais aussi d\u00e9coratif, s&rsquo;int\u00e9grant parfaitement au caract\u00e8re de toute la collection. <\/p>\n<p>Le pouf compl\u00e8te parfaitement le canap\u00e9 ou le fauteuil de cette collection, permettant encore plus de flexibilit\u00e9 dans l&rsquo;am\u00e9nagement de l&rsquo;espace. Consultez \u00e9galement d\u2019autres modules SOLARE et cr\u00e9ez votre configuration parfaite. <\/p>\n","protected":false},"featured_media":8073,"template":"","meta":[],"product_brand":[],"product_cat":[938,945],"product_tag":[],"class_list":{"0":"post-8066","1":"product","2":"type-product","3":"status-publish","4":"has-post-thumbnail","6":"product_cat-collection-solare","7":"product_cat-poufs-fr","8":"product_shipping_class-livraison-gratuite","10":"first","11":"instock","12":"taxable","13":"shipping-taxable","14":"purchasable","15":"product-type-variable","16":"has-default-attributes","17":"wvs-archive-product-wrapper"},"yoast_head":"<!-- This site is optimized with the Yoast SEO Premium plugin v26.8 (Yoast SEO v26.8) - https:\/\/yoast.com\/product\/yoast-seo-premium-wordpress\/ -->\n<title>Pouf solaire - AlloraLiving.com<\/title>\n<meta name=\"robots\" content=\"index, follow, max-snippet:-1, max-image-preview:large, max-video-preview:-1\" \/>\n<link rel=\"canonical\" href=\"https:\/\/alloraliving.com\/fr\/pouf-solaire\/\" \/>\n<meta property=\"og:locale\" content=\"fr_FR\" \/>\n<meta property=\"og:type\" content=\"article\" \/>\n<meta property=\"og:title\" content=\"Pouf solaire\" \/>\n<meta property=\"og:description\" content=\"Le pouf SOLARE est un petit accent mais significatif qui ajoutera du confort \u00e0 n&#039;importe quel int\u00e9rieur. Gr\u00e2ce \u00e0 des coutures g\u00e9om\u00e9triques et \u00e0 un motif de rembourrage d\u00e9licat, le pouf est non seulement pratique, mais aussi d\u00e9coratif, s&#039;int\u00e9grant parfaitement au caract\u00e8re de toute la collection.  Le pouf compl\u00e8te parfaitement le canap\u00e9 ou le fauteuil de cette collection, permettant encore plus de flexibilit\u00e9 dans l&#039;am\u00e9nagement de l&#039;espace. Consultez \u00e9galement d\u2019autres modules SOLARE et cr\u00e9ez votre configuration parfaite.\" \/>\n<meta property=\"og:url\" content=\"https:\/\/alloraliving.com\/fr\/pouf-solaire\/\" \/>\n<meta property=\"og:site_name\" content=\"AlloraLiving.com\" \/>\n<meta property=\"article:modified_time\" content=\"2025-02-11T07:44:35+00:00\" \/>\n<meta property=\"og:image\" content=\"https:\/\/alloraliving.com\/wp-content\/uploads\/1-jasna-pufa-do-salonu-solare-sand-cream.jpg\" \/>\n\t<meta property=\"og:image:width\" content=\"1600\" \/>\n\t<meta property=\"og:image:height\" content=\"1200\" \/>\n\t<meta property=\"og:image:type\" content=\"image\/jpeg\" \/>\n<meta name=\"twitter:card\" content=\"summary_large_image\" \/>\n<meta name=\"twitter:label1\" content=\"Disponibilit\u00e9\" \/>\n\t<meta name=\"twitter:data1\" content=\"En stock\" \/>\n<script type=\"application\/ld+json\" class=\"yoast-schema-graph\">{\"@context\":\"https:\/\/schema.org\",\"@graph\":[{\"@type\":[\"WebPage\",\"ItemPage\"],\"@id\":\"https:\/\/alloraliving.com\/fr\/pouf-solaire\/\",\"url\":\"https:\/\/alloraliving.com\/fr\/pouf-solaire\/\",\"name\":\"Pouf solaire - AlloraLiving.com\",\"isPartOf\":{\"@id\":\"https:\/\/alloraliving.com\/fr\/#website\"},\"primaryImageOfPage\":{\"@id\":\"https:\/\/alloraliving.com\/fr\/pouf-solaire\/#primaryimage\"},\"image\":{\"@id\":\"https:\/\/alloraliving.com\/fr\/pouf-solaire\/#primaryimage\"},\"thumbnailUrl\":\"https:\/\/alloraliving.com\/wp-content\/uploads\/1-jasna-pufa-do-salonu-solare-sand-cream.jpg\",\"datePublished\":\"2024-12-21T08:24:03+00:00\",\"dateModified\":\"2025-02-11T07:44:35+00:00\",\"breadcrumb\":{\"@id\":\"https:\/\/alloraliving.com\/fr\/pouf-solaire\/#breadcrumb\"},\"inLanguage\":\"fr-FR\",\"potentialAction\":[{\"@type\":\"ReadAction\",\"target\":[\"https:\/\/alloraliving.com\/fr\/pouf-solaire\/\"]}]},{\"@type\":\"ImageObject\",\"inLanguage\":\"fr-FR\",\"@id\":\"https:\/\/alloraliving.com\/fr\/pouf-solaire\/#primaryimage\",\"url\":\"https:\/\/alloraliving.com\/wp-content\/uploads\/1-jasna-pufa-do-salonu-solare-sand-cream.jpg\",\"contentUrl\":\"https:\/\/alloraliving.com\/wp-content\/uploads\/1-jasna-pufa-do-salonu-solare-sand-cream.jpg\",\"width\":1600,\"height\":1200},{\"@type\":\"BreadcrumbList\",\"@id\":\"https:\/\/alloraliving.com\/fr\/pouf-solaire\/#breadcrumb\",\"itemListElement\":[{\"@type\":\"ListItem\",\"position\":1,\"name\":\"Strona g\u0142\u00f3wna\",\"item\":\"https:\/\/alloraliving.com\/fr\/\"},{\"@type\":\"ListItem\",\"position\":2,\"name\":\"Boutique\",\"item\":\"https:\/\/alloraliving.com\/fr\/?page_id=6496\"},{\"@type\":\"ListItem\",\"position\":3,\"name\":\"Pouf solaire\"}]},{\"@type\":\"WebSite\",\"@id\":\"https:\/\/alloraliving.com\/fr\/#website\",\"url\":\"https:\/\/alloraliving.com\/fr\/\",\"name\":\"AlloraLiving.com\",\"description\":\"\",\"potentialAction\":[{\"@type\":\"SearchAction\",\"target\":{\"@type\":\"EntryPoint\",\"urlTemplate\":\"https:\/\/alloraliving.com\/fr\/?s={search_term_string}\"},\"query-input\":{\"@type\":\"PropertyValueSpecification\",\"valueRequired\":true,\"valueName\":\"search_term_string\"}}],\"inLanguage\":\"fr-FR\"}]}<\/script>\n<meta property=\"og:availability\" content=\"instock\" \/>\n<meta property=\"product:availability\" content=\"instock\" \/>\n<meta property=\"product:condition\" content=\"new\" \/>\n<!-- \/ Yoast SEO Premium plugin. -->","yoast_head_json":{"title":"Pouf solaire - AlloraLiving.com","robots":{"index":"index","follow":"follow","max-snippet":"max-snippet:-1","max-image-preview":"max-image-preview:large","max-video-preview":"max-video-preview:-1"},"canonical":"https:\/\/alloraliving.com\/fr\/pouf-solaire\/","og_locale":"fr_FR","og_type":"article","og_title":"Pouf solaire","og_description":"Le pouf SOLARE est un petit accent mais significatif qui ajoutera du confort \u00e0 n'importe quel int\u00e9rieur. Gr\u00e2ce \u00e0 des coutures g\u00e9om\u00e9triques et \u00e0 un motif de rembourrage d\u00e9licat, le pouf est non seulement pratique, mais aussi d\u00e9coratif, s'int\u00e9grant parfaitement au caract\u00e8re de toute la collection.  Le pouf compl\u00e8te parfaitement le canap\u00e9 ou le fauteuil de cette collection, permettant encore plus de flexibilit\u00e9 dans l'am\u00e9nagement de l'espace. Consultez \u00e9galement d\u2019autres modules SOLARE et cr\u00e9ez votre configuration parfaite.","og_url":"https:\/\/alloraliving.com\/fr\/pouf-solaire\/","og_site_name":"AlloraLiving.com","article_modified_time":"2025-02-11T07:44:35+00:00","og_image":[{"width":1600,"height":1200,"url":"https:\/\/alloraliving.com\/wp-content\/uploads\/1-jasna-pufa-do-salonu-solare-sand-cream.jpg","type":"image\/jpeg"}],"twitter_card":"summary_large_image","twitter_misc":{"Disponibilit\u00e9":"En stock"},"schema":{"@context":"https:\/\/schema.org","@graph":[{"@type":["WebPage","ItemPage"],"@id":"https:\/\/alloraliving.com\/fr\/pouf-solaire\/","url":"https:\/\/alloraliving.com\/fr\/pouf-solaire\/","name":"Pouf solaire - AlloraLiving.com","isPartOf":{"@id":"https:\/\/alloraliving.com\/fr\/#website"},"primaryImageOfPage":{"@id":"https:\/\/alloraliving.com\/fr\/pouf-solaire\/#primaryimage"},"image":{"@id":"https:\/\/alloraliving.com\/fr\/pouf-solaire\/#primaryimage"},"thumbnailUrl":"https:\/\/alloraliving.com\/wp-content\/uploads\/1-jasna-pufa-do-salonu-solare-sand-cream.jpg","datePublished":"2024-12-21T08:24:03+00:00","dateModified":"2025-02-11T07:44:35+00:00","breadcrumb":{"@id":"https:\/\/alloraliving.com\/fr\/pouf-solaire\/#breadcrumb"},"inLanguage":"fr-FR","potentialAction":[{"@type":"ReadAction","target":["https:\/\/alloraliving.com\/fr\/pouf-solaire\/"]}]},{"@type":"ImageObject","inLanguage":"fr-FR","@id":"https:\/\/alloraliving.com\/fr\/pouf-solaire\/#primaryimage","url":"https:\/\/alloraliving.com\/wp-content\/uploads\/1-jasna-pufa-do-salonu-solare-sand-cream.jpg","contentUrl":"https:\/\/alloraliving.com\/wp-content\/uploads\/1-jasna-pufa-do-salonu-solare-sand-cream.jpg","width":1600,"height":1200},{"@type":"BreadcrumbList","@id":"https:\/\/alloraliving.com\/fr\/pouf-solaire\/#breadcrumb","itemListElement":[{"@type":"ListItem","position":1,"name":"Strona g\u0142\u00f3wna","item":"https:\/\/alloraliving.com\/fr\/"},{"@type":"ListItem","position":2,"name":"Boutique","item":"https:\/\/alloraliving.com\/fr\/?page_id=6496"},{"@type":"ListItem","position":3,"name":"Pouf solaire"}]},{"@type":"WebSite","@id":"https:\/\/alloraliving.com\/fr\/#website","url":"https:\/\/alloraliving.com\/fr\/","name":"AlloraLiving.com","description":"","potentialAction":[{"@type":"SearchAction","target":{"@type":"EntryPoint","urlTemplate":"https:\/\/alloraliving.com\/fr\/?s={search_term_string}"},"query-input":{"@type":"PropertyValueSpecification","valueRequired":true,"valueName":"search_term_string"}}],"inLanguage":"fr-FR"}]},"og_availability":"instock","product_availability":"instock","product_condition":"new"},"_links":{"self":[{"href":"https:\/\/alloraliving.com\/fr\/wp-json\/wp\/v2\/product\/8066","targetHints":{"allow":["GET"]}}],"collection":[{"href":"https:\/\/alloraliving.com\/fr\/wp-json\/wp\/v2\/product"}],"about":[{"href":"https:\/\/alloraliving.com\/fr\/wp-json\/wp\/v2\/types\/product"}],"wp:featuredmedia":[{"embeddable":true,"href":"https:\/\/alloraliving.com\/fr\/wp-json\/wp\/v2\/media\/8073"}],"wp:attachment":[{"href":"https:\/\/alloraliving.com\/fr\/wp-json\/wp\/v2\/media?parent=8066"}],"wp:term":[{"taxonomy":"product_brand","embeddable":true,"href":"https:\/\/alloraliving.com\/fr\/wp-json\/wp\/v2\/product_brand?post=8066"},{"taxonomy":"product_cat","embeddable":true,"href":"https:\/\/alloraliving.com\/fr\/wp-json\/wp\/v2\/product_cat?post=8066"},{"taxonomy":"product_tag","embeddable":true,"href":"https:\/\/alloraliving.com\/fr\/wp-json\/wp\/v2\/product_tag?post=8066"}],"curies":[{"name":"wp","href":"https:\/\/api.w.org\/{rel}","templated":true}]}}