{"id":8070,"date":"2024-12-21T10:09:39","date_gmt":"2024-12-21T09:09:39","guid":{"rendered":"https:\/\/alloraliving.com\/canape-3-places-solare\/"},"modified":"2025-02-11T08:44:35","modified_gmt":"2025-02-11T07:44:35","slug":"canape-3-places-solare","status":"publish","type":"product","link":"https:\/\/alloraliving.com\/fr\/canape-3-places-solare\/","title":{"rendered":"Canap\u00e9 3 places Solare"},"content":{"rendered":"","protected":false},"excerpt":{"rendered":"<p>Le canap\u00e9 3 places SOLARE est une option id\u00e9ale pour ceux qui ont besoin de plus d&rsquo;espace pour se d\u00e9tendre. Ses coutures g\u00e9om\u00e9triques caract\u00e9ristiques et ses passepoils \u00e9l\u00e9gants soulignent l&rsquo;aspect \u00e9l\u00e9gant du meuble, qui assure confort et design moderne. <\/p>\n<p>Le canap\u00e9 3 places compl\u00e9tera parfaitement des accessoires tels qu&rsquo;un pouf ou un fauteuil, vous permettant de cr\u00e9er un ensemble lounge complet au sein de la collection SOLARE.<\/p>\n","protected":false},"featured_media":8074,"template":"","meta":[],"product_brand":[],"product_cat":[946,947,938],"product_tag":[],"class_list":{"0":"post-8070","1":"product","2":"type-product","3":"status-publish","4":"has-post-thumbnail","6":"product_cat-canapes","7":"product_cat-canapes-modulaires","8":"product_cat-collection-solare","9":"product_shipping_class-livraison-gratuite","11":"first","12":"instock","13":"taxable","14":"shipping-taxable","15":"purchasable","16":"product-type-variable","17":"has-default-attributes","18":"wvs-archive-product-wrapper"},"yoast_head":"<!-- This site is optimized with the Yoast SEO Premium plugin v26.8 (Yoast SEO v26.8) - https:\/\/yoast.com\/product\/yoast-seo-premium-wordpress\/ -->\n<title>Canap\u00e9 3 places Solare - AlloraLiving.com<\/title>\n<meta name=\"robots\" content=\"index, follow, max-snippet:-1, max-image-preview:large, max-video-preview:-1\" \/>\n<link rel=\"canonical\" href=\"https:\/\/alloraliving.com\/fr\/canape-3-places-solare\/\" \/>\n<meta property=\"og:locale\" content=\"fr_FR\" \/>\n<meta property=\"og:type\" content=\"article\" \/>\n<meta property=\"og:title\" content=\"Canap\u00e9 3 places Solare\" \/>\n<meta property=\"og:description\" content=\"Le canap\u00e9 3 places SOLARE est une option id\u00e9ale pour ceux qui ont besoin de plus d&#039;espace pour se d\u00e9tendre. Ses coutures g\u00e9om\u00e9triques caract\u00e9ristiques et ses passepoils \u00e9l\u00e9gants soulignent l&#039;aspect \u00e9l\u00e9gant du meuble, qui assure confort et design moderne.  Le canap\u00e9 3 places compl\u00e9tera parfaitement des accessoires tels qu&#039;un pouf ou un fauteuil, vous permettant de cr\u00e9er un ensemble lounge complet au sein de la collection SOLARE.\" \/>\n<meta property=\"og:url\" content=\"https:\/\/alloraliving.com\/fr\/canape-3-places-solare\/\" \/>\n<meta property=\"og:site_name\" content=\"AlloraLiving.com\" \/>\n<meta property=\"article:modified_time\" content=\"2025-02-11T07:44:35+00:00\" \/>\n<meta property=\"og:image\" content=\"https:\/\/alloraliving.com\/wp-content\/uploads\/2-kremowa-kanapa-trzyosobowa-sand-cream.jpg\" \/>\n\t<meta property=\"og:image:width\" content=\"1600\" \/>\n\t<meta property=\"og:image:height\" content=\"1200\" \/>\n\t<meta property=\"og:image:type\" content=\"image\/jpeg\" \/>\n<meta name=\"twitter:card\" content=\"summary_large_image\" \/>\n<meta name=\"twitter:label1\" content=\"Disponibilit\u00e9\" \/>\n\t<meta name=\"twitter:data1\" content=\"En stock\" \/>\n<script type=\"application\/ld+json\" class=\"yoast-schema-graph\">{\"@context\":\"https:\/\/schema.org\",\"@graph\":[{\"@type\":[\"WebPage\",\"ItemPage\"],\"@id\":\"https:\/\/alloraliving.com\/fr\/canape-3-places-solare\/\",\"url\":\"https:\/\/alloraliving.com\/fr\/canape-3-places-solare\/\",\"name\":\"Canap\u00e9 3 places Solare - AlloraLiving.com\",\"isPartOf\":{\"@id\":\"https:\/\/alloraliving.com\/fr\/#website\"},\"primaryImageOfPage\":{\"@id\":\"https:\/\/alloraliving.com\/fr\/canape-3-places-solare\/#primaryimage\"},\"image\":{\"@id\":\"https:\/\/alloraliving.com\/fr\/canape-3-places-solare\/#primaryimage\"},\"thumbnailUrl\":\"https:\/\/alloraliving.com\/wp-content\/uploads\/2-kremowa-kanapa-trzyosobowa-sand-cream.jpg\",\"datePublished\":\"2024-12-21T09:09:39+00:00\",\"dateModified\":\"2025-02-11T07:44:35+00:00\",\"breadcrumb\":{\"@id\":\"https:\/\/alloraliving.com\/fr\/canape-3-places-solare\/#breadcrumb\"},\"inLanguage\":\"fr-FR\",\"potentialAction\":[{\"@type\":\"ReadAction\",\"target\":[\"https:\/\/alloraliving.com\/fr\/canape-3-places-solare\/\"]}]},{\"@type\":\"ImageObject\",\"inLanguage\":\"fr-FR\",\"@id\":\"https:\/\/alloraliving.com\/fr\/canape-3-places-solare\/#primaryimage\",\"url\":\"https:\/\/alloraliving.com\/wp-content\/uploads\/2-kremowa-kanapa-trzyosobowa-sand-cream.jpg\",\"contentUrl\":\"https:\/\/alloraliving.com\/wp-content\/uploads\/2-kremowa-kanapa-trzyosobowa-sand-cream.jpg\",\"width\":1600,\"height\":1200},{\"@type\":\"BreadcrumbList\",\"@id\":\"https:\/\/alloraliving.com\/fr\/canape-3-places-solare\/#breadcrumb\",\"itemListElement\":[{\"@type\":\"ListItem\",\"position\":1,\"name\":\"Strona g\u0142\u00f3wna\",\"item\":\"https:\/\/alloraliving.com\/fr\/\"},{\"@type\":\"ListItem\",\"position\":2,\"name\":\"Boutique\",\"item\":\"https:\/\/alloraliving.com\/fr\/?page_id=6496\"},{\"@type\":\"ListItem\",\"position\":3,\"name\":\"Canap\u00e9 3 places Solare\"}]},{\"@type\":\"WebSite\",\"@id\":\"https:\/\/alloraliving.com\/fr\/#website\",\"url\":\"https:\/\/alloraliving.com\/fr\/\",\"name\":\"AlloraLiving.com\",\"description\":\"\",\"potentialAction\":[{\"@type\":\"SearchAction\",\"target\":{\"@type\":\"EntryPoint\",\"urlTemplate\":\"https:\/\/alloraliving.com\/fr\/?s={search_term_string}\"},\"query-input\":{\"@type\":\"PropertyValueSpecification\",\"valueRequired\":true,\"valueName\":\"search_term_string\"}}],\"inLanguage\":\"fr-FR\"}]}<\/script>\n<meta property=\"og:availability\" content=\"instock\" \/>\n<meta property=\"product:availability\" content=\"instock\" \/>\n<meta property=\"product:condition\" content=\"new\" \/>\n<!-- \/ Yoast SEO Premium plugin. -->","yoast_head_json":{"title":"Canap\u00e9 3 places Solare - AlloraLiving.com","robots":{"index":"index","follow":"follow","max-snippet":"max-snippet:-1","max-image-preview":"max-image-preview:large","max-video-preview":"max-video-preview:-1"},"canonical":"https:\/\/alloraliving.com\/fr\/canape-3-places-solare\/","og_locale":"fr_FR","og_type":"article","og_title":"Canap\u00e9 3 places Solare","og_description":"Le canap\u00e9 3 places SOLARE est une option id\u00e9ale pour ceux qui ont besoin de plus d'espace pour se d\u00e9tendre. Ses coutures g\u00e9om\u00e9triques caract\u00e9ristiques et ses passepoils \u00e9l\u00e9gants soulignent l'aspect \u00e9l\u00e9gant du meuble, qui assure confort et design moderne.  Le canap\u00e9 3 places compl\u00e9tera parfaitement des accessoires tels qu'un pouf ou un fauteuil, vous permettant de cr\u00e9er un ensemble lounge complet au sein de la collection SOLARE.","og_url":"https:\/\/alloraliving.com\/fr\/canape-3-places-solare\/","og_site_name":"AlloraLiving.com","article_modified_time":"2025-02-11T07:44:35+00:00","og_image":[{"width":1600,"height":1200,"url":"https:\/\/alloraliving.com\/wp-content\/uploads\/2-kremowa-kanapa-trzyosobowa-sand-cream.jpg","type":"image\/jpeg"}],"twitter_card":"summary_large_image","twitter_misc":{"Disponibilit\u00e9":"En stock"},"schema":{"@context":"https:\/\/schema.org","@graph":[{"@type":["WebPage","ItemPage"],"@id":"https:\/\/alloraliving.com\/fr\/canape-3-places-solare\/","url":"https:\/\/alloraliving.com\/fr\/canape-3-places-solare\/","name":"Canap\u00e9 3 places Solare - AlloraLiving.com","isPartOf":{"@id":"https:\/\/alloraliving.com\/fr\/#website"},"primaryImageOfPage":{"@id":"https:\/\/alloraliving.com\/fr\/canape-3-places-solare\/#primaryimage"},"image":{"@id":"https:\/\/alloraliving.com\/fr\/canape-3-places-solare\/#primaryimage"},"thumbnailUrl":"https:\/\/alloraliving.com\/wp-content\/uploads\/2-kremowa-kanapa-trzyosobowa-sand-cream.jpg","datePublished":"2024-12-21T09:09:39+00:00","dateModified":"2025-02-11T07:44:35+00:00","breadcrumb":{"@id":"https:\/\/alloraliving.com\/fr\/canape-3-places-solare\/#breadcrumb"},"inLanguage":"fr-FR","potentialAction":[{"@type":"ReadAction","target":["https:\/\/alloraliving.com\/fr\/canape-3-places-solare\/"]}]},{"@type":"ImageObject","inLanguage":"fr-FR","@id":"https:\/\/alloraliving.com\/fr\/canape-3-places-solare\/#primaryimage","url":"https:\/\/alloraliving.com\/wp-content\/uploads\/2-kremowa-kanapa-trzyosobowa-sand-cream.jpg","contentUrl":"https:\/\/alloraliving.com\/wp-content\/uploads\/2-kremowa-kanapa-trzyosobowa-sand-cream.jpg","width":1600,"height":1200},{"@type":"BreadcrumbList","@id":"https:\/\/alloraliving.com\/fr\/canape-3-places-solare\/#breadcrumb","itemListElement":[{"@type":"ListItem","position":1,"name":"Strona g\u0142\u00f3wna","item":"https:\/\/alloraliving.com\/fr\/"},{"@type":"ListItem","position":2,"name":"Boutique","item":"https:\/\/alloraliving.com\/fr\/?page_id=6496"},{"@type":"ListItem","position":3,"name":"Canap\u00e9 3 places Solare"}]},{"@type":"WebSite","@id":"https:\/\/alloraliving.com\/fr\/#website","url":"https:\/\/alloraliving.com\/fr\/","name":"AlloraLiving.com","description":"","potentialAction":[{"@type":"SearchAction","target":{"@type":"EntryPoint","urlTemplate":"https:\/\/alloraliving.com\/fr\/?s={search_term_string}"},"query-input":{"@type":"PropertyValueSpecification","valueRequired":true,"valueName":"search_term_string"}}],"inLanguage":"fr-FR"}]},"og_availability":"instock","product_availability":"instock","product_condition":"new"},"_links":{"self":[{"href":"https:\/\/alloraliving.com\/fr\/wp-json\/wp\/v2\/product\/8070","targetHints":{"allow":["GET"]}}],"collection":[{"href":"https:\/\/alloraliving.com\/fr\/wp-json\/wp\/v2\/product"}],"about":[{"href":"https:\/\/alloraliving.com\/fr\/wp-json\/wp\/v2\/types\/product"}],"wp:featuredmedia":[{"embeddable":true,"href":"https:\/\/alloraliving.com\/fr\/wp-json\/wp\/v2\/media\/8074"}],"wp:attachment":[{"href":"https:\/\/alloraliving.com\/fr\/wp-json\/wp\/v2\/media?parent=8070"}],"wp:term":[{"taxonomy":"product_brand","embeddable":true,"href":"https:\/\/alloraliving.com\/fr\/wp-json\/wp\/v2\/product_brand?post=8070"},{"taxonomy":"product_cat","embeddable":true,"href":"https:\/\/alloraliving.com\/fr\/wp-json\/wp\/v2\/product_cat?post=8070"},{"taxonomy":"product_tag","embeddable":true,"href":"https:\/\/alloraliving.com\/fr\/wp-json\/wp\/v2\/product_tag?post=8070"}],"curies":[{"name":"wp","href":"https:\/\/api.w.org\/{rel}","templated":true}]}}