{"id":8089,"date":"2024-12-21T10:48:11","date_gmt":"2024-12-21T09:48:11","guid":{"rendered":"https:\/\/alloraliving.com\/ensemble-fauteuil-pouf-solare\/"},"modified":"2025-02-11T08:44:36","modified_gmt":"2025-02-11T07:44:36","slug":"ensemble-fauteuil-pouf-solare","status":"publish","type":"product","link":"https:\/\/alloraliving.com\/fr\/ensemble-fauteuil-pouf-solare\/","title":{"rendered":"Ensemble Fauteuil + Pouf Solare"},"content":{"rendered":"","protected":false},"excerpt":{"rendered":"<p>L&rsquo;ensemble fauteuil et pouf de la collection SOLARE est une combinaison parfaite de confort et de style, cr\u00e9ant une zone de d\u00e9tente petite mais extr\u00eamement confortable. Des coutures expressives et des passepoils subtils soulignent le design moderne, et l&rsquo;assise moelleuse du fauteuil et le pouf pratique permettent un repos confortable, que ce soit pour lire votre livre pr\u00e9f\u00e9r\u00e9 ou pour parler \u00e0 vos proches. <\/p>\n<p>La collection SOLARE, inspir\u00e9e de l&rsquo;esth\u00e9tique italienne, propose une large gamme de modules, gr\u00e2ce auxquels vous pouvez facilement adapter l&rsquo;am\u00e9nagement \u00e0 votre style et \u00e0 vos besoins, sans renoncer \u00e0 l&rsquo;\u00e9l\u00e9gance intemporelle et \u00e0 la fonctionnalit\u00e9.<\/p>\n","protected":false},"featured_media":8090,"template":"","meta":[],"product_brand":[],"product_cat":[938,930],"product_tag":[],"class_list":{"0":"post-8089","1":"product","2":"type-product","3":"status-publish","4":"has-post-thumbnail","6":"product_cat-collection-solare","7":"product_cat-sieges","8":"product_shipping_class-livraison-gratuite","10":"first","11":"instock","12":"taxable","13":"shipping-taxable","14":"purchasable","15":"product-type-variable","16":"has-default-attributes","17":"wvs-archive-product-wrapper"},"yoast_head":"<!-- This site is optimized with the Yoast SEO Premium plugin v26.8 (Yoast SEO v26.8) - https:\/\/yoast.com\/product\/yoast-seo-premium-wordpress\/ -->\n<title>Ensemble Fauteuil + Pouf Solare - AlloraLiving.com<\/title>\n<meta name=\"robots\" content=\"index, follow, max-snippet:-1, max-image-preview:large, max-video-preview:-1\" \/>\n<link rel=\"canonical\" href=\"https:\/\/alloraliving.com\/fr\/ensemble-fauteuil-pouf-solare\/\" \/>\n<meta property=\"og:locale\" content=\"fr_FR\" \/>\n<meta property=\"og:type\" content=\"article\" \/>\n<meta property=\"og:title\" content=\"Ensemble Fauteuil + Pouf Solare\" \/>\n<meta property=\"og:description\" content=\"L&#039;ensemble fauteuil et pouf de la collection SOLARE est une combinaison parfaite de confort et de style, cr\u00e9ant une zone de d\u00e9tente petite mais extr\u00eamement confortable. Des coutures expressives et des passepoils subtils soulignent le design moderne, et l&#039;assise moelleuse du fauteuil et le pouf pratique permettent un repos confortable, que ce soit pour lire votre livre pr\u00e9f\u00e9r\u00e9 ou pour parler \u00e0 vos proches.  La collection SOLARE, inspir\u00e9e de l&#039;esth\u00e9tique italienne, propose une large gamme de modules, gr\u00e2ce auxquels vous pouvez facilement adapter l&#039;am\u00e9nagement \u00e0 votre style et \u00e0 vos besoins, sans renoncer \u00e0 l&#039;\u00e9l\u00e9gance intemporelle et \u00e0 la fonctionnalit\u00e9.\" \/>\n<meta property=\"og:url\" content=\"https:\/\/alloraliving.com\/fr\/ensemble-fauteuil-pouf-solare\/\" \/>\n<meta property=\"og:site_name\" content=\"AlloraLiving.com\" \/>\n<meta property=\"article:modified_time\" content=\"2025-02-11T07:44:36+00:00\" \/>\n<meta property=\"og:image\" content=\"https:\/\/alloraliving.com\/wp-content\/uploads\/1-zestaw-fotel-pufa-solare-sand-cream.jpg\" \/>\n\t<meta property=\"og:image:width\" content=\"1600\" \/>\n\t<meta property=\"og:image:height\" content=\"1200\" \/>\n\t<meta property=\"og:image:type\" content=\"image\/jpeg\" \/>\n<meta name=\"twitter:card\" content=\"summary_large_image\" \/>\n<meta name=\"twitter:label1\" content=\"Disponibilit\u00e9\" \/>\n\t<meta name=\"twitter:data1\" content=\"En stock\" \/>\n<script type=\"application\/ld+json\" class=\"yoast-schema-graph\">{\"@context\":\"https:\/\/schema.org\",\"@graph\":[{\"@type\":[\"WebPage\",\"ItemPage\"],\"@id\":\"https:\/\/alloraliving.com\/fr\/ensemble-fauteuil-pouf-solare\/\",\"url\":\"https:\/\/alloraliving.com\/fr\/ensemble-fauteuil-pouf-solare\/\",\"name\":\"Ensemble Fauteuil + Pouf Solare - AlloraLiving.com\",\"isPartOf\":{\"@id\":\"https:\/\/alloraliving.com\/fr\/#website\"},\"primaryImageOfPage\":{\"@id\":\"https:\/\/alloraliving.com\/fr\/ensemble-fauteuil-pouf-solare\/#primaryimage\"},\"image\":{\"@id\":\"https:\/\/alloraliving.com\/fr\/ensemble-fauteuil-pouf-solare\/#primaryimage\"},\"thumbnailUrl\":\"https:\/\/alloraliving.com\/wp-content\/uploads\/1-zestaw-fotel-pufa-solare-sand-cream.jpg\",\"datePublished\":\"2024-12-21T09:48:11+00:00\",\"dateModified\":\"2025-02-11T07:44:36+00:00\",\"breadcrumb\":{\"@id\":\"https:\/\/alloraliving.com\/fr\/ensemble-fauteuil-pouf-solare\/#breadcrumb\"},\"inLanguage\":\"fr-FR\",\"potentialAction\":[{\"@type\":\"ReadAction\",\"target\":[\"https:\/\/alloraliving.com\/fr\/ensemble-fauteuil-pouf-solare\/\"]}]},{\"@type\":\"ImageObject\",\"inLanguage\":\"fr-FR\",\"@id\":\"https:\/\/alloraliving.com\/fr\/ensemble-fauteuil-pouf-solare\/#primaryimage\",\"url\":\"https:\/\/alloraliving.com\/wp-content\/uploads\/1-zestaw-fotel-pufa-solare-sand-cream.jpg\",\"contentUrl\":\"https:\/\/alloraliving.com\/wp-content\/uploads\/1-zestaw-fotel-pufa-solare-sand-cream.jpg\",\"width\":1600,\"height\":1200},{\"@type\":\"BreadcrumbList\",\"@id\":\"https:\/\/alloraliving.com\/fr\/ensemble-fauteuil-pouf-solare\/#breadcrumb\",\"itemListElement\":[{\"@type\":\"ListItem\",\"position\":1,\"name\":\"Strona g\u0142\u00f3wna\",\"item\":\"https:\/\/alloraliving.com\/fr\/\"},{\"@type\":\"ListItem\",\"position\":2,\"name\":\"Boutique\",\"item\":\"https:\/\/alloraliving.com\/fr\/?page_id=6496\"},{\"@type\":\"ListItem\",\"position\":3,\"name\":\"Ensemble Fauteuil + Pouf Solare\"}]},{\"@type\":\"WebSite\",\"@id\":\"https:\/\/alloraliving.com\/fr\/#website\",\"url\":\"https:\/\/alloraliving.com\/fr\/\",\"name\":\"AlloraLiving.com\",\"description\":\"\",\"potentialAction\":[{\"@type\":\"SearchAction\",\"target\":{\"@type\":\"EntryPoint\",\"urlTemplate\":\"https:\/\/alloraliving.com\/fr\/?s={search_term_string}\"},\"query-input\":{\"@type\":\"PropertyValueSpecification\",\"valueRequired\":true,\"valueName\":\"search_term_string\"}}],\"inLanguage\":\"fr-FR\"}]}<\/script>\n<meta property=\"og:availability\" content=\"instock\" \/>\n<meta property=\"product:availability\" content=\"instock\" \/>\n<meta property=\"product:condition\" content=\"new\" \/>\n<!-- \/ Yoast SEO Premium plugin. -->","yoast_head_json":{"title":"Ensemble Fauteuil + Pouf Solare - AlloraLiving.com","robots":{"index":"index","follow":"follow","max-snippet":"max-snippet:-1","max-image-preview":"max-image-preview:large","max-video-preview":"max-video-preview:-1"},"canonical":"https:\/\/alloraliving.com\/fr\/ensemble-fauteuil-pouf-solare\/","og_locale":"fr_FR","og_type":"article","og_title":"Ensemble Fauteuil + Pouf Solare","og_description":"L'ensemble fauteuil et pouf de la collection SOLARE est une combinaison parfaite de confort et de style, cr\u00e9ant une zone de d\u00e9tente petite mais extr\u00eamement confortable. Des coutures expressives et des passepoils subtils soulignent le design moderne, et l'assise moelleuse du fauteuil et le pouf pratique permettent un repos confortable, que ce soit pour lire votre livre pr\u00e9f\u00e9r\u00e9 ou pour parler \u00e0 vos proches.  La collection SOLARE, inspir\u00e9e de l'esth\u00e9tique italienne, propose une large gamme de modules, gr\u00e2ce auxquels vous pouvez facilement adapter l'am\u00e9nagement \u00e0 votre style et \u00e0 vos besoins, sans renoncer \u00e0 l'\u00e9l\u00e9gance intemporelle et \u00e0 la fonctionnalit\u00e9.","og_url":"https:\/\/alloraliving.com\/fr\/ensemble-fauteuil-pouf-solare\/","og_site_name":"AlloraLiving.com","article_modified_time":"2025-02-11T07:44:36+00:00","og_image":[{"width":1600,"height":1200,"url":"https:\/\/alloraliving.com\/wp-content\/uploads\/1-zestaw-fotel-pufa-solare-sand-cream.jpg","type":"image\/jpeg"}],"twitter_card":"summary_large_image","twitter_misc":{"Disponibilit\u00e9":"En stock"},"schema":{"@context":"https:\/\/schema.org","@graph":[{"@type":["WebPage","ItemPage"],"@id":"https:\/\/alloraliving.com\/fr\/ensemble-fauteuil-pouf-solare\/","url":"https:\/\/alloraliving.com\/fr\/ensemble-fauteuil-pouf-solare\/","name":"Ensemble Fauteuil + Pouf Solare - AlloraLiving.com","isPartOf":{"@id":"https:\/\/alloraliving.com\/fr\/#website"},"primaryImageOfPage":{"@id":"https:\/\/alloraliving.com\/fr\/ensemble-fauteuil-pouf-solare\/#primaryimage"},"image":{"@id":"https:\/\/alloraliving.com\/fr\/ensemble-fauteuil-pouf-solare\/#primaryimage"},"thumbnailUrl":"https:\/\/alloraliving.com\/wp-content\/uploads\/1-zestaw-fotel-pufa-solare-sand-cream.jpg","datePublished":"2024-12-21T09:48:11+00:00","dateModified":"2025-02-11T07:44:36+00:00","breadcrumb":{"@id":"https:\/\/alloraliving.com\/fr\/ensemble-fauteuil-pouf-solare\/#breadcrumb"},"inLanguage":"fr-FR","potentialAction":[{"@type":"ReadAction","target":["https:\/\/alloraliving.com\/fr\/ensemble-fauteuil-pouf-solare\/"]}]},{"@type":"ImageObject","inLanguage":"fr-FR","@id":"https:\/\/alloraliving.com\/fr\/ensemble-fauteuil-pouf-solare\/#primaryimage","url":"https:\/\/alloraliving.com\/wp-content\/uploads\/1-zestaw-fotel-pufa-solare-sand-cream.jpg","contentUrl":"https:\/\/alloraliving.com\/wp-content\/uploads\/1-zestaw-fotel-pufa-solare-sand-cream.jpg","width":1600,"height":1200},{"@type":"BreadcrumbList","@id":"https:\/\/alloraliving.com\/fr\/ensemble-fauteuil-pouf-solare\/#breadcrumb","itemListElement":[{"@type":"ListItem","position":1,"name":"Strona g\u0142\u00f3wna","item":"https:\/\/alloraliving.com\/fr\/"},{"@type":"ListItem","position":2,"name":"Boutique","item":"https:\/\/alloraliving.com\/fr\/?page_id=6496"},{"@type":"ListItem","position":3,"name":"Ensemble Fauteuil + Pouf Solare"}]},{"@type":"WebSite","@id":"https:\/\/alloraliving.com\/fr\/#website","url":"https:\/\/alloraliving.com\/fr\/","name":"AlloraLiving.com","description":"","potentialAction":[{"@type":"SearchAction","target":{"@type":"EntryPoint","urlTemplate":"https:\/\/alloraliving.com\/fr\/?s={search_term_string}"},"query-input":{"@type":"PropertyValueSpecification","valueRequired":true,"valueName":"search_term_string"}}],"inLanguage":"fr-FR"}]},"og_availability":"instock","product_availability":"instock","product_condition":"new"},"_links":{"self":[{"href":"https:\/\/alloraliving.com\/fr\/wp-json\/wp\/v2\/product\/8089","targetHints":{"allow":["GET"]}}],"collection":[{"href":"https:\/\/alloraliving.com\/fr\/wp-json\/wp\/v2\/product"}],"about":[{"href":"https:\/\/alloraliving.com\/fr\/wp-json\/wp\/v2\/types\/product"}],"wp:featuredmedia":[{"embeddable":true,"href":"https:\/\/alloraliving.com\/fr\/wp-json\/wp\/v2\/media\/8090"}],"wp:attachment":[{"href":"https:\/\/alloraliving.com\/fr\/wp-json\/wp\/v2\/media?parent=8089"}],"wp:term":[{"taxonomy":"product_brand","embeddable":true,"href":"https:\/\/alloraliving.com\/fr\/wp-json\/wp\/v2\/product_brand?post=8089"},{"taxonomy":"product_cat","embeddable":true,"href":"https:\/\/alloraliving.com\/fr\/wp-json\/wp\/v2\/product_cat?post=8089"},{"taxonomy":"product_tag","embeddable":true,"href":"https:\/\/alloraliving.com\/fr\/wp-json\/wp\/v2\/product_tag?post=8089"}],"curies":[{"name":"wp","href":"https:\/\/api.w.org\/{rel}","templated":true}]}}