{"id":8097,"date":"2024-12-21T06:53:34","date_gmt":"2024-12-21T05:53:34","guid":{"rendered":"https:\/\/alloraliving.com\/fauteuil-solare\/"},"modified":"2025-02-11T08:44:37","modified_gmt":"2025-02-11T07:44:37","slug":"fauteuil-solare","status":"publish","type":"product","link":"https:\/\/alloraliving.com\/fr\/fauteuil-solare\/","title":{"rendered":"Fauteuil Solare"},"content":{"rendered":"","protected":false},"excerpt":{"rendered":"<p>Le fauteuil de la collection SOLARE est synonyme d&rsquo;\u00e9l\u00e9gance et de confort, qui deviendra l&rsquo;endroit id\u00e9al pour se d\u00e9tendre dans n&rsquo;importe quel int\u00e9rieur. Avec ses coutures caract\u00e9ristiques cr\u00e9ant une structure g\u00e9om\u00e9trique et ses passepoils soigneusement cousus, ce fauteuil allie modernit\u00e9 et style intemporel. <\/p>\n<p>Dans la collection SOLARE, vous trouverez \u00e9galement d&rsquo;autres modules qui vous permettront d&rsquo;am\u00e9nager l&rsquo;espace de mani\u00e8re fonctionnelle et esth\u00e9tique. Le fauteuil s&rsquo;accorde parfaitement, par exemple, avec un pouf ou un canap\u00e9 de la m\u00eame s\u00e9rie. <\/p>\n","protected":false},"featured_media":8037,"template":"","meta":[],"product_brand":[],"product_cat":[938,930],"product_tag":[],"class_list":{"0":"post-8097","1":"product","2":"type-product","3":"status-publish","4":"has-post-thumbnail","6":"product_cat-collection-solare","7":"product_cat-sieges","8":"product_shipping_class-livraison-gratuite","10":"first","11":"instock","12":"taxable","13":"shipping-taxable","14":"purchasable","15":"product-type-variable","16":"has-default-attributes","17":"wvs-archive-product-wrapper"},"yoast_head":"<!-- This site is optimized with the Yoast SEO Premium plugin v26.8 (Yoast SEO v26.8) - https:\/\/yoast.com\/product\/yoast-seo-premium-wordpress\/ -->\n<title>Fauteuil Solare - AlloraLiving.com<\/title>\n<meta name=\"robots\" content=\"index, follow, max-snippet:-1, max-image-preview:large, max-video-preview:-1\" \/>\n<link rel=\"canonical\" href=\"https:\/\/alloraliving.com\/fr\/fauteuil-solare\/\" \/>\n<meta property=\"og:locale\" content=\"fr_FR\" \/>\n<meta property=\"og:type\" content=\"article\" \/>\n<meta property=\"og:title\" content=\"Fauteuil Solare\" \/>\n<meta property=\"og:description\" content=\"Le fauteuil de la collection SOLARE est synonyme d&#039;\u00e9l\u00e9gance et de confort, qui deviendra l&#039;endroit id\u00e9al pour se d\u00e9tendre dans n&#039;importe quel int\u00e9rieur. Avec ses coutures caract\u00e9ristiques cr\u00e9ant une structure g\u00e9om\u00e9trique et ses passepoils soigneusement cousus, ce fauteuil allie modernit\u00e9 et style intemporel.  Dans la collection SOLARE, vous trouverez \u00e9galement d&#039;autres modules qui vous permettront d&#039;am\u00e9nager l&#039;espace de mani\u00e8re fonctionnelle et esth\u00e9tique. Le fauteuil s&#039;accorde parfaitement, par exemple, avec un pouf ou un canap\u00e9 de la m\u00eame s\u00e9rie.\" \/>\n<meta property=\"og:url\" content=\"https:\/\/alloraliving.com\/fr\/fauteuil-solare\/\" \/>\n<meta property=\"og:site_name\" content=\"AlloraLiving.com\" \/>\n<meta property=\"article:modified_time\" content=\"2025-02-11T07:44:37+00:00\" \/>\n<meta property=\"og:image\" content=\"https:\/\/alloraliving.com\/wp-content\/uploads\/1-kremowy-fotel-do-salonu-solare-sand-cream.jpg\" \/>\n\t<meta property=\"og:image:width\" content=\"1600\" \/>\n\t<meta property=\"og:image:height\" content=\"1200\" \/>\n\t<meta property=\"og:image:type\" content=\"image\/jpeg\" \/>\n<meta name=\"twitter:card\" content=\"summary_large_image\" \/>\n<meta name=\"twitter:label1\" content=\"Disponibilit\u00e9\" \/>\n\t<meta name=\"twitter:data1\" content=\"En stock\" \/>\n<script type=\"application\/ld+json\" class=\"yoast-schema-graph\">{\"@context\":\"https:\/\/schema.org\",\"@graph\":[{\"@type\":[\"WebPage\",\"ItemPage\"],\"@id\":\"https:\/\/alloraliving.com\/fr\/fauteuil-solare\/\",\"url\":\"https:\/\/alloraliving.com\/fr\/fauteuil-solare\/\",\"name\":\"Fauteuil Solare - AlloraLiving.com\",\"isPartOf\":{\"@id\":\"https:\/\/alloraliving.com\/fr\/#website\"},\"primaryImageOfPage\":{\"@id\":\"https:\/\/alloraliving.com\/fr\/fauteuil-solare\/#primaryimage\"},\"image\":{\"@id\":\"https:\/\/alloraliving.com\/fr\/fauteuil-solare\/#primaryimage\"},\"thumbnailUrl\":\"https:\/\/alloraliving.com\/wp-content\/uploads\/1-kremowy-fotel-do-salonu-solare-sand-cream.jpg\",\"datePublished\":\"2024-12-21T05:53:34+00:00\",\"dateModified\":\"2025-02-11T07:44:37+00:00\",\"breadcrumb\":{\"@id\":\"https:\/\/alloraliving.com\/fr\/fauteuil-solare\/#breadcrumb\"},\"inLanguage\":\"fr-FR\",\"potentialAction\":[{\"@type\":\"ReadAction\",\"target\":[\"https:\/\/alloraliving.com\/fr\/fauteuil-solare\/\"]}]},{\"@type\":\"ImageObject\",\"inLanguage\":\"fr-FR\",\"@id\":\"https:\/\/alloraliving.com\/fr\/fauteuil-solare\/#primaryimage\",\"url\":\"https:\/\/alloraliving.com\/wp-content\/uploads\/1-kremowy-fotel-do-salonu-solare-sand-cream.jpg\",\"contentUrl\":\"https:\/\/alloraliving.com\/wp-content\/uploads\/1-kremowy-fotel-do-salonu-solare-sand-cream.jpg\",\"width\":1600,\"height\":1200},{\"@type\":\"BreadcrumbList\",\"@id\":\"https:\/\/alloraliving.com\/fr\/fauteuil-solare\/#breadcrumb\",\"itemListElement\":[{\"@type\":\"ListItem\",\"position\":1,\"name\":\"Strona g\u0142\u00f3wna\",\"item\":\"https:\/\/alloraliving.com\/fr\/\"},{\"@type\":\"ListItem\",\"position\":2,\"name\":\"Boutique\",\"item\":\"https:\/\/alloraliving.com\/fr\/?page_id=6496\"},{\"@type\":\"ListItem\",\"position\":3,\"name\":\"Fauteuil Solare\"}]},{\"@type\":\"WebSite\",\"@id\":\"https:\/\/alloraliving.com\/fr\/#website\",\"url\":\"https:\/\/alloraliving.com\/fr\/\",\"name\":\"AlloraLiving.com\",\"description\":\"\",\"potentialAction\":[{\"@type\":\"SearchAction\",\"target\":{\"@type\":\"EntryPoint\",\"urlTemplate\":\"https:\/\/alloraliving.com\/fr\/?s={search_term_string}\"},\"query-input\":{\"@type\":\"PropertyValueSpecification\",\"valueRequired\":true,\"valueName\":\"search_term_string\"}}],\"inLanguage\":\"fr-FR\"}]}<\/script>\n<meta property=\"og:availability\" content=\"instock\" \/>\n<meta property=\"product:availability\" content=\"instock\" \/>\n<meta property=\"product:condition\" content=\"new\" \/>\n<!-- \/ Yoast SEO Premium plugin. -->","yoast_head_json":{"title":"Fauteuil Solare - AlloraLiving.com","robots":{"index":"index","follow":"follow","max-snippet":"max-snippet:-1","max-image-preview":"max-image-preview:large","max-video-preview":"max-video-preview:-1"},"canonical":"https:\/\/alloraliving.com\/fr\/fauteuil-solare\/","og_locale":"fr_FR","og_type":"article","og_title":"Fauteuil Solare","og_description":"Le fauteuil de la collection SOLARE est synonyme d'\u00e9l\u00e9gance et de confort, qui deviendra l'endroit id\u00e9al pour se d\u00e9tendre dans n'importe quel int\u00e9rieur. Avec ses coutures caract\u00e9ristiques cr\u00e9ant une structure g\u00e9om\u00e9trique et ses passepoils soigneusement cousus, ce fauteuil allie modernit\u00e9 et style intemporel.  Dans la collection SOLARE, vous trouverez \u00e9galement d'autres modules qui vous permettront d'am\u00e9nager l'espace de mani\u00e8re fonctionnelle et esth\u00e9tique. Le fauteuil s'accorde parfaitement, par exemple, avec un pouf ou un canap\u00e9 de la m\u00eame s\u00e9rie.","og_url":"https:\/\/alloraliving.com\/fr\/fauteuil-solare\/","og_site_name":"AlloraLiving.com","article_modified_time":"2025-02-11T07:44:37+00:00","og_image":[{"width":1600,"height":1200,"url":"https:\/\/alloraliving.com\/wp-content\/uploads\/1-kremowy-fotel-do-salonu-solare-sand-cream.jpg","type":"image\/jpeg"}],"twitter_card":"summary_large_image","twitter_misc":{"Disponibilit\u00e9":"En stock"},"schema":{"@context":"https:\/\/schema.org","@graph":[{"@type":["WebPage","ItemPage"],"@id":"https:\/\/alloraliving.com\/fr\/fauteuil-solare\/","url":"https:\/\/alloraliving.com\/fr\/fauteuil-solare\/","name":"Fauteuil Solare - AlloraLiving.com","isPartOf":{"@id":"https:\/\/alloraliving.com\/fr\/#website"},"primaryImageOfPage":{"@id":"https:\/\/alloraliving.com\/fr\/fauteuil-solare\/#primaryimage"},"image":{"@id":"https:\/\/alloraliving.com\/fr\/fauteuil-solare\/#primaryimage"},"thumbnailUrl":"https:\/\/alloraliving.com\/wp-content\/uploads\/1-kremowy-fotel-do-salonu-solare-sand-cream.jpg","datePublished":"2024-12-21T05:53:34+00:00","dateModified":"2025-02-11T07:44:37+00:00","breadcrumb":{"@id":"https:\/\/alloraliving.com\/fr\/fauteuil-solare\/#breadcrumb"},"inLanguage":"fr-FR","potentialAction":[{"@type":"ReadAction","target":["https:\/\/alloraliving.com\/fr\/fauteuil-solare\/"]}]},{"@type":"ImageObject","inLanguage":"fr-FR","@id":"https:\/\/alloraliving.com\/fr\/fauteuil-solare\/#primaryimage","url":"https:\/\/alloraliving.com\/wp-content\/uploads\/1-kremowy-fotel-do-salonu-solare-sand-cream.jpg","contentUrl":"https:\/\/alloraliving.com\/wp-content\/uploads\/1-kremowy-fotel-do-salonu-solare-sand-cream.jpg","width":1600,"height":1200},{"@type":"BreadcrumbList","@id":"https:\/\/alloraliving.com\/fr\/fauteuil-solare\/#breadcrumb","itemListElement":[{"@type":"ListItem","position":1,"name":"Strona g\u0142\u00f3wna","item":"https:\/\/alloraliving.com\/fr\/"},{"@type":"ListItem","position":2,"name":"Boutique","item":"https:\/\/alloraliving.com\/fr\/?page_id=6496"},{"@type":"ListItem","position":3,"name":"Fauteuil Solare"}]},{"@type":"WebSite","@id":"https:\/\/alloraliving.com\/fr\/#website","url":"https:\/\/alloraliving.com\/fr\/","name":"AlloraLiving.com","description":"","potentialAction":[{"@type":"SearchAction","target":{"@type":"EntryPoint","urlTemplate":"https:\/\/alloraliving.com\/fr\/?s={search_term_string}"},"query-input":{"@type":"PropertyValueSpecification","valueRequired":true,"valueName":"search_term_string"}}],"inLanguage":"fr-FR"}]},"og_availability":"instock","product_availability":"instock","product_condition":"new"},"_links":{"self":[{"href":"https:\/\/alloraliving.com\/fr\/wp-json\/wp\/v2\/product\/8097","targetHints":{"allow":["GET"]}}],"collection":[{"href":"https:\/\/alloraliving.com\/fr\/wp-json\/wp\/v2\/product"}],"about":[{"href":"https:\/\/alloraliving.com\/fr\/wp-json\/wp\/v2\/types\/product"}],"wp:featuredmedia":[{"embeddable":true,"href":"https:\/\/alloraliving.com\/fr\/wp-json\/wp\/v2\/media\/8037"}],"wp:attachment":[{"href":"https:\/\/alloraliving.com\/fr\/wp-json\/wp\/v2\/media?parent=8097"}],"wp:term":[{"taxonomy":"product_brand","embeddable":true,"href":"https:\/\/alloraliving.com\/fr\/wp-json\/wp\/v2\/product_brand?post=8097"},{"taxonomy":"product_cat","embeddable":true,"href":"https:\/\/alloraliving.com\/fr\/wp-json\/wp\/v2\/product_cat?post=8097"},{"taxonomy":"product_tag","embeddable":true,"href":"https:\/\/alloraliving.com\/fr\/wp-json\/wp\/v2\/product_tag?post=8097"}],"curies":[{"name":"wp","href":"https:\/\/api.w.org\/{rel}","templated":true}]}}