{"id":8115,"date":"2024-12-21T10:41:45","date_gmt":"2024-12-21T09:41:45","guid":{"rendered":"https:\/\/alloraliving.com\/ensemble-de-2-poufs-solare\/"},"modified":"2025-02-11T08:44:38","modified_gmt":"2025-02-11T07:44:38","slug":"ensemble-de-2-poufs-solare","status":"publish","type":"product","link":"https:\/\/alloraliving.com\/fr\/ensemble-de-2-poufs-solare\/","title":{"rendered":"Ensemble de 2 poufs Solare"},"content":{"rendered":"","protected":false},"excerpt":{"rendered":"<p>Un ensemble de deux poufs de la collection SOLARE introduit une assise suppl\u00e9mentaire de mani\u00e8re discr\u00e8te mais sophistiqu\u00e9e. Les deux \u00e9l\u00e9ments, d\u00e9cor\u00e9s de coutures et de passepoils caract\u00e9ristiques, s&rsquo;int\u00e9greront facilement dans l&rsquo;agencement existant, offrant un soutien confortable lors de r\u00e9unions avec des invit\u00e9s ou comme repose-pieds pour votre fauteuil pr\u00e9f\u00e9r\u00e9. <\/p>\n<p>La collection SOLARE, d&rsquo;inspiration italienne, permet de cr\u00e9er des espaces au caract\u00e8re individuel, alliant style moderne et facilit\u00e9 d&rsquo;utilisation quotidienne de mani\u00e8re exceptionnellement harmonieuse.<\/p>\n","protected":false},"featured_media":8116,"template":"","meta":[],"product_brand":[],"product_cat":[938,945],"product_tag":[],"class_list":{"0":"post-8115","1":"product","2":"type-product","3":"status-publish","4":"has-post-thumbnail","6":"product_cat-collection-solare","7":"product_cat-poufs-fr","8":"product_shipping_class-livraison-gratuite","10":"first","11":"instock","12":"taxable","13":"shipping-taxable","14":"purchasable","15":"product-type-variable","16":"has-default-attributes","17":"wvs-archive-product-wrapper"},"yoast_head":"<!-- This site is optimized with the Yoast SEO Premium plugin v26.8 (Yoast SEO v26.8) - https:\/\/yoast.com\/product\/yoast-seo-premium-wordpress\/ -->\n<title>Ensemble de 2 poufs Solare - AlloraLiving.com<\/title>\n<meta name=\"robots\" content=\"index, follow, max-snippet:-1, max-image-preview:large, max-video-preview:-1\" \/>\n<link rel=\"canonical\" href=\"https:\/\/alloraliving.com\/fr\/ensemble-de-2-poufs-solare\/\" \/>\n<meta property=\"og:locale\" content=\"fr_FR\" \/>\n<meta property=\"og:type\" content=\"article\" \/>\n<meta property=\"og:title\" content=\"Ensemble de 2 poufs Solare\" \/>\n<meta property=\"og:description\" content=\"Un ensemble de deux poufs de la collection SOLARE introduit une assise suppl\u00e9mentaire de mani\u00e8re discr\u00e8te mais sophistiqu\u00e9e. Les deux \u00e9l\u00e9ments, d\u00e9cor\u00e9s de coutures et de passepoils caract\u00e9ristiques, s&#039;int\u00e9greront facilement dans l&#039;agencement existant, offrant un soutien confortable lors de r\u00e9unions avec des invit\u00e9s ou comme repose-pieds pour votre fauteuil pr\u00e9f\u00e9r\u00e9.  La collection SOLARE, d&#039;inspiration italienne, permet de cr\u00e9er des espaces au caract\u00e8re individuel, alliant style moderne et facilit\u00e9 d&#039;utilisation quotidienne de mani\u00e8re exceptionnellement harmonieuse.\" \/>\n<meta property=\"og:url\" content=\"https:\/\/alloraliving.com\/fr\/ensemble-de-2-poufs-solare\/\" \/>\n<meta property=\"og:site_name\" content=\"AlloraLiving.com\" \/>\n<meta property=\"article:modified_time\" content=\"2025-02-11T07:44:38+00:00\" \/>\n<meta property=\"og:image\" content=\"https:\/\/alloraliving.com\/wp-content\/uploads\/1-zestaw-2-pufy-solare-sand-cream.jpg\" \/>\n\t<meta property=\"og:image:width\" content=\"1600\" \/>\n\t<meta property=\"og:image:height\" content=\"1200\" \/>\n\t<meta property=\"og:image:type\" content=\"image\/jpeg\" \/>\n<meta name=\"twitter:card\" content=\"summary_large_image\" \/>\n<meta name=\"twitter:label1\" content=\"Disponibilit\u00e9\" \/>\n\t<meta name=\"twitter:data1\" content=\"En stock\" \/>\n<script type=\"application\/ld+json\" class=\"yoast-schema-graph\">{\"@context\":\"https:\/\/schema.org\",\"@graph\":[{\"@type\":[\"WebPage\",\"ItemPage\"],\"@id\":\"https:\/\/alloraliving.com\/fr\/ensemble-de-2-poufs-solare\/\",\"url\":\"https:\/\/alloraliving.com\/fr\/ensemble-de-2-poufs-solare\/\",\"name\":\"Ensemble de 2 poufs Solare - AlloraLiving.com\",\"isPartOf\":{\"@id\":\"https:\/\/alloraliving.com\/fr\/#website\"},\"primaryImageOfPage\":{\"@id\":\"https:\/\/alloraliving.com\/fr\/ensemble-de-2-poufs-solare\/#primaryimage\"},\"image\":{\"@id\":\"https:\/\/alloraliving.com\/fr\/ensemble-de-2-poufs-solare\/#primaryimage\"},\"thumbnailUrl\":\"https:\/\/alloraliving.com\/wp-content\/uploads\/1-zestaw-2-pufy-solare-sand-cream.jpg\",\"datePublished\":\"2024-12-21T09:41:45+00:00\",\"dateModified\":\"2025-02-11T07:44:38+00:00\",\"breadcrumb\":{\"@id\":\"https:\/\/alloraliving.com\/fr\/ensemble-de-2-poufs-solare\/#breadcrumb\"},\"inLanguage\":\"fr-FR\",\"potentialAction\":[{\"@type\":\"ReadAction\",\"target\":[\"https:\/\/alloraliving.com\/fr\/ensemble-de-2-poufs-solare\/\"]}]},{\"@type\":\"ImageObject\",\"inLanguage\":\"fr-FR\",\"@id\":\"https:\/\/alloraliving.com\/fr\/ensemble-de-2-poufs-solare\/#primaryimage\",\"url\":\"https:\/\/alloraliving.com\/wp-content\/uploads\/1-zestaw-2-pufy-solare-sand-cream.jpg\",\"contentUrl\":\"https:\/\/alloraliving.com\/wp-content\/uploads\/1-zestaw-2-pufy-solare-sand-cream.jpg\",\"width\":1600,\"height\":1200},{\"@type\":\"BreadcrumbList\",\"@id\":\"https:\/\/alloraliving.com\/fr\/ensemble-de-2-poufs-solare\/#breadcrumb\",\"itemListElement\":[{\"@type\":\"ListItem\",\"position\":1,\"name\":\"Strona g\u0142\u00f3wna\",\"item\":\"https:\/\/alloraliving.com\/fr\/\"},{\"@type\":\"ListItem\",\"position\":2,\"name\":\"Boutique\",\"item\":\"https:\/\/alloraliving.com\/fr\/?page_id=6496\"},{\"@type\":\"ListItem\",\"position\":3,\"name\":\"Ensemble de 2 poufs Solare\"}]},{\"@type\":\"WebSite\",\"@id\":\"https:\/\/alloraliving.com\/fr\/#website\",\"url\":\"https:\/\/alloraliving.com\/fr\/\",\"name\":\"AlloraLiving.com\",\"description\":\"\",\"potentialAction\":[{\"@type\":\"SearchAction\",\"target\":{\"@type\":\"EntryPoint\",\"urlTemplate\":\"https:\/\/alloraliving.com\/fr\/?s={search_term_string}\"},\"query-input\":{\"@type\":\"PropertyValueSpecification\",\"valueRequired\":true,\"valueName\":\"search_term_string\"}}],\"inLanguage\":\"fr-FR\"}]}<\/script>\n<meta property=\"og:availability\" content=\"instock\" \/>\n<meta property=\"product:availability\" content=\"instock\" \/>\n<meta property=\"product:condition\" content=\"new\" \/>\n<!-- \/ Yoast SEO Premium plugin. -->","yoast_head_json":{"title":"Ensemble de 2 poufs Solare - AlloraLiving.com","robots":{"index":"index","follow":"follow","max-snippet":"max-snippet:-1","max-image-preview":"max-image-preview:large","max-video-preview":"max-video-preview:-1"},"canonical":"https:\/\/alloraliving.com\/fr\/ensemble-de-2-poufs-solare\/","og_locale":"fr_FR","og_type":"article","og_title":"Ensemble de 2 poufs Solare","og_description":"Un ensemble de deux poufs de la collection SOLARE introduit une assise suppl\u00e9mentaire de mani\u00e8re discr\u00e8te mais sophistiqu\u00e9e. Les deux \u00e9l\u00e9ments, d\u00e9cor\u00e9s de coutures et de passepoils caract\u00e9ristiques, s'int\u00e9greront facilement dans l'agencement existant, offrant un soutien confortable lors de r\u00e9unions avec des invit\u00e9s ou comme repose-pieds pour votre fauteuil pr\u00e9f\u00e9r\u00e9.  La collection SOLARE, d'inspiration italienne, permet de cr\u00e9er des espaces au caract\u00e8re individuel, alliant style moderne et facilit\u00e9 d'utilisation quotidienne de mani\u00e8re exceptionnellement harmonieuse.","og_url":"https:\/\/alloraliving.com\/fr\/ensemble-de-2-poufs-solare\/","og_site_name":"AlloraLiving.com","article_modified_time":"2025-02-11T07:44:38+00:00","og_image":[{"width":1600,"height":1200,"url":"https:\/\/alloraliving.com\/wp-content\/uploads\/1-zestaw-2-pufy-solare-sand-cream.jpg","type":"image\/jpeg"}],"twitter_card":"summary_large_image","twitter_misc":{"Disponibilit\u00e9":"En stock"},"schema":{"@context":"https:\/\/schema.org","@graph":[{"@type":["WebPage","ItemPage"],"@id":"https:\/\/alloraliving.com\/fr\/ensemble-de-2-poufs-solare\/","url":"https:\/\/alloraliving.com\/fr\/ensemble-de-2-poufs-solare\/","name":"Ensemble de 2 poufs Solare - AlloraLiving.com","isPartOf":{"@id":"https:\/\/alloraliving.com\/fr\/#website"},"primaryImageOfPage":{"@id":"https:\/\/alloraliving.com\/fr\/ensemble-de-2-poufs-solare\/#primaryimage"},"image":{"@id":"https:\/\/alloraliving.com\/fr\/ensemble-de-2-poufs-solare\/#primaryimage"},"thumbnailUrl":"https:\/\/alloraliving.com\/wp-content\/uploads\/1-zestaw-2-pufy-solare-sand-cream.jpg","datePublished":"2024-12-21T09:41:45+00:00","dateModified":"2025-02-11T07:44:38+00:00","breadcrumb":{"@id":"https:\/\/alloraliving.com\/fr\/ensemble-de-2-poufs-solare\/#breadcrumb"},"inLanguage":"fr-FR","potentialAction":[{"@type":"ReadAction","target":["https:\/\/alloraliving.com\/fr\/ensemble-de-2-poufs-solare\/"]}]},{"@type":"ImageObject","inLanguage":"fr-FR","@id":"https:\/\/alloraliving.com\/fr\/ensemble-de-2-poufs-solare\/#primaryimage","url":"https:\/\/alloraliving.com\/wp-content\/uploads\/1-zestaw-2-pufy-solare-sand-cream.jpg","contentUrl":"https:\/\/alloraliving.com\/wp-content\/uploads\/1-zestaw-2-pufy-solare-sand-cream.jpg","width":1600,"height":1200},{"@type":"BreadcrumbList","@id":"https:\/\/alloraliving.com\/fr\/ensemble-de-2-poufs-solare\/#breadcrumb","itemListElement":[{"@type":"ListItem","position":1,"name":"Strona g\u0142\u00f3wna","item":"https:\/\/alloraliving.com\/fr\/"},{"@type":"ListItem","position":2,"name":"Boutique","item":"https:\/\/alloraliving.com\/fr\/?page_id=6496"},{"@type":"ListItem","position":3,"name":"Ensemble de 2 poufs Solare"}]},{"@type":"WebSite","@id":"https:\/\/alloraliving.com\/fr\/#website","url":"https:\/\/alloraliving.com\/fr\/","name":"AlloraLiving.com","description":"","potentialAction":[{"@type":"SearchAction","target":{"@type":"EntryPoint","urlTemplate":"https:\/\/alloraliving.com\/fr\/?s={search_term_string}"},"query-input":{"@type":"PropertyValueSpecification","valueRequired":true,"valueName":"search_term_string"}}],"inLanguage":"fr-FR"}]},"og_availability":"instock","product_availability":"instock","product_condition":"new"},"_links":{"self":[{"href":"https:\/\/alloraliving.com\/fr\/wp-json\/wp\/v2\/product\/8115","targetHints":{"allow":["GET"]}}],"collection":[{"href":"https:\/\/alloraliving.com\/fr\/wp-json\/wp\/v2\/product"}],"about":[{"href":"https:\/\/alloraliving.com\/fr\/wp-json\/wp\/v2\/types\/product"}],"wp:featuredmedia":[{"embeddable":true,"href":"https:\/\/alloraliving.com\/fr\/wp-json\/wp\/v2\/media\/8116"}],"wp:attachment":[{"href":"https:\/\/alloraliving.com\/fr\/wp-json\/wp\/v2\/media?parent=8115"}],"wp:term":[{"taxonomy":"product_brand","embeddable":true,"href":"https:\/\/alloraliving.com\/fr\/wp-json\/wp\/v2\/product_brand?post=8115"},{"taxonomy":"product_cat","embeddable":true,"href":"https:\/\/alloraliving.com\/fr\/wp-json\/wp\/v2\/product_cat?post=8115"},{"taxonomy":"product_tag","embeddable":true,"href":"https:\/\/alloraliving.com\/fr\/wp-json\/wp\/v2\/product_tag?post=8115"}],"curies":[{"name":"wp","href":"https:\/\/api.w.org\/{rel}","templated":true}]}}