{"id":8122,"date":"2024-12-21T09:52:42","date_gmt":"2024-12-21T08:52:42","guid":{"rendered":"https:\/\/alloraliving.com\/module-dangle-solare\/"},"modified":"2025-02-11T08:44:39","modified_gmt":"2025-02-11T07:44:39","slug":"module-dangle-solare","status":"publish","type":"product","link":"https:\/\/alloraliving.com\/fr\/module-dangle-solare\/","title":{"rendered":"Module d&rsquo;angle Solare"},"content":{"rendered":"","protected":false},"excerpt":{"rendered":"<p>Le module d&rsquo;angle SOLARE est un \u00e9l\u00e9ment cl\u00e9 pour cr\u00e9er des am\u00e9nagements d&rsquo;angle dans votre salon. Ses coutures g\u00e9om\u00e9triques et ses inserts de rembourrage subtils ajoutent de la sophistication, tandis que la construction solide assure long\u00e9vit\u00e9 et confort d&rsquo;utilisation. <\/p>\n<p>Vous pouvez facilement combiner le module d&rsquo;angle avec d&rsquo;autres \u00e9l\u00e9ments de la collection. Chez Allora Living, nous mettons fortement l&rsquo;accent sur la modularit\u00e9, qui vous permet d&rsquo;utiliser pleinement le potentiel de votre espace. <\/p>\n","protected":false},"featured_media":8123,"template":"","meta":[],"product_brand":[],"product_cat":[946,947,938],"product_tag":[],"class_list":{"0":"post-8122","1":"product","2":"type-product","3":"status-publish","4":"has-post-thumbnail","6":"product_cat-canapes","7":"product_cat-canapes-modulaires","8":"product_cat-collection-solare","9":"product_shipping_class-livraison-gratuite","11":"first","12":"instock","13":"taxable","14":"shipping-taxable","15":"purchasable","16":"product-type-variable","17":"has-default-attributes","18":"wvs-archive-product-wrapper"},"yoast_head":"<!-- This site is optimized with the Yoast SEO Premium plugin v26.8 (Yoast SEO v26.8) - https:\/\/yoast.com\/product\/yoast-seo-premium-wordpress\/ -->\n<title>Module d&#039;angle Solare - AlloraLiving.com<\/title>\n<meta name=\"robots\" content=\"index, follow, max-snippet:-1, max-image-preview:large, max-video-preview:-1\" \/>\n<link rel=\"canonical\" href=\"https:\/\/alloraliving.com\/fr\/module-dangle-solare\/\" \/>\n<meta property=\"og:locale\" content=\"fr_FR\" \/>\n<meta property=\"og:type\" content=\"article\" \/>\n<meta property=\"og:title\" content=\"Module d&#039;angle Solare\" \/>\n<meta property=\"og:description\" content=\"Le module d&#039;angle SOLARE est un \u00e9l\u00e9ment cl\u00e9 pour cr\u00e9er des am\u00e9nagements d&#039;angle dans votre salon. Ses coutures g\u00e9om\u00e9triques et ses inserts de rembourrage subtils ajoutent de la sophistication, tandis que la construction solide assure long\u00e9vit\u00e9 et confort d&#039;utilisation.  Vous pouvez facilement combiner le module d&#039;angle avec d&#039;autres \u00e9l\u00e9ments de la collection. Chez Allora Living, nous mettons fortement l&#039;accent sur la modularit\u00e9, qui vous permet d&#039;utiliser pleinement le potentiel de votre espace.\" \/>\n<meta property=\"og:url\" content=\"https:\/\/alloraliving.com\/fr\/module-dangle-solare\/\" \/>\n<meta property=\"og:site_name\" content=\"AlloraLiving.com\" \/>\n<meta property=\"article:modified_time\" content=\"2025-02-11T07:44:39+00:00\" \/>\n<meta property=\"og:image\" content=\"https:\/\/alloraliving.com\/wp-content\/uploads\/2-element-narozny-sofy-modulowej-solare-sand-cream.jpg\" \/>\n\t<meta property=\"og:image:width\" content=\"1600\" \/>\n\t<meta property=\"og:image:height\" content=\"1200\" \/>\n\t<meta property=\"og:image:type\" content=\"image\/jpeg\" \/>\n<meta name=\"twitter:card\" content=\"summary_large_image\" \/>\n<meta name=\"twitter:label1\" content=\"Disponibilit\u00e9\" \/>\n\t<meta name=\"twitter:data1\" content=\"En stock\" \/>\n<script type=\"application\/ld+json\" class=\"yoast-schema-graph\">{\"@context\":\"https:\/\/schema.org\",\"@graph\":[{\"@type\":[\"WebPage\",\"ItemPage\"],\"@id\":\"https:\/\/alloraliving.com\/fr\/module-dangle-solare\/\",\"url\":\"https:\/\/alloraliving.com\/fr\/module-dangle-solare\/\",\"name\":\"Module d'angle Solare - AlloraLiving.com\",\"isPartOf\":{\"@id\":\"https:\/\/alloraliving.com\/fr\/#website\"},\"primaryImageOfPage\":{\"@id\":\"https:\/\/alloraliving.com\/fr\/module-dangle-solare\/#primaryimage\"},\"image\":{\"@id\":\"https:\/\/alloraliving.com\/fr\/module-dangle-solare\/#primaryimage\"},\"thumbnailUrl\":\"https:\/\/alloraliving.com\/wp-content\/uploads\/2-element-narozny-sofy-modulowej-solare-sand-cream.jpg\",\"datePublished\":\"2024-12-21T08:52:42+00:00\",\"dateModified\":\"2025-02-11T07:44:39+00:00\",\"breadcrumb\":{\"@id\":\"https:\/\/alloraliving.com\/fr\/module-dangle-solare\/#breadcrumb\"},\"inLanguage\":\"fr-FR\",\"potentialAction\":[{\"@type\":\"ReadAction\",\"target\":[\"https:\/\/alloraliving.com\/fr\/module-dangle-solare\/\"]}]},{\"@type\":\"ImageObject\",\"inLanguage\":\"fr-FR\",\"@id\":\"https:\/\/alloraliving.com\/fr\/module-dangle-solare\/#primaryimage\",\"url\":\"https:\/\/alloraliving.com\/wp-content\/uploads\/2-element-narozny-sofy-modulowej-solare-sand-cream.jpg\",\"contentUrl\":\"https:\/\/alloraliving.com\/wp-content\/uploads\/2-element-narozny-sofy-modulowej-solare-sand-cream.jpg\",\"width\":1600,\"height\":1200},{\"@type\":\"BreadcrumbList\",\"@id\":\"https:\/\/alloraliving.com\/fr\/module-dangle-solare\/#breadcrumb\",\"itemListElement\":[{\"@type\":\"ListItem\",\"position\":1,\"name\":\"Strona g\u0142\u00f3wna\",\"item\":\"https:\/\/alloraliving.com\/fr\/\"},{\"@type\":\"ListItem\",\"position\":2,\"name\":\"Boutique\",\"item\":\"https:\/\/alloraliving.com\/fr\/?page_id=6496\"},{\"@type\":\"ListItem\",\"position\":3,\"name\":\"Module d&#8217;angle Solare\"}]},{\"@type\":\"WebSite\",\"@id\":\"https:\/\/alloraliving.com\/fr\/#website\",\"url\":\"https:\/\/alloraliving.com\/fr\/\",\"name\":\"AlloraLiving.com\",\"description\":\"\",\"potentialAction\":[{\"@type\":\"SearchAction\",\"target\":{\"@type\":\"EntryPoint\",\"urlTemplate\":\"https:\/\/alloraliving.com\/fr\/?s={search_term_string}\"},\"query-input\":{\"@type\":\"PropertyValueSpecification\",\"valueRequired\":true,\"valueName\":\"search_term_string\"}}],\"inLanguage\":\"fr-FR\"}]}<\/script>\n<meta property=\"og:availability\" content=\"instock\" \/>\n<meta property=\"product:availability\" content=\"instock\" \/>\n<meta property=\"product:condition\" content=\"new\" \/>\n<!-- \/ Yoast SEO Premium plugin. -->","yoast_head_json":{"title":"Module d'angle Solare - AlloraLiving.com","robots":{"index":"index","follow":"follow","max-snippet":"max-snippet:-1","max-image-preview":"max-image-preview:large","max-video-preview":"max-video-preview:-1"},"canonical":"https:\/\/alloraliving.com\/fr\/module-dangle-solare\/","og_locale":"fr_FR","og_type":"article","og_title":"Module d'angle Solare","og_description":"Le module d'angle SOLARE est un \u00e9l\u00e9ment cl\u00e9 pour cr\u00e9er des am\u00e9nagements d'angle dans votre salon. Ses coutures g\u00e9om\u00e9triques et ses inserts de rembourrage subtils ajoutent de la sophistication, tandis que la construction solide assure long\u00e9vit\u00e9 et confort d'utilisation.  Vous pouvez facilement combiner le module d'angle avec d'autres \u00e9l\u00e9ments de la collection. Chez Allora Living, nous mettons fortement l'accent sur la modularit\u00e9, qui vous permet d'utiliser pleinement le potentiel de votre espace.","og_url":"https:\/\/alloraliving.com\/fr\/module-dangle-solare\/","og_site_name":"AlloraLiving.com","article_modified_time":"2025-02-11T07:44:39+00:00","og_image":[{"width":1600,"height":1200,"url":"https:\/\/alloraliving.com\/wp-content\/uploads\/2-element-narozny-sofy-modulowej-solare-sand-cream.jpg","type":"image\/jpeg"}],"twitter_card":"summary_large_image","twitter_misc":{"Disponibilit\u00e9":"En stock"},"schema":{"@context":"https:\/\/schema.org","@graph":[{"@type":["WebPage","ItemPage"],"@id":"https:\/\/alloraliving.com\/fr\/module-dangle-solare\/","url":"https:\/\/alloraliving.com\/fr\/module-dangle-solare\/","name":"Module d'angle Solare - AlloraLiving.com","isPartOf":{"@id":"https:\/\/alloraliving.com\/fr\/#website"},"primaryImageOfPage":{"@id":"https:\/\/alloraliving.com\/fr\/module-dangle-solare\/#primaryimage"},"image":{"@id":"https:\/\/alloraliving.com\/fr\/module-dangle-solare\/#primaryimage"},"thumbnailUrl":"https:\/\/alloraliving.com\/wp-content\/uploads\/2-element-narozny-sofy-modulowej-solare-sand-cream.jpg","datePublished":"2024-12-21T08:52:42+00:00","dateModified":"2025-02-11T07:44:39+00:00","breadcrumb":{"@id":"https:\/\/alloraliving.com\/fr\/module-dangle-solare\/#breadcrumb"},"inLanguage":"fr-FR","potentialAction":[{"@type":"ReadAction","target":["https:\/\/alloraliving.com\/fr\/module-dangle-solare\/"]}]},{"@type":"ImageObject","inLanguage":"fr-FR","@id":"https:\/\/alloraliving.com\/fr\/module-dangle-solare\/#primaryimage","url":"https:\/\/alloraliving.com\/wp-content\/uploads\/2-element-narozny-sofy-modulowej-solare-sand-cream.jpg","contentUrl":"https:\/\/alloraliving.com\/wp-content\/uploads\/2-element-narozny-sofy-modulowej-solare-sand-cream.jpg","width":1600,"height":1200},{"@type":"BreadcrumbList","@id":"https:\/\/alloraliving.com\/fr\/module-dangle-solare\/#breadcrumb","itemListElement":[{"@type":"ListItem","position":1,"name":"Strona g\u0142\u00f3wna","item":"https:\/\/alloraliving.com\/fr\/"},{"@type":"ListItem","position":2,"name":"Boutique","item":"https:\/\/alloraliving.com\/fr\/?page_id=6496"},{"@type":"ListItem","position":3,"name":"Module d&#8217;angle Solare"}]},{"@type":"WebSite","@id":"https:\/\/alloraliving.com\/fr\/#website","url":"https:\/\/alloraliving.com\/fr\/","name":"AlloraLiving.com","description":"","potentialAction":[{"@type":"SearchAction","target":{"@type":"EntryPoint","urlTemplate":"https:\/\/alloraliving.com\/fr\/?s={search_term_string}"},"query-input":{"@type":"PropertyValueSpecification","valueRequired":true,"valueName":"search_term_string"}}],"inLanguage":"fr-FR"}]},"og_availability":"instock","product_availability":"instock","product_condition":"new"},"_links":{"self":[{"href":"https:\/\/alloraliving.com\/fr\/wp-json\/wp\/v2\/product\/8122","targetHints":{"allow":["GET"]}}],"collection":[{"href":"https:\/\/alloraliving.com\/fr\/wp-json\/wp\/v2\/product"}],"about":[{"href":"https:\/\/alloraliving.com\/fr\/wp-json\/wp\/v2\/types\/product"}],"wp:featuredmedia":[{"embeddable":true,"href":"https:\/\/alloraliving.com\/fr\/wp-json\/wp\/v2\/media\/8123"}],"wp:attachment":[{"href":"https:\/\/alloraliving.com\/fr\/wp-json\/wp\/v2\/media?parent=8122"}],"wp:term":[{"taxonomy":"product_brand","embeddable":true,"href":"https:\/\/alloraliving.com\/fr\/wp-json\/wp\/v2\/product_brand?post=8122"},{"taxonomy":"product_cat","embeddable":true,"href":"https:\/\/alloraliving.com\/fr\/wp-json\/wp\/v2\/product_cat?post=8122"},{"taxonomy":"product_tag","embeddable":true,"href":"https:\/\/alloraliving.com\/fr\/wp-json\/wp\/v2\/product_tag?post=8122"}],"curies":[{"name":"wp","href":"https:\/\/api.w.org\/{rel}","templated":true}]}}