{"id":8130,"date":"2024-10-22T13:38:26","date_gmt":"2024-10-22T11:38:26","guid":{"rendered":"https:\/\/alloraliving.com\/canape-4-places-terra-avec-table-basse\/"},"modified":"2025-02-11T08:45:27","modified_gmt":"2025-02-11T07:45:27","slug":"canape-4-places-terra-avec-table-basse","status":"publish","type":"product","link":"https:\/\/alloraliving.com\/fr\/canape-4-places-terra-avec-table-basse\/","title":{"rendered":"Canap\u00e9 4 places Terra avec table basse"},"content":{"rendered":"","protected":false},"excerpt":{"rendered":"<p>Le canap\u00e9 modulable 4 places TERRA est une combinaison de trois modules : un double \u00e9l\u00e9ment droit, un \u00e9l\u00e9ment d&rsquo;angle et une petite table basse parfaitement assortie, disponible en finition bois ou TechniStone\u00ae.<\/p>\n<p>Des lignes subtiles et courbes et un socle en bois d\u00e9licat soulignent l&rsquo;esth\u00e9tique raffin\u00e9e de la collection, inspir\u00e9e du design italien. Ce canap\u00e9 s&rsquo;int\u00e8gre parfaitement dans l&rsquo;id\u00e9e d&rsquo;\u00e9l\u00e9gance moderne, offrant confort et style dans n&rsquo;importe quel int\u00e9rieur. Gr\u00e2ce \u00e0 sa structure modulaire, la collection TERRA offre une totale libert\u00e9 d&rsquo;agencement, vous permettant de cr\u00e9er des compositions uniques qui remplissent harmonieusement l&rsquo;espace.  <\/p>\n","protected":false},"featured_media":10215,"template":"","meta":[],"product_brand":[],"product_cat":[946,947,939],"product_tag":[],"class_list":{"0":"post-8130","1":"product","2":"type-product","3":"status-publish","4":"has-post-thumbnail","6":"product_cat-canapes","7":"product_cat-canapes-modulaires","8":"product_cat-collection-terra","9":"product_shipping_class-livraison-gratuite","11":"first","12":"instock","13":"featured","14":"taxable","15":"shipping-taxable","16":"purchasable","17":"product-type-variable","18":"has-default-attributes","19":"wvs-archive-product-wrapper"},"yoast_head":"<!-- This site is optimized with the Yoast SEO Premium plugin v26.8 (Yoast SEO v26.8) - https:\/\/yoast.com\/product\/yoast-seo-premium-wordpress\/ -->\n<title>Canap\u00e9 4 places Terra avec table basse - AlloraLiving.com<\/title>\n<meta name=\"robots\" content=\"index, follow, max-snippet:-1, max-image-preview:large, max-video-preview:-1\" \/>\n<link rel=\"canonical\" href=\"https:\/\/alloraliving.com\/fr\/canape-4-places-terra-avec-table-basse\/\" \/>\n<meta property=\"og:locale\" content=\"fr_FR\" \/>\n<meta property=\"og:type\" content=\"article\" \/>\n<meta property=\"og:title\" content=\"Canap\u00e9 4 places Terra avec table basse\" \/>\n<meta property=\"og:description\" content=\"Le canap\u00e9 modulable 4 places TERRA est une combinaison de trois modules : un double \u00e9l\u00e9ment droit, un \u00e9l\u00e9ment d&#039;angle et une petite table basse parfaitement assortie, disponible en finition bois ou TechniStone\u00ae. Des lignes subtiles et courbes et un socle en bois d\u00e9licat soulignent l&#039;esth\u00e9tique raffin\u00e9e de la collection, inspir\u00e9e du design italien. Ce canap\u00e9 s&#039;int\u00e8gre parfaitement dans l&#039;id\u00e9e d&#039;\u00e9l\u00e9gance moderne, offrant confort et style dans n&#039;importe quel int\u00e9rieur. Gr\u00e2ce \u00e0 sa structure modulaire, la collection TERRA offre une totale libert\u00e9 d&#039;agencement, vous permettant de cr\u00e9er des compositions uniques qui remplissent harmonieusement l&#039;espace.\" \/>\n<meta property=\"og:url\" content=\"https:\/\/alloraliving.com\/fr\/canape-4-places-terra-avec-table-basse\/\" \/>\n<meta property=\"og:site_name\" content=\"AlloraLiving.com\" \/>\n<meta property=\"article:modified_time\" content=\"2025-02-11T07:45:27+00:00\" \/>\n<meta property=\"og:image\" content=\"https:\/\/alloraliving.com\/wp-content\/uploads\/1-duza-sofa-4-osobowa-do-salonu-ze-stolkiem-terra-sand-cream.jpg\" \/>\n\t<meta property=\"og:image:width\" content=\"1600\" \/>\n\t<meta property=\"og:image:height\" content=\"1200\" \/>\n\t<meta property=\"og:image:type\" content=\"image\/jpeg\" \/>\n<meta name=\"twitter:card\" content=\"summary_large_image\" \/>\n<meta name=\"twitter:label1\" content=\"Disponibilit\u00e9\" \/>\n\t<meta name=\"twitter:data1\" content=\"En stock\" \/>\n<script type=\"application\/ld+json\" class=\"yoast-schema-graph\">{\"@context\":\"https:\/\/schema.org\",\"@graph\":[{\"@type\":[\"WebPage\",\"ItemPage\"],\"@id\":\"https:\/\/alloraliving.com\/fr\/canape-4-places-terra-avec-table-basse\/\",\"url\":\"https:\/\/alloraliving.com\/fr\/canape-4-places-terra-avec-table-basse\/\",\"name\":\"Canap\u00e9 4 places Terra avec table basse - AlloraLiving.com\",\"isPartOf\":{\"@id\":\"https:\/\/alloraliving.com\/fr\/#website\"},\"primaryImageOfPage\":{\"@id\":\"https:\/\/alloraliving.com\/fr\/canape-4-places-terra-avec-table-basse\/#primaryimage\"},\"image\":{\"@id\":\"https:\/\/alloraliving.com\/fr\/canape-4-places-terra-avec-table-basse\/#primaryimage\"},\"thumbnailUrl\":\"https:\/\/alloraliving.com\/wp-content\/uploads\/TERRA-KONFIGURACJA-2-FRONT-CATCH-ME-01-CZARNY-copy-scaled.jpg\",\"datePublished\":\"2024-10-22T11:38:26+00:00\",\"dateModified\":\"2025-02-11T07:45:27+00:00\",\"breadcrumb\":{\"@id\":\"https:\/\/alloraliving.com\/fr\/canape-4-places-terra-avec-table-basse\/#breadcrumb\"},\"inLanguage\":\"fr-FR\",\"potentialAction\":[{\"@type\":\"ReadAction\",\"target\":[\"https:\/\/alloraliving.com\/fr\/canape-4-places-terra-avec-table-basse\/\"]}]},{\"@type\":\"ImageObject\",\"inLanguage\":\"fr-FR\",\"@id\":\"https:\/\/alloraliving.com\/fr\/canape-4-places-terra-avec-table-basse\/#primaryimage\",\"url\":\"https:\/\/alloraliving.com\/wp-content\/uploads\/TERRA-KONFIGURACJA-2-FRONT-CATCH-ME-01-CZARNY-copy-scaled.jpg\",\"contentUrl\":\"https:\/\/alloraliving.com\/wp-content\/uploads\/TERRA-KONFIGURACJA-2-FRONT-CATCH-ME-01-CZARNY-copy-scaled.jpg\",\"width\":2560,\"height\":1920},{\"@type\":\"BreadcrumbList\",\"@id\":\"https:\/\/alloraliving.com\/fr\/canape-4-places-terra-avec-table-basse\/#breadcrumb\",\"itemListElement\":[{\"@type\":\"ListItem\",\"position\":1,\"name\":\"Strona g\u0142\u00f3wna\",\"item\":\"https:\/\/alloraliving.com\/fr\/\"},{\"@type\":\"ListItem\",\"position\":2,\"name\":\"Boutique\",\"item\":\"https:\/\/alloraliving.com\/fr\/?page_id=6496\"},{\"@type\":\"ListItem\",\"position\":3,\"name\":\"Canap\u00e9 4 places Terra avec table basse\"}]},{\"@type\":\"WebSite\",\"@id\":\"https:\/\/alloraliving.com\/fr\/#website\",\"url\":\"https:\/\/alloraliving.com\/fr\/\",\"name\":\"AlloraLiving.com\",\"description\":\"\",\"potentialAction\":[{\"@type\":\"SearchAction\",\"target\":{\"@type\":\"EntryPoint\",\"urlTemplate\":\"https:\/\/alloraliving.com\/fr\/?s={search_term_string}\"},\"query-input\":{\"@type\":\"PropertyValueSpecification\",\"valueRequired\":true,\"valueName\":\"search_term_string\"}}],\"inLanguage\":\"fr-FR\"}]}<\/script>\n<meta property=\"og:availability\" content=\"instock\" \/>\n<meta property=\"product:availability\" content=\"instock\" \/>\n<meta property=\"product:condition\" content=\"new\" \/>\n<!-- \/ Yoast SEO Premium plugin. -->","yoast_head_json":{"title":"Canap\u00e9 4 places Terra avec table basse - AlloraLiving.com","robots":{"index":"index","follow":"follow","max-snippet":"max-snippet:-1","max-image-preview":"max-image-preview:large","max-video-preview":"max-video-preview:-1"},"canonical":"https:\/\/alloraliving.com\/fr\/canape-4-places-terra-avec-table-basse\/","og_locale":"fr_FR","og_type":"article","og_title":"Canap\u00e9 4 places Terra avec table basse","og_description":"Le canap\u00e9 modulable 4 places TERRA est une combinaison de trois modules : un double \u00e9l\u00e9ment droit, un \u00e9l\u00e9ment d'angle et une petite table basse parfaitement assortie, disponible en finition bois ou TechniStone\u00ae. Des lignes subtiles et courbes et un socle en bois d\u00e9licat soulignent l'esth\u00e9tique raffin\u00e9e de la collection, inspir\u00e9e du design italien. Ce canap\u00e9 s'int\u00e8gre parfaitement dans l'id\u00e9e d'\u00e9l\u00e9gance moderne, offrant confort et style dans n'importe quel int\u00e9rieur. Gr\u00e2ce \u00e0 sa structure modulaire, la collection TERRA offre une totale libert\u00e9 d'agencement, vous permettant de cr\u00e9er des compositions uniques qui remplissent harmonieusement l'espace.","og_url":"https:\/\/alloraliving.com\/fr\/canape-4-places-terra-avec-table-basse\/","og_site_name":"AlloraLiving.com","article_modified_time":"2025-02-11T07:45:27+00:00","og_image":[{"width":1600,"height":1200,"url":"https:\/\/alloraliving.com\/wp-content\/uploads\/1-duza-sofa-4-osobowa-do-salonu-ze-stolkiem-terra-sand-cream.jpg","type":"image\/jpeg"}],"twitter_card":"summary_large_image","twitter_misc":{"Disponibilit\u00e9":"En stock"},"schema":{"@context":"https:\/\/schema.org","@graph":[{"@type":["WebPage","ItemPage"],"@id":"https:\/\/alloraliving.com\/fr\/canape-4-places-terra-avec-table-basse\/","url":"https:\/\/alloraliving.com\/fr\/canape-4-places-terra-avec-table-basse\/","name":"Canap\u00e9 4 places Terra avec table basse - AlloraLiving.com","isPartOf":{"@id":"https:\/\/alloraliving.com\/fr\/#website"},"primaryImageOfPage":{"@id":"https:\/\/alloraliving.com\/fr\/canape-4-places-terra-avec-table-basse\/#primaryimage"},"image":{"@id":"https:\/\/alloraliving.com\/fr\/canape-4-places-terra-avec-table-basse\/#primaryimage"},"thumbnailUrl":"https:\/\/alloraliving.com\/wp-content\/uploads\/TERRA-KONFIGURACJA-2-FRONT-CATCH-ME-01-CZARNY-copy-scaled.jpg","datePublished":"2024-10-22T11:38:26+00:00","dateModified":"2025-02-11T07:45:27+00:00","breadcrumb":{"@id":"https:\/\/alloraliving.com\/fr\/canape-4-places-terra-avec-table-basse\/#breadcrumb"},"inLanguage":"fr-FR","potentialAction":[{"@type":"ReadAction","target":["https:\/\/alloraliving.com\/fr\/canape-4-places-terra-avec-table-basse\/"]}]},{"@type":"ImageObject","inLanguage":"fr-FR","@id":"https:\/\/alloraliving.com\/fr\/canape-4-places-terra-avec-table-basse\/#primaryimage","url":"https:\/\/alloraliving.com\/wp-content\/uploads\/TERRA-KONFIGURACJA-2-FRONT-CATCH-ME-01-CZARNY-copy-scaled.jpg","contentUrl":"https:\/\/alloraliving.com\/wp-content\/uploads\/TERRA-KONFIGURACJA-2-FRONT-CATCH-ME-01-CZARNY-copy-scaled.jpg","width":2560,"height":1920},{"@type":"BreadcrumbList","@id":"https:\/\/alloraliving.com\/fr\/canape-4-places-terra-avec-table-basse\/#breadcrumb","itemListElement":[{"@type":"ListItem","position":1,"name":"Strona g\u0142\u00f3wna","item":"https:\/\/alloraliving.com\/fr\/"},{"@type":"ListItem","position":2,"name":"Boutique","item":"https:\/\/alloraliving.com\/fr\/?page_id=6496"},{"@type":"ListItem","position":3,"name":"Canap\u00e9 4 places Terra avec table basse"}]},{"@type":"WebSite","@id":"https:\/\/alloraliving.com\/fr\/#website","url":"https:\/\/alloraliving.com\/fr\/","name":"AlloraLiving.com","description":"","potentialAction":[{"@type":"SearchAction","target":{"@type":"EntryPoint","urlTemplate":"https:\/\/alloraliving.com\/fr\/?s={search_term_string}"},"query-input":{"@type":"PropertyValueSpecification","valueRequired":true,"valueName":"search_term_string"}}],"inLanguage":"fr-FR"}]},"og_availability":"instock","product_availability":"instock","product_condition":"new"},"_links":{"self":[{"href":"https:\/\/alloraliving.com\/fr\/wp-json\/wp\/v2\/product\/8130","targetHints":{"allow":["GET"]}}],"collection":[{"href":"https:\/\/alloraliving.com\/fr\/wp-json\/wp\/v2\/product"}],"about":[{"href":"https:\/\/alloraliving.com\/fr\/wp-json\/wp\/v2\/types\/product"}],"wp:featuredmedia":[{"embeddable":true,"href":"https:\/\/alloraliving.com\/fr\/wp-json\/wp\/v2\/media\/10215"}],"wp:attachment":[{"href":"https:\/\/alloraliving.com\/fr\/wp-json\/wp\/v2\/media?parent=8130"}],"wp:term":[{"taxonomy":"product_brand","embeddable":true,"href":"https:\/\/alloraliving.com\/fr\/wp-json\/wp\/v2\/product_brand?post=8130"},{"taxonomy":"product_cat","embeddable":true,"href":"https:\/\/alloraliving.com\/fr\/wp-json\/wp\/v2\/product_cat?post=8130"},{"taxonomy":"product_tag","embeddable":true,"href":"https:\/\/alloraliving.com\/fr\/wp-json\/wp\/v2\/product_tag?post=8130"}],"curies":[{"name":"wp","href":"https:\/\/api.w.org\/{rel}","templated":true}]}}