{"id":8133,"date":"2024-10-22T10:45:50","date_gmt":"2024-10-22T08:45:50","guid":{"rendered":"https:\/\/alloraliving.com\/element-de-terre-simple\/"},"modified":"2025-02-11T08:45:27","modified_gmt":"2025-02-11T07:45:27","slug":"element-de-terre-simple","status":"publish","type":"product","link":"https:\/\/alloraliving.com\/fr\/element-de-terre-simple\/","title":{"rendered":"\u00c9l\u00e9ment de terre simple"},"content":{"rendered":"","protected":false},"excerpt":{"rendered":"<p>L&rsquo;\u00e9l\u00e9ment droit unique TERRA est la quintessence de la forme minimaliste sur un socle en bois d\u00e9licat. Ses lignes \u00e9pur\u00e9es et son design confortable en font un compl\u00e9ment parfait \u00e0 tout am\u00e9nagement, tout en garantissant le plus haut niveau de confort. <\/p>\n<p>Ce module fonctionnera parfaitement dans des compositions plus grandes de canap\u00e9s et de fauteuils de la collection TERRA, cr\u00e9ant un espace non seulement \u00e9l\u00e9gant, mais \u00e9galement extr\u00eamement fonctionnel. Gr\u00e2ce \u00e0 la conception modulaire, vous pouvez combiner librement les \u00e9l\u00e9ments, cr\u00e9ant ainsi un int\u00e9rieur parfaitement adapt\u00e9 \u00e0 vos besoins. <\/p>\n","protected":false},"featured_media":10300,"template":"","meta":[],"product_brand":[],"product_cat":[946,947,939],"product_tag":[],"class_list":{"0":"post-8133","1":"product","2":"type-product","3":"status-publish","4":"has-post-thumbnail","6":"product_cat-canapes","7":"product_cat-canapes-modulaires","8":"product_cat-collection-terra","9":"product_shipping_class-livraison-gratuite","11":"first","12":"instock","13":"taxable","14":"shipping-taxable","15":"purchasable","16":"product-type-variable","17":"has-default-attributes","18":"wvs-archive-product-wrapper"},"yoast_head":"<!-- This site is optimized with the Yoast SEO Premium plugin v26.8 (Yoast SEO v26.8) - https:\/\/yoast.com\/product\/yoast-seo-premium-wordpress\/ -->\n<title>\u00c9l\u00e9ment de terre simple - AlloraLiving.com<\/title>\n<meta name=\"robots\" content=\"index, follow, max-snippet:-1, max-image-preview:large, max-video-preview:-1\" \/>\n<link rel=\"canonical\" href=\"https:\/\/alloraliving.com\/fr\/element-de-terre-simple\/\" \/>\n<meta property=\"og:locale\" content=\"fr_FR\" \/>\n<meta property=\"og:type\" content=\"article\" \/>\n<meta property=\"og:title\" content=\"\u00c9l\u00e9ment de terre simple\" \/>\n<meta property=\"og:description\" content=\"L&#039;\u00e9l\u00e9ment droit unique TERRA est la quintessence de la forme minimaliste sur un socle en bois d\u00e9licat. Ses lignes \u00e9pur\u00e9es et son design confortable en font un compl\u00e9ment parfait \u00e0 tout am\u00e9nagement, tout en garantissant le plus haut niveau de confort.  Ce module fonctionnera parfaitement dans des compositions plus grandes de canap\u00e9s et de fauteuils de la collection TERRA, cr\u00e9ant un espace non seulement \u00e9l\u00e9gant, mais \u00e9galement extr\u00eamement fonctionnel. Gr\u00e2ce \u00e0 la conception modulaire, vous pouvez combiner librement les \u00e9l\u00e9ments, cr\u00e9ant ainsi un int\u00e9rieur parfaitement adapt\u00e9 \u00e0 vos besoins.\" \/>\n<meta property=\"og:url\" content=\"https:\/\/alloraliving.com\/fr\/element-de-terre-simple\/\" \/>\n<meta property=\"og:site_name\" content=\"AlloraLiving.com\" \/>\n<meta property=\"article:modified_time\" content=\"2025-02-11T07:45:27+00:00\" \/>\n<meta property=\"og:image\" content=\"https:\/\/alloraliving.com\/wp-content\/uploads\/1-element-prosty-sofy-modulowej-terra-sand-cream.jpg\" \/>\n\t<meta property=\"og:image:width\" content=\"1600\" \/>\n\t<meta property=\"og:image:height\" content=\"1200\" \/>\n\t<meta property=\"og:image:type\" content=\"image\/jpeg\" \/>\n<meta name=\"twitter:card\" content=\"summary_large_image\" \/>\n<meta name=\"twitter:label1\" content=\"Disponibilit\u00e9\" \/>\n\t<meta name=\"twitter:data1\" content=\"En stock\" \/>\n<script type=\"application\/ld+json\" class=\"yoast-schema-graph\">{\"@context\":\"https:\/\/schema.org\",\"@graph\":[{\"@type\":[\"WebPage\",\"ItemPage\"],\"@id\":\"https:\/\/alloraliving.com\/fr\/element-de-terre-simple\/\",\"url\":\"https:\/\/alloraliving.com\/fr\/element-de-terre-simple\/\",\"name\":\"\u00c9l\u00e9ment de terre simple - AlloraLiving.com\",\"isPartOf\":{\"@id\":\"https:\/\/alloraliving.com\/fr\/#website\"},\"primaryImageOfPage\":{\"@id\":\"https:\/\/alloraliving.com\/fr\/element-de-terre-simple\/#primaryimage\"},\"image\":{\"@id\":\"https:\/\/alloraliving.com\/fr\/element-de-terre-simple\/#primaryimage\"},\"thumbnailUrl\":\"https:\/\/alloraliving.com\/wp-content\/uploads\/TERRA-ELEMENT-PROSTY-FRONT-CATCH-ME-01-copy-1-scaled.jpg\",\"datePublished\":\"2024-10-22T08:45:50+00:00\",\"dateModified\":\"2025-02-11T07:45:27+00:00\",\"breadcrumb\":{\"@id\":\"https:\/\/alloraliving.com\/fr\/element-de-terre-simple\/#breadcrumb\"},\"inLanguage\":\"fr-FR\",\"potentialAction\":[{\"@type\":\"ReadAction\",\"target\":[\"https:\/\/alloraliving.com\/fr\/element-de-terre-simple\/\"]}]},{\"@type\":\"ImageObject\",\"inLanguage\":\"fr-FR\",\"@id\":\"https:\/\/alloraliving.com\/fr\/element-de-terre-simple\/#primaryimage\",\"url\":\"https:\/\/alloraliving.com\/wp-content\/uploads\/TERRA-ELEMENT-PROSTY-FRONT-CATCH-ME-01-copy-1-scaled.jpg\",\"contentUrl\":\"https:\/\/alloraliving.com\/wp-content\/uploads\/TERRA-ELEMENT-PROSTY-FRONT-CATCH-ME-01-copy-1-scaled.jpg\",\"width\":2560,\"height\":1920},{\"@type\":\"BreadcrumbList\",\"@id\":\"https:\/\/alloraliving.com\/fr\/element-de-terre-simple\/#breadcrumb\",\"itemListElement\":[{\"@type\":\"ListItem\",\"position\":1,\"name\":\"Strona g\u0142\u00f3wna\",\"item\":\"https:\/\/alloraliving.com\/fr\/\"},{\"@type\":\"ListItem\",\"position\":2,\"name\":\"Boutique\",\"item\":\"https:\/\/alloraliving.com\/fr\/?page_id=6496\"},{\"@type\":\"ListItem\",\"position\":3,\"name\":\"\u00c9l\u00e9ment de terre simple\"}]},{\"@type\":\"WebSite\",\"@id\":\"https:\/\/alloraliving.com\/fr\/#website\",\"url\":\"https:\/\/alloraliving.com\/fr\/\",\"name\":\"AlloraLiving.com\",\"description\":\"\",\"potentialAction\":[{\"@type\":\"SearchAction\",\"target\":{\"@type\":\"EntryPoint\",\"urlTemplate\":\"https:\/\/alloraliving.com\/fr\/?s={search_term_string}\"},\"query-input\":{\"@type\":\"PropertyValueSpecification\",\"valueRequired\":true,\"valueName\":\"search_term_string\"}}],\"inLanguage\":\"fr-FR\"}]}<\/script>\n<meta property=\"og:availability\" content=\"instock\" \/>\n<meta property=\"product:availability\" content=\"instock\" \/>\n<meta property=\"product:condition\" content=\"new\" \/>\n<!-- \/ Yoast SEO Premium plugin. -->","yoast_head_json":{"title":"\u00c9l\u00e9ment de terre simple - AlloraLiving.com","robots":{"index":"index","follow":"follow","max-snippet":"max-snippet:-1","max-image-preview":"max-image-preview:large","max-video-preview":"max-video-preview:-1"},"canonical":"https:\/\/alloraliving.com\/fr\/element-de-terre-simple\/","og_locale":"fr_FR","og_type":"article","og_title":"\u00c9l\u00e9ment de terre simple","og_description":"L'\u00e9l\u00e9ment droit unique TERRA est la quintessence de la forme minimaliste sur un socle en bois d\u00e9licat. Ses lignes \u00e9pur\u00e9es et son design confortable en font un compl\u00e9ment parfait \u00e0 tout am\u00e9nagement, tout en garantissant le plus haut niveau de confort.  Ce module fonctionnera parfaitement dans des compositions plus grandes de canap\u00e9s et de fauteuils de la collection TERRA, cr\u00e9ant un espace non seulement \u00e9l\u00e9gant, mais \u00e9galement extr\u00eamement fonctionnel. Gr\u00e2ce \u00e0 la conception modulaire, vous pouvez combiner librement les \u00e9l\u00e9ments, cr\u00e9ant ainsi un int\u00e9rieur parfaitement adapt\u00e9 \u00e0 vos besoins.","og_url":"https:\/\/alloraliving.com\/fr\/element-de-terre-simple\/","og_site_name":"AlloraLiving.com","article_modified_time":"2025-02-11T07:45:27+00:00","og_image":[{"width":1600,"height":1200,"url":"https:\/\/alloraliving.com\/wp-content\/uploads\/1-element-prosty-sofy-modulowej-terra-sand-cream.jpg","type":"image\/jpeg"}],"twitter_card":"summary_large_image","twitter_misc":{"Disponibilit\u00e9":"En stock"},"schema":{"@context":"https:\/\/schema.org","@graph":[{"@type":["WebPage","ItemPage"],"@id":"https:\/\/alloraliving.com\/fr\/element-de-terre-simple\/","url":"https:\/\/alloraliving.com\/fr\/element-de-terre-simple\/","name":"\u00c9l\u00e9ment de terre simple - AlloraLiving.com","isPartOf":{"@id":"https:\/\/alloraliving.com\/fr\/#website"},"primaryImageOfPage":{"@id":"https:\/\/alloraliving.com\/fr\/element-de-terre-simple\/#primaryimage"},"image":{"@id":"https:\/\/alloraliving.com\/fr\/element-de-terre-simple\/#primaryimage"},"thumbnailUrl":"https:\/\/alloraliving.com\/wp-content\/uploads\/TERRA-ELEMENT-PROSTY-FRONT-CATCH-ME-01-copy-1-scaled.jpg","datePublished":"2024-10-22T08:45:50+00:00","dateModified":"2025-02-11T07:45:27+00:00","breadcrumb":{"@id":"https:\/\/alloraliving.com\/fr\/element-de-terre-simple\/#breadcrumb"},"inLanguage":"fr-FR","potentialAction":[{"@type":"ReadAction","target":["https:\/\/alloraliving.com\/fr\/element-de-terre-simple\/"]}]},{"@type":"ImageObject","inLanguage":"fr-FR","@id":"https:\/\/alloraliving.com\/fr\/element-de-terre-simple\/#primaryimage","url":"https:\/\/alloraliving.com\/wp-content\/uploads\/TERRA-ELEMENT-PROSTY-FRONT-CATCH-ME-01-copy-1-scaled.jpg","contentUrl":"https:\/\/alloraliving.com\/wp-content\/uploads\/TERRA-ELEMENT-PROSTY-FRONT-CATCH-ME-01-copy-1-scaled.jpg","width":2560,"height":1920},{"@type":"BreadcrumbList","@id":"https:\/\/alloraliving.com\/fr\/element-de-terre-simple\/#breadcrumb","itemListElement":[{"@type":"ListItem","position":1,"name":"Strona g\u0142\u00f3wna","item":"https:\/\/alloraliving.com\/fr\/"},{"@type":"ListItem","position":2,"name":"Boutique","item":"https:\/\/alloraliving.com\/fr\/?page_id=6496"},{"@type":"ListItem","position":3,"name":"\u00c9l\u00e9ment de terre simple"}]},{"@type":"WebSite","@id":"https:\/\/alloraliving.com\/fr\/#website","url":"https:\/\/alloraliving.com\/fr\/","name":"AlloraLiving.com","description":"","potentialAction":[{"@type":"SearchAction","target":{"@type":"EntryPoint","urlTemplate":"https:\/\/alloraliving.com\/fr\/?s={search_term_string}"},"query-input":{"@type":"PropertyValueSpecification","valueRequired":true,"valueName":"search_term_string"}}],"inLanguage":"fr-FR"}]},"og_availability":"instock","product_availability":"instock","product_condition":"new"},"_links":{"self":[{"href":"https:\/\/alloraliving.com\/fr\/wp-json\/wp\/v2\/product\/8133","targetHints":{"allow":["GET"]}}],"collection":[{"href":"https:\/\/alloraliving.com\/fr\/wp-json\/wp\/v2\/product"}],"about":[{"href":"https:\/\/alloraliving.com\/fr\/wp-json\/wp\/v2\/types\/product"}],"wp:featuredmedia":[{"embeddable":true,"href":"https:\/\/alloraliving.com\/fr\/wp-json\/wp\/v2\/media\/10300"}],"wp:attachment":[{"href":"https:\/\/alloraliving.com\/fr\/wp-json\/wp\/v2\/media?parent=8133"}],"wp:term":[{"taxonomy":"product_brand","embeddable":true,"href":"https:\/\/alloraliving.com\/fr\/wp-json\/wp\/v2\/product_brand?post=8133"},{"taxonomy":"product_cat","embeddable":true,"href":"https:\/\/alloraliving.com\/fr\/wp-json\/wp\/v2\/product_cat?post=8133"},{"taxonomy":"product_tag","embeddable":true,"href":"https:\/\/alloraliving.com\/fr\/wp-json\/wp\/v2\/product_tag?post=8133"}],"curies":[{"name":"wp","href":"https:\/\/api.w.org\/{rel}","templated":true}]}}