{"id":8148,"date":"2024-10-22T13:20:31","date_gmt":"2024-10-22T11:20:31","guid":{"rendered":"https:\/\/alloraliving.com\/table-basse-terra-petite\/"},"modified":"2025-02-11T08:45:31","modified_gmt":"2025-02-11T07:45:31","slug":"table-basse-terra-petite","status":"publish","type":"product","link":"https:\/\/alloraliving.com\/fr\/table-basse-terra-petite\/","title":{"rendered":"Table basse Terra petite"},"content":{"rendered":"","protected":false},"excerpt":{"rendered":"<p>La petite table basse TERRA est une combinaison compacte de style et de fonctionnalit\u00e9, parfaite pour compl\u00e9ter les int\u00e9rieurs modernes. Le comptoir est disponible en bois naturel ou en finition TechniStone\u00ae \u2013 un conglom\u00e9rat de quartz unique tr\u00e8s r\u00e9sistant aux dommages, aux taches et aux temp\u00e9ratures. Gr\u00e2ce \u00e0 cela, la table est non seulement \u00e9l\u00e9gante, mais aussi extr\u00eamement durable, donnant \u00e0 l&rsquo;espace un caract\u00e8re unique.  <\/p>\n<p>Il compl\u00e8te parfaitement les canap\u00e9s et fauteuils de la collection TERRA, cr\u00e9ant un espace coh\u00e9rent et accueillant. C&rsquo;est un \u00e9l\u00e9ment subtil mais fonctionnel qui enrichira l&rsquo;agencement, offrant un endroit confortable pour une tasse de caf\u00e9 ou votre livre pr\u00e9f\u00e9r\u00e9, tout en introduisant une atmosph\u00e8re de confort et de sophistication \u00e0 l&rsquo;int\u00e9rieur. <\/p>\n","protected":false},"featured_media":10331,"template":"","meta":[],"product_brand":[],"product_cat":[939],"product_tag":[],"class_list":{"0":"post-8148","1":"product","2":"type-product","3":"status-publish","4":"has-post-thumbnail","6":"product_cat-collection-terra","7":"product_shipping_class-livraison-gratuite","9":"first","10":"instock","11":"taxable","12":"shipping-taxable","13":"purchasable","14":"product-type-variable","15":"has-default-attributes","16":"wvs-archive-product-wrapper"},"yoast_head":"<!-- This site is optimized with the Yoast SEO Premium plugin v26.8 (Yoast SEO v26.8) - https:\/\/yoast.com\/product\/yoast-seo-premium-wordpress\/ -->\n<title>Table basse Terra petite - AlloraLiving.com<\/title>\n<meta name=\"robots\" content=\"index, follow, max-snippet:-1, max-image-preview:large, max-video-preview:-1\" \/>\n<link rel=\"canonical\" href=\"https:\/\/alloraliving.com\/fr\/table-basse-terra-petite\/\" \/>\n<meta property=\"og:locale\" content=\"fr_FR\" \/>\n<meta property=\"og:type\" content=\"article\" \/>\n<meta property=\"og:title\" content=\"Table basse Terra petite\" \/>\n<meta property=\"og:description\" content=\"La petite table basse TERRA est une combinaison compacte de style et de fonctionnalit\u00e9, parfaite pour compl\u00e9ter les int\u00e9rieurs modernes. Le comptoir est disponible en bois naturel ou en finition TechniStone\u00ae \u2013 un conglom\u00e9rat de quartz unique tr\u00e8s r\u00e9sistant aux dommages, aux taches et aux temp\u00e9ratures. Gr\u00e2ce \u00e0 cela, la table est non seulement \u00e9l\u00e9gante, mais aussi extr\u00eamement durable, donnant \u00e0 l&#039;espace un caract\u00e8re unique.  Il compl\u00e8te parfaitement les canap\u00e9s et fauteuils de la collection TERRA, cr\u00e9ant un espace coh\u00e9rent et accueillant. C&#039;est un \u00e9l\u00e9ment subtil mais fonctionnel qui enrichira l&#039;agencement, offrant un endroit confortable pour une tasse de caf\u00e9 ou votre livre pr\u00e9f\u00e9r\u00e9, tout en introduisant une atmosph\u00e8re de confort et de sophistication \u00e0 l&#039;int\u00e9rieur.\" \/>\n<meta property=\"og:url\" content=\"https:\/\/alloraliving.com\/fr\/table-basse-terra-petite\/\" \/>\n<meta property=\"og:site_name\" content=\"AlloraLiving.com\" \/>\n<meta property=\"article:modified_time\" content=\"2025-02-11T07:45:31+00:00\" \/>\n<meta property=\"og:image\" content=\"https:\/\/alloraliving.com\/wp-content\/uploads\/1-maly-stolik-kawowy-do-salonu-terra-sand-cream-technistone-white.jpg\" \/>\n\t<meta property=\"og:image:width\" content=\"1600\" \/>\n\t<meta property=\"og:image:height\" content=\"1200\" \/>\n\t<meta property=\"og:image:type\" content=\"image\/jpeg\" \/>\n<meta name=\"twitter:card\" content=\"summary_large_image\" \/>\n<meta name=\"twitter:label1\" content=\"Disponibilit\u00e9\" \/>\n\t<meta name=\"twitter:data1\" content=\"En stock\" \/>\n<script type=\"application\/ld+json\" class=\"yoast-schema-graph\">{\"@context\":\"https:\/\/schema.org\",\"@graph\":[{\"@type\":[\"WebPage\",\"ItemPage\"],\"@id\":\"https:\/\/alloraliving.com\/fr\/table-basse-terra-petite\/\",\"url\":\"https:\/\/alloraliving.com\/fr\/table-basse-terra-petite\/\",\"name\":\"Table basse Terra petite - AlloraLiving.com\",\"isPartOf\":{\"@id\":\"https:\/\/alloraliving.com\/fr\/#website\"},\"primaryImageOfPage\":{\"@id\":\"https:\/\/alloraliving.com\/fr\/table-basse-terra-petite\/#primaryimage\"},\"image\":{\"@id\":\"https:\/\/alloraliving.com\/fr\/table-basse-terra-petite\/#primaryimage\"},\"thumbnailUrl\":\"https:\/\/alloraliving.com\/wp-content\/uploads\/TERRA-STOLIK-MALY-PERSPEKTYWA-CATCH-ME-01CZARNY-copy-scaled.jpg\",\"datePublished\":\"2024-10-22T11:20:31+00:00\",\"dateModified\":\"2025-02-11T07:45:31+00:00\",\"breadcrumb\":{\"@id\":\"https:\/\/alloraliving.com\/fr\/table-basse-terra-petite\/#breadcrumb\"},\"inLanguage\":\"fr-FR\",\"potentialAction\":[{\"@type\":\"ReadAction\",\"target\":[\"https:\/\/alloraliving.com\/fr\/table-basse-terra-petite\/\"]}]},{\"@type\":\"ImageObject\",\"inLanguage\":\"fr-FR\",\"@id\":\"https:\/\/alloraliving.com\/fr\/table-basse-terra-petite\/#primaryimage\",\"url\":\"https:\/\/alloraliving.com\/wp-content\/uploads\/TERRA-STOLIK-MALY-PERSPEKTYWA-CATCH-ME-01CZARNY-copy-scaled.jpg\",\"contentUrl\":\"https:\/\/alloraliving.com\/wp-content\/uploads\/TERRA-STOLIK-MALY-PERSPEKTYWA-CATCH-ME-01CZARNY-copy-scaled.jpg\",\"width\":2560,\"height\":1920},{\"@type\":\"BreadcrumbList\",\"@id\":\"https:\/\/alloraliving.com\/fr\/table-basse-terra-petite\/#breadcrumb\",\"itemListElement\":[{\"@type\":\"ListItem\",\"position\":1,\"name\":\"Strona g\u0142\u00f3wna\",\"item\":\"https:\/\/alloraliving.com\/fr\/\"},{\"@type\":\"ListItem\",\"position\":2,\"name\":\"Boutique\",\"item\":\"https:\/\/alloraliving.com\/fr\/?page_id=6496\"},{\"@type\":\"ListItem\",\"position\":3,\"name\":\"Table basse Terra petite\"}]},{\"@type\":\"WebSite\",\"@id\":\"https:\/\/alloraliving.com\/fr\/#website\",\"url\":\"https:\/\/alloraliving.com\/fr\/\",\"name\":\"AlloraLiving.com\",\"description\":\"\",\"potentialAction\":[{\"@type\":\"SearchAction\",\"target\":{\"@type\":\"EntryPoint\",\"urlTemplate\":\"https:\/\/alloraliving.com\/fr\/?s={search_term_string}\"},\"query-input\":{\"@type\":\"PropertyValueSpecification\",\"valueRequired\":true,\"valueName\":\"search_term_string\"}}],\"inLanguage\":\"fr-FR\"}]}<\/script>\n<meta property=\"og:availability\" content=\"instock\" \/>\n<meta property=\"product:availability\" content=\"instock\" \/>\n<meta property=\"product:condition\" content=\"new\" \/>\n<!-- \/ Yoast SEO Premium plugin. -->","yoast_head_json":{"title":"Table basse Terra petite - AlloraLiving.com","robots":{"index":"index","follow":"follow","max-snippet":"max-snippet:-1","max-image-preview":"max-image-preview:large","max-video-preview":"max-video-preview:-1"},"canonical":"https:\/\/alloraliving.com\/fr\/table-basse-terra-petite\/","og_locale":"fr_FR","og_type":"article","og_title":"Table basse Terra petite","og_description":"La petite table basse TERRA est une combinaison compacte de style et de fonctionnalit\u00e9, parfaite pour compl\u00e9ter les int\u00e9rieurs modernes. Le comptoir est disponible en bois naturel ou en finition TechniStone\u00ae \u2013 un conglom\u00e9rat de quartz unique tr\u00e8s r\u00e9sistant aux dommages, aux taches et aux temp\u00e9ratures. Gr\u00e2ce \u00e0 cela, la table est non seulement \u00e9l\u00e9gante, mais aussi extr\u00eamement durable, donnant \u00e0 l'espace un caract\u00e8re unique.  Il compl\u00e8te parfaitement les canap\u00e9s et fauteuils de la collection TERRA, cr\u00e9ant un espace coh\u00e9rent et accueillant. C'est un \u00e9l\u00e9ment subtil mais fonctionnel qui enrichira l'agencement, offrant un endroit confortable pour une tasse de caf\u00e9 ou votre livre pr\u00e9f\u00e9r\u00e9, tout en introduisant une atmosph\u00e8re de confort et de sophistication \u00e0 l'int\u00e9rieur.","og_url":"https:\/\/alloraliving.com\/fr\/table-basse-terra-petite\/","og_site_name":"AlloraLiving.com","article_modified_time":"2025-02-11T07:45:31+00:00","og_image":[{"width":1600,"height":1200,"url":"https:\/\/alloraliving.com\/wp-content\/uploads\/1-maly-stolik-kawowy-do-salonu-terra-sand-cream-technistone-white.jpg","type":"image\/jpeg"}],"twitter_card":"summary_large_image","twitter_misc":{"Disponibilit\u00e9":"En stock"},"schema":{"@context":"https:\/\/schema.org","@graph":[{"@type":["WebPage","ItemPage"],"@id":"https:\/\/alloraliving.com\/fr\/table-basse-terra-petite\/","url":"https:\/\/alloraliving.com\/fr\/table-basse-terra-petite\/","name":"Table basse Terra petite - AlloraLiving.com","isPartOf":{"@id":"https:\/\/alloraliving.com\/fr\/#website"},"primaryImageOfPage":{"@id":"https:\/\/alloraliving.com\/fr\/table-basse-terra-petite\/#primaryimage"},"image":{"@id":"https:\/\/alloraliving.com\/fr\/table-basse-terra-petite\/#primaryimage"},"thumbnailUrl":"https:\/\/alloraliving.com\/wp-content\/uploads\/TERRA-STOLIK-MALY-PERSPEKTYWA-CATCH-ME-01CZARNY-copy-scaled.jpg","datePublished":"2024-10-22T11:20:31+00:00","dateModified":"2025-02-11T07:45:31+00:00","breadcrumb":{"@id":"https:\/\/alloraliving.com\/fr\/table-basse-terra-petite\/#breadcrumb"},"inLanguage":"fr-FR","potentialAction":[{"@type":"ReadAction","target":["https:\/\/alloraliving.com\/fr\/table-basse-terra-petite\/"]}]},{"@type":"ImageObject","inLanguage":"fr-FR","@id":"https:\/\/alloraliving.com\/fr\/table-basse-terra-petite\/#primaryimage","url":"https:\/\/alloraliving.com\/wp-content\/uploads\/TERRA-STOLIK-MALY-PERSPEKTYWA-CATCH-ME-01CZARNY-copy-scaled.jpg","contentUrl":"https:\/\/alloraliving.com\/wp-content\/uploads\/TERRA-STOLIK-MALY-PERSPEKTYWA-CATCH-ME-01CZARNY-copy-scaled.jpg","width":2560,"height":1920},{"@type":"BreadcrumbList","@id":"https:\/\/alloraliving.com\/fr\/table-basse-terra-petite\/#breadcrumb","itemListElement":[{"@type":"ListItem","position":1,"name":"Strona g\u0142\u00f3wna","item":"https:\/\/alloraliving.com\/fr\/"},{"@type":"ListItem","position":2,"name":"Boutique","item":"https:\/\/alloraliving.com\/fr\/?page_id=6496"},{"@type":"ListItem","position":3,"name":"Table basse Terra petite"}]},{"@type":"WebSite","@id":"https:\/\/alloraliving.com\/fr\/#website","url":"https:\/\/alloraliving.com\/fr\/","name":"AlloraLiving.com","description":"","potentialAction":[{"@type":"SearchAction","target":{"@type":"EntryPoint","urlTemplate":"https:\/\/alloraliving.com\/fr\/?s={search_term_string}"},"query-input":{"@type":"PropertyValueSpecification","valueRequired":true,"valueName":"search_term_string"}}],"inLanguage":"fr-FR"}]},"og_availability":"instock","product_availability":"instock","product_condition":"new"},"_links":{"self":[{"href":"https:\/\/alloraliving.com\/fr\/wp-json\/wp\/v2\/product\/8148","targetHints":{"allow":["GET"]}}],"collection":[{"href":"https:\/\/alloraliving.com\/fr\/wp-json\/wp\/v2\/product"}],"about":[{"href":"https:\/\/alloraliving.com\/fr\/wp-json\/wp\/v2\/types\/product"}],"wp:featuredmedia":[{"embeddable":true,"href":"https:\/\/alloraliving.com\/fr\/wp-json\/wp\/v2\/media\/10331"}],"wp:attachment":[{"href":"https:\/\/alloraliving.com\/fr\/wp-json\/wp\/v2\/media?parent=8148"}],"wp:term":[{"taxonomy":"product_brand","embeddable":true,"href":"https:\/\/alloraliving.com\/fr\/wp-json\/wp\/v2\/product_brand?post=8148"},{"taxonomy":"product_cat","embeddable":true,"href":"https:\/\/alloraliving.com\/fr\/wp-json\/wp\/v2\/product_cat?post=8148"},{"taxonomy":"product_tag","embeddable":true,"href":"https:\/\/alloraliving.com\/fr\/wp-json\/wp\/v2\/product_tag?post=8148"}],"curies":[{"name":"wp","href":"https:\/\/api.w.org\/{rel}","templated":true}]}}