{"id":8162,"date":"2024-10-22T08:26:49","date_gmt":"2024-10-22T06:26:49","guid":{"rendered":"https:\/\/alloraliving.com\/fauteuil-terra\/"},"modified":"2025-02-11T08:45:32","modified_gmt":"2025-02-11T07:45:32","slug":"fauteuil-terra","status":"publish","type":"product","link":"https:\/\/alloraliving.com\/fr\/fauteuil-terra\/","title":{"rendered":"Fauteuil Terra"},"content":{"rendered":"","protected":false},"excerpt":{"rendered":"<p>Le fauteuil TERRA se distingue par son design moderne et ses lignes arrondies qui apportent de l&rsquo;\u00e9l\u00e9gance \u00e0 l&rsquo;int\u00e9rieur. Il repose sur un subtil socle en bois, ajoutant l\u00e9g\u00e8ret\u00e9 et caract\u00e8re raffin\u00e9 \u00e0 l&rsquo;ensemble. Un tissu doux et une finition pr\u00e9cise soulignent son style luxueux.  <\/p>\n<p>Le fauteuil s&rsquo;int\u00e8gre parfaitement aux autres meubles de la collection TERRA, cr\u00e9ant un espace coh\u00e9rent mais diversifi\u00e9. C&rsquo;est l&rsquo;endroit id\u00e9al pour se d\u00e9tendre et, associ\u00e9 aux canap\u00e9s et poufs de cette s\u00e9rie, il assurera un ensemble harmonieux dans n&rsquo;importe quel int\u00e9rieur. <\/p>\n","protected":false},"featured_media":10261,"template":"","meta":[],"product_brand":[],"product_cat":[939,930],"product_tag":[],"class_list":{"0":"post-8162","1":"product","2":"type-product","3":"status-publish","4":"has-post-thumbnail","6":"product_cat-collection-terra","7":"product_cat-sieges","8":"product_shipping_class-livraison-gratuite","10":"first","11":"instock","12":"taxable","13":"shipping-taxable","14":"purchasable","15":"product-type-variable","16":"has-default-attributes","17":"wvs-archive-product-wrapper"},"yoast_head":"<!-- This site is optimized with the Yoast SEO Premium plugin v26.8 (Yoast SEO v26.8) - https:\/\/yoast.com\/product\/yoast-seo-premium-wordpress\/ -->\n<title>Fauteuil Terra - AlloraLiving.com<\/title>\n<meta name=\"robots\" content=\"index, follow, max-snippet:-1, max-image-preview:large, max-video-preview:-1\" \/>\n<link rel=\"canonical\" href=\"https:\/\/alloraliving.com\/fr\/fauteuil-terra\/\" \/>\n<meta property=\"og:locale\" content=\"fr_FR\" \/>\n<meta property=\"og:type\" content=\"article\" \/>\n<meta property=\"og:title\" content=\"Fauteuil Terra\" \/>\n<meta property=\"og:description\" content=\"Le fauteuil TERRA se distingue par son design moderne et ses lignes arrondies qui apportent de l&#039;\u00e9l\u00e9gance \u00e0 l&#039;int\u00e9rieur. Il repose sur un subtil socle en bois, ajoutant l\u00e9g\u00e8ret\u00e9 et caract\u00e8re raffin\u00e9 \u00e0 l&#039;ensemble. Un tissu doux et une finition pr\u00e9cise soulignent son style luxueux.  Le fauteuil s&#039;int\u00e8gre parfaitement aux autres meubles de la collection TERRA, cr\u00e9ant un espace coh\u00e9rent mais diversifi\u00e9. C&#039;est l&#039;endroit id\u00e9al pour se d\u00e9tendre et, associ\u00e9 aux canap\u00e9s et poufs de cette s\u00e9rie, il assurera un ensemble harmonieux dans n&#039;importe quel int\u00e9rieur.\" \/>\n<meta property=\"og:url\" content=\"https:\/\/alloraliving.com\/fr\/fauteuil-terra\/\" \/>\n<meta property=\"og:site_name\" content=\"AlloraLiving.com\" \/>\n<meta property=\"article:modified_time\" content=\"2025-02-11T07:45:32+00:00\" \/>\n<meta property=\"og:image\" content=\"https:\/\/alloraliving.com\/wp-content\/uploads\/2-kremowy-fotel-do-salonu-terra-sand-cream.jpg\" \/>\n\t<meta property=\"og:image:width\" content=\"1600\" \/>\n\t<meta property=\"og:image:height\" content=\"1200\" \/>\n\t<meta property=\"og:image:type\" content=\"image\/jpeg\" \/>\n<meta name=\"twitter:card\" content=\"summary_large_image\" \/>\n<meta name=\"twitter:label1\" content=\"Disponibilit\u00e9\" \/>\n\t<meta name=\"twitter:data1\" content=\"En stock\" \/>\n<script type=\"application\/ld+json\" class=\"yoast-schema-graph\">{\"@context\":\"https:\/\/schema.org\",\"@graph\":[{\"@type\":[\"WebPage\",\"ItemPage\"],\"@id\":\"https:\/\/alloraliving.com\/fr\/fauteuil-terra\/\",\"url\":\"https:\/\/alloraliving.com\/fr\/fauteuil-terra\/\",\"name\":\"Fauteuil Terra - AlloraLiving.com\",\"isPartOf\":{\"@id\":\"https:\/\/alloraliving.com\/fr\/#website\"},\"primaryImageOfPage\":{\"@id\":\"https:\/\/alloraliving.com\/fr\/fauteuil-terra\/#primaryimage\"},\"image\":{\"@id\":\"https:\/\/alloraliving.com\/fr\/fauteuil-terra\/#primaryimage\"},\"thumbnailUrl\":\"https:\/\/alloraliving.com\/wp-content\/uploads\/TERRA-ELEMENT-PROSTY-PERSPEKTYWA-CATCH-ME-01-copy-scaled.jpg\",\"datePublished\":\"2024-10-22T06:26:49+00:00\",\"dateModified\":\"2025-02-11T07:45:32+00:00\",\"breadcrumb\":{\"@id\":\"https:\/\/alloraliving.com\/fr\/fauteuil-terra\/#breadcrumb\"},\"inLanguage\":\"fr-FR\",\"potentialAction\":[{\"@type\":\"ReadAction\",\"target\":[\"https:\/\/alloraliving.com\/fr\/fauteuil-terra\/\"]}]},{\"@type\":\"ImageObject\",\"inLanguage\":\"fr-FR\",\"@id\":\"https:\/\/alloraliving.com\/fr\/fauteuil-terra\/#primaryimage\",\"url\":\"https:\/\/alloraliving.com\/wp-content\/uploads\/TERRA-ELEMENT-PROSTY-PERSPEKTYWA-CATCH-ME-01-copy-scaled.jpg\",\"contentUrl\":\"https:\/\/alloraliving.com\/wp-content\/uploads\/TERRA-ELEMENT-PROSTY-PERSPEKTYWA-CATCH-ME-01-copy-scaled.jpg\",\"width\":2560,\"height\":1920},{\"@type\":\"BreadcrumbList\",\"@id\":\"https:\/\/alloraliving.com\/fr\/fauteuil-terra\/#breadcrumb\",\"itemListElement\":[{\"@type\":\"ListItem\",\"position\":1,\"name\":\"Strona g\u0142\u00f3wna\",\"item\":\"https:\/\/alloraliving.com\/fr\/\"},{\"@type\":\"ListItem\",\"position\":2,\"name\":\"Boutique\",\"item\":\"https:\/\/alloraliving.com\/fr\/?page_id=6496\"},{\"@type\":\"ListItem\",\"position\":3,\"name\":\"Fauteuil Terra\"}]},{\"@type\":\"WebSite\",\"@id\":\"https:\/\/alloraliving.com\/fr\/#website\",\"url\":\"https:\/\/alloraliving.com\/fr\/\",\"name\":\"AlloraLiving.com\",\"description\":\"\",\"potentialAction\":[{\"@type\":\"SearchAction\",\"target\":{\"@type\":\"EntryPoint\",\"urlTemplate\":\"https:\/\/alloraliving.com\/fr\/?s={search_term_string}\"},\"query-input\":{\"@type\":\"PropertyValueSpecification\",\"valueRequired\":true,\"valueName\":\"search_term_string\"}}],\"inLanguage\":\"fr-FR\"}]}<\/script>\n<meta property=\"og:availability\" content=\"instock\" \/>\n<meta property=\"product:availability\" content=\"instock\" \/>\n<meta property=\"product:condition\" content=\"new\" \/>\n<!-- \/ Yoast SEO Premium plugin. -->","yoast_head_json":{"title":"Fauteuil Terra - AlloraLiving.com","robots":{"index":"index","follow":"follow","max-snippet":"max-snippet:-1","max-image-preview":"max-image-preview:large","max-video-preview":"max-video-preview:-1"},"canonical":"https:\/\/alloraliving.com\/fr\/fauteuil-terra\/","og_locale":"fr_FR","og_type":"article","og_title":"Fauteuil Terra","og_description":"Le fauteuil TERRA se distingue par son design moderne et ses lignes arrondies qui apportent de l'\u00e9l\u00e9gance \u00e0 l'int\u00e9rieur. Il repose sur un subtil socle en bois, ajoutant l\u00e9g\u00e8ret\u00e9 et caract\u00e8re raffin\u00e9 \u00e0 l'ensemble. Un tissu doux et une finition pr\u00e9cise soulignent son style luxueux.  Le fauteuil s'int\u00e8gre parfaitement aux autres meubles de la collection TERRA, cr\u00e9ant un espace coh\u00e9rent mais diversifi\u00e9. C'est l'endroit id\u00e9al pour se d\u00e9tendre et, associ\u00e9 aux canap\u00e9s et poufs de cette s\u00e9rie, il assurera un ensemble harmonieux dans n'importe quel int\u00e9rieur.","og_url":"https:\/\/alloraliving.com\/fr\/fauteuil-terra\/","og_site_name":"AlloraLiving.com","article_modified_time":"2025-02-11T07:45:32+00:00","og_image":[{"width":1600,"height":1200,"url":"https:\/\/alloraliving.com\/wp-content\/uploads\/2-kremowy-fotel-do-salonu-terra-sand-cream.jpg","type":"image\/jpeg"}],"twitter_card":"summary_large_image","twitter_misc":{"Disponibilit\u00e9":"En stock"},"schema":{"@context":"https:\/\/schema.org","@graph":[{"@type":["WebPage","ItemPage"],"@id":"https:\/\/alloraliving.com\/fr\/fauteuil-terra\/","url":"https:\/\/alloraliving.com\/fr\/fauteuil-terra\/","name":"Fauteuil Terra - AlloraLiving.com","isPartOf":{"@id":"https:\/\/alloraliving.com\/fr\/#website"},"primaryImageOfPage":{"@id":"https:\/\/alloraliving.com\/fr\/fauteuil-terra\/#primaryimage"},"image":{"@id":"https:\/\/alloraliving.com\/fr\/fauteuil-terra\/#primaryimage"},"thumbnailUrl":"https:\/\/alloraliving.com\/wp-content\/uploads\/TERRA-ELEMENT-PROSTY-PERSPEKTYWA-CATCH-ME-01-copy-scaled.jpg","datePublished":"2024-10-22T06:26:49+00:00","dateModified":"2025-02-11T07:45:32+00:00","breadcrumb":{"@id":"https:\/\/alloraliving.com\/fr\/fauteuil-terra\/#breadcrumb"},"inLanguage":"fr-FR","potentialAction":[{"@type":"ReadAction","target":["https:\/\/alloraliving.com\/fr\/fauteuil-terra\/"]}]},{"@type":"ImageObject","inLanguage":"fr-FR","@id":"https:\/\/alloraliving.com\/fr\/fauteuil-terra\/#primaryimage","url":"https:\/\/alloraliving.com\/wp-content\/uploads\/TERRA-ELEMENT-PROSTY-PERSPEKTYWA-CATCH-ME-01-copy-scaled.jpg","contentUrl":"https:\/\/alloraliving.com\/wp-content\/uploads\/TERRA-ELEMENT-PROSTY-PERSPEKTYWA-CATCH-ME-01-copy-scaled.jpg","width":2560,"height":1920},{"@type":"BreadcrumbList","@id":"https:\/\/alloraliving.com\/fr\/fauteuil-terra\/#breadcrumb","itemListElement":[{"@type":"ListItem","position":1,"name":"Strona g\u0142\u00f3wna","item":"https:\/\/alloraliving.com\/fr\/"},{"@type":"ListItem","position":2,"name":"Boutique","item":"https:\/\/alloraliving.com\/fr\/?page_id=6496"},{"@type":"ListItem","position":3,"name":"Fauteuil Terra"}]},{"@type":"WebSite","@id":"https:\/\/alloraliving.com\/fr\/#website","url":"https:\/\/alloraliving.com\/fr\/","name":"AlloraLiving.com","description":"","potentialAction":[{"@type":"SearchAction","target":{"@type":"EntryPoint","urlTemplate":"https:\/\/alloraliving.com\/fr\/?s={search_term_string}"},"query-input":{"@type":"PropertyValueSpecification","valueRequired":true,"valueName":"search_term_string"}}],"inLanguage":"fr-FR"}]},"og_availability":"instock","product_availability":"instock","product_condition":"new"},"_links":{"self":[{"href":"https:\/\/alloraliving.com\/fr\/wp-json\/wp\/v2\/product\/8162","targetHints":{"allow":["GET"]}}],"collection":[{"href":"https:\/\/alloraliving.com\/fr\/wp-json\/wp\/v2\/product"}],"about":[{"href":"https:\/\/alloraliving.com\/fr\/wp-json\/wp\/v2\/types\/product"}],"wp:featuredmedia":[{"embeddable":true,"href":"https:\/\/alloraliving.com\/fr\/wp-json\/wp\/v2\/media\/10261"}],"wp:attachment":[{"href":"https:\/\/alloraliving.com\/fr\/wp-json\/wp\/v2\/media?parent=8162"}],"wp:term":[{"taxonomy":"product_brand","embeddable":true,"href":"https:\/\/alloraliving.com\/fr\/wp-json\/wp\/v2\/product_brand?post=8162"},{"taxonomy":"product_cat","embeddable":true,"href":"https:\/\/alloraliving.com\/fr\/wp-json\/wp\/v2\/product_cat?post=8162"},{"taxonomy":"product_tag","embeddable":true,"href":"https:\/\/alloraliving.com\/fr\/wp-json\/wp\/v2\/product_tag?post=8162"}],"curies":[{"name":"wp","href":"https:\/\/api.w.org\/{rel}","templated":true}]}}