{"id":8165,"date":"2024-10-22T13:09:28","date_gmt":"2024-10-22T11:09:28","guid":{"rendered":"https:\/\/alloraliving.com\/table-basse-terra-grande\/"},"modified":"2025-02-11T08:45:33","modified_gmt":"2025-02-11T07:45:33","slug":"table-basse-terra-grande","status":"publish","type":"product","link":"https:\/\/alloraliving.com\/fr\/table-basse-terra-grande\/","title":{"rendered":"Table basse Terra grande"},"content":{"rendered":"","protected":false},"excerpt":{"rendered":"<p>La grande table basse TERRA est une combinaison d&rsquo;\u00e9l\u00e9gance et de fonctionnalit\u00e9 qui s&rsquo;int\u00e9grera parfaitement dans les arrangements modernes. Son plateau est disponible en bois naturel ou en finition TechniStone\u00ae \u2013 un conglom\u00e9rat de quartz caract\u00e9ris\u00e9 par une grande r\u00e9sistance aux dommages, aux taches et aux temp\u00e9ratures \u00e9lev\u00e9es. Gr\u00e2ce \u00e0 cela, la table allie beaut\u00e9 et durabilit\u00e9, s&rsquo;int\u00e9grant parfaitement dans une vari\u00e9t\u00e9 de styles d&rsquo;int\u00e9rieur.  <\/p>\n<p>Cette table s&rsquo;associe harmonieusement aux canap\u00e9s et fauteuils de la collection TERRA, offrant un espace coh\u00e9rent qui attire le regard et invite \u00e0 la d\u00e9tente. C&rsquo;est un \u00e9l\u00e9ment qui ajoutera \u00e0 la fois \u00e9l\u00e9gance et confort \u00e0 votre int\u00e9rieur, cr\u00e9ant l&rsquo;endroit id\u00e9al pour un moment de d\u00e9tente. <\/p>\n","protected":false},"featured_media":10341,"template":"","meta":[],"product_brand":[],"product_cat":[939],"product_tag":[],"class_list":{"0":"post-8165","1":"product","2":"type-product","3":"status-publish","4":"has-post-thumbnail","6":"product_cat-collection-terra","7":"product_shipping_class-livraison-gratuite","9":"first","10":"instock","11":"taxable","12":"shipping-taxable","13":"purchasable","14":"product-type-variable","15":"has-default-attributes","16":"wvs-archive-product-wrapper"},"yoast_head":"<!-- This site is optimized with the Yoast SEO Premium plugin v26.8 (Yoast SEO v26.8) - https:\/\/yoast.com\/product\/yoast-seo-premium-wordpress\/ -->\n<title>Table basse Terra grande - AlloraLiving.com<\/title>\n<meta name=\"robots\" content=\"index, follow, max-snippet:-1, max-image-preview:large, max-video-preview:-1\" \/>\n<link rel=\"canonical\" href=\"https:\/\/alloraliving.com\/fr\/table-basse-terra-grande\/\" \/>\n<meta property=\"og:locale\" content=\"fr_FR\" \/>\n<meta property=\"og:type\" content=\"article\" \/>\n<meta property=\"og:title\" content=\"Table basse Terra grande\" \/>\n<meta property=\"og:description\" content=\"La grande table basse TERRA est une combinaison d&#039;\u00e9l\u00e9gance et de fonctionnalit\u00e9 qui s&#039;int\u00e9grera parfaitement dans les arrangements modernes. Son plateau est disponible en bois naturel ou en finition TechniStone\u00ae \u2013 un conglom\u00e9rat de quartz caract\u00e9ris\u00e9 par une grande r\u00e9sistance aux dommages, aux taches et aux temp\u00e9ratures \u00e9lev\u00e9es. Gr\u00e2ce \u00e0 cela, la table allie beaut\u00e9 et durabilit\u00e9, s&#039;int\u00e9grant parfaitement dans une vari\u00e9t\u00e9 de styles d&#039;int\u00e9rieur.  Cette table s&#039;associe harmonieusement aux canap\u00e9s et fauteuils de la collection TERRA, offrant un espace coh\u00e9rent qui attire le regard et invite \u00e0 la d\u00e9tente. C&#039;est un \u00e9l\u00e9ment qui ajoutera \u00e0 la fois \u00e9l\u00e9gance et confort \u00e0 votre int\u00e9rieur, cr\u00e9ant l&#039;endroit id\u00e9al pour un moment de d\u00e9tente.\" \/>\n<meta property=\"og:url\" content=\"https:\/\/alloraliving.com\/fr\/table-basse-terra-grande\/\" \/>\n<meta property=\"og:site_name\" content=\"AlloraLiving.com\" \/>\n<meta property=\"article:modified_time\" content=\"2025-02-11T07:45:33+00:00\" \/>\n<meta property=\"og:image\" content=\"https:\/\/alloraliving.com\/wp-content\/uploads\/1-duzy-stolik-kawowy-do-salonu-terra-sand-cream-technistone-white.jpg\" \/>\n\t<meta property=\"og:image:width\" content=\"1600\" \/>\n\t<meta property=\"og:image:height\" content=\"1200\" \/>\n\t<meta property=\"og:image:type\" content=\"image\/jpeg\" \/>\n<meta name=\"twitter:card\" content=\"summary_large_image\" \/>\n<meta name=\"twitter:label1\" content=\"Disponibilit\u00e9\" \/>\n\t<meta name=\"twitter:data1\" content=\"En stock\" \/>\n<script type=\"application\/ld+json\" class=\"yoast-schema-graph\">{\"@context\":\"https:\/\/schema.org\",\"@graph\":[{\"@type\":[\"WebPage\",\"ItemPage\"],\"@id\":\"https:\/\/alloraliving.com\/fr\/table-basse-terra-grande\/\",\"url\":\"https:\/\/alloraliving.com\/fr\/table-basse-terra-grande\/\",\"name\":\"Table basse Terra grande - AlloraLiving.com\",\"isPartOf\":{\"@id\":\"https:\/\/alloraliving.com\/fr\/#website\"},\"primaryImageOfPage\":{\"@id\":\"https:\/\/alloraliving.com\/fr\/table-basse-terra-grande\/#primaryimage\"},\"image\":{\"@id\":\"https:\/\/alloraliving.com\/fr\/table-basse-terra-grande\/#primaryimage\"},\"thumbnailUrl\":\"https:\/\/alloraliving.com\/wp-content\/uploads\/TERRA-STOLIK-FRONT-CATCH-ME-01BIALY-copy-scaled.jpg\",\"datePublished\":\"2024-10-22T11:09:28+00:00\",\"dateModified\":\"2025-02-11T07:45:33+00:00\",\"breadcrumb\":{\"@id\":\"https:\/\/alloraliving.com\/fr\/table-basse-terra-grande\/#breadcrumb\"},\"inLanguage\":\"fr-FR\",\"potentialAction\":[{\"@type\":\"ReadAction\",\"target\":[\"https:\/\/alloraliving.com\/fr\/table-basse-terra-grande\/\"]}]},{\"@type\":\"ImageObject\",\"inLanguage\":\"fr-FR\",\"@id\":\"https:\/\/alloraliving.com\/fr\/table-basse-terra-grande\/#primaryimage\",\"url\":\"https:\/\/alloraliving.com\/wp-content\/uploads\/TERRA-STOLIK-FRONT-CATCH-ME-01BIALY-copy-scaled.jpg\",\"contentUrl\":\"https:\/\/alloraliving.com\/wp-content\/uploads\/TERRA-STOLIK-FRONT-CATCH-ME-01BIALY-copy-scaled.jpg\",\"width\":2560,\"height\":1920},{\"@type\":\"BreadcrumbList\",\"@id\":\"https:\/\/alloraliving.com\/fr\/table-basse-terra-grande\/#breadcrumb\",\"itemListElement\":[{\"@type\":\"ListItem\",\"position\":1,\"name\":\"Strona g\u0142\u00f3wna\",\"item\":\"https:\/\/alloraliving.com\/fr\/\"},{\"@type\":\"ListItem\",\"position\":2,\"name\":\"Boutique\",\"item\":\"https:\/\/alloraliving.com\/fr\/?page_id=6496\"},{\"@type\":\"ListItem\",\"position\":3,\"name\":\"Table basse Terra grande\"}]},{\"@type\":\"WebSite\",\"@id\":\"https:\/\/alloraliving.com\/fr\/#website\",\"url\":\"https:\/\/alloraliving.com\/fr\/\",\"name\":\"AlloraLiving.com\",\"description\":\"\",\"potentialAction\":[{\"@type\":\"SearchAction\",\"target\":{\"@type\":\"EntryPoint\",\"urlTemplate\":\"https:\/\/alloraliving.com\/fr\/?s={search_term_string}\"},\"query-input\":{\"@type\":\"PropertyValueSpecification\",\"valueRequired\":true,\"valueName\":\"search_term_string\"}}],\"inLanguage\":\"fr-FR\"}]}<\/script>\n<meta property=\"og:availability\" content=\"instock\" \/>\n<meta property=\"product:availability\" content=\"instock\" \/>\n<meta property=\"product:condition\" content=\"new\" \/>\n<!-- \/ Yoast SEO Premium plugin. -->","yoast_head_json":{"title":"Table basse Terra grande - AlloraLiving.com","robots":{"index":"index","follow":"follow","max-snippet":"max-snippet:-1","max-image-preview":"max-image-preview:large","max-video-preview":"max-video-preview:-1"},"canonical":"https:\/\/alloraliving.com\/fr\/table-basse-terra-grande\/","og_locale":"fr_FR","og_type":"article","og_title":"Table basse Terra grande","og_description":"La grande table basse TERRA est une combinaison d'\u00e9l\u00e9gance et de fonctionnalit\u00e9 qui s'int\u00e9grera parfaitement dans les arrangements modernes. Son plateau est disponible en bois naturel ou en finition TechniStone\u00ae \u2013 un conglom\u00e9rat de quartz caract\u00e9ris\u00e9 par une grande r\u00e9sistance aux dommages, aux taches et aux temp\u00e9ratures \u00e9lev\u00e9es. Gr\u00e2ce \u00e0 cela, la table allie beaut\u00e9 et durabilit\u00e9, s'int\u00e9grant parfaitement dans une vari\u00e9t\u00e9 de styles d'int\u00e9rieur.  Cette table s'associe harmonieusement aux canap\u00e9s et fauteuils de la collection TERRA, offrant un espace coh\u00e9rent qui attire le regard et invite \u00e0 la d\u00e9tente. C'est un \u00e9l\u00e9ment qui ajoutera \u00e0 la fois \u00e9l\u00e9gance et confort \u00e0 votre int\u00e9rieur, cr\u00e9ant l'endroit id\u00e9al pour un moment de d\u00e9tente.","og_url":"https:\/\/alloraliving.com\/fr\/table-basse-terra-grande\/","og_site_name":"AlloraLiving.com","article_modified_time":"2025-02-11T07:45:33+00:00","og_image":[{"width":1600,"height":1200,"url":"https:\/\/alloraliving.com\/wp-content\/uploads\/1-duzy-stolik-kawowy-do-salonu-terra-sand-cream-technistone-white.jpg","type":"image\/jpeg"}],"twitter_card":"summary_large_image","twitter_misc":{"Disponibilit\u00e9":"En stock"},"schema":{"@context":"https:\/\/schema.org","@graph":[{"@type":["WebPage","ItemPage"],"@id":"https:\/\/alloraliving.com\/fr\/table-basse-terra-grande\/","url":"https:\/\/alloraliving.com\/fr\/table-basse-terra-grande\/","name":"Table basse Terra grande - AlloraLiving.com","isPartOf":{"@id":"https:\/\/alloraliving.com\/fr\/#website"},"primaryImageOfPage":{"@id":"https:\/\/alloraliving.com\/fr\/table-basse-terra-grande\/#primaryimage"},"image":{"@id":"https:\/\/alloraliving.com\/fr\/table-basse-terra-grande\/#primaryimage"},"thumbnailUrl":"https:\/\/alloraliving.com\/wp-content\/uploads\/TERRA-STOLIK-FRONT-CATCH-ME-01BIALY-copy-scaled.jpg","datePublished":"2024-10-22T11:09:28+00:00","dateModified":"2025-02-11T07:45:33+00:00","breadcrumb":{"@id":"https:\/\/alloraliving.com\/fr\/table-basse-terra-grande\/#breadcrumb"},"inLanguage":"fr-FR","potentialAction":[{"@type":"ReadAction","target":["https:\/\/alloraliving.com\/fr\/table-basse-terra-grande\/"]}]},{"@type":"ImageObject","inLanguage":"fr-FR","@id":"https:\/\/alloraliving.com\/fr\/table-basse-terra-grande\/#primaryimage","url":"https:\/\/alloraliving.com\/wp-content\/uploads\/TERRA-STOLIK-FRONT-CATCH-ME-01BIALY-copy-scaled.jpg","contentUrl":"https:\/\/alloraliving.com\/wp-content\/uploads\/TERRA-STOLIK-FRONT-CATCH-ME-01BIALY-copy-scaled.jpg","width":2560,"height":1920},{"@type":"BreadcrumbList","@id":"https:\/\/alloraliving.com\/fr\/table-basse-terra-grande\/#breadcrumb","itemListElement":[{"@type":"ListItem","position":1,"name":"Strona g\u0142\u00f3wna","item":"https:\/\/alloraliving.com\/fr\/"},{"@type":"ListItem","position":2,"name":"Boutique","item":"https:\/\/alloraliving.com\/fr\/?page_id=6496"},{"@type":"ListItem","position":3,"name":"Table basse Terra grande"}]},{"@type":"WebSite","@id":"https:\/\/alloraliving.com\/fr\/#website","url":"https:\/\/alloraliving.com\/fr\/","name":"AlloraLiving.com","description":"","potentialAction":[{"@type":"SearchAction","target":{"@type":"EntryPoint","urlTemplate":"https:\/\/alloraliving.com\/fr\/?s={search_term_string}"},"query-input":{"@type":"PropertyValueSpecification","valueRequired":true,"valueName":"search_term_string"}}],"inLanguage":"fr-FR"}]},"og_availability":"instock","product_availability":"instock","product_condition":"new"},"_links":{"self":[{"href":"https:\/\/alloraliving.com\/fr\/wp-json\/wp\/v2\/product\/8165","targetHints":{"allow":["GET"]}}],"collection":[{"href":"https:\/\/alloraliving.com\/fr\/wp-json\/wp\/v2\/product"}],"about":[{"href":"https:\/\/alloraliving.com\/fr\/wp-json\/wp\/v2\/types\/product"}],"wp:featuredmedia":[{"embeddable":true,"href":"https:\/\/alloraliving.com\/fr\/wp-json\/wp\/v2\/media\/10341"}],"wp:attachment":[{"href":"https:\/\/alloraliving.com\/fr\/wp-json\/wp\/v2\/media?parent=8165"}],"wp:term":[{"taxonomy":"product_brand","embeddable":true,"href":"https:\/\/alloraliving.com\/fr\/wp-json\/wp\/v2\/product_brand?post=8165"},{"taxonomy":"product_cat","embeddable":true,"href":"https:\/\/alloraliving.com\/fr\/wp-json\/wp\/v2\/product_cat?post=8165"},{"taxonomy":"product_tag","embeddable":true,"href":"https:\/\/alloraliving.com\/fr\/wp-json\/wp\/v2\/product_tag?post=8165"}],"curies":[{"name":"wp","href":"https:\/\/api.w.org\/{rel}","templated":true}]}}