{"id":8177,"date":"2024-10-21T15:42:17","date_gmt":"2024-10-21T13:42:17","guid":{"rendered":"https:\/\/alloraliving.com\/pouf-terra\/"},"modified":"2025-02-11T08:45:34","modified_gmt":"2025-02-11T07:45:34","slug":"pouf-terra","status":"publish","type":"product","link":"https:\/\/alloraliving.com\/fr\/pouf-terra\/","title":{"rendered":"Pouf Terra"},"content":{"rendered":"","protected":false},"excerpt":{"rendered":"<p>Le pouf TERRA est la quintessence du confort et du style moderne, pos\u00e9 sur un d\u00e9licat socle en bois. Sa forme compacte et design en fait un compl\u00e9ment id\u00e9al aux int\u00e9rieurs minimalistes comme plus complexes. <\/p>\n<p>Gr\u00e2ce \u00e0 sa construction modulaire, le pouf peut \u00eatre librement combin\u00e9 avec d&rsquo;autres \u00e9l\u00e9ments de la collection TERRA. Sa polyvalence lui permet de s&rsquo;int\u00e9grer parfaitement dans des compositions plus grandes de canap\u00e9s et de fauteuils, ajoutant harmonie et confort \u00e0 l&rsquo;espace. <\/p>\n","protected":false},"featured_media":10252,"template":"","meta":[],"product_brand":[],"product_cat":[939,945],"product_tag":[],"class_list":{"0":"post-8177","1":"product","2":"type-product","3":"status-publish","4":"has-post-thumbnail","6":"product_cat-collection-terra","7":"product_cat-poufs-fr","8":"product_shipping_class-livraison-gratuite","10":"first","11":"instock","12":"taxable","13":"shipping-taxable","14":"purchasable","15":"product-type-variable","16":"has-default-attributes","17":"wvs-archive-product-wrapper"},"yoast_head":"<!-- This site is optimized with the Yoast SEO Premium plugin v26.8 (Yoast SEO v26.8) - https:\/\/yoast.com\/product\/yoast-seo-premium-wordpress\/ -->\n<title>Pouf Terra - AlloraLiving.com<\/title>\n<meta name=\"robots\" content=\"index, follow, max-snippet:-1, max-image-preview:large, max-video-preview:-1\" \/>\n<link rel=\"canonical\" href=\"https:\/\/alloraliving.com\/fr\/pouf-terra\/\" \/>\n<meta property=\"og:locale\" content=\"fr_FR\" \/>\n<meta property=\"og:type\" content=\"article\" \/>\n<meta property=\"og:title\" content=\"Pouf Terra\" \/>\n<meta property=\"og:description\" content=\"Le pouf TERRA est la quintessence du confort et du style moderne, pos\u00e9 sur un d\u00e9licat socle en bois. Sa forme compacte et design en fait un compl\u00e9ment id\u00e9al aux int\u00e9rieurs minimalistes comme plus complexes.  Gr\u00e2ce \u00e0 sa construction modulaire, le pouf peut \u00eatre librement combin\u00e9 avec d&#039;autres \u00e9l\u00e9ments de la collection TERRA. Sa polyvalence lui permet de s&#039;int\u00e9grer parfaitement dans des compositions plus grandes de canap\u00e9s et de fauteuils, ajoutant harmonie et confort \u00e0 l&#039;espace.\" \/>\n<meta property=\"og:url\" content=\"https:\/\/alloraliving.com\/fr\/pouf-terra\/\" \/>\n<meta property=\"og:site_name\" content=\"AlloraLiving.com\" \/>\n<meta property=\"article:modified_time\" content=\"2025-02-11T07:45:34+00:00\" \/>\n<meta property=\"og:image\" content=\"https:\/\/alloraliving.com\/wp-content\/uploads\/1-pufa-do-salonu-terra-sand-cream.jpg\" \/>\n\t<meta property=\"og:image:width\" content=\"1600\" \/>\n\t<meta property=\"og:image:height\" content=\"1200\" \/>\n\t<meta property=\"og:image:type\" content=\"image\/jpeg\" \/>\n<meta name=\"twitter:card\" content=\"summary_large_image\" \/>\n<meta name=\"twitter:label1\" content=\"Disponibilit\u00e9\" \/>\n\t<meta name=\"twitter:data1\" content=\"En stock\" \/>\n<script type=\"application\/ld+json\" class=\"yoast-schema-graph\">{\"@context\":\"https:\/\/schema.org\",\"@graph\":[{\"@type\":[\"WebPage\",\"ItemPage\"],\"@id\":\"https:\/\/alloraliving.com\/fr\/pouf-terra\/\",\"url\":\"https:\/\/alloraliving.com\/fr\/pouf-terra\/\",\"name\":\"Pouf Terra - AlloraLiving.com\",\"isPartOf\":{\"@id\":\"https:\/\/alloraliving.com\/fr\/#website\"},\"primaryImageOfPage\":{\"@id\":\"https:\/\/alloraliving.com\/fr\/pouf-terra\/#primaryimage\"},\"image\":{\"@id\":\"https:\/\/alloraliving.com\/fr\/pouf-terra\/#primaryimage\"},\"thumbnailUrl\":\"https:\/\/alloraliving.com\/wp-content\/uploads\/TERRA-PUFA-FRONT-CATCH-ME-01-copy-scaled.jpg\",\"datePublished\":\"2024-10-21T13:42:17+00:00\",\"dateModified\":\"2025-02-11T07:45:34+00:00\",\"breadcrumb\":{\"@id\":\"https:\/\/alloraliving.com\/fr\/pouf-terra\/#breadcrumb\"},\"inLanguage\":\"fr-FR\",\"potentialAction\":[{\"@type\":\"ReadAction\",\"target\":[\"https:\/\/alloraliving.com\/fr\/pouf-terra\/\"]}]},{\"@type\":\"ImageObject\",\"inLanguage\":\"fr-FR\",\"@id\":\"https:\/\/alloraliving.com\/fr\/pouf-terra\/#primaryimage\",\"url\":\"https:\/\/alloraliving.com\/wp-content\/uploads\/TERRA-PUFA-FRONT-CATCH-ME-01-copy-scaled.jpg\",\"contentUrl\":\"https:\/\/alloraliving.com\/wp-content\/uploads\/TERRA-PUFA-FRONT-CATCH-ME-01-copy-scaled.jpg\",\"width\":2560,\"height\":1920},{\"@type\":\"BreadcrumbList\",\"@id\":\"https:\/\/alloraliving.com\/fr\/pouf-terra\/#breadcrumb\",\"itemListElement\":[{\"@type\":\"ListItem\",\"position\":1,\"name\":\"Strona g\u0142\u00f3wna\",\"item\":\"https:\/\/alloraliving.com\/fr\/\"},{\"@type\":\"ListItem\",\"position\":2,\"name\":\"Boutique\",\"item\":\"https:\/\/alloraliving.com\/fr\/?page_id=6496\"},{\"@type\":\"ListItem\",\"position\":3,\"name\":\"Pouf Terra\"}]},{\"@type\":\"WebSite\",\"@id\":\"https:\/\/alloraliving.com\/fr\/#website\",\"url\":\"https:\/\/alloraliving.com\/fr\/\",\"name\":\"AlloraLiving.com\",\"description\":\"\",\"potentialAction\":[{\"@type\":\"SearchAction\",\"target\":{\"@type\":\"EntryPoint\",\"urlTemplate\":\"https:\/\/alloraliving.com\/fr\/?s={search_term_string}\"},\"query-input\":{\"@type\":\"PropertyValueSpecification\",\"valueRequired\":true,\"valueName\":\"search_term_string\"}}],\"inLanguage\":\"fr-FR\"}]}<\/script>\n<meta property=\"og:availability\" content=\"instock\" \/>\n<meta property=\"product:availability\" content=\"instock\" \/>\n<meta property=\"product:condition\" content=\"new\" \/>\n<!-- \/ Yoast SEO Premium plugin. -->","yoast_head_json":{"title":"Pouf Terra - AlloraLiving.com","robots":{"index":"index","follow":"follow","max-snippet":"max-snippet:-1","max-image-preview":"max-image-preview:large","max-video-preview":"max-video-preview:-1"},"canonical":"https:\/\/alloraliving.com\/fr\/pouf-terra\/","og_locale":"fr_FR","og_type":"article","og_title":"Pouf Terra","og_description":"Le pouf TERRA est la quintessence du confort et du style moderne, pos\u00e9 sur un d\u00e9licat socle en bois. Sa forme compacte et design en fait un compl\u00e9ment id\u00e9al aux int\u00e9rieurs minimalistes comme plus complexes.  Gr\u00e2ce \u00e0 sa construction modulaire, le pouf peut \u00eatre librement combin\u00e9 avec d'autres \u00e9l\u00e9ments de la collection TERRA. Sa polyvalence lui permet de s'int\u00e9grer parfaitement dans des compositions plus grandes de canap\u00e9s et de fauteuils, ajoutant harmonie et confort \u00e0 l'espace.","og_url":"https:\/\/alloraliving.com\/fr\/pouf-terra\/","og_site_name":"AlloraLiving.com","article_modified_time":"2025-02-11T07:45:34+00:00","og_image":[{"width":1600,"height":1200,"url":"https:\/\/alloraliving.com\/wp-content\/uploads\/1-pufa-do-salonu-terra-sand-cream.jpg","type":"image\/jpeg"}],"twitter_card":"summary_large_image","twitter_misc":{"Disponibilit\u00e9":"En stock"},"schema":{"@context":"https:\/\/schema.org","@graph":[{"@type":["WebPage","ItemPage"],"@id":"https:\/\/alloraliving.com\/fr\/pouf-terra\/","url":"https:\/\/alloraliving.com\/fr\/pouf-terra\/","name":"Pouf Terra - AlloraLiving.com","isPartOf":{"@id":"https:\/\/alloraliving.com\/fr\/#website"},"primaryImageOfPage":{"@id":"https:\/\/alloraliving.com\/fr\/pouf-terra\/#primaryimage"},"image":{"@id":"https:\/\/alloraliving.com\/fr\/pouf-terra\/#primaryimage"},"thumbnailUrl":"https:\/\/alloraliving.com\/wp-content\/uploads\/TERRA-PUFA-FRONT-CATCH-ME-01-copy-scaled.jpg","datePublished":"2024-10-21T13:42:17+00:00","dateModified":"2025-02-11T07:45:34+00:00","breadcrumb":{"@id":"https:\/\/alloraliving.com\/fr\/pouf-terra\/#breadcrumb"},"inLanguage":"fr-FR","potentialAction":[{"@type":"ReadAction","target":["https:\/\/alloraliving.com\/fr\/pouf-terra\/"]}]},{"@type":"ImageObject","inLanguage":"fr-FR","@id":"https:\/\/alloraliving.com\/fr\/pouf-terra\/#primaryimage","url":"https:\/\/alloraliving.com\/wp-content\/uploads\/TERRA-PUFA-FRONT-CATCH-ME-01-copy-scaled.jpg","contentUrl":"https:\/\/alloraliving.com\/wp-content\/uploads\/TERRA-PUFA-FRONT-CATCH-ME-01-copy-scaled.jpg","width":2560,"height":1920},{"@type":"BreadcrumbList","@id":"https:\/\/alloraliving.com\/fr\/pouf-terra\/#breadcrumb","itemListElement":[{"@type":"ListItem","position":1,"name":"Strona g\u0142\u00f3wna","item":"https:\/\/alloraliving.com\/fr\/"},{"@type":"ListItem","position":2,"name":"Boutique","item":"https:\/\/alloraliving.com\/fr\/?page_id=6496"},{"@type":"ListItem","position":3,"name":"Pouf Terra"}]},{"@type":"WebSite","@id":"https:\/\/alloraliving.com\/fr\/#website","url":"https:\/\/alloraliving.com\/fr\/","name":"AlloraLiving.com","description":"","potentialAction":[{"@type":"SearchAction","target":{"@type":"EntryPoint","urlTemplate":"https:\/\/alloraliving.com\/fr\/?s={search_term_string}"},"query-input":{"@type":"PropertyValueSpecification","valueRequired":true,"valueName":"search_term_string"}}],"inLanguage":"fr-FR"}]},"og_availability":"instock","product_availability":"instock","product_condition":"new"},"_links":{"self":[{"href":"https:\/\/alloraliving.com\/fr\/wp-json\/wp\/v2\/product\/8177","targetHints":{"allow":["GET"]}}],"collection":[{"href":"https:\/\/alloraliving.com\/fr\/wp-json\/wp\/v2\/product"}],"about":[{"href":"https:\/\/alloraliving.com\/fr\/wp-json\/wp\/v2\/types\/product"}],"wp:featuredmedia":[{"embeddable":true,"href":"https:\/\/alloraliving.com\/fr\/wp-json\/wp\/v2\/media\/10252"}],"wp:attachment":[{"href":"https:\/\/alloraliving.com\/fr\/wp-json\/wp\/v2\/media?parent=8177"}],"wp:term":[{"taxonomy":"product_brand","embeddable":true,"href":"https:\/\/alloraliving.com\/fr\/wp-json\/wp\/v2\/product_brand?post=8177"},{"taxonomy":"product_cat","embeddable":true,"href":"https:\/\/alloraliving.com\/fr\/wp-json\/wp\/v2\/product_cat?post=8177"},{"taxonomy":"product_tag","embeddable":true,"href":"https:\/\/alloraliving.com\/fr\/wp-json\/wp\/v2\/product_tag?post=8177"}],"curies":[{"name":"wp","href":"https:\/\/api.w.org\/{rel}","templated":true}]}}