{"id":8181,"date":"2024-10-22T10:49:43","date_gmt":"2024-10-22T08:49:43","guid":{"rendered":"https:\/\/alloraliving.com\/element-terra-simple-double\/"},"modified":"2025-02-11T08:45:35","modified_gmt":"2025-02-11T07:45:35","slug":"element-terra-simple-double","status":"publish","type":"product","link":"https:\/\/alloraliving.com\/fr\/element-terra-simple-double\/","title":{"rendered":"\u00c9l\u00e9ment Terra Simple Double"},"content":{"rendered":"","protected":false},"excerpt":{"rendered":"<p>L&rsquo;\u00e9l\u00e9ment double droit TERRA est un module qui offre une assise large et confortable et une finition subtile sur un socle en bois. Sa forme simple s&rsquo;int\u00e9grera parfaitement dans n&rsquo;importe quel espace, introduisant sophistication et \u00e9l\u00e9gance. <\/p>\n<p>Gr\u00e2ce \u00e0 la possibilit\u00e9 de combinaison avec d&rsquo;autres \u00e9l\u00e9ments de la collection, le module double droit est une base solide pour cr\u00e9er des compositions plus grandes qui r\u00e9pondent parfaitement aux besoins des int\u00e9rieurs modernes. Il s&rsquo;adapte parfaitement \u00e0 une vari\u00e9t\u00e9 d&rsquo;\u00e9l\u00e9ments, des fauteuils aux canap\u00e9s modulaires plus grands. <\/p>\n","protected":false},"featured_media":8182,"template":"","meta":[],"product_brand":[],"product_cat":[946,947,939],"product_tag":[],"class_list":{"0":"post-8181","1":"product","2":"type-product","3":"status-publish","4":"has-post-thumbnail","6":"product_cat-canapes","7":"product_cat-canapes-modulaires","8":"product_cat-collection-terra","9":"product_shipping_class-livraison-gratuite","11":"first","12":"instock","13":"taxable","14":"shipping-taxable","15":"purchasable","16":"product-type-variable","17":"has-default-attributes","18":"wvs-archive-product-wrapper"},"yoast_head":"<!-- This site is optimized with the Yoast SEO Premium plugin v26.8 (Yoast SEO v26.8) - https:\/\/yoast.com\/product\/yoast-seo-premium-wordpress\/ -->\n<title>\u00c9l\u00e9ment Terra Simple Double - AlloraLiving.com<\/title>\n<meta name=\"robots\" content=\"index, follow, max-snippet:-1, max-image-preview:large, max-video-preview:-1\" \/>\n<link rel=\"canonical\" href=\"https:\/\/alloraliving.com\/fr\/element-terra-simple-double\/\" \/>\n<meta property=\"og:locale\" content=\"fr_FR\" \/>\n<meta property=\"og:type\" content=\"article\" \/>\n<meta property=\"og:title\" content=\"\u00c9l\u00e9ment Terra Simple Double\" \/>\n<meta property=\"og:description\" content=\"L&#039;\u00e9l\u00e9ment double droit TERRA est un module qui offre une assise large et confortable et une finition subtile sur un socle en bois. Sa forme simple s&#039;int\u00e9grera parfaitement dans n&#039;importe quel espace, introduisant sophistication et \u00e9l\u00e9gance.  Gr\u00e2ce \u00e0 la possibilit\u00e9 de combinaison avec d&#039;autres \u00e9l\u00e9ments de la collection, le module double droit est une base solide pour cr\u00e9er des compositions plus grandes qui r\u00e9pondent parfaitement aux besoins des int\u00e9rieurs modernes. Il s&#039;adapte parfaitement \u00e0 une vari\u00e9t\u00e9 d&#039;\u00e9l\u00e9ments, des fauteuils aux canap\u00e9s modulaires plus grands.\" \/>\n<meta property=\"og:url\" content=\"https:\/\/alloraliving.com\/fr\/element-terra-simple-double\/\" \/>\n<meta property=\"og:site_name\" content=\"AlloraLiving.com\" \/>\n<meta property=\"article:modified_time\" content=\"2025-02-11T07:45:35+00:00\" \/>\n<meta property=\"og:image\" content=\"https:\/\/alloraliving.com\/wp-content\/uploads\/1-element-podwojny-sofy-modulowej-terra-sand-cream.jpg\" \/>\n\t<meta property=\"og:image:width\" content=\"1600\" \/>\n\t<meta property=\"og:image:height\" content=\"1200\" \/>\n\t<meta property=\"og:image:type\" content=\"image\/jpeg\" \/>\n<meta name=\"twitter:card\" content=\"summary_large_image\" \/>\n<meta name=\"twitter:label1\" content=\"Disponibilit\u00e9\" \/>\n\t<meta name=\"twitter:data1\" content=\"En stock\" \/>\n<script type=\"application\/ld+json\" class=\"yoast-schema-graph\">{\"@context\":\"https:\/\/schema.org\",\"@graph\":[{\"@type\":[\"WebPage\",\"ItemPage\"],\"@id\":\"https:\/\/alloraliving.com\/fr\/element-terra-simple-double\/\",\"url\":\"https:\/\/alloraliving.com\/fr\/element-terra-simple-double\/\",\"name\":\"\u00c9l\u00e9ment Terra Simple Double - AlloraLiving.com\",\"isPartOf\":{\"@id\":\"https:\/\/alloraliving.com\/fr\/#website\"},\"primaryImageOfPage\":{\"@id\":\"https:\/\/alloraliving.com\/fr\/element-terra-simple-double\/#primaryimage\"},\"image\":{\"@id\":\"https:\/\/alloraliving.com\/fr\/element-terra-simple-double\/#primaryimage\"},\"thumbnailUrl\":\"https:\/\/alloraliving.com\/wp-content\/uploads\/1-element-podwojny-sofy-modulowej-terra-sand-cream.jpg\",\"datePublished\":\"2024-10-22T08:49:43+00:00\",\"dateModified\":\"2025-02-11T07:45:35+00:00\",\"breadcrumb\":{\"@id\":\"https:\/\/alloraliving.com\/fr\/element-terra-simple-double\/#breadcrumb\"},\"inLanguage\":\"fr-FR\",\"potentialAction\":[{\"@type\":\"ReadAction\",\"target\":[\"https:\/\/alloraliving.com\/fr\/element-terra-simple-double\/\"]}]},{\"@type\":\"ImageObject\",\"inLanguage\":\"fr-FR\",\"@id\":\"https:\/\/alloraliving.com\/fr\/element-terra-simple-double\/#primaryimage\",\"url\":\"https:\/\/alloraliving.com\/wp-content\/uploads\/1-element-podwojny-sofy-modulowej-terra-sand-cream.jpg\",\"contentUrl\":\"https:\/\/alloraliving.com\/wp-content\/uploads\/1-element-podwojny-sofy-modulowej-terra-sand-cream.jpg\",\"width\":1600,\"height\":1200},{\"@type\":\"BreadcrumbList\",\"@id\":\"https:\/\/alloraliving.com\/fr\/element-terra-simple-double\/#breadcrumb\",\"itemListElement\":[{\"@type\":\"ListItem\",\"position\":1,\"name\":\"Strona g\u0142\u00f3wna\",\"item\":\"https:\/\/alloraliving.com\/fr\/\"},{\"@type\":\"ListItem\",\"position\":2,\"name\":\"Boutique\",\"item\":\"https:\/\/alloraliving.com\/fr\/?page_id=6496\"},{\"@type\":\"ListItem\",\"position\":3,\"name\":\"\u00c9l\u00e9ment Terra Simple Double\"}]},{\"@type\":\"WebSite\",\"@id\":\"https:\/\/alloraliving.com\/fr\/#website\",\"url\":\"https:\/\/alloraliving.com\/fr\/\",\"name\":\"AlloraLiving.com\",\"description\":\"\",\"potentialAction\":[{\"@type\":\"SearchAction\",\"target\":{\"@type\":\"EntryPoint\",\"urlTemplate\":\"https:\/\/alloraliving.com\/fr\/?s={search_term_string}\"},\"query-input\":{\"@type\":\"PropertyValueSpecification\",\"valueRequired\":true,\"valueName\":\"search_term_string\"}}],\"inLanguage\":\"fr-FR\"}]}<\/script>\n<meta property=\"og:availability\" content=\"instock\" \/>\n<meta property=\"product:availability\" content=\"instock\" \/>\n<meta property=\"product:condition\" content=\"new\" \/>\n<!-- \/ Yoast SEO Premium plugin. -->","yoast_head_json":{"title":"\u00c9l\u00e9ment Terra Simple Double - AlloraLiving.com","robots":{"index":"index","follow":"follow","max-snippet":"max-snippet:-1","max-image-preview":"max-image-preview:large","max-video-preview":"max-video-preview:-1"},"canonical":"https:\/\/alloraliving.com\/fr\/element-terra-simple-double\/","og_locale":"fr_FR","og_type":"article","og_title":"\u00c9l\u00e9ment Terra Simple Double","og_description":"L'\u00e9l\u00e9ment double droit TERRA est un module qui offre une assise large et confortable et une finition subtile sur un socle en bois. Sa forme simple s'int\u00e9grera parfaitement dans n'importe quel espace, introduisant sophistication et \u00e9l\u00e9gance.  Gr\u00e2ce \u00e0 la possibilit\u00e9 de combinaison avec d'autres \u00e9l\u00e9ments de la collection, le module double droit est une base solide pour cr\u00e9er des compositions plus grandes qui r\u00e9pondent parfaitement aux besoins des int\u00e9rieurs modernes. Il s'adapte parfaitement \u00e0 une vari\u00e9t\u00e9 d'\u00e9l\u00e9ments, des fauteuils aux canap\u00e9s modulaires plus grands.","og_url":"https:\/\/alloraliving.com\/fr\/element-terra-simple-double\/","og_site_name":"AlloraLiving.com","article_modified_time":"2025-02-11T07:45:35+00:00","og_image":[{"width":1600,"height":1200,"url":"https:\/\/alloraliving.com\/wp-content\/uploads\/1-element-podwojny-sofy-modulowej-terra-sand-cream.jpg","type":"image\/jpeg"}],"twitter_card":"summary_large_image","twitter_misc":{"Disponibilit\u00e9":"En stock"},"schema":{"@context":"https:\/\/schema.org","@graph":[{"@type":["WebPage","ItemPage"],"@id":"https:\/\/alloraliving.com\/fr\/element-terra-simple-double\/","url":"https:\/\/alloraliving.com\/fr\/element-terra-simple-double\/","name":"\u00c9l\u00e9ment Terra Simple Double - AlloraLiving.com","isPartOf":{"@id":"https:\/\/alloraliving.com\/fr\/#website"},"primaryImageOfPage":{"@id":"https:\/\/alloraliving.com\/fr\/element-terra-simple-double\/#primaryimage"},"image":{"@id":"https:\/\/alloraliving.com\/fr\/element-terra-simple-double\/#primaryimage"},"thumbnailUrl":"https:\/\/alloraliving.com\/wp-content\/uploads\/1-element-podwojny-sofy-modulowej-terra-sand-cream.jpg","datePublished":"2024-10-22T08:49:43+00:00","dateModified":"2025-02-11T07:45:35+00:00","breadcrumb":{"@id":"https:\/\/alloraliving.com\/fr\/element-terra-simple-double\/#breadcrumb"},"inLanguage":"fr-FR","potentialAction":[{"@type":"ReadAction","target":["https:\/\/alloraliving.com\/fr\/element-terra-simple-double\/"]}]},{"@type":"ImageObject","inLanguage":"fr-FR","@id":"https:\/\/alloraliving.com\/fr\/element-terra-simple-double\/#primaryimage","url":"https:\/\/alloraliving.com\/wp-content\/uploads\/1-element-podwojny-sofy-modulowej-terra-sand-cream.jpg","contentUrl":"https:\/\/alloraliving.com\/wp-content\/uploads\/1-element-podwojny-sofy-modulowej-terra-sand-cream.jpg","width":1600,"height":1200},{"@type":"BreadcrumbList","@id":"https:\/\/alloraliving.com\/fr\/element-terra-simple-double\/#breadcrumb","itemListElement":[{"@type":"ListItem","position":1,"name":"Strona g\u0142\u00f3wna","item":"https:\/\/alloraliving.com\/fr\/"},{"@type":"ListItem","position":2,"name":"Boutique","item":"https:\/\/alloraliving.com\/fr\/?page_id=6496"},{"@type":"ListItem","position":3,"name":"\u00c9l\u00e9ment Terra Simple Double"}]},{"@type":"WebSite","@id":"https:\/\/alloraliving.com\/fr\/#website","url":"https:\/\/alloraliving.com\/fr\/","name":"AlloraLiving.com","description":"","potentialAction":[{"@type":"SearchAction","target":{"@type":"EntryPoint","urlTemplate":"https:\/\/alloraliving.com\/fr\/?s={search_term_string}"},"query-input":{"@type":"PropertyValueSpecification","valueRequired":true,"valueName":"search_term_string"}}],"inLanguage":"fr-FR"}]},"og_availability":"instock","product_availability":"instock","product_condition":"new"},"_links":{"self":[{"href":"https:\/\/alloraliving.com\/fr\/wp-json\/wp\/v2\/product\/8181","targetHints":{"allow":["GET"]}}],"collection":[{"href":"https:\/\/alloraliving.com\/fr\/wp-json\/wp\/v2\/product"}],"about":[{"href":"https:\/\/alloraliving.com\/fr\/wp-json\/wp\/v2\/types\/product"}],"wp:featuredmedia":[{"embeddable":true,"href":"https:\/\/alloraliving.com\/fr\/wp-json\/wp\/v2\/media\/8182"}],"wp:attachment":[{"href":"https:\/\/alloraliving.com\/fr\/wp-json\/wp\/v2\/media?parent=8181"}],"wp:term":[{"taxonomy":"product_brand","embeddable":true,"href":"https:\/\/alloraliving.com\/fr\/wp-json\/wp\/v2\/product_brand?post=8181"},{"taxonomy":"product_cat","embeddable":true,"href":"https:\/\/alloraliving.com\/fr\/wp-json\/wp\/v2\/product_cat?post=8181"},{"taxonomy":"product_tag","embeddable":true,"href":"https:\/\/alloraliving.com\/fr\/wp-json\/wp\/v2\/product_tag?post=8181"}],"curies":[{"name":"wp","href":"https:\/\/api.w.org\/{rel}","templated":true}]}}