{"id":8186,"date":"2024-07-05T12:07:48","date_gmt":"2024-07-05T10:07:48","guid":{"rendered":"https:\/\/alloraliving.com\/canape-2-places-tramonto\/"},"modified":"2025-02-11T08:46:46","modified_gmt":"2025-02-11T07:46:46","slug":"canape-2-places-tramonto","status":"publish","type":"product","link":"https:\/\/alloraliving.com\/fr\/canape-2-places-tramonto\/","title":{"rendered":"Canap\u00e9 2 places Tramonto"},"content":{"rendered":"","protected":false},"excerpt":{"rendered":"<p>Le canap\u00e9 2 places TRAMONTO est une proposition compacte et confortable qui s&rsquo;int\u00e8gre parfaitement dans l&rsquo;esth\u00e9tique des int\u00e9rieurs modernes. Les si\u00e8ges larges et les dossiers arrondis offrent un confort maximal, tandis que les coutures caract\u00e9ristiques sur les c\u00f4t\u00e9s ajoutent de l&rsquo;\u00e9l\u00e9gance et font subtilement r\u00e9f\u00e9rence \u00e0 l&rsquo;inspiration de l&rsquo;horizon. <\/p>\n<p>Gr\u00e2ce \u00e0 sa structure modulaire, le canap\u00e9 TRAMONTO peut \u00eatre facilement combin\u00e9 avec d&rsquo;autres \u00e9l\u00e9ments de la collection, vous permettant de cr\u00e9er des compositions personnalis\u00e9es. D\u00e9couvrez ses possibilit\u00e9s en choisissant diff\u00e9rentes couleurs et accessoires pour assortir le mobilier \u00e0 votre style unique. <\/p>\n","protected":false},"featured_media":8188,"template":"","meta":[],"product_brand":[],"product_cat":[946,947,940],"product_tag":[],"class_list":{"0":"post-8186","1":"product","2":"type-product","3":"status-publish","4":"has-post-thumbnail","6":"product_cat-canapes","7":"product_cat-canapes-modulaires","8":"product_cat-collection-tramonto","9":"product_shipping_class-livraison-gratuite","11":"first","12":"instock","13":"taxable","14":"shipping-taxable","15":"purchasable","16":"product-type-variable","17":"has-default-attributes","18":"wvs-archive-product-wrapper"},"yoast_head":"<!-- This site is optimized with the Yoast SEO Premium plugin v26.8 (Yoast SEO v26.8) - https:\/\/yoast.com\/product\/yoast-seo-premium-wordpress\/ -->\n<title>Canap\u00e9 2 places Tramonto - AlloraLiving.com<\/title>\n<meta name=\"robots\" content=\"index, follow, max-snippet:-1, max-image-preview:large, max-video-preview:-1\" \/>\n<link rel=\"canonical\" href=\"https:\/\/alloraliving.com\/fr\/canape-2-places-tramonto\/\" \/>\n<meta property=\"og:locale\" content=\"fr_FR\" \/>\n<meta property=\"og:type\" content=\"article\" \/>\n<meta property=\"og:title\" content=\"Canap\u00e9 2 places Tramonto\" \/>\n<meta property=\"og:description\" content=\"Le canap\u00e9 2 places TRAMONTO est une proposition compacte et confortable qui s&#039;int\u00e8gre parfaitement dans l&#039;esth\u00e9tique des int\u00e9rieurs modernes. Les si\u00e8ges larges et les dossiers arrondis offrent un confort maximal, tandis que les coutures caract\u00e9ristiques sur les c\u00f4t\u00e9s ajoutent de l&#039;\u00e9l\u00e9gance et font subtilement r\u00e9f\u00e9rence \u00e0 l&#039;inspiration de l&#039;horizon.  Gr\u00e2ce \u00e0 sa structure modulaire, le canap\u00e9 TRAMONTO peut \u00eatre facilement combin\u00e9 avec d&#039;autres \u00e9l\u00e9ments de la collection, vous permettant de cr\u00e9er des compositions personnalis\u00e9es. D\u00e9couvrez ses possibilit\u00e9s en choisissant diff\u00e9rentes couleurs et accessoires pour assortir le mobilier \u00e0 votre style unique.\" \/>\n<meta property=\"og:url\" content=\"https:\/\/alloraliving.com\/fr\/canape-2-places-tramonto\/\" \/>\n<meta property=\"og:site_name\" content=\"AlloraLiving.com\" \/>\n<meta property=\"article:modified_time\" content=\"2025-02-11T07:46:46+00:00\" \/>\n<meta property=\"og:image\" content=\"https:\/\/alloraliving.com\/wp-content\/uploads\/1-jasna-sofa-2-osobowa-do-salonu-tramonto-sand-cream.jpg\" \/>\n\t<meta property=\"og:image:width\" content=\"1600\" \/>\n\t<meta property=\"og:image:height\" content=\"1200\" \/>\n\t<meta property=\"og:image:type\" content=\"image\/jpeg\" \/>\n<meta name=\"twitter:card\" content=\"summary_large_image\" \/>\n<meta name=\"twitter:label1\" content=\"Disponibilit\u00e9\" \/>\n\t<meta name=\"twitter:data1\" content=\"En stock\" \/>\n<script type=\"application\/ld+json\" class=\"yoast-schema-graph\">{\"@context\":\"https:\/\/schema.org\",\"@graph\":[{\"@type\":[\"WebPage\",\"ItemPage\"],\"@id\":\"https:\/\/alloraliving.com\/fr\/canape-2-places-tramonto\/\",\"url\":\"https:\/\/alloraliving.com\/fr\/canape-2-places-tramonto\/\",\"name\":\"Canap\u00e9 2 places Tramonto - AlloraLiving.com\",\"isPartOf\":{\"@id\":\"https:\/\/alloraliving.com\/fr\/#website\"},\"primaryImageOfPage\":{\"@id\":\"https:\/\/alloraliving.com\/fr\/canape-2-places-tramonto\/#primaryimage\"},\"image\":{\"@id\":\"https:\/\/alloraliving.com\/fr\/canape-2-places-tramonto\/#primaryimage\"},\"thumbnailUrl\":\"https:\/\/alloraliving.com\/wp-content\/uploads\/1-jasna-sofa-2-osobowa-do-salonu-tramonto-sand-cream.jpg\",\"datePublished\":\"2024-07-05T10:07:48+00:00\",\"dateModified\":\"2025-02-11T07:46:46+00:00\",\"breadcrumb\":{\"@id\":\"https:\/\/alloraliving.com\/fr\/canape-2-places-tramonto\/#breadcrumb\"},\"inLanguage\":\"fr-FR\",\"potentialAction\":[{\"@type\":\"ReadAction\",\"target\":[\"https:\/\/alloraliving.com\/fr\/canape-2-places-tramonto\/\"]}]},{\"@type\":\"ImageObject\",\"inLanguage\":\"fr-FR\",\"@id\":\"https:\/\/alloraliving.com\/fr\/canape-2-places-tramonto\/#primaryimage\",\"url\":\"https:\/\/alloraliving.com\/wp-content\/uploads\/1-jasna-sofa-2-osobowa-do-salonu-tramonto-sand-cream.jpg\",\"contentUrl\":\"https:\/\/alloraliving.com\/wp-content\/uploads\/1-jasna-sofa-2-osobowa-do-salonu-tramonto-sand-cream.jpg\",\"width\":1600,\"height\":1200},{\"@type\":\"BreadcrumbList\",\"@id\":\"https:\/\/alloraliving.com\/fr\/canape-2-places-tramonto\/#breadcrumb\",\"itemListElement\":[{\"@type\":\"ListItem\",\"position\":1,\"name\":\"Strona g\u0142\u00f3wna\",\"item\":\"https:\/\/alloraliving.com\/fr\/\"},{\"@type\":\"ListItem\",\"position\":2,\"name\":\"Boutique\",\"item\":\"https:\/\/alloraliving.com\/fr\/?page_id=6496\"},{\"@type\":\"ListItem\",\"position\":3,\"name\":\"Canap\u00e9 2 places Tramonto\"}]},{\"@type\":\"WebSite\",\"@id\":\"https:\/\/alloraliving.com\/fr\/#website\",\"url\":\"https:\/\/alloraliving.com\/fr\/\",\"name\":\"AlloraLiving.com\",\"description\":\"\",\"potentialAction\":[{\"@type\":\"SearchAction\",\"target\":{\"@type\":\"EntryPoint\",\"urlTemplate\":\"https:\/\/alloraliving.com\/fr\/?s={search_term_string}\"},\"query-input\":{\"@type\":\"PropertyValueSpecification\",\"valueRequired\":true,\"valueName\":\"search_term_string\"}}],\"inLanguage\":\"fr-FR\"}]}<\/script>\n<meta property=\"og:availability\" content=\"instock\" \/>\n<meta property=\"product:availability\" content=\"instock\" \/>\n<meta property=\"product:condition\" content=\"new\" \/>\n<!-- \/ Yoast SEO Premium plugin. -->","yoast_head_json":{"title":"Canap\u00e9 2 places Tramonto - AlloraLiving.com","robots":{"index":"index","follow":"follow","max-snippet":"max-snippet:-1","max-image-preview":"max-image-preview:large","max-video-preview":"max-video-preview:-1"},"canonical":"https:\/\/alloraliving.com\/fr\/canape-2-places-tramonto\/","og_locale":"fr_FR","og_type":"article","og_title":"Canap\u00e9 2 places Tramonto","og_description":"Le canap\u00e9 2 places TRAMONTO est une proposition compacte et confortable qui s'int\u00e8gre parfaitement dans l'esth\u00e9tique des int\u00e9rieurs modernes. Les si\u00e8ges larges et les dossiers arrondis offrent un confort maximal, tandis que les coutures caract\u00e9ristiques sur les c\u00f4t\u00e9s ajoutent de l'\u00e9l\u00e9gance et font subtilement r\u00e9f\u00e9rence \u00e0 l'inspiration de l'horizon.  Gr\u00e2ce \u00e0 sa structure modulaire, le canap\u00e9 TRAMONTO peut \u00eatre facilement combin\u00e9 avec d'autres \u00e9l\u00e9ments de la collection, vous permettant de cr\u00e9er des compositions personnalis\u00e9es. D\u00e9couvrez ses possibilit\u00e9s en choisissant diff\u00e9rentes couleurs et accessoires pour assortir le mobilier \u00e0 votre style unique.","og_url":"https:\/\/alloraliving.com\/fr\/canape-2-places-tramonto\/","og_site_name":"AlloraLiving.com","article_modified_time":"2025-02-11T07:46:46+00:00","og_image":[{"width":1600,"height":1200,"url":"https:\/\/alloraliving.com\/wp-content\/uploads\/1-jasna-sofa-2-osobowa-do-salonu-tramonto-sand-cream.jpg","type":"image\/jpeg"}],"twitter_card":"summary_large_image","twitter_misc":{"Disponibilit\u00e9":"En stock"},"schema":{"@context":"https:\/\/schema.org","@graph":[{"@type":["WebPage","ItemPage"],"@id":"https:\/\/alloraliving.com\/fr\/canape-2-places-tramonto\/","url":"https:\/\/alloraliving.com\/fr\/canape-2-places-tramonto\/","name":"Canap\u00e9 2 places Tramonto - AlloraLiving.com","isPartOf":{"@id":"https:\/\/alloraliving.com\/fr\/#website"},"primaryImageOfPage":{"@id":"https:\/\/alloraliving.com\/fr\/canape-2-places-tramonto\/#primaryimage"},"image":{"@id":"https:\/\/alloraliving.com\/fr\/canape-2-places-tramonto\/#primaryimage"},"thumbnailUrl":"https:\/\/alloraliving.com\/wp-content\/uploads\/1-jasna-sofa-2-osobowa-do-salonu-tramonto-sand-cream.jpg","datePublished":"2024-07-05T10:07:48+00:00","dateModified":"2025-02-11T07:46:46+00:00","breadcrumb":{"@id":"https:\/\/alloraliving.com\/fr\/canape-2-places-tramonto\/#breadcrumb"},"inLanguage":"fr-FR","potentialAction":[{"@type":"ReadAction","target":["https:\/\/alloraliving.com\/fr\/canape-2-places-tramonto\/"]}]},{"@type":"ImageObject","inLanguage":"fr-FR","@id":"https:\/\/alloraliving.com\/fr\/canape-2-places-tramonto\/#primaryimage","url":"https:\/\/alloraliving.com\/wp-content\/uploads\/1-jasna-sofa-2-osobowa-do-salonu-tramonto-sand-cream.jpg","contentUrl":"https:\/\/alloraliving.com\/wp-content\/uploads\/1-jasna-sofa-2-osobowa-do-salonu-tramonto-sand-cream.jpg","width":1600,"height":1200},{"@type":"BreadcrumbList","@id":"https:\/\/alloraliving.com\/fr\/canape-2-places-tramonto\/#breadcrumb","itemListElement":[{"@type":"ListItem","position":1,"name":"Strona g\u0142\u00f3wna","item":"https:\/\/alloraliving.com\/fr\/"},{"@type":"ListItem","position":2,"name":"Boutique","item":"https:\/\/alloraliving.com\/fr\/?page_id=6496"},{"@type":"ListItem","position":3,"name":"Canap\u00e9 2 places Tramonto"}]},{"@type":"WebSite","@id":"https:\/\/alloraliving.com\/fr\/#website","url":"https:\/\/alloraliving.com\/fr\/","name":"AlloraLiving.com","description":"","potentialAction":[{"@type":"SearchAction","target":{"@type":"EntryPoint","urlTemplate":"https:\/\/alloraliving.com\/fr\/?s={search_term_string}"},"query-input":{"@type":"PropertyValueSpecification","valueRequired":true,"valueName":"search_term_string"}}],"inLanguage":"fr-FR"}]},"og_availability":"instock","product_availability":"instock","product_condition":"new"},"_links":{"self":[{"href":"https:\/\/alloraliving.com\/fr\/wp-json\/wp\/v2\/product\/8186","targetHints":{"allow":["GET"]}}],"collection":[{"href":"https:\/\/alloraliving.com\/fr\/wp-json\/wp\/v2\/product"}],"about":[{"href":"https:\/\/alloraliving.com\/fr\/wp-json\/wp\/v2\/types\/product"}],"wp:featuredmedia":[{"embeddable":true,"href":"https:\/\/alloraliving.com\/fr\/wp-json\/wp\/v2\/media\/8188"}],"wp:attachment":[{"href":"https:\/\/alloraliving.com\/fr\/wp-json\/wp\/v2\/media?parent=8186"}],"wp:term":[{"taxonomy":"product_brand","embeddable":true,"href":"https:\/\/alloraliving.com\/fr\/wp-json\/wp\/v2\/product_brand?post=8186"},{"taxonomy":"product_cat","embeddable":true,"href":"https:\/\/alloraliving.com\/fr\/wp-json\/wp\/v2\/product_cat?post=8186"},{"taxonomy":"product_tag","embeddable":true,"href":"https:\/\/alloraliving.com\/fr\/wp-json\/wp\/v2\/product_tag?post=8186"}],"curies":[{"name":"wp","href":"https:\/\/api.w.org\/{rel}","templated":true}]}}