{"id":8203,"date":"2025-02-03T08:10:13","date_gmt":"2025-02-03T07:10:13","guid":{"rendered":"https:\/\/alloraliving.com\/fauteuil-tramonto-sans-accoudoirs\/"},"modified":"2025-02-11T08:46:46","modified_gmt":"2025-02-11T07:46:46","slug":"fauteuil-tramonto-sans-accoudoirs","status":"publish","type":"product","link":"https:\/\/alloraliving.com\/fr\/fauteuil-tramonto-sans-accoudoirs\/","title":{"rendered":"Fauteuil Tramonto sans accoudoirs"},"content":{"rendered":"","protected":false},"excerpt":{"rendered":"<p>Le fauteuil sans accoudoirs de la collection TRAMONTO est la quintessence de la simplicit\u00e9 et du confort, s&rsquo;adaptant parfaitement \u00e0 l&rsquo;id\u00e9e de mobilier modulaire haut de gamme. Sa silhouette ouverte et son si\u00e8ge ergonomique en font un excellent choix pour les int\u00e9rieurs petits et spacieux. Le rembourrage haut de gamme souligne le caract\u00e8re moderne du mobilier, qui compl\u00e8te parfaitement les arrangements minimalistes et classiques.  <\/p>\n<p>Dans la collection TRAMONTO, vous trouverez d&rsquo;autres \u00e9l\u00e9ments, comme un canap\u00e9 modulable ou un canap\u00e9 d&rsquo;angle, qui vous permettront de cr\u00e9er une zone de d\u00e9tente coh\u00e9rente. L&rsquo;ensemble de la collection a \u00e9t\u00e9 con\u00e7u dans un souci de confort et de fonctionnalit\u00e9, afin que les meubles puissent r\u00e9pondre aux exigences des int\u00e9rieurs modernes. <\/p>\n","protected":false},"featured_media":8205,"template":"","meta":[],"product_brand":[],"product_cat":[940,930],"product_tag":[],"class_list":{"0":"post-8203","1":"product","2":"type-product","3":"status-publish","4":"has-post-thumbnail","6":"product_cat-collection-tramonto","7":"product_cat-sieges","8":"product_shipping_class-livraison-gratuite","10":"first","11":"instock","12":"taxable","13":"shipping-taxable","14":"purchasable","15":"product-type-variable","16":"has-default-attributes","17":"wvs-archive-product-wrapper"},"yoast_head":"<!-- This site is optimized with the Yoast SEO Premium plugin v26.8 (Yoast SEO v26.8) - https:\/\/yoast.com\/product\/yoast-seo-premium-wordpress\/ -->\n<title>Fauteuil Tramonto sans accoudoirs - AlloraLiving.com<\/title>\n<meta name=\"robots\" content=\"index, follow, max-snippet:-1, max-image-preview:large, max-video-preview:-1\" \/>\n<link rel=\"canonical\" href=\"https:\/\/alloraliving.com\/fr\/fauteuil-tramonto-sans-accoudoirs\/\" \/>\n<meta property=\"og:locale\" content=\"fr_FR\" \/>\n<meta property=\"og:type\" content=\"article\" \/>\n<meta property=\"og:title\" content=\"Fauteuil Tramonto sans accoudoirs\" \/>\n<meta property=\"og:description\" content=\"Le fauteuil sans accoudoirs de la collection TRAMONTO est la quintessence de la simplicit\u00e9 et du confort, s&#039;adaptant parfaitement \u00e0 l&#039;id\u00e9e de mobilier modulaire haut de gamme. Sa silhouette ouverte et son si\u00e8ge ergonomique en font un excellent choix pour les int\u00e9rieurs petits et spacieux. Le rembourrage haut de gamme souligne le caract\u00e8re moderne du mobilier, qui compl\u00e8te parfaitement les arrangements minimalistes et classiques.  Dans la collection TRAMONTO, vous trouverez d&#039;autres \u00e9l\u00e9ments, comme un canap\u00e9 modulable ou un canap\u00e9 d&#039;angle, qui vous permettront de cr\u00e9er une zone de d\u00e9tente coh\u00e9rente. L&#039;ensemble de la collection a \u00e9t\u00e9 con\u00e7u dans un souci de confort et de fonctionnalit\u00e9, afin que les meubles puissent r\u00e9pondre aux exigences des int\u00e9rieurs modernes.\" \/>\n<meta property=\"og:url\" content=\"https:\/\/alloraliving.com\/fr\/fauteuil-tramonto-sans-accoudoirs\/\" \/>\n<meta property=\"og:site_name\" content=\"AlloraLiving.com\" \/>\n<meta property=\"article:modified_time\" content=\"2025-02-11T07:46:46+00:00\" \/>\n<meta property=\"og:image\" content=\"https:\/\/alloraliving.com\/wp-content\/uploads\/2-element-prosty-sofy-modulowej-tramonto-sand-cream.jpg\" \/>\n\t<meta property=\"og:image:width\" content=\"1600\" \/>\n\t<meta property=\"og:image:height\" content=\"1200\" \/>\n\t<meta property=\"og:image:type\" content=\"image\/jpeg\" \/>\n<meta name=\"twitter:card\" content=\"summary_large_image\" \/>\n<meta name=\"twitter:label1\" content=\"Disponibilit\u00e9\" \/>\n\t<meta name=\"twitter:data1\" content=\"En stock\" \/>\n<script type=\"application\/ld+json\" class=\"yoast-schema-graph\">{\"@context\":\"https:\/\/schema.org\",\"@graph\":[{\"@type\":[\"WebPage\",\"ItemPage\"],\"@id\":\"https:\/\/alloraliving.com\/fr\/fauteuil-tramonto-sans-accoudoirs\/\",\"url\":\"https:\/\/alloraliving.com\/fr\/fauteuil-tramonto-sans-accoudoirs\/\",\"name\":\"Fauteuil Tramonto sans accoudoirs - AlloraLiving.com\",\"isPartOf\":{\"@id\":\"https:\/\/alloraliving.com\/fr\/#website\"},\"primaryImageOfPage\":{\"@id\":\"https:\/\/alloraliving.com\/fr\/fauteuil-tramonto-sans-accoudoirs\/#primaryimage\"},\"image\":{\"@id\":\"https:\/\/alloraliving.com\/fr\/fauteuil-tramonto-sans-accoudoirs\/#primaryimage\"},\"thumbnailUrl\":\"https:\/\/alloraliving.com\/wp-content\/uploads\/2-element-prosty-sofy-modulowej-tramonto-sand-cream.jpg\",\"datePublished\":\"2025-02-03T07:10:13+00:00\",\"dateModified\":\"2025-02-11T07:46:46+00:00\",\"breadcrumb\":{\"@id\":\"https:\/\/alloraliving.com\/fr\/fauteuil-tramonto-sans-accoudoirs\/#breadcrumb\"},\"inLanguage\":\"fr-FR\",\"potentialAction\":[{\"@type\":\"ReadAction\",\"target\":[\"https:\/\/alloraliving.com\/fr\/fauteuil-tramonto-sans-accoudoirs\/\"]}]},{\"@type\":\"ImageObject\",\"inLanguage\":\"fr-FR\",\"@id\":\"https:\/\/alloraliving.com\/fr\/fauteuil-tramonto-sans-accoudoirs\/#primaryimage\",\"url\":\"https:\/\/alloraliving.com\/wp-content\/uploads\/2-element-prosty-sofy-modulowej-tramonto-sand-cream.jpg\",\"contentUrl\":\"https:\/\/alloraliving.com\/wp-content\/uploads\/2-element-prosty-sofy-modulowej-tramonto-sand-cream.jpg\",\"width\":1600,\"height\":1200},{\"@type\":\"BreadcrumbList\",\"@id\":\"https:\/\/alloraliving.com\/fr\/fauteuil-tramonto-sans-accoudoirs\/#breadcrumb\",\"itemListElement\":[{\"@type\":\"ListItem\",\"position\":1,\"name\":\"Strona g\u0142\u00f3wna\",\"item\":\"https:\/\/alloraliving.com\/fr\/\"},{\"@type\":\"ListItem\",\"position\":2,\"name\":\"Boutique\",\"item\":\"https:\/\/alloraliving.com\/fr\/?page_id=6496\"},{\"@type\":\"ListItem\",\"position\":3,\"name\":\"Fauteuil Tramonto sans accoudoirs\"}]},{\"@type\":\"WebSite\",\"@id\":\"https:\/\/alloraliving.com\/fr\/#website\",\"url\":\"https:\/\/alloraliving.com\/fr\/\",\"name\":\"AlloraLiving.com\",\"description\":\"\",\"potentialAction\":[{\"@type\":\"SearchAction\",\"target\":{\"@type\":\"EntryPoint\",\"urlTemplate\":\"https:\/\/alloraliving.com\/fr\/?s={search_term_string}\"},\"query-input\":{\"@type\":\"PropertyValueSpecification\",\"valueRequired\":true,\"valueName\":\"search_term_string\"}}],\"inLanguage\":\"fr-FR\"}]}<\/script>\n<meta property=\"og:availability\" content=\"instock\" \/>\n<meta property=\"product:availability\" content=\"instock\" \/>\n<meta property=\"product:condition\" content=\"new\" \/>\n<!-- \/ Yoast SEO Premium plugin. -->","yoast_head_json":{"title":"Fauteuil Tramonto sans accoudoirs - AlloraLiving.com","robots":{"index":"index","follow":"follow","max-snippet":"max-snippet:-1","max-image-preview":"max-image-preview:large","max-video-preview":"max-video-preview:-1"},"canonical":"https:\/\/alloraliving.com\/fr\/fauteuil-tramonto-sans-accoudoirs\/","og_locale":"fr_FR","og_type":"article","og_title":"Fauteuil Tramonto sans accoudoirs","og_description":"Le fauteuil sans accoudoirs de la collection TRAMONTO est la quintessence de la simplicit\u00e9 et du confort, s'adaptant parfaitement \u00e0 l'id\u00e9e de mobilier modulaire haut de gamme. Sa silhouette ouverte et son si\u00e8ge ergonomique en font un excellent choix pour les int\u00e9rieurs petits et spacieux. Le rembourrage haut de gamme souligne le caract\u00e8re moderne du mobilier, qui compl\u00e8te parfaitement les arrangements minimalistes et classiques.  Dans la collection TRAMONTO, vous trouverez d'autres \u00e9l\u00e9ments, comme un canap\u00e9 modulable ou un canap\u00e9 d'angle, qui vous permettront de cr\u00e9er une zone de d\u00e9tente coh\u00e9rente. L'ensemble de la collection a \u00e9t\u00e9 con\u00e7u dans un souci de confort et de fonctionnalit\u00e9, afin que les meubles puissent r\u00e9pondre aux exigences des int\u00e9rieurs modernes.","og_url":"https:\/\/alloraliving.com\/fr\/fauteuil-tramonto-sans-accoudoirs\/","og_site_name":"AlloraLiving.com","article_modified_time":"2025-02-11T07:46:46+00:00","og_image":[{"width":1600,"height":1200,"url":"https:\/\/alloraliving.com\/wp-content\/uploads\/2-element-prosty-sofy-modulowej-tramonto-sand-cream.jpg","type":"image\/jpeg"}],"twitter_card":"summary_large_image","twitter_misc":{"Disponibilit\u00e9":"En stock"},"schema":{"@context":"https:\/\/schema.org","@graph":[{"@type":["WebPage","ItemPage"],"@id":"https:\/\/alloraliving.com\/fr\/fauteuil-tramonto-sans-accoudoirs\/","url":"https:\/\/alloraliving.com\/fr\/fauteuil-tramonto-sans-accoudoirs\/","name":"Fauteuil Tramonto sans accoudoirs - AlloraLiving.com","isPartOf":{"@id":"https:\/\/alloraliving.com\/fr\/#website"},"primaryImageOfPage":{"@id":"https:\/\/alloraliving.com\/fr\/fauteuil-tramonto-sans-accoudoirs\/#primaryimage"},"image":{"@id":"https:\/\/alloraliving.com\/fr\/fauteuil-tramonto-sans-accoudoirs\/#primaryimage"},"thumbnailUrl":"https:\/\/alloraliving.com\/wp-content\/uploads\/2-element-prosty-sofy-modulowej-tramonto-sand-cream.jpg","datePublished":"2025-02-03T07:10:13+00:00","dateModified":"2025-02-11T07:46:46+00:00","breadcrumb":{"@id":"https:\/\/alloraliving.com\/fr\/fauteuil-tramonto-sans-accoudoirs\/#breadcrumb"},"inLanguage":"fr-FR","potentialAction":[{"@type":"ReadAction","target":["https:\/\/alloraliving.com\/fr\/fauteuil-tramonto-sans-accoudoirs\/"]}]},{"@type":"ImageObject","inLanguage":"fr-FR","@id":"https:\/\/alloraliving.com\/fr\/fauteuil-tramonto-sans-accoudoirs\/#primaryimage","url":"https:\/\/alloraliving.com\/wp-content\/uploads\/2-element-prosty-sofy-modulowej-tramonto-sand-cream.jpg","contentUrl":"https:\/\/alloraliving.com\/wp-content\/uploads\/2-element-prosty-sofy-modulowej-tramonto-sand-cream.jpg","width":1600,"height":1200},{"@type":"BreadcrumbList","@id":"https:\/\/alloraliving.com\/fr\/fauteuil-tramonto-sans-accoudoirs\/#breadcrumb","itemListElement":[{"@type":"ListItem","position":1,"name":"Strona g\u0142\u00f3wna","item":"https:\/\/alloraliving.com\/fr\/"},{"@type":"ListItem","position":2,"name":"Boutique","item":"https:\/\/alloraliving.com\/fr\/?page_id=6496"},{"@type":"ListItem","position":3,"name":"Fauteuil Tramonto sans accoudoirs"}]},{"@type":"WebSite","@id":"https:\/\/alloraliving.com\/fr\/#website","url":"https:\/\/alloraliving.com\/fr\/","name":"AlloraLiving.com","description":"","potentialAction":[{"@type":"SearchAction","target":{"@type":"EntryPoint","urlTemplate":"https:\/\/alloraliving.com\/fr\/?s={search_term_string}"},"query-input":{"@type":"PropertyValueSpecification","valueRequired":true,"valueName":"search_term_string"}}],"inLanguage":"fr-FR"}]},"og_availability":"instock","product_availability":"instock","product_condition":"new"},"_links":{"self":[{"href":"https:\/\/alloraliving.com\/fr\/wp-json\/wp\/v2\/product\/8203","targetHints":{"allow":["GET"]}}],"collection":[{"href":"https:\/\/alloraliving.com\/fr\/wp-json\/wp\/v2\/product"}],"about":[{"href":"https:\/\/alloraliving.com\/fr\/wp-json\/wp\/v2\/types\/product"}],"wp:featuredmedia":[{"embeddable":true,"href":"https:\/\/alloraliving.com\/fr\/wp-json\/wp\/v2\/media\/8205"}],"wp:attachment":[{"href":"https:\/\/alloraliving.com\/fr\/wp-json\/wp\/v2\/media?parent=8203"}],"wp:term":[{"taxonomy":"product_brand","embeddable":true,"href":"https:\/\/alloraliving.com\/fr\/wp-json\/wp\/v2\/product_brand?post=8203"},{"taxonomy":"product_cat","embeddable":true,"href":"https:\/\/alloraliving.com\/fr\/wp-json\/wp\/v2\/product_cat?post=8203"},{"taxonomy":"product_tag","embeddable":true,"href":"https:\/\/alloraliving.com\/fr\/wp-json\/wp\/v2\/product_tag?post=8203"}],"curies":[{"name":"wp","href":"https:\/\/api.w.org\/{rel}","templated":true}]}}