{"id":8206,"date":"2024-07-05T07:32:02","date_gmt":"2024-07-05T05:32:02","guid":{"rendered":"https:\/\/alloraliving.com\/pouf-tramonto\/"},"modified":"2025-02-11T08:46:46","modified_gmt":"2025-02-11T07:46:46","slug":"pouf-tramonto","status":"publish","type":"product","link":"https:\/\/alloraliving.com\/fr\/pouf-tramonto\/","title":{"rendered":"Pouf Tramonto"},"content":{"rendered":"","protected":false},"excerpt":{"rendered":"<p>Le pouf de la collection TRAMONTO est un accent \u00e9l\u00e9gant et minimaliste qui peut se fondre ou se d\u00e9marquer du reste de l&rsquo;ensemble de salon de votre salon. Sa forme douce et arrondie et son assise confortable cr\u00e9ent l&rsquo;endroit id\u00e9al pour se d\u00e9tendre, compl\u00e9tant subtilement toute la collection. <\/p>\n<p>Gr\u00e2ce \u00e0 sa taille compacte et \u00e0 sa forme simple, le pouf peut servir de si\u00e8ge suppl\u00e9mentaire ou d&rsquo;\u00e9l\u00e9ment d\u00e9coratif apportant paix et harmonie \u00e0 l&rsquo;int\u00e9rieur. La couture caract\u00e9ristique fait r\u00e9f\u00e9rence \u00e0 la ligne d&rsquo;horizon, conf\u00e9rant au pouf un caract\u00e8re unique. <\/p>\n","protected":false},"featured_media":8226,"template":"","meta":[],"product_brand":[],"product_cat":[940,945],"product_tag":[],"class_list":{"0":"post-8206","1":"product","2":"type-product","3":"status-publish","4":"has-post-thumbnail","6":"product_cat-collection-tramonto","7":"product_cat-poufs-fr","8":"product_shipping_class-livraison-gratuite","10":"first","11":"instock","12":"taxable","13":"shipping-taxable","14":"purchasable","15":"product-type-variable","16":"has-default-attributes","17":"wvs-archive-product-wrapper"},"yoast_head":"<!-- This site is optimized with the Yoast SEO Premium plugin v26.8 (Yoast SEO v26.8) - https:\/\/yoast.com\/product\/yoast-seo-premium-wordpress\/ -->\n<title>Pouf Tramonto - AlloraLiving.com<\/title>\n<meta name=\"robots\" content=\"index, follow, max-snippet:-1, max-image-preview:large, max-video-preview:-1\" \/>\n<link rel=\"canonical\" href=\"https:\/\/alloraliving.com\/fr\/pouf-tramonto\/\" \/>\n<meta property=\"og:locale\" content=\"fr_FR\" \/>\n<meta property=\"og:type\" content=\"article\" \/>\n<meta property=\"og:title\" content=\"Pouf Tramonto\" \/>\n<meta property=\"og:description\" content=\"Le pouf de la collection TRAMONTO est un accent \u00e9l\u00e9gant et minimaliste qui peut se fondre ou se d\u00e9marquer du reste de l&#039;ensemble de salon de votre salon. Sa forme douce et arrondie et son assise confortable cr\u00e9ent l&#039;endroit id\u00e9al pour se d\u00e9tendre, compl\u00e9tant subtilement toute la collection.  Gr\u00e2ce \u00e0 sa taille compacte et \u00e0 sa forme simple, le pouf peut servir de si\u00e8ge suppl\u00e9mentaire ou d&#039;\u00e9l\u00e9ment d\u00e9coratif apportant paix et harmonie \u00e0 l&#039;int\u00e9rieur. La couture caract\u00e9ristique fait r\u00e9f\u00e9rence \u00e0 la ligne d&#039;horizon, conf\u00e9rant au pouf un caract\u00e8re unique.\" \/>\n<meta property=\"og:url\" content=\"https:\/\/alloraliving.com\/fr\/pouf-tramonto\/\" \/>\n<meta property=\"og:site_name\" content=\"AlloraLiving.com\" \/>\n<meta property=\"article:modified_time\" content=\"2025-02-11T07:46:46+00:00\" \/>\n<meta property=\"og:image\" content=\"https:\/\/alloraliving.com\/wp-content\/uploads\/1-jasna-pufa-do-salonu-tramonto-sand-cream.jpg\" \/>\n\t<meta property=\"og:image:width\" content=\"1600\" \/>\n\t<meta property=\"og:image:height\" content=\"1200\" \/>\n\t<meta property=\"og:image:type\" content=\"image\/jpeg\" \/>\n<meta name=\"twitter:card\" content=\"summary_large_image\" \/>\n<meta name=\"twitter:label1\" content=\"Disponibilit\u00e9\" \/>\n\t<meta name=\"twitter:data1\" content=\"En stock\" \/>\n<script type=\"application\/ld+json\" class=\"yoast-schema-graph\">{\"@context\":\"https:\/\/schema.org\",\"@graph\":[{\"@type\":[\"WebPage\",\"ItemPage\"],\"@id\":\"https:\/\/alloraliving.com\/fr\/pouf-tramonto\/\",\"url\":\"https:\/\/alloraliving.com\/fr\/pouf-tramonto\/\",\"name\":\"Pouf Tramonto - AlloraLiving.com\",\"isPartOf\":{\"@id\":\"https:\/\/alloraliving.com\/fr\/#website\"},\"primaryImageOfPage\":{\"@id\":\"https:\/\/alloraliving.com\/fr\/pouf-tramonto\/#primaryimage\"},\"image\":{\"@id\":\"https:\/\/alloraliving.com\/fr\/pouf-tramonto\/#primaryimage\"},\"thumbnailUrl\":\"https:\/\/alloraliving.com\/wp-content\/uploads\/1-jasna-pufa-do-salonu-tramonto-sand-cream.jpg\",\"datePublished\":\"2024-07-05T05:32:02+00:00\",\"dateModified\":\"2025-02-11T07:46:46+00:00\",\"breadcrumb\":{\"@id\":\"https:\/\/alloraliving.com\/fr\/pouf-tramonto\/#breadcrumb\"},\"inLanguage\":\"fr-FR\",\"potentialAction\":[{\"@type\":\"ReadAction\",\"target\":[\"https:\/\/alloraliving.com\/fr\/pouf-tramonto\/\"]}]},{\"@type\":\"ImageObject\",\"inLanguage\":\"fr-FR\",\"@id\":\"https:\/\/alloraliving.com\/fr\/pouf-tramonto\/#primaryimage\",\"url\":\"https:\/\/alloraliving.com\/wp-content\/uploads\/1-jasna-pufa-do-salonu-tramonto-sand-cream.jpg\",\"contentUrl\":\"https:\/\/alloraliving.com\/wp-content\/uploads\/1-jasna-pufa-do-salonu-tramonto-sand-cream.jpg\",\"width\":1600,\"height\":1200},{\"@type\":\"BreadcrumbList\",\"@id\":\"https:\/\/alloraliving.com\/fr\/pouf-tramonto\/#breadcrumb\",\"itemListElement\":[{\"@type\":\"ListItem\",\"position\":1,\"name\":\"Strona g\u0142\u00f3wna\",\"item\":\"https:\/\/alloraliving.com\/fr\/\"},{\"@type\":\"ListItem\",\"position\":2,\"name\":\"Boutique\",\"item\":\"https:\/\/alloraliving.com\/fr\/?page_id=6496\"},{\"@type\":\"ListItem\",\"position\":3,\"name\":\"Pouf Tramonto\"}]},{\"@type\":\"WebSite\",\"@id\":\"https:\/\/alloraliving.com\/fr\/#website\",\"url\":\"https:\/\/alloraliving.com\/fr\/\",\"name\":\"AlloraLiving.com\",\"description\":\"\",\"potentialAction\":[{\"@type\":\"SearchAction\",\"target\":{\"@type\":\"EntryPoint\",\"urlTemplate\":\"https:\/\/alloraliving.com\/fr\/?s={search_term_string}\"},\"query-input\":{\"@type\":\"PropertyValueSpecification\",\"valueRequired\":true,\"valueName\":\"search_term_string\"}}],\"inLanguage\":\"fr-FR\"}]}<\/script>\n<meta property=\"og:availability\" content=\"instock\" \/>\n<meta property=\"product:availability\" content=\"instock\" \/>\n<meta property=\"product:condition\" content=\"new\" \/>\n<!-- \/ Yoast SEO Premium plugin. -->","yoast_head_json":{"title":"Pouf Tramonto - AlloraLiving.com","robots":{"index":"index","follow":"follow","max-snippet":"max-snippet:-1","max-image-preview":"max-image-preview:large","max-video-preview":"max-video-preview:-1"},"canonical":"https:\/\/alloraliving.com\/fr\/pouf-tramonto\/","og_locale":"fr_FR","og_type":"article","og_title":"Pouf Tramonto","og_description":"Le pouf de la collection TRAMONTO est un accent \u00e9l\u00e9gant et minimaliste qui peut se fondre ou se d\u00e9marquer du reste de l'ensemble de salon de votre salon. Sa forme douce et arrondie et son assise confortable cr\u00e9ent l'endroit id\u00e9al pour se d\u00e9tendre, compl\u00e9tant subtilement toute la collection.  Gr\u00e2ce \u00e0 sa taille compacte et \u00e0 sa forme simple, le pouf peut servir de si\u00e8ge suppl\u00e9mentaire ou d'\u00e9l\u00e9ment d\u00e9coratif apportant paix et harmonie \u00e0 l'int\u00e9rieur. La couture caract\u00e9ristique fait r\u00e9f\u00e9rence \u00e0 la ligne d'horizon, conf\u00e9rant au pouf un caract\u00e8re unique.","og_url":"https:\/\/alloraliving.com\/fr\/pouf-tramonto\/","og_site_name":"AlloraLiving.com","article_modified_time":"2025-02-11T07:46:46+00:00","og_image":[{"width":1600,"height":1200,"url":"https:\/\/alloraliving.com\/wp-content\/uploads\/1-jasna-pufa-do-salonu-tramonto-sand-cream.jpg","type":"image\/jpeg"}],"twitter_card":"summary_large_image","twitter_misc":{"Disponibilit\u00e9":"En stock"},"schema":{"@context":"https:\/\/schema.org","@graph":[{"@type":["WebPage","ItemPage"],"@id":"https:\/\/alloraliving.com\/fr\/pouf-tramonto\/","url":"https:\/\/alloraliving.com\/fr\/pouf-tramonto\/","name":"Pouf Tramonto - AlloraLiving.com","isPartOf":{"@id":"https:\/\/alloraliving.com\/fr\/#website"},"primaryImageOfPage":{"@id":"https:\/\/alloraliving.com\/fr\/pouf-tramonto\/#primaryimage"},"image":{"@id":"https:\/\/alloraliving.com\/fr\/pouf-tramonto\/#primaryimage"},"thumbnailUrl":"https:\/\/alloraliving.com\/wp-content\/uploads\/1-jasna-pufa-do-salonu-tramonto-sand-cream.jpg","datePublished":"2024-07-05T05:32:02+00:00","dateModified":"2025-02-11T07:46:46+00:00","breadcrumb":{"@id":"https:\/\/alloraliving.com\/fr\/pouf-tramonto\/#breadcrumb"},"inLanguage":"fr-FR","potentialAction":[{"@type":"ReadAction","target":["https:\/\/alloraliving.com\/fr\/pouf-tramonto\/"]}]},{"@type":"ImageObject","inLanguage":"fr-FR","@id":"https:\/\/alloraliving.com\/fr\/pouf-tramonto\/#primaryimage","url":"https:\/\/alloraliving.com\/wp-content\/uploads\/1-jasna-pufa-do-salonu-tramonto-sand-cream.jpg","contentUrl":"https:\/\/alloraliving.com\/wp-content\/uploads\/1-jasna-pufa-do-salonu-tramonto-sand-cream.jpg","width":1600,"height":1200},{"@type":"BreadcrumbList","@id":"https:\/\/alloraliving.com\/fr\/pouf-tramonto\/#breadcrumb","itemListElement":[{"@type":"ListItem","position":1,"name":"Strona g\u0142\u00f3wna","item":"https:\/\/alloraliving.com\/fr\/"},{"@type":"ListItem","position":2,"name":"Boutique","item":"https:\/\/alloraliving.com\/fr\/?page_id=6496"},{"@type":"ListItem","position":3,"name":"Pouf Tramonto"}]},{"@type":"WebSite","@id":"https:\/\/alloraliving.com\/fr\/#website","url":"https:\/\/alloraliving.com\/fr\/","name":"AlloraLiving.com","description":"","potentialAction":[{"@type":"SearchAction","target":{"@type":"EntryPoint","urlTemplate":"https:\/\/alloraliving.com\/fr\/?s={search_term_string}"},"query-input":{"@type":"PropertyValueSpecification","valueRequired":true,"valueName":"search_term_string"}}],"inLanguage":"fr-FR"}]},"og_availability":"instock","product_availability":"instock","product_condition":"new"},"_links":{"self":[{"href":"https:\/\/alloraliving.com\/fr\/wp-json\/wp\/v2\/product\/8206","targetHints":{"allow":["GET"]}}],"collection":[{"href":"https:\/\/alloraliving.com\/fr\/wp-json\/wp\/v2\/product"}],"about":[{"href":"https:\/\/alloraliving.com\/fr\/wp-json\/wp\/v2\/types\/product"}],"wp:featuredmedia":[{"embeddable":true,"href":"https:\/\/alloraliving.com\/fr\/wp-json\/wp\/v2\/media\/8226"}],"wp:attachment":[{"href":"https:\/\/alloraliving.com\/fr\/wp-json\/wp\/v2\/media?parent=8206"}],"wp:term":[{"taxonomy":"product_brand","embeddable":true,"href":"https:\/\/alloraliving.com\/fr\/wp-json\/wp\/v2\/product_brand?post=8206"},{"taxonomy":"product_cat","embeddable":true,"href":"https:\/\/alloraliving.com\/fr\/wp-json\/wp\/v2\/product_cat?post=8206"},{"taxonomy":"product_tag","embeddable":true,"href":"https:\/\/alloraliving.com\/fr\/wp-json\/wp\/v2\/product_tag?post=8206"}],"curies":[{"name":"wp","href":"https:\/\/api.w.org\/{rel}","templated":true}]}}