{"id":8246,"date":"2024-12-22T07:10:49","date_gmt":"2024-12-22T06:10:49","guid":{"rendered":"https:\/\/alloraliving.com\/lot-de-2-poufs-tramonto\/"},"modified":"2025-02-11T08:46:47","modified_gmt":"2025-02-11T07:46:47","slug":"lot-de-2-poufs-tramonto","status":"publish","type":"product","link":"https:\/\/alloraliving.com\/fr\/lot-de-2-poufs-tramonto\/","title":{"rendered":"Lot de 2 poufs Tramonto"},"content":{"rendered":"","protected":false},"excerpt":{"rendered":"<p>L&rsquo;ensemble de deux poufs TRAMONTO est une solution discr\u00e8te mais fonctionnelle qui enrichira votre espace. Les deux poufs peuvent \u00eatre plac\u00e9s ensemble ou s\u00e9par\u00e9ment, selon vos besoins, offrant ainsi une assise suppl\u00e9mentaire avec confort et style. <\/p>\n<p>La collection TRAMONTO s&rsquo;inspire de la skyline, alliant esth\u00e9tique subtile et modularit\u00e9. Gr\u00e2ce \u00e0 cela, vous pouvez facilement composer un int\u00e9rieur qui refl\u00e8te vos pr\u00e9f\u00e9rences, en maintenant un \u00e9quilibre entre forme et praticit\u00e9. <\/p>\n","protected":false},"featured_media":8247,"template":"","meta":[],"product_brand":[],"product_cat":[940,945],"product_tag":[],"class_list":{"0":"post-8246","1":"product","2":"type-product","3":"status-publish","4":"has-post-thumbnail","6":"product_cat-collection-tramonto","7":"product_cat-poufs-fr","8":"product_shipping_class-livraison-gratuite","10":"first","11":"instock","12":"taxable","13":"shipping-taxable","14":"purchasable","15":"product-type-variable","16":"has-default-attributes","17":"wvs-archive-product-wrapper"},"yoast_head":"<!-- This site is optimized with the Yoast SEO Premium plugin v26.8 (Yoast SEO v26.8) - https:\/\/yoast.com\/product\/yoast-seo-premium-wordpress\/ -->\n<title>Lot de 2 poufs Tramonto - AlloraLiving.com<\/title>\n<meta name=\"robots\" content=\"index, follow, max-snippet:-1, max-image-preview:large, max-video-preview:-1\" \/>\n<link rel=\"canonical\" href=\"https:\/\/alloraliving.com\/fr\/lot-de-2-poufs-tramonto\/\" \/>\n<meta property=\"og:locale\" content=\"fr_FR\" \/>\n<meta property=\"og:type\" content=\"article\" \/>\n<meta property=\"og:title\" content=\"Lot de 2 poufs Tramonto\" \/>\n<meta property=\"og:description\" content=\"L&#039;ensemble de deux poufs TRAMONTO est une solution discr\u00e8te mais fonctionnelle qui enrichira votre espace. Les deux poufs peuvent \u00eatre plac\u00e9s ensemble ou s\u00e9par\u00e9ment, selon vos besoins, offrant ainsi une assise suppl\u00e9mentaire avec confort et style.  La collection TRAMONTO s&#039;inspire de la skyline, alliant esth\u00e9tique subtile et modularit\u00e9. Gr\u00e2ce \u00e0 cela, vous pouvez facilement composer un int\u00e9rieur qui refl\u00e8te vos pr\u00e9f\u00e9rences, en maintenant un \u00e9quilibre entre forme et praticit\u00e9.\" \/>\n<meta property=\"og:url\" content=\"https:\/\/alloraliving.com\/fr\/lot-de-2-poufs-tramonto\/\" \/>\n<meta property=\"og:site_name\" content=\"AlloraLiving.com\" \/>\n<meta property=\"article:modified_time\" content=\"2025-02-11T07:46:47+00:00\" \/>\n<meta property=\"og:image\" content=\"https:\/\/alloraliving.com\/wp-content\/uploads\/1-zestaw-2-pufy-tramonto-sand-cream.jpg\" \/>\n\t<meta property=\"og:image:width\" content=\"1600\" \/>\n\t<meta property=\"og:image:height\" content=\"1200\" \/>\n\t<meta property=\"og:image:type\" content=\"image\/jpeg\" \/>\n<meta name=\"twitter:card\" content=\"summary_large_image\" \/>\n<meta name=\"twitter:label1\" content=\"Disponibilit\u00e9\" \/>\n\t<meta name=\"twitter:data1\" content=\"En stock\" \/>\n<script type=\"application\/ld+json\" class=\"yoast-schema-graph\">{\"@context\":\"https:\/\/schema.org\",\"@graph\":[{\"@type\":[\"WebPage\",\"ItemPage\"],\"@id\":\"https:\/\/alloraliving.com\/fr\/lot-de-2-poufs-tramonto\/\",\"url\":\"https:\/\/alloraliving.com\/fr\/lot-de-2-poufs-tramonto\/\",\"name\":\"Lot de 2 poufs Tramonto - AlloraLiving.com\",\"isPartOf\":{\"@id\":\"https:\/\/alloraliving.com\/fr\/#website\"},\"primaryImageOfPage\":{\"@id\":\"https:\/\/alloraliving.com\/fr\/lot-de-2-poufs-tramonto\/#primaryimage\"},\"image\":{\"@id\":\"https:\/\/alloraliving.com\/fr\/lot-de-2-poufs-tramonto\/#primaryimage\"},\"thumbnailUrl\":\"https:\/\/alloraliving.com\/wp-content\/uploads\/1-zestaw-2-pufy-tramonto-sand-cream.jpg\",\"datePublished\":\"2024-12-22T06:10:49+00:00\",\"dateModified\":\"2025-02-11T07:46:47+00:00\",\"breadcrumb\":{\"@id\":\"https:\/\/alloraliving.com\/fr\/lot-de-2-poufs-tramonto\/#breadcrumb\"},\"inLanguage\":\"fr-FR\",\"potentialAction\":[{\"@type\":\"ReadAction\",\"target\":[\"https:\/\/alloraliving.com\/fr\/lot-de-2-poufs-tramonto\/\"]}]},{\"@type\":\"ImageObject\",\"inLanguage\":\"fr-FR\",\"@id\":\"https:\/\/alloraliving.com\/fr\/lot-de-2-poufs-tramonto\/#primaryimage\",\"url\":\"https:\/\/alloraliving.com\/wp-content\/uploads\/1-zestaw-2-pufy-tramonto-sand-cream.jpg\",\"contentUrl\":\"https:\/\/alloraliving.com\/wp-content\/uploads\/1-zestaw-2-pufy-tramonto-sand-cream.jpg\",\"width\":1600,\"height\":1200},{\"@type\":\"BreadcrumbList\",\"@id\":\"https:\/\/alloraliving.com\/fr\/lot-de-2-poufs-tramonto\/#breadcrumb\",\"itemListElement\":[{\"@type\":\"ListItem\",\"position\":1,\"name\":\"Strona g\u0142\u00f3wna\",\"item\":\"https:\/\/alloraliving.com\/fr\/\"},{\"@type\":\"ListItem\",\"position\":2,\"name\":\"Boutique\",\"item\":\"https:\/\/alloraliving.com\/fr\/?page_id=6496\"},{\"@type\":\"ListItem\",\"position\":3,\"name\":\"Lot de 2 poufs Tramonto\"}]},{\"@type\":\"WebSite\",\"@id\":\"https:\/\/alloraliving.com\/fr\/#website\",\"url\":\"https:\/\/alloraliving.com\/fr\/\",\"name\":\"AlloraLiving.com\",\"description\":\"\",\"potentialAction\":[{\"@type\":\"SearchAction\",\"target\":{\"@type\":\"EntryPoint\",\"urlTemplate\":\"https:\/\/alloraliving.com\/fr\/?s={search_term_string}\"},\"query-input\":{\"@type\":\"PropertyValueSpecification\",\"valueRequired\":true,\"valueName\":\"search_term_string\"}}],\"inLanguage\":\"fr-FR\"}]}<\/script>\n<meta property=\"og:availability\" content=\"instock\" \/>\n<meta property=\"product:availability\" content=\"instock\" \/>\n<meta property=\"product:condition\" content=\"new\" \/>\n<!-- \/ Yoast SEO Premium plugin. -->","yoast_head_json":{"title":"Lot de 2 poufs Tramonto - AlloraLiving.com","robots":{"index":"index","follow":"follow","max-snippet":"max-snippet:-1","max-image-preview":"max-image-preview:large","max-video-preview":"max-video-preview:-1"},"canonical":"https:\/\/alloraliving.com\/fr\/lot-de-2-poufs-tramonto\/","og_locale":"fr_FR","og_type":"article","og_title":"Lot de 2 poufs Tramonto","og_description":"L'ensemble de deux poufs TRAMONTO est une solution discr\u00e8te mais fonctionnelle qui enrichira votre espace. Les deux poufs peuvent \u00eatre plac\u00e9s ensemble ou s\u00e9par\u00e9ment, selon vos besoins, offrant ainsi une assise suppl\u00e9mentaire avec confort et style.  La collection TRAMONTO s'inspire de la skyline, alliant esth\u00e9tique subtile et modularit\u00e9. Gr\u00e2ce \u00e0 cela, vous pouvez facilement composer un int\u00e9rieur qui refl\u00e8te vos pr\u00e9f\u00e9rences, en maintenant un \u00e9quilibre entre forme et praticit\u00e9.","og_url":"https:\/\/alloraliving.com\/fr\/lot-de-2-poufs-tramonto\/","og_site_name":"AlloraLiving.com","article_modified_time":"2025-02-11T07:46:47+00:00","og_image":[{"width":1600,"height":1200,"url":"https:\/\/alloraliving.com\/wp-content\/uploads\/1-zestaw-2-pufy-tramonto-sand-cream.jpg","type":"image\/jpeg"}],"twitter_card":"summary_large_image","twitter_misc":{"Disponibilit\u00e9":"En stock"},"schema":{"@context":"https:\/\/schema.org","@graph":[{"@type":["WebPage","ItemPage"],"@id":"https:\/\/alloraliving.com\/fr\/lot-de-2-poufs-tramonto\/","url":"https:\/\/alloraliving.com\/fr\/lot-de-2-poufs-tramonto\/","name":"Lot de 2 poufs Tramonto - AlloraLiving.com","isPartOf":{"@id":"https:\/\/alloraliving.com\/fr\/#website"},"primaryImageOfPage":{"@id":"https:\/\/alloraliving.com\/fr\/lot-de-2-poufs-tramonto\/#primaryimage"},"image":{"@id":"https:\/\/alloraliving.com\/fr\/lot-de-2-poufs-tramonto\/#primaryimage"},"thumbnailUrl":"https:\/\/alloraliving.com\/wp-content\/uploads\/1-zestaw-2-pufy-tramonto-sand-cream.jpg","datePublished":"2024-12-22T06:10:49+00:00","dateModified":"2025-02-11T07:46:47+00:00","breadcrumb":{"@id":"https:\/\/alloraliving.com\/fr\/lot-de-2-poufs-tramonto\/#breadcrumb"},"inLanguage":"fr-FR","potentialAction":[{"@type":"ReadAction","target":["https:\/\/alloraliving.com\/fr\/lot-de-2-poufs-tramonto\/"]}]},{"@type":"ImageObject","inLanguage":"fr-FR","@id":"https:\/\/alloraliving.com\/fr\/lot-de-2-poufs-tramonto\/#primaryimage","url":"https:\/\/alloraliving.com\/wp-content\/uploads\/1-zestaw-2-pufy-tramonto-sand-cream.jpg","contentUrl":"https:\/\/alloraliving.com\/wp-content\/uploads\/1-zestaw-2-pufy-tramonto-sand-cream.jpg","width":1600,"height":1200},{"@type":"BreadcrumbList","@id":"https:\/\/alloraliving.com\/fr\/lot-de-2-poufs-tramonto\/#breadcrumb","itemListElement":[{"@type":"ListItem","position":1,"name":"Strona g\u0142\u00f3wna","item":"https:\/\/alloraliving.com\/fr\/"},{"@type":"ListItem","position":2,"name":"Boutique","item":"https:\/\/alloraliving.com\/fr\/?page_id=6496"},{"@type":"ListItem","position":3,"name":"Lot de 2 poufs Tramonto"}]},{"@type":"WebSite","@id":"https:\/\/alloraliving.com\/fr\/#website","url":"https:\/\/alloraliving.com\/fr\/","name":"AlloraLiving.com","description":"","potentialAction":[{"@type":"SearchAction","target":{"@type":"EntryPoint","urlTemplate":"https:\/\/alloraliving.com\/fr\/?s={search_term_string}"},"query-input":{"@type":"PropertyValueSpecification","valueRequired":true,"valueName":"search_term_string"}}],"inLanguage":"fr-FR"}]},"og_availability":"instock","product_availability":"instock","product_condition":"new"},"_links":{"self":[{"href":"https:\/\/alloraliving.com\/fr\/wp-json\/wp\/v2\/product\/8246","targetHints":{"allow":["GET"]}}],"collection":[{"href":"https:\/\/alloraliving.com\/fr\/wp-json\/wp\/v2\/product"}],"about":[{"href":"https:\/\/alloraliving.com\/fr\/wp-json\/wp\/v2\/types\/product"}],"wp:featuredmedia":[{"embeddable":true,"href":"https:\/\/alloraliving.com\/fr\/wp-json\/wp\/v2\/media\/8247"}],"wp:attachment":[{"href":"https:\/\/alloraliving.com\/fr\/wp-json\/wp\/v2\/media?parent=8246"}],"wp:term":[{"taxonomy":"product_brand","embeddable":true,"href":"https:\/\/alloraliving.com\/fr\/wp-json\/wp\/v2\/product_brand?post=8246"},{"taxonomy":"product_cat","embeddable":true,"href":"https:\/\/alloraliving.com\/fr\/wp-json\/wp\/v2\/product_cat?post=8246"},{"taxonomy":"product_tag","embeddable":true,"href":"https:\/\/alloraliving.com\/fr\/wp-json\/wp\/v2\/product_tag?post=8246"}],"curies":[{"name":"wp","href":"https:\/\/api.w.org\/{rel}","templated":true}]}}