{"id":8248,"date":"2024-07-05T10:05:01","date_gmt":"2024-07-05T08:05:01","guid":{"rendered":"https:\/\/alloraliving.com\/fauteuil-tramonto\/"},"modified":"2025-02-11T08:46:48","modified_gmt":"2025-02-11T07:46:48","slug":"fauteuil-tramonto","status":"publish","type":"product","link":"https:\/\/alloraliving.com\/fr\/fauteuil-tramonto\/","title":{"rendered":"Fauteuil Tramonto"},"content":{"rendered":"","protected":false},"excerpt":{"rendered":"<p>Le fauteuil TRAMONTO est la quintessence du confort et du design moderne, s&rsquo;int\u00e9grant parfaitement dans tout espace de d\u00e9tente. Son assise large et son dossier arrondi sont con\u00e7us pour la d\u00e9tente, offrant un confort maximal. Les coutures distinctives sur les c\u00f4t\u00e9s, faisant subtilement r\u00e9f\u00e9rence \u00e0 la ligne d&rsquo;horizon, ajoutent un d\u00e9tail \u00e9l\u00e9gant qui distingue la collection.  <\/p>\n<p>Gr\u00e2ce \u00e0 sa conception modulaire, le fauteuil TRAMONTO peut \u00eatre facilement combin\u00e9 avec d\u2019autres \u00e9l\u00e9ments de cette s\u00e9rie, cr\u00e9ant des compositions personnalis\u00e9es et harmonieuses. Choisissez des couleurs sobres ou optez pour l&rsquo;orange cannelle pour introduire chaleur et confort dans l&rsquo;int\u00e9rieur, inspir\u00e9 du coucher de soleil. <\/p>\n","protected":false},"featured_media":8256,"template":"","meta":[],"product_brand":[],"product_cat":[940,930],"product_tag":[],"class_list":{"0":"post-8248","1":"product","2":"type-product","3":"status-publish","4":"has-post-thumbnail","6":"product_cat-collection-tramonto","7":"product_cat-sieges","8":"product_shipping_class-livraison-gratuite","10":"first","11":"instock","12":"taxable","13":"shipping-taxable","14":"purchasable","15":"product-type-variable","16":"has-default-attributes","17":"wvs-archive-product-wrapper"},"yoast_head":"<!-- This site is optimized with the Yoast SEO Premium plugin v26.8 (Yoast SEO v26.8) - https:\/\/yoast.com\/product\/yoast-seo-premium-wordpress\/ -->\n<title>Fauteuil Tramonto - AlloraLiving.com<\/title>\n<meta name=\"robots\" content=\"index, follow, max-snippet:-1, max-image-preview:large, max-video-preview:-1\" \/>\n<link rel=\"canonical\" href=\"https:\/\/alloraliving.com\/fr\/fauteuil-tramonto\/\" \/>\n<meta property=\"og:locale\" content=\"fr_FR\" \/>\n<meta property=\"og:type\" content=\"article\" \/>\n<meta property=\"og:title\" content=\"Fauteuil Tramonto\" \/>\n<meta property=\"og:description\" content=\"Le fauteuil TRAMONTO est la quintessence du confort et du design moderne, s&#039;int\u00e9grant parfaitement dans tout espace de d\u00e9tente. Son assise large et son dossier arrondi sont con\u00e7us pour la d\u00e9tente, offrant un confort maximal. Les coutures distinctives sur les c\u00f4t\u00e9s, faisant subtilement r\u00e9f\u00e9rence \u00e0 la ligne d&#039;horizon, ajoutent un d\u00e9tail \u00e9l\u00e9gant qui distingue la collection.  Gr\u00e2ce \u00e0 sa conception modulaire, le fauteuil TRAMONTO peut \u00eatre facilement combin\u00e9 avec d\u2019autres \u00e9l\u00e9ments de cette s\u00e9rie, cr\u00e9ant des compositions personnalis\u00e9es et harmonieuses. Choisissez des couleurs sobres ou optez pour l&#039;orange cannelle pour introduire chaleur et confort dans l&#039;int\u00e9rieur, inspir\u00e9 du coucher de soleil.\" \/>\n<meta property=\"og:url\" content=\"https:\/\/alloraliving.com\/fr\/fauteuil-tramonto\/\" \/>\n<meta property=\"og:site_name\" content=\"AlloraLiving.com\" \/>\n<meta property=\"article:modified_time\" content=\"2025-02-11T07:46:48+00:00\" \/>\n<meta property=\"og:image\" content=\"https:\/\/alloraliving.com\/wp-content\/uploads\/1-jasny-fotel-wypoczynkowy-do-salonu-tramonto-sand-cream-1.jpg\" \/>\n\t<meta property=\"og:image:width\" content=\"1600\" \/>\n\t<meta property=\"og:image:height\" content=\"1200\" \/>\n\t<meta property=\"og:image:type\" content=\"image\/jpeg\" \/>\n<meta name=\"twitter:card\" content=\"summary_large_image\" \/>\n<meta name=\"twitter:label1\" content=\"Disponibilit\u00e9\" \/>\n\t<meta name=\"twitter:data1\" content=\"En stock\" \/>\n<script type=\"application\/ld+json\" class=\"yoast-schema-graph\">{\"@context\":\"https:\/\/schema.org\",\"@graph\":[{\"@type\":[\"WebPage\",\"ItemPage\"],\"@id\":\"https:\/\/alloraliving.com\/fr\/fauteuil-tramonto\/\",\"url\":\"https:\/\/alloraliving.com\/fr\/fauteuil-tramonto\/\",\"name\":\"Fauteuil Tramonto - AlloraLiving.com\",\"isPartOf\":{\"@id\":\"https:\/\/alloraliving.com\/fr\/#website\"},\"primaryImageOfPage\":{\"@id\":\"https:\/\/alloraliving.com\/fr\/fauteuil-tramonto\/#primaryimage\"},\"image\":{\"@id\":\"https:\/\/alloraliving.com\/fr\/fauteuil-tramonto\/#primaryimage\"},\"thumbnailUrl\":\"https:\/\/alloraliving.com\/wp-content\/uploads\/1-jasny-fotel-wypoczynkowy-do-salonu-tramonto-sand-cream-1.jpg\",\"datePublished\":\"2024-07-05T08:05:01+00:00\",\"dateModified\":\"2025-02-11T07:46:48+00:00\",\"breadcrumb\":{\"@id\":\"https:\/\/alloraliving.com\/fr\/fauteuil-tramonto\/#breadcrumb\"},\"inLanguage\":\"fr-FR\",\"potentialAction\":[{\"@type\":\"ReadAction\",\"target\":[\"https:\/\/alloraliving.com\/fr\/fauteuil-tramonto\/\"]}]},{\"@type\":\"ImageObject\",\"inLanguage\":\"fr-FR\",\"@id\":\"https:\/\/alloraliving.com\/fr\/fauteuil-tramonto\/#primaryimage\",\"url\":\"https:\/\/alloraliving.com\/wp-content\/uploads\/1-jasny-fotel-wypoczynkowy-do-salonu-tramonto-sand-cream-1.jpg\",\"contentUrl\":\"https:\/\/alloraliving.com\/wp-content\/uploads\/1-jasny-fotel-wypoczynkowy-do-salonu-tramonto-sand-cream-1.jpg\",\"width\":1600,\"height\":1200},{\"@type\":\"BreadcrumbList\",\"@id\":\"https:\/\/alloraliving.com\/fr\/fauteuil-tramonto\/#breadcrumb\",\"itemListElement\":[{\"@type\":\"ListItem\",\"position\":1,\"name\":\"Strona g\u0142\u00f3wna\",\"item\":\"https:\/\/alloraliving.com\/fr\/\"},{\"@type\":\"ListItem\",\"position\":2,\"name\":\"Boutique\",\"item\":\"https:\/\/alloraliving.com\/fr\/?page_id=6496\"},{\"@type\":\"ListItem\",\"position\":3,\"name\":\"Fauteuil Tramonto\"}]},{\"@type\":\"WebSite\",\"@id\":\"https:\/\/alloraliving.com\/fr\/#website\",\"url\":\"https:\/\/alloraliving.com\/fr\/\",\"name\":\"AlloraLiving.com\",\"description\":\"\",\"potentialAction\":[{\"@type\":\"SearchAction\",\"target\":{\"@type\":\"EntryPoint\",\"urlTemplate\":\"https:\/\/alloraliving.com\/fr\/?s={search_term_string}\"},\"query-input\":{\"@type\":\"PropertyValueSpecification\",\"valueRequired\":true,\"valueName\":\"search_term_string\"}}],\"inLanguage\":\"fr-FR\"}]}<\/script>\n<meta property=\"og:availability\" content=\"instock\" \/>\n<meta property=\"product:availability\" content=\"instock\" \/>\n<meta property=\"product:condition\" content=\"new\" \/>\n<!-- \/ Yoast SEO Premium plugin. -->","yoast_head_json":{"title":"Fauteuil Tramonto - AlloraLiving.com","robots":{"index":"index","follow":"follow","max-snippet":"max-snippet:-1","max-image-preview":"max-image-preview:large","max-video-preview":"max-video-preview:-1"},"canonical":"https:\/\/alloraliving.com\/fr\/fauteuil-tramonto\/","og_locale":"fr_FR","og_type":"article","og_title":"Fauteuil Tramonto","og_description":"Le fauteuil TRAMONTO est la quintessence du confort et du design moderne, s'int\u00e9grant parfaitement dans tout espace de d\u00e9tente. Son assise large et son dossier arrondi sont con\u00e7us pour la d\u00e9tente, offrant un confort maximal. Les coutures distinctives sur les c\u00f4t\u00e9s, faisant subtilement r\u00e9f\u00e9rence \u00e0 la ligne d'horizon, ajoutent un d\u00e9tail \u00e9l\u00e9gant qui distingue la collection.  Gr\u00e2ce \u00e0 sa conception modulaire, le fauteuil TRAMONTO peut \u00eatre facilement combin\u00e9 avec d\u2019autres \u00e9l\u00e9ments de cette s\u00e9rie, cr\u00e9ant des compositions personnalis\u00e9es et harmonieuses. Choisissez des couleurs sobres ou optez pour l'orange cannelle pour introduire chaleur et confort dans l'int\u00e9rieur, inspir\u00e9 du coucher de soleil.","og_url":"https:\/\/alloraliving.com\/fr\/fauteuil-tramonto\/","og_site_name":"AlloraLiving.com","article_modified_time":"2025-02-11T07:46:48+00:00","og_image":[{"width":1600,"height":1200,"url":"https:\/\/alloraliving.com\/wp-content\/uploads\/1-jasny-fotel-wypoczynkowy-do-salonu-tramonto-sand-cream-1.jpg","type":"image\/jpeg"}],"twitter_card":"summary_large_image","twitter_misc":{"Disponibilit\u00e9":"En stock"},"schema":{"@context":"https:\/\/schema.org","@graph":[{"@type":["WebPage","ItemPage"],"@id":"https:\/\/alloraliving.com\/fr\/fauteuil-tramonto\/","url":"https:\/\/alloraliving.com\/fr\/fauteuil-tramonto\/","name":"Fauteuil Tramonto - AlloraLiving.com","isPartOf":{"@id":"https:\/\/alloraliving.com\/fr\/#website"},"primaryImageOfPage":{"@id":"https:\/\/alloraliving.com\/fr\/fauteuil-tramonto\/#primaryimage"},"image":{"@id":"https:\/\/alloraliving.com\/fr\/fauteuil-tramonto\/#primaryimage"},"thumbnailUrl":"https:\/\/alloraliving.com\/wp-content\/uploads\/1-jasny-fotel-wypoczynkowy-do-salonu-tramonto-sand-cream-1.jpg","datePublished":"2024-07-05T08:05:01+00:00","dateModified":"2025-02-11T07:46:48+00:00","breadcrumb":{"@id":"https:\/\/alloraliving.com\/fr\/fauteuil-tramonto\/#breadcrumb"},"inLanguage":"fr-FR","potentialAction":[{"@type":"ReadAction","target":["https:\/\/alloraliving.com\/fr\/fauteuil-tramonto\/"]}]},{"@type":"ImageObject","inLanguage":"fr-FR","@id":"https:\/\/alloraliving.com\/fr\/fauteuil-tramonto\/#primaryimage","url":"https:\/\/alloraliving.com\/wp-content\/uploads\/1-jasny-fotel-wypoczynkowy-do-salonu-tramonto-sand-cream-1.jpg","contentUrl":"https:\/\/alloraliving.com\/wp-content\/uploads\/1-jasny-fotel-wypoczynkowy-do-salonu-tramonto-sand-cream-1.jpg","width":1600,"height":1200},{"@type":"BreadcrumbList","@id":"https:\/\/alloraliving.com\/fr\/fauteuil-tramonto\/#breadcrumb","itemListElement":[{"@type":"ListItem","position":1,"name":"Strona g\u0142\u00f3wna","item":"https:\/\/alloraliving.com\/fr\/"},{"@type":"ListItem","position":2,"name":"Boutique","item":"https:\/\/alloraliving.com\/fr\/?page_id=6496"},{"@type":"ListItem","position":3,"name":"Fauteuil Tramonto"}]},{"@type":"WebSite","@id":"https:\/\/alloraliving.com\/fr\/#website","url":"https:\/\/alloraliving.com\/fr\/","name":"AlloraLiving.com","description":"","potentialAction":[{"@type":"SearchAction","target":{"@type":"EntryPoint","urlTemplate":"https:\/\/alloraliving.com\/fr\/?s={search_term_string}"},"query-input":{"@type":"PropertyValueSpecification","valueRequired":true,"valueName":"search_term_string"}}],"inLanguage":"fr-FR"}]},"og_availability":"instock","product_availability":"instock","product_condition":"new"},"_links":{"self":[{"href":"https:\/\/alloraliving.com\/fr\/wp-json\/wp\/v2\/product\/8248","targetHints":{"allow":["GET"]}}],"collection":[{"href":"https:\/\/alloraliving.com\/fr\/wp-json\/wp\/v2\/product"}],"about":[{"href":"https:\/\/alloraliving.com\/fr\/wp-json\/wp\/v2\/types\/product"}],"wp:featuredmedia":[{"embeddable":true,"href":"https:\/\/alloraliving.com\/fr\/wp-json\/wp\/v2\/media\/8256"}],"wp:attachment":[{"href":"https:\/\/alloraliving.com\/fr\/wp-json\/wp\/v2\/media?parent=8248"}],"wp:term":[{"taxonomy":"product_brand","embeddable":true,"href":"https:\/\/alloraliving.com\/fr\/wp-json\/wp\/v2\/product_brand?post=8248"},{"taxonomy":"product_cat","embeddable":true,"href":"https:\/\/alloraliving.com\/fr\/wp-json\/wp\/v2\/product_cat?post=8248"},{"taxonomy":"product_tag","embeddable":true,"href":"https:\/\/alloraliving.com\/fr\/wp-json\/wp\/v2\/product_tag?post=8248"}],"curies":[{"name":"wp","href":"https:\/\/api.w.org\/{rel}","templated":true}]}}