{"id":8257,"date":"2024-12-22T07:52:19","date_gmt":"2024-12-22T06:52:19","guid":{"rendered":"https:\/\/alloraliving.com\/ensemble-tramonto-canape-3-places-pouf\/"},"modified":"2025-02-11T08:46:48","modified_gmt":"2025-02-11T07:46:48","slug":"ensemble-tramonto-canape-3-places-pouf","status":"publish","type":"product","link":"https:\/\/alloraliving.com\/fr\/ensemble-tramonto-canape-3-places-pouf\/","title":{"rendered":"Ensemble Tramonto canap\u00e9 3 places + pouf"},"content":{"rendered":"","protected":false},"excerpt":{"rendered":"<p>L&rsquo;ensemble canap\u00e9 3 places et pouf TRAMONTO est une proposition pour les personnes \u00e0 la recherche d&rsquo;un espace plus grand pour se d\u00e9tendre. Le canap\u00e9 offre confort et espace pour plusieurs personnes, et le pouf \u00e9largit les possibilit\u00e9s d&rsquo;utilisation, faisant office de repose-pieds ou de si\u00e8ge suppl\u00e9mentaire. <\/p>\n<p>La collection TRAMONTO, inspir\u00e9e de l&rsquo;horizon, est bas\u00e9e sur la modularit\u00e9 et l&rsquo;\u00e9l\u00e9gance subtile. Ce concept flexible vous permet de cr\u00e9er des am\u00e9nagements au caract\u00e8re unique, alliant apparence moderne et fonctionnalit\u00e9. <\/p>\n","protected":false},"featured_media":8263,"template":"","meta":[],"product_brand":[],"product_cat":[946,947,940],"product_tag":[],"class_list":{"0":"post-8257","1":"product","2":"type-product","3":"status-publish","4":"has-post-thumbnail","6":"product_cat-canapes","7":"product_cat-canapes-modulaires","8":"product_cat-collection-tramonto","9":"product_shipping_class-livraison-gratuite","11":"first","12":"instock","13":"taxable","14":"shipping-taxable","15":"purchasable","16":"product-type-variable","17":"has-default-attributes","18":"wvs-archive-product-wrapper"},"yoast_head":"<!-- This site is optimized with the Yoast SEO Premium plugin v26.8 (Yoast SEO v26.8) - https:\/\/yoast.com\/product\/yoast-seo-premium-wordpress\/ -->\n<title>Ensemble Tramonto canap\u00e9 3 places + pouf - AlloraLiving.com<\/title>\n<meta name=\"robots\" content=\"index, follow, max-snippet:-1, max-image-preview:large, max-video-preview:-1\" \/>\n<link rel=\"canonical\" href=\"https:\/\/alloraliving.com\/fr\/ensemble-tramonto-canape-3-places-pouf\/\" \/>\n<meta property=\"og:locale\" content=\"fr_FR\" \/>\n<meta property=\"og:type\" content=\"article\" \/>\n<meta property=\"og:title\" content=\"Ensemble Tramonto canap\u00e9 3 places + pouf\" \/>\n<meta property=\"og:description\" content=\"L&#039;ensemble canap\u00e9 3 places et pouf TRAMONTO est une proposition pour les personnes \u00e0 la recherche d&#039;un espace plus grand pour se d\u00e9tendre. Le canap\u00e9 offre confort et espace pour plusieurs personnes, et le pouf \u00e9largit les possibilit\u00e9s d&#039;utilisation, faisant office de repose-pieds ou de si\u00e8ge suppl\u00e9mentaire.  La collection TRAMONTO, inspir\u00e9e de l&#039;horizon, est bas\u00e9e sur la modularit\u00e9 et l&#039;\u00e9l\u00e9gance subtile. Ce concept flexible vous permet de cr\u00e9er des am\u00e9nagements au caract\u00e8re unique, alliant apparence moderne et fonctionnalit\u00e9.\" \/>\n<meta property=\"og:url\" content=\"https:\/\/alloraliving.com\/fr\/ensemble-tramonto-canape-3-places-pouf\/\" \/>\n<meta property=\"og:site_name\" content=\"AlloraLiving.com\" \/>\n<meta property=\"article:modified_time\" content=\"2025-02-11T07:46:48+00:00\" \/>\n<meta property=\"og:image\" content=\"https:\/\/alloraliving.com\/wp-content\/uploads\/1-zestaw-sofa-3-osobowa-z-pufa-tramonto-sand-cream.jpg\" \/>\n\t<meta property=\"og:image:width\" content=\"1600\" \/>\n\t<meta property=\"og:image:height\" content=\"1200\" \/>\n\t<meta property=\"og:image:type\" content=\"image\/jpeg\" \/>\n<meta name=\"twitter:card\" content=\"summary_large_image\" \/>\n<meta name=\"twitter:label1\" content=\"Disponibilit\u00e9\" \/>\n\t<meta name=\"twitter:data1\" content=\"En stock\" \/>\n<script type=\"application\/ld+json\" class=\"yoast-schema-graph\">{\"@context\":\"https:\/\/schema.org\",\"@graph\":[{\"@type\":[\"WebPage\",\"ItemPage\"],\"@id\":\"https:\/\/alloraliving.com\/fr\/ensemble-tramonto-canape-3-places-pouf\/\",\"url\":\"https:\/\/alloraliving.com\/fr\/ensemble-tramonto-canape-3-places-pouf\/\",\"name\":\"Ensemble Tramonto canap\u00e9 3 places + pouf - AlloraLiving.com\",\"isPartOf\":{\"@id\":\"https:\/\/alloraliving.com\/fr\/#website\"},\"primaryImageOfPage\":{\"@id\":\"https:\/\/alloraliving.com\/fr\/ensemble-tramonto-canape-3-places-pouf\/#primaryimage\"},\"image\":{\"@id\":\"https:\/\/alloraliving.com\/fr\/ensemble-tramonto-canape-3-places-pouf\/#primaryimage\"},\"thumbnailUrl\":\"https:\/\/alloraliving.com\/wp-content\/uploads\/1-zestaw-sofa-3-osobowa-z-pufa-tramonto-sand-cream.jpg\",\"datePublished\":\"2024-12-22T06:52:19+00:00\",\"dateModified\":\"2025-02-11T07:46:48+00:00\",\"breadcrumb\":{\"@id\":\"https:\/\/alloraliving.com\/fr\/ensemble-tramonto-canape-3-places-pouf\/#breadcrumb\"},\"inLanguage\":\"fr-FR\",\"potentialAction\":[{\"@type\":\"ReadAction\",\"target\":[\"https:\/\/alloraliving.com\/fr\/ensemble-tramonto-canape-3-places-pouf\/\"]}]},{\"@type\":\"ImageObject\",\"inLanguage\":\"fr-FR\",\"@id\":\"https:\/\/alloraliving.com\/fr\/ensemble-tramonto-canape-3-places-pouf\/#primaryimage\",\"url\":\"https:\/\/alloraliving.com\/wp-content\/uploads\/1-zestaw-sofa-3-osobowa-z-pufa-tramonto-sand-cream.jpg\",\"contentUrl\":\"https:\/\/alloraliving.com\/wp-content\/uploads\/1-zestaw-sofa-3-osobowa-z-pufa-tramonto-sand-cream.jpg\",\"width\":1600,\"height\":1200},{\"@type\":\"BreadcrumbList\",\"@id\":\"https:\/\/alloraliving.com\/fr\/ensemble-tramonto-canape-3-places-pouf\/#breadcrumb\",\"itemListElement\":[{\"@type\":\"ListItem\",\"position\":1,\"name\":\"Strona g\u0142\u00f3wna\",\"item\":\"https:\/\/alloraliving.com\/fr\/\"},{\"@type\":\"ListItem\",\"position\":2,\"name\":\"Boutique\",\"item\":\"https:\/\/alloraliving.com\/fr\/?page_id=6496\"},{\"@type\":\"ListItem\",\"position\":3,\"name\":\"Ensemble Tramonto canap\u00e9 3 places + pouf\"}]},{\"@type\":\"WebSite\",\"@id\":\"https:\/\/alloraliving.com\/fr\/#website\",\"url\":\"https:\/\/alloraliving.com\/fr\/\",\"name\":\"AlloraLiving.com\",\"description\":\"\",\"potentialAction\":[{\"@type\":\"SearchAction\",\"target\":{\"@type\":\"EntryPoint\",\"urlTemplate\":\"https:\/\/alloraliving.com\/fr\/?s={search_term_string}\"},\"query-input\":{\"@type\":\"PropertyValueSpecification\",\"valueRequired\":true,\"valueName\":\"search_term_string\"}}],\"inLanguage\":\"fr-FR\"}]}<\/script>\n<meta property=\"og:availability\" content=\"instock\" \/>\n<meta property=\"product:availability\" content=\"instock\" \/>\n<meta property=\"product:condition\" content=\"new\" \/>\n<!-- \/ Yoast SEO Premium plugin. -->","yoast_head_json":{"title":"Ensemble Tramonto canap\u00e9 3 places + pouf - AlloraLiving.com","robots":{"index":"index","follow":"follow","max-snippet":"max-snippet:-1","max-image-preview":"max-image-preview:large","max-video-preview":"max-video-preview:-1"},"canonical":"https:\/\/alloraliving.com\/fr\/ensemble-tramonto-canape-3-places-pouf\/","og_locale":"fr_FR","og_type":"article","og_title":"Ensemble Tramonto canap\u00e9 3 places + pouf","og_description":"L'ensemble canap\u00e9 3 places et pouf TRAMONTO est une proposition pour les personnes \u00e0 la recherche d'un espace plus grand pour se d\u00e9tendre. Le canap\u00e9 offre confort et espace pour plusieurs personnes, et le pouf \u00e9largit les possibilit\u00e9s d'utilisation, faisant office de repose-pieds ou de si\u00e8ge suppl\u00e9mentaire.  La collection TRAMONTO, inspir\u00e9e de l'horizon, est bas\u00e9e sur la modularit\u00e9 et l'\u00e9l\u00e9gance subtile. Ce concept flexible vous permet de cr\u00e9er des am\u00e9nagements au caract\u00e8re unique, alliant apparence moderne et fonctionnalit\u00e9.","og_url":"https:\/\/alloraliving.com\/fr\/ensemble-tramonto-canape-3-places-pouf\/","og_site_name":"AlloraLiving.com","article_modified_time":"2025-02-11T07:46:48+00:00","og_image":[{"width":1600,"height":1200,"url":"https:\/\/alloraliving.com\/wp-content\/uploads\/1-zestaw-sofa-3-osobowa-z-pufa-tramonto-sand-cream.jpg","type":"image\/jpeg"}],"twitter_card":"summary_large_image","twitter_misc":{"Disponibilit\u00e9":"En stock"},"schema":{"@context":"https:\/\/schema.org","@graph":[{"@type":["WebPage","ItemPage"],"@id":"https:\/\/alloraliving.com\/fr\/ensemble-tramonto-canape-3-places-pouf\/","url":"https:\/\/alloraliving.com\/fr\/ensemble-tramonto-canape-3-places-pouf\/","name":"Ensemble Tramonto canap\u00e9 3 places + pouf - AlloraLiving.com","isPartOf":{"@id":"https:\/\/alloraliving.com\/fr\/#website"},"primaryImageOfPage":{"@id":"https:\/\/alloraliving.com\/fr\/ensemble-tramonto-canape-3-places-pouf\/#primaryimage"},"image":{"@id":"https:\/\/alloraliving.com\/fr\/ensemble-tramonto-canape-3-places-pouf\/#primaryimage"},"thumbnailUrl":"https:\/\/alloraliving.com\/wp-content\/uploads\/1-zestaw-sofa-3-osobowa-z-pufa-tramonto-sand-cream.jpg","datePublished":"2024-12-22T06:52:19+00:00","dateModified":"2025-02-11T07:46:48+00:00","breadcrumb":{"@id":"https:\/\/alloraliving.com\/fr\/ensemble-tramonto-canape-3-places-pouf\/#breadcrumb"},"inLanguage":"fr-FR","potentialAction":[{"@type":"ReadAction","target":["https:\/\/alloraliving.com\/fr\/ensemble-tramonto-canape-3-places-pouf\/"]}]},{"@type":"ImageObject","inLanguage":"fr-FR","@id":"https:\/\/alloraliving.com\/fr\/ensemble-tramonto-canape-3-places-pouf\/#primaryimage","url":"https:\/\/alloraliving.com\/wp-content\/uploads\/1-zestaw-sofa-3-osobowa-z-pufa-tramonto-sand-cream.jpg","contentUrl":"https:\/\/alloraliving.com\/wp-content\/uploads\/1-zestaw-sofa-3-osobowa-z-pufa-tramonto-sand-cream.jpg","width":1600,"height":1200},{"@type":"BreadcrumbList","@id":"https:\/\/alloraliving.com\/fr\/ensemble-tramonto-canape-3-places-pouf\/#breadcrumb","itemListElement":[{"@type":"ListItem","position":1,"name":"Strona g\u0142\u00f3wna","item":"https:\/\/alloraliving.com\/fr\/"},{"@type":"ListItem","position":2,"name":"Boutique","item":"https:\/\/alloraliving.com\/fr\/?page_id=6496"},{"@type":"ListItem","position":3,"name":"Ensemble Tramonto canap\u00e9 3 places + pouf"}]},{"@type":"WebSite","@id":"https:\/\/alloraliving.com\/fr\/#website","url":"https:\/\/alloraliving.com\/fr\/","name":"AlloraLiving.com","description":"","potentialAction":[{"@type":"SearchAction","target":{"@type":"EntryPoint","urlTemplate":"https:\/\/alloraliving.com\/fr\/?s={search_term_string}"},"query-input":{"@type":"PropertyValueSpecification","valueRequired":true,"valueName":"search_term_string"}}],"inLanguage":"fr-FR"}]},"og_availability":"instock","product_availability":"instock","product_condition":"new"},"_links":{"self":[{"href":"https:\/\/alloraliving.com\/fr\/wp-json\/wp\/v2\/product\/8257","targetHints":{"allow":["GET"]}}],"collection":[{"href":"https:\/\/alloraliving.com\/fr\/wp-json\/wp\/v2\/product"}],"about":[{"href":"https:\/\/alloraliving.com\/fr\/wp-json\/wp\/v2\/types\/product"}],"wp:featuredmedia":[{"embeddable":true,"href":"https:\/\/alloraliving.com\/fr\/wp-json\/wp\/v2\/media\/8263"}],"wp:attachment":[{"href":"https:\/\/alloraliving.com\/fr\/wp-json\/wp\/v2\/media?parent=8257"}],"wp:term":[{"taxonomy":"product_brand","embeddable":true,"href":"https:\/\/alloraliving.com\/fr\/wp-json\/wp\/v2\/product_brand?post=8257"},{"taxonomy":"product_cat","embeddable":true,"href":"https:\/\/alloraliving.com\/fr\/wp-json\/wp\/v2\/product_cat?post=8257"},{"taxonomy":"product_tag","embeddable":true,"href":"https:\/\/alloraliving.com\/fr\/wp-json\/wp\/v2\/product_tag?post=8257"}],"curies":[{"name":"wp","href":"https:\/\/api.w.org\/{rel}","templated":true}]}}