{"id":8290,"date":"2024-07-05T09:50:37","date_gmt":"2024-07-05T07:50:37","guid":{"rendered":"https:\/\/alloraliving.com\/element-gauche-de-tramonto\/"},"modified":"2025-02-11T08:46:50","modified_gmt":"2025-02-11T07:46:50","slug":"element-gauche-de-tramonto","status":"publish","type":"product","link":"https:\/\/alloraliving.com\/fr\/element-gauche-de-tramonto\/","title":{"rendered":"\u00c9l\u00e9ment gauche de Tramonto"},"content":{"rendered":"","protected":false},"excerpt":{"rendered":"<p>L&rsquo;\u00e9l\u00e9ment gauche de la collection TRAMONTO est un module cr\u00e9\u00e9 dans un souci de flexibilit\u00e9 et de confort. Ses lignes douces et son assise large et confortable invitent \u00e0 la d\u00e9tente, tandis que les surpiq\u00fbres inspir\u00e9es de l&rsquo;horizon ajoutent une \u00e9l\u00e9gance subtile. C&rsquo;est l&rsquo;\u00e9l\u00e9ment parfait pour cr\u00e9er des compositions d&rsquo;assises plus complexes.  <\/p>\n<p>Facile \u00e0 combiner avec d&rsquo;autres \u00e9l\u00e9ments TRAMONTO, le module de gauche vous permet de cr\u00e9er des compositions personnalis\u00e9es. En exp\u00e9rimentant diff\u00e9rentes nuances, vous pouvez cr\u00e9er un espace qui correspond parfaitement \u00e0 vos besoins et \u00e0 vos humeurs. <\/p>\n","protected":false},"featured_media":8292,"template":"","meta":[],"product_brand":[],"product_cat":[946,947,940],"product_tag":[],"class_list":{"0":"post-8290","1":"product","2":"type-product","3":"status-publish","4":"has-post-thumbnail","6":"product_cat-canapes","7":"product_cat-canapes-modulaires","8":"product_cat-collection-tramonto","9":"product_shipping_class-livraison-gratuite","11":"first","12":"instock","13":"taxable","14":"shipping-taxable","15":"purchasable","16":"product-type-variable","17":"has-default-attributes","18":"wvs-archive-product-wrapper"},"yoast_head":"<!-- This site is optimized with the Yoast SEO Premium plugin v26.8 (Yoast SEO v26.8) - https:\/\/yoast.com\/product\/yoast-seo-premium-wordpress\/ -->\n<title>\u00c9l\u00e9ment gauche de Tramonto - AlloraLiving.com<\/title>\n<meta name=\"robots\" content=\"index, follow, max-snippet:-1, max-image-preview:large, max-video-preview:-1\" \/>\n<link rel=\"canonical\" href=\"https:\/\/alloraliving.com\/fr\/element-gauche-de-tramonto\/\" \/>\n<meta property=\"og:locale\" content=\"fr_FR\" \/>\n<meta property=\"og:type\" content=\"article\" \/>\n<meta property=\"og:title\" content=\"\u00c9l\u00e9ment gauche de Tramonto\" \/>\n<meta property=\"og:description\" content=\"L&#039;\u00e9l\u00e9ment gauche de la collection TRAMONTO est un module cr\u00e9\u00e9 dans un souci de flexibilit\u00e9 et de confort. Ses lignes douces et son assise large et confortable invitent \u00e0 la d\u00e9tente, tandis que les surpiq\u00fbres inspir\u00e9es de l&#039;horizon ajoutent une \u00e9l\u00e9gance subtile. C&#039;est l&#039;\u00e9l\u00e9ment parfait pour cr\u00e9er des compositions d&#039;assises plus complexes.  Facile \u00e0 combiner avec d&#039;autres \u00e9l\u00e9ments TRAMONTO, le module de gauche vous permet de cr\u00e9er des compositions personnalis\u00e9es. En exp\u00e9rimentant diff\u00e9rentes nuances, vous pouvez cr\u00e9er un espace qui correspond parfaitement \u00e0 vos besoins et \u00e0 vos humeurs.\" \/>\n<meta property=\"og:url\" content=\"https:\/\/alloraliving.com\/fr\/element-gauche-de-tramonto\/\" \/>\n<meta property=\"og:site_name\" content=\"AlloraLiving.com\" \/>\n<meta property=\"article:modified_time\" content=\"2025-02-11T07:46:50+00:00\" \/>\n<meta property=\"og:image\" content=\"https:\/\/alloraliving.com\/wp-content\/uploads\/1-element-lewy-sofy-modulowej-tramonto-sand-cream.jpg\" \/>\n\t<meta property=\"og:image:width\" content=\"1600\" \/>\n\t<meta property=\"og:image:height\" content=\"1200\" \/>\n\t<meta property=\"og:image:type\" content=\"image\/jpeg\" \/>\n<meta name=\"twitter:card\" content=\"summary_large_image\" \/>\n<meta name=\"twitter:label1\" content=\"Disponibilit\u00e9\" \/>\n\t<meta name=\"twitter:data1\" content=\"En stock\" \/>\n<script type=\"application\/ld+json\" class=\"yoast-schema-graph\">{\"@context\":\"https:\/\/schema.org\",\"@graph\":[{\"@type\":[\"WebPage\",\"ItemPage\"],\"@id\":\"https:\/\/alloraliving.com\/fr\/element-gauche-de-tramonto\/\",\"url\":\"https:\/\/alloraliving.com\/fr\/element-gauche-de-tramonto\/\",\"name\":\"\u00c9l\u00e9ment gauche de Tramonto - AlloraLiving.com\",\"isPartOf\":{\"@id\":\"https:\/\/alloraliving.com\/fr\/#website\"},\"primaryImageOfPage\":{\"@id\":\"https:\/\/alloraliving.com\/fr\/element-gauche-de-tramonto\/#primaryimage\"},\"image\":{\"@id\":\"https:\/\/alloraliving.com\/fr\/element-gauche-de-tramonto\/#primaryimage\"},\"thumbnailUrl\":\"https:\/\/alloraliving.com\/wp-content\/uploads\/1-element-lewy-sofy-modulowej-tramonto-sand-cream.jpg\",\"datePublished\":\"2024-07-05T07:50:37+00:00\",\"dateModified\":\"2025-02-11T07:46:50+00:00\",\"breadcrumb\":{\"@id\":\"https:\/\/alloraliving.com\/fr\/element-gauche-de-tramonto\/#breadcrumb\"},\"inLanguage\":\"fr-FR\",\"potentialAction\":[{\"@type\":\"ReadAction\",\"target\":[\"https:\/\/alloraliving.com\/fr\/element-gauche-de-tramonto\/\"]}]},{\"@type\":\"ImageObject\",\"inLanguage\":\"fr-FR\",\"@id\":\"https:\/\/alloraliving.com\/fr\/element-gauche-de-tramonto\/#primaryimage\",\"url\":\"https:\/\/alloraliving.com\/wp-content\/uploads\/1-element-lewy-sofy-modulowej-tramonto-sand-cream.jpg\",\"contentUrl\":\"https:\/\/alloraliving.com\/wp-content\/uploads\/1-element-lewy-sofy-modulowej-tramonto-sand-cream.jpg\",\"width\":1600,\"height\":1200},{\"@type\":\"BreadcrumbList\",\"@id\":\"https:\/\/alloraliving.com\/fr\/element-gauche-de-tramonto\/#breadcrumb\",\"itemListElement\":[{\"@type\":\"ListItem\",\"position\":1,\"name\":\"Strona g\u0142\u00f3wna\",\"item\":\"https:\/\/alloraliving.com\/fr\/\"},{\"@type\":\"ListItem\",\"position\":2,\"name\":\"Boutique\",\"item\":\"https:\/\/alloraliving.com\/fr\/?page_id=6496\"},{\"@type\":\"ListItem\",\"position\":3,\"name\":\"\u00c9l\u00e9ment gauche de Tramonto\"}]},{\"@type\":\"WebSite\",\"@id\":\"https:\/\/alloraliving.com\/fr\/#website\",\"url\":\"https:\/\/alloraliving.com\/fr\/\",\"name\":\"AlloraLiving.com\",\"description\":\"\",\"potentialAction\":[{\"@type\":\"SearchAction\",\"target\":{\"@type\":\"EntryPoint\",\"urlTemplate\":\"https:\/\/alloraliving.com\/fr\/?s={search_term_string}\"},\"query-input\":{\"@type\":\"PropertyValueSpecification\",\"valueRequired\":true,\"valueName\":\"search_term_string\"}}],\"inLanguage\":\"fr-FR\"}]}<\/script>\n<meta property=\"og:availability\" content=\"instock\" \/>\n<meta property=\"product:availability\" content=\"instock\" \/>\n<meta property=\"product:condition\" content=\"new\" \/>\n<!-- \/ Yoast SEO Premium plugin. -->","yoast_head_json":{"title":"\u00c9l\u00e9ment gauche de Tramonto - AlloraLiving.com","robots":{"index":"index","follow":"follow","max-snippet":"max-snippet:-1","max-image-preview":"max-image-preview:large","max-video-preview":"max-video-preview:-1"},"canonical":"https:\/\/alloraliving.com\/fr\/element-gauche-de-tramonto\/","og_locale":"fr_FR","og_type":"article","og_title":"\u00c9l\u00e9ment gauche de Tramonto","og_description":"L'\u00e9l\u00e9ment gauche de la collection TRAMONTO est un module cr\u00e9\u00e9 dans un souci de flexibilit\u00e9 et de confort. Ses lignes douces et son assise large et confortable invitent \u00e0 la d\u00e9tente, tandis que les surpiq\u00fbres inspir\u00e9es de l'horizon ajoutent une \u00e9l\u00e9gance subtile. C'est l'\u00e9l\u00e9ment parfait pour cr\u00e9er des compositions d'assises plus complexes.  Facile \u00e0 combiner avec d'autres \u00e9l\u00e9ments TRAMONTO, le module de gauche vous permet de cr\u00e9er des compositions personnalis\u00e9es. En exp\u00e9rimentant diff\u00e9rentes nuances, vous pouvez cr\u00e9er un espace qui correspond parfaitement \u00e0 vos besoins et \u00e0 vos humeurs.","og_url":"https:\/\/alloraliving.com\/fr\/element-gauche-de-tramonto\/","og_site_name":"AlloraLiving.com","article_modified_time":"2025-02-11T07:46:50+00:00","og_image":[{"width":1600,"height":1200,"url":"https:\/\/alloraliving.com\/wp-content\/uploads\/1-element-lewy-sofy-modulowej-tramonto-sand-cream.jpg","type":"image\/jpeg"}],"twitter_card":"summary_large_image","twitter_misc":{"Disponibilit\u00e9":"En stock"},"schema":{"@context":"https:\/\/schema.org","@graph":[{"@type":["WebPage","ItemPage"],"@id":"https:\/\/alloraliving.com\/fr\/element-gauche-de-tramonto\/","url":"https:\/\/alloraliving.com\/fr\/element-gauche-de-tramonto\/","name":"\u00c9l\u00e9ment gauche de Tramonto - AlloraLiving.com","isPartOf":{"@id":"https:\/\/alloraliving.com\/fr\/#website"},"primaryImageOfPage":{"@id":"https:\/\/alloraliving.com\/fr\/element-gauche-de-tramonto\/#primaryimage"},"image":{"@id":"https:\/\/alloraliving.com\/fr\/element-gauche-de-tramonto\/#primaryimage"},"thumbnailUrl":"https:\/\/alloraliving.com\/wp-content\/uploads\/1-element-lewy-sofy-modulowej-tramonto-sand-cream.jpg","datePublished":"2024-07-05T07:50:37+00:00","dateModified":"2025-02-11T07:46:50+00:00","breadcrumb":{"@id":"https:\/\/alloraliving.com\/fr\/element-gauche-de-tramonto\/#breadcrumb"},"inLanguage":"fr-FR","potentialAction":[{"@type":"ReadAction","target":["https:\/\/alloraliving.com\/fr\/element-gauche-de-tramonto\/"]}]},{"@type":"ImageObject","inLanguage":"fr-FR","@id":"https:\/\/alloraliving.com\/fr\/element-gauche-de-tramonto\/#primaryimage","url":"https:\/\/alloraliving.com\/wp-content\/uploads\/1-element-lewy-sofy-modulowej-tramonto-sand-cream.jpg","contentUrl":"https:\/\/alloraliving.com\/wp-content\/uploads\/1-element-lewy-sofy-modulowej-tramonto-sand-cream.jpg","width":1600,"height":1200},{"@type":"BreadcrumbList","@id":"https:\/\/alloraliving.com\/fr\/element-gauche-de-tramonto\/#breadcrumb","itemListElement":[{"@type":"ListItem","position":1,"name":"Strona g\u0142\u00f3wna","item":"https:\/\/alloraliving.com\/fr\/"},{"@type":"ListItem","position":2,"name":"Boutique","item":"https:\/\/alloraliving.com\/fr\/?page_id=6496"},{"@type":"ListItem","position":3,"name":"\u00c9l\u00e9ment gauche de Tramonto"}]},{"@type":"WebSite","@id":"https:\/\/alloraliving.com\/fr\/#website","url":"https:\/\/alloraliving.com\/fr\/","name":"AlloraLiving.com","description":"","potentialAction":[{"@type":"SearchAction","target":{"@type":"EntryPoint","urlTemplate":"https:\/\/alloraliving.com\/fr\/?s={search_term_string}"},"query-input":{"@type":"PropertyValueSpecification","valueRequired":true,"valueName":"search_term_string"}}],"inLanguage":"fr-FR"}]},"og_availability":"instock","product_availability":"instock","product_condition":"new"},"_links":{"self":[{"href":"https:\/\/alloraliving.com\/fr\/wp-json\/wp\/v2\/product\/8290","targetHints":{"allow":["GET"]}}],"collection":[{"href":"https:\/\/alloraliving.com\/fr\/wp-json\/wp\/v2\/product"}],"about":[{"href":"https:\/\/alloraliving.com\/fr\/wp-json\/wp\/v2\/types\/product"}],"wp:featuredmedia":[{"embeddable":true,"href":"https:\/\/alloraliving.com\/fr\/wp-json\/wp\/v2\/media\/8292"}],"wp:attachment":[{"href":"https:\/\/alloraliving.com\/fr\/wp-json\/wp\/v2\/media?parent=8290"}],"wp:term":[{"taxonomy":"product_brand","embeddable":true,"href":"https:\/\/alloraliving.com\/fr\/wp-json\/wp\/v2\/product_brand?post=8290"},{"taxonomy":"product_cat","embeddable":true,"href":"https:\/\/alloraliving.com\/fr\/wp-json\/wp\/v2\/product_cat?post=8290"},{"taxonomy":"product_tag","embeddable":true,"href":"https:\/\/alloraliving.com\/fr\/wp-json\/wp\/v2\/product_tag?post=8290"}],"curies":[{"name":"wp","href":"https:\/\/api.w.org\/{rel}","templated":true}]}}