{"id":8321,"date":"2024-12-22T06:53:26","date_gmt":"2024-12-22T05:53:26","guid":{"rendered":"https:\/\/alloraliving.com\/ensemble-de-2-fauteuils-tramonto\/"},"modified":"2025-02-11T08:46:51","modified_gmt":"2025-02-11T07:46:51","slug":"ensemble-de-2-fauteuils-tramonto","status":"publish","type":"product","link":"https:\/\/alloraliving.com\/fr\/ensemble-de-2-fauteuils-tramonto\/","title":{"rendered":"Ensemble de 2 fauteuils Tramonto"},"content":{"rendered":"","protected":false},"excerpt":{"rendered":"<p>Un ensemble de deux fauteuils TRAMONTO vous permet de cr\u00e9er une zone de d\u00e9tente coh\u00e9rente et confortable, o\u00f9 la d\u00e9tente et les conversations deviennent une partie naturelle de la vie quotidienne. Les lignes arrondies et les si\u00e8ges moelleux garantissent le confort, tandis que les coutures caract\u00e9ristiques inspir\u00e9es de la ligne d&rsquo;horizon ajoutent de l&rsquo;\u00e9l\u00e9gance. <\/p>\n<p>La collection TRAMONTO, gr\u00e2ce \u00e0 sa modularit\u00e9, permet n&rsquo;importe quelle combinaison d&rsquo;\u00e9l\u00e9ments, cr\u00e9ant des compositions adapt\u00e9es aux besoins individuels. Il s&rsquo;agit d&rsquo;une combinaison d&rsquo;esth\u00e9tique subtile et de fonctionnalit\u00e9 qui fonctionnera bien dans n&rsquo;importe quel arrangement. Des arrangements soign\u00e9s et harmonieux. Choisissez des couleurs sobres ou optez pour l&rsquo;orange cannelle pour introduire chaleur et confort dans l&rsquo;int\u00e9rieur, inspir\u00e9 du coucher de soleil.  <\/p>\n","protected":false},"featured_media":8322,"template":"","meta":[],"product_brand":[],"product_cat":[940,930],"product_tag":[],"class_list":{"0":"post-8321","1":"product","2":"type-product","3":"status-publish","4":"has-post-thumbnail","6":"product_cat-collection-tramonto","7":"product_cat-sieges","8":"product_shipping_class-livraison-gratuite","10":"first","11":"instock","12":"taxable","13":"shipping-taxable","14":"purchasable","15":"product-type-variable","16":"has-default-attributes","17":"wvs-archive-product-wrapper"},"yoast_head":"<!-- This site is optimized with the Yoast SEO Premium plugin v26.8 (Yoast SEO v26.8) - https:\/\/yoast.com\/product\/yoast-seo-premium-wordpress\/ -->\n<title>Ensemble de 2 fauteuils Tramonto - AlloraLiving.com<\/title>\n<meta name=\"robots\" content=\"index, follow, max-snippet:-1, max-image-preview:large, max-video-preview:-1\" \/>\n<link rel=\"canonical\" href=\"https:\/\/alloraliving.com\/fr\/ensemble-de-2-fauteuils-tramonto\/\" \/>\n<meta property=\"og:locale\" content=\"fr_FR\" \/>\n<meta property=\"og:type\" content=\"article\" \/>\n<meta property=\"og:title\" content=\"Ensemble de 2 fauteuils Tramonto\" \/>\n<meta property=\"og:description\" content=\"Un ensemble de deux fauteuils TRAMONTO vous permet de cr\u00e9er une zone de d\u00e9tente coh\u00e9rente et confortable, o\u00f9 la d\u00e9tente et les conversations deviennent une partie naturelle de la vie quotidienne. Les lignes arrondies et les si\u00e8ges moelleux garantissent le confort, tandis que les coutures caract\u00e9ristiques inspir\u00e9es de la ligne d&#039;horizon ajoutent de l&#039;\u00e9l\u00e9gance.  La collection TRAMONTO, gr\u00e2ce \u00e0 sa modularit\u00e9, permet n&#039;importe quelle combinaison d&#039;\u00e9l\u00e9ments, cr\u00e9ant des compositions adapt\u00e9es aux besoins individuels. Il s&#039;agit d&#039;une combinaison d&#039;esth\u00e9tique subtile et de fonctionnalit\u00e9 qui fonctionnera bien dans n&#039;importe quel arrangement. Des arrangements soign\u00e9s et harmonieux. Choisissez des couleurs sobres ou optez pour l&#039;orange cannelle pour introduire chaleur et confort dans l&#039;int\u00e9rieur, inspir\u00e9 du coucher de soleil.\" \/>\n<meta property=\"og:url\" content=\"https:\/\/alloraliving.com\/fr\/ensemble-de-2-fauteuils-tramonto\/\" \/>\n<meta property=\"og:site_name\" content=\"AlloraLiving.com\" \/>\n<meta property=\"article:modified_time\" content=\"2025-02-11T07:46:51+00:00\" \/>\n<meta property=\"og:image\" content=\"https:\/\/alloraliving.com\/wp-content\/uploads\/1-zestaw-2-fotele-tramonto-tramonto-sand-cream.jpg\" \/>\n\t<meta property=\"og:image:width\" content=\"1600\" \/>\n\t<meta property=\"og:image:height\" content=\"1200\" \/>\n\t<meta property=\"og:image:type\" content=\"image\/jpeg\" \/>\n<meta name=\"twitter:card\" content=\"summary_large_image\" \/>\n<meta name=\"twitter:label1\" content=\"Disponibilit\u00e9\" \/>\n\t<meta name=\"twitter:data1\" content=\"En stock\" \/>\n<script type=\"application\/ld+json\" class=\"yoast-schema-graph\">{\"@context\":\"https:\/\/schema.org\",\"@graph\":[{\"@type\":[\"WebPage\",\"ItemPage\"],\"@id\":\"https:\/\/alloraliving.com\/fr\/ensemble-de-2-fauteuils-tramonto\/\",\"url\":\"https:\/\/alloraliving.com\/fr\/ensemble-de-2-fauteuils-tramonto\/\",\"name\":\"Ensemble de 2 fauteuils Tramonto - AlloraLiving.com\",\"isPartOf\":{\"@id\":\"https:\/\/alloraliving.com\/fr\/#website\"},\"primaryImageOfPage\":{\"@id\":\"https:\/\/alloraliving.com\/fr\/ensemble-de-2-fauteuils-tramonto\/#primaryimage\"},\"image\":{\"@id\":\"https:\/\/alloraliving.com\/fr\/ensemble-de-2-fauteuils-tramonto\/#primaryimage\"},\"thumbnailUrl\":\"https:\/\/alloraliving.com\/wp-content\/uploads\/1-zestaw-2-fotele-tramonto-tramonto-sand-cream.jpg\",\"datePublished\":\"2024-12-22T05:53:26+00:00\",\"dateModified\":\"2025-02-11T07:46:51+00:00\",\"breadcrumb\":{\"@id\":\"https:\/\/alloraliving.com\/fr\/ensemble-de-2-fauteuils-tramonto\/#breadcrumb\"},\"inLanguage\":\"fr-FR\",\"potentialAction\":[{\"@type\":\"ReadAction\",\"target\":[\"https:\/\/alloraliving.com\/fr\/ensemble-de-2-fauteuils-tramonto\/\"]}]},{\"@type\":\"ImageObject\",\"inLanguage\":\"fr-FR\",\"@id\":\"https:\/\/alloraliving.com\/fr\/ensemble-de-2-fauteuils-tramonto\/#primaryimage\",\"url\":\"https:\/\/alloraliving.com\/wp-content\/uploads\/1-zestaw-2-fotele-tramonto-tramonto-sand-cream.jpg\",\"contentUrl\":\"https:\/\/alloraliving.com\/wp-content\/uploads\/1-zestaw-2-fotele-tramonto-tramonto-sand-cream.jpg\",\"width\":1600,\"height\":1200},{\"@type\":\"BreadcrumbList\",\"@id\":\"https:\/\/alloraliving.com\/fr\/ensemble-de-2-fauteuils-tramonto\/#breadcrumb\",\"itemListElement\":[{\"@type\":\"ListItem\",\"position\":1,\"name\":\"Strona g\u0142\u00f3wna\",\"item\":\"https:\/\/alloraliving.com\/fr\/\"},{\"@type\":\"ListItem\",\"position\":2,\"name\":\"Boutique\",\"item\":\"https:\/\/alloraliving.com\/fr\/?page_id=6496\"},{\"@type\":\"ListItem\",\"position\":3,\"name\":\"Ensemble de 2 fauteuils Tramonto\"}]},{\"@type\":\"WebSite\",\"@id\":\"https:\/\/alloraliving.com\/fr\/#website\",\"url\":\"https:\/\/alloraliving.com\/fr\/\",\"name\":\"AlloraLiving.com\",\"description\":\"\",\"potentialAction\":[{\"@type\":\"SearchAction\",\"target\":{\"@type\":\"EntryPoint\",\"urlTemplate\":\"https:\/\/alloraliving.com\/fr\/?s={search_term_string}\"},\"query-input\":{\"@type\":\"PropertyValueSpecification\",\"valueRequired\":true,\"valueName\":\"search_term_string\"}}],\"inLanguage\":\"fr-FR\"}]}<\/script>\n<meta property=\"og:availability\" content=\"instock\" \/>\n<meta property=\"product:availability\" content=\"instock\" \/>\n<meta property=\"product:condition\" content=\"new\" \/>\n<!-- \/ Yoast SEO Premium plugin. -->","yoast_head_json":{"title":"Ensemble de 2 fauteuils Tramonto - AlloraLiving.com","robots":{"index":"index","follow":"follow","max-snippet":"max-snippet:-1","max-image-preview":"max-image-preview:large","max-video-preview":"max-video-preview:-1"},"canonical":"https:\/\/alloraliving.com\/fr\/ensemble-de-2-fauteuils-tramonto\/","og_locale":"fr_FR","og_type":"article","og_title":"Ensemble de 2 fauteuils Tramonto","og_description":"Un ensemble de deux fauteuils TRAMONTO vous permet de cr\u00e9er une zone de d\u00e9tente coh\u00e9rente et confortable, o\u00f9 la d\u00e9tente et les conversations deviennent une partie naturelle de la vie quotidienne. Les lignes arrondies et les si\u00e8ges moelleux garantissent le confort, tandis que les coutures caract\u00e9ristiques inspir\u00e9es de la ligne d'horizon ajoutent de l'\u00e9l\u00e9gance.  La collection TRAMONTO, gr\u00e2ce \u00e0 sa modularit\u00e9, permet n'importe quelle combinaison d'\u00e9l\u00e9ments, cr\u00e9ant des compositions adapt\u00e9es aux besoins individuels. Il s'agit d'une combinaison d'esth\u00e9tique subtile et de fonctionnalit\u00e9 qui fonctionnera bien dans n'importe quel arrangement. Des arrangements soign\u00e9s et harmonieux. Choisissez des couleurs sobres ou optez pour l'orange cannelle pour introduire chaleur et confort dans l'int\u00e9rieur, inspir\u00e9 du coucher de soleil.","og_url":"https:\/\/alloraliving.com\/fr\/ensemble-de-2-fauteuils-tramonto\/","og_site_name":"AlloraLiving.com","article_modified_time":"2025-02-11T07:46:51+00:00","og_image":[{"width":1600,"height":1200,"url":"https:\/\/alloraliving.com\/wp-content\/uploads\/1-zestaw-2-fotele-tramonto-tramonto-sand-cream.jpg","type":"image\/jpeg"}],"twitter_card":"summary_large_image","twitter_misc":{"Disponibilit\u00e9":"En stock"},"schema":{"@context":"https:\/\/schema.org","@graph":[{"@type":["WebPage","ItemPage"],"@id":"https:\/\/alloraliving.com\/fr\/ensemble-de-2-fauteuils-tramonto\/","url":"https:\/\/alloraliving.com\/fr\/ensemble-de-2-fauteuils-tramonto\/","name":"Ensemble de 2 fauteuils Tramonto - AlloraLiving.com","isPartOf":{"@id":"https:\/\/alloraliving.com\/fr\/#website"},"primaryImageOfPage":{"@id":"https:\/\/alloraliving.com\/fr\/ensemble-de-2-fauteuils-tramonto\/#primaryimage"},"image":{"@id":"https:\/\/alloraliving.com\/fr\/ensemble-de-2-fauteuils-tramonto\/#primaryimage"},"thumbnailUrl":"https:\/\/alloraliving.com\/wp-content\/uploads\/1-zestaw-2-fotele-tramonto-tramonto-sand-cream.jpg","datePublished":"2024-12-22T05:53:26+00:00","dateModified":"2025-02-11T07:46:51+00:00","breadcrumb":{"@id":"https:\/\/alloraliving.com\/fr\/ensemble-de-2-fauteuils-tramonto\/#breadcrumb"},"inLanguage":"fr-FR","potentialAction":[{"@type":"ReadAction","target":["https:\/\/alloraliving.com\/fr\/ensemble-de-2-fauteuils-tramonto\/"]}]},{"@type":"ImageObject","inLanguage":"fr-FR","@id":"https:\/\/alloraliving.com\/fr\/ensemble-de-2-fauteuils-tramonto\/#primaryimage","url":"https:\/\/alloraliving.com\/wp-content\/uploads\/1-zestaw-2-fotele-tramonto-tramonto-sand-cream.jpg","contentUrl":"https:\/\/alloraliving.com\/wp-content\/uploads\/1-zestaw-2-fotele-tramonto-tramonto-sand-cream.jpg","width":1600,"height":1200},{"@type":"BreadcrumbList","@id":"https:\/\/alloraliving.com\/fr\/ensemble-de-2-fauteuils-tramonto\/#breadcrumb","itemListElement":[{"@type":"ListItem","position":1,"name":"Strona g\u0142\u00f3wna","item":"https:\/\/alloraliving.com\/fr\/"},{"@type":"ListItem","position":2,"name":"Boutique","item":"https:\/\/alloraliving.com\/fr\/?page_id=6496"},{"@type":"ListItem","position":3,"name":"Ensemble de 2 fauteuils Tramonto"}]},{"@type":"WebSite","@id":"https:\/\/alloraliving.com\/fr\/#website","url":"https:\/\/alloraliving.com\/fr\/","name":"AlloraLiving.com","description":"","potentialAction":[{"@type":"SearchAction","target":{"@type":"EntryPoint","urlTemplate":"https:\/\/alloraliving.com\/fr\/?s={search_term_string}"},"query-input":{"@type":"PropertyValueSpecification","valueRequired":true,"valueName":"search_term_string"}}],"inLanguage":"fr-FR"}]},"og_availability":"instock","product_availability":"instock","product_condition":"new"},"_links":{"self":[{"href":"https:\/\/alloraliving.com\/fr\/wp-json\/wp\/v2\/product\/8321","targetHints":{"allow":["GET"]}}],"collection":[{"href":"https:\/\/alloraliving.com\/fr\/wp-json\/wp\/v2\/product"}],"about":[{"href":"https:\/\/alloraliving.com\/fr\/wp-json\/wp\/v2\/types\/product"}],"wp:featuredmedia":[{"embeddable":true,"href":"https:\/\/alloraliving.com\/fr\/wp-json\/wp\/v2\/media\/8322"}],"wp:attachment":[{"href":"https:\/\/alloraliving.com\/fr\/wp-json\/wp\/v2\/media?parent=8321"}],"wp:term":[{"taxonomy":"product_brand","embeddable":true,"href":"https:\/\/alloraliving.com\/fr\/wp-json\/wp\/v2\/product_brand?post=8321"},{"taxonomy":"product_cat","embeddable":true,"href":"https:\/\/alloraliving.com\/fr\/wp-json\/wp\/v2\/product_cat?post=8321"},{"taxonomy":"product_tag","embeddable":true,"href":"https:\/\/alloraliving.com\/fr\/wp-json\/wp\/v2\/product_tag?post=8321"}],"curies":[{"name":"wp","href":"https:\/\/api.w.org\/{rel}","templated":true}]}}