{"id":8331,"date":"2024-12-22T07:35:28","date_gmt":"2024-12-22T06:35:28","guid":{"rendered":"https:\/\/alloraliving.com\/ensemble-tramonto-element-simple-pouf\/"},"modified":"2025-02-11T08:46:52","modified_gmt":"2025-02-11T07:46:52","slug":"ensemble-tramonto-element-simple-pouf","status":"publish","type":"product","link":"https:\/\/alloraliving.com\/fr\/ensemble-tramonto-element-simple-pouf\/","title":{"rendered":"Ensemble Tramonto \u00c9l\u00e9ment Simple + Pouf"},"content":{"rendered":"","protected":false},"excerpt":{"rendered":"<p>L&rsquo;ensemble \u00e9l\u00e9ment droit et pouf TRAMONTO est une proposition fonctionnelle pour ceux qui appr\u00e9cient la simplicit\u00e9 et le confort. L\u2019\u00e9l\u00e9ment droit apporte de l\u2019\u00e9quilibre \u00e0 l\u2019agencement, et le pouf ajoute de la flexibilit\u00e9 \u2013 il peut servir de repose-pieds ou de si\u00e8ge suppl\u00e9mentaire, plac\u00e9 sur le c\u00f4t\u00e9 ou devant le module. <\/p>\n<p>La collection TRAMONTO, inspir\u00e9e de la skyline, propose des solutions modulaires pour cr\u00e9er des si\u00e8ges individuels. Cela vous permet de fa\u00e7onner l&rsquo;espace en combinant une esth\u00e9tique subtile avec une fonctionnalit\u00e9 pratique. <\/p>\n","protected":false},"featured_media":8334,"template":"","meta":[],"product_brand":[],"product_cat":[946,947,940],"product_tag":[],"class_list":{"0":"post-8331","1":"product","2":"type-product","3":"status-publish","4":"has-post-thumbnail","6":"product_cat-canapes","7":"product_cat-canapes-modulaires","8":"product_cat-collection-tramonto","9":"product_shipping_class-livraison-gratuite","11":"first","12":"instock","13":"taxable","14":"shipping-taxable","15":"purchasable","16":"product-type-variable","17":"has-default-attributes","18":"wvs-archive-product-wrapper"},"yoast_head":"<!-- This site is optimized with the Yoast SEO Premium plugin v26.8 (Yoast SEO v26.8) - https:\/\/yoast.com\/product\/yoast-seo-premium-wordpress\/ -->\n<title>Ensemble Tramonto \u00c9l\u00e9ment Simple + Pouf - AlloraLiving.com<\/title>\n<meta name=\"robots\" content=\"index, follow, max-snippet:-1, max-image-preview:large, max-video-preview:-1\" \/>\n<link rel=\"canonical\" href=\"https:\/\/alloraliving.com\/fr\/ensemble-tramonto-element-simple-pouf\/\" \/>\n<meta property=\"og:locale\" content=\"fr_FR\" \/>\n<meta property=\"og:type\" content=\"article\" \/>\n<meta property=\"og:title\" content=\"Ensemble Tramonto \u00c9l\u00e9ment Simple + Pouf\" \/>\n<meta property=\"og:description\" content=\"L&#039;ensemble \u00e9l\u00e9ment droit et pouf TRAMONTO est une proposition fonctionnelle pour ceux qui appr\u00e9cient la simplicit\u00e9 et le confort. L\u2019\u00e9l\u00e9ment droit apporte de l\u2019\u00e9quilibre \u00e0 l\u2019agencement, et le pouf ajoute de la flexibilit\u00e9 \u2013 il peut servir de repose-pieds ou de si\u00e8ge suppl\u00e9mentaire, plac\u00e9 sur le c\u00f4t\u00e9 ou devant le module.  La collection TRAMONTO, inspir\u00e9e de la skyline, propose des solutions modulaires pour cr\u00e9er des si\u00e8ges individuels. Cela vous permet de fa\u00e7onner l&#039;espace en combinant une esth\u00e9tique subtile avec une fonctionnalit\u00e9 pratique.\" \/>\n<meta property=\"og:url\" content=\"https:\/\/alloraliving.com\/fr\/ensemble-tramonto-element-simple-pouf\/\" \/>\n<meta property=\"og:site_name\" content=\"AlloraLiving.com\" \/>\n<meta property=\"article:modified_time\" content=\"2025-02-11T07:46:52+00:00\" \/>\n<meta property=\"og:image\" content=\"https:\/\/alloraliving.com\/wp-content\/uploads\/1-zestaw-element-prosty-z-pufa-tramonto-sand-cream.jpg\" \/>\n\t<meta property=\"og:image:width\" content=\"1600\" \/>\n\t<meta property=\"og:image:height\" content=\"1200\" \/>\n\t<meta property=\"og:image:type\" content=\"image\/jpeg\" \/>\n<meta name=\"twitter:card\" content=\"summary_large_image\" \/>\n<meta name=\"twitter:label1\" content=\"Disponibilit\u00e9\" \/>\n\t<meta name=\"twitter:data1\" content=\"En stock\" \/>\n<script type=\"application\/ld+json\" class=\"yoast-schema-graph\">{\"@context\":\"https:\/\/schema.org\",\"@graph\":[{\"@type\":[\"WebPage\",\"ItemPage\"],\"@id\":\"https:\/\/alloraliving.com\/fr\/ensemble-tramonto-element-simple-pouf\/\",\"url\":\"https:\/\/alloraliving.com\/fr\/ensemble-tramonto-element-simple-pouf\/\",\"name\":\"Ensemble Tramonto \u00c9l\u00e9ment Simple + Pouf - AlloraLiving.com\",\"isPartOf\":{\"@id\":\"https:\/\/alloraliving.com\/fr\/#website\"},\"primaryImageOfPage\":{\"@id\":\"https:\/\/alloraliving.com\/fr\/ensemble-tramonto-element-simple-pouf\/#primaryimage\"},\"image\":{\"@id\":\"https:\/\/alloraliving.com\/fr\/ensemble-tramonto-element-simple-pouf\/#primaryimage\"},\"thumbnailUrl\":\"https:\/\/alloraliving.com\/wp-content\/uploads\/1-zestaw-element-prosty-z-pufa-tramonto-sand-cream.jpg\",\"datePublished\":\"2024-12-22T06:35:28+00:00\",\"dateModified\":\"2025-02-11T07:46:52+00:00\",\"breadcrumb\":{\"@id\":\"https:\/\/alloraliving.com\/fr\/ensemble-tramonto-element-simple-pouf\/#breadcrumb\"},\"inLanguage\":\"fr-FR\",\"potentialAction\":[{\"@type\":\"ReadAction\",\"target\":[\"https:\/\/alloraliving.com\/fr\/ensemble-tramonto-element-simple-pouf\/\"]}]},{\"@type\":\"ImageObject\",\"inLanguage\":\"fr-FR\",\"@id\":\"https:\/\/alloraliving.com\/fr\/ensemble-tramonto-element-simple-pouf\/#primaryimage\",\"url\":\"https:\/\/alloraliving.com\/wp-content\/uploads\/1-zestaw-element-prosty-z-pufa-tramonto-sand-cream.jpg\",\"contentUrl\":\"https:\/\/alloraliving.com\/wp-content\/uploads\/1-zestaw-element-prosty-z-pufa-tramonto-sand-cream.jpg\",\"width\":1600,\"height\":1200},{\"@type\":\"BreadcrumbList\",\"@id\":\"https:\/\/alloraliving.com\/fr\/ensemble-tramonto-element-simple-pouf\/#breadcrumb\",\"itemListElement\":[{\"@type\":\"ListItem\",\"position\":1,\"name\":\"Strona g\u0142\u00f3wna\",\"item\":\"https:\/\/alloraliving.com\/fr\/\"},{\"@type\":\"ListItem\",\"position\":2,\"name\":\"Boutique\",\"item\":\"https:\/\/alloraliving.com\/fr\/?page_id=6496\"},{\"@type\":\"ListItem\",\"position\":3,\"name\":\"Ensemble Tramonto \u00c9l\u00e9ment Simple + Pouf\"}]},{\"@type\":\"WebSite\",\"@id\":\"https:\/\/alloraliving.com\/fr\/#website\",\"url\":\"https:\/\/alloraliving.com\/fr\/\",\"name\":\"AlloraLiving.com\",\"description\":\"\",\"potentialAction\":[{\"@type\":\"SearchAction\",\"target\":{\"@type\":\"EntryPoint\",\"urlTemplate\":\"https:\/\/alloraliving.com\/fr\/?s={search_term_string}\"},\"query-input\":{\"@type\":\"PropertyValueSpecification\",\"valueRequired\":true,\"valueName\":\"search_term_string\"}}],\"inLanguage\":\"fr-FR\"}]}<\/script>\n<meta property=\"og:availability\" content=\"instock\" \/>\n<meta property=\"product:availability\" content=\"instock\" \/>\n<meta property=\"product:condition\" content=\"new\" \/>\n<!-- \/ Yoast SEO Premium plugin. -->","yoast_head_json":{"title":"Ensemble Tramonto \u00c9l\u00e9ment Simple + Pouf - AlloraLiving.com","robots":{"index":"index","follow":"follow","max-snippet":"max-snippet:-1","max-image-preview":"max-image-preview:large","max-video-preview":"max-video-preview:-1"},"canonical":"https:\/\/alloraliving.com\/fr\/ensemble-tramonto-element-simple-pouf\/","og_locale":"fr_FR","og_type":"article","og_title":"Ensemble Tramonto \u00c9l\u00e9ment Simple + Pouf","og_description":"L'ensemble \u00e9l\u00e9ment droit et pouf TRAMONTO est une proposition fonctionnelle pour ceux qui appr\u00e9cient la simplicit\u00e9 et le confort. L\u2019\u00e9l\u00e9ment droit apporte de l\u2019\u00e9quilibre \u00e0 l\u2019agencement, et le pouf ajoute de la flexibilit\u00e9 \u2013 il peut servir de repose-pieds ou de si\u00e8ge suppl\u00e9mentaire, plac\u00e9 sur le c\u00f4t\u00e9 ou devant le module.  La collection TRAMONTO, inspir\u00e9e de la skyline, propose des solutions modulaires pour cr\u00e9er des si\u00e8ges individuels. Cela vous permet de fa\u00e7onner l'espace en combinant une esth\u00e9tique subtile avec une fonctionnalit\u00e9 pratique.","og_url":"https:\/\/alloraliving.com\/fr\/ensemble-tramonto-element-simple-pouf\/","og_site_name":"AlloraLiving.com","article_modified_time":"2025-02-11T07:46:52+00:00","og_image":[{"width":1600,"height":1200,"url":"https:\/\/alloraliving.com\/wp-content\/uploads\/1-zestaw-element-prosty-z-pufa-tramonto-sand-cream.jpg","type":"image\/jpeg"}],"twitter_card":"summary_large_image","twitter_misc":{"Disponibilit\u00e9":"En stock"},"schema":{"@context":"https:\/\/schema.org","@graph":[{"@type":["WebPage","ItemPage"],"@id":"https:\/\/alloraliving.com\/fr\/ensemble-tramonto-element-simple-pouf\/","url":"https:\/\/alloraliving.com\/fr\/ensemble-tramonto-element-simple-pouf\/","name":"Ensemble Tramonto \u00c9l\u00e9ment Simple + Pouf - AlloraLiving.com","isPartOf":{"@id":"https:\/\/alloraliving.com\/fr\/#website"},"primaryImageOfPage":{"@id":"https:\/\/alloraliving.com\/fr\/ensemble-tramonto-element-simple-pouf\/#primaryimage"},"image":{"@id":"https:\/\/alloraliving.com\/fr\/ensemble-tramonto-element-simple-pouf\/#primaryimage"},"thumbnailUrl":"https:\/\/alloraliving.com\/wp-content\/uploads\/1-zestaw-element-prosty-z-pufa-tramonto-sand-cream.jpg","datePublished":"2024-12-22T06:35:28+00:00","dateModified":"2025-02-11T07:46:52+00:00","breadcrumb":{"@id":"https:\/\/alloraliving.com\/fr\/ensemble-tramonto-element-simple-pouf\/#breadcrumb"},"inLanguage":"fr-FR","potentialAction":[{"@type":"ReadAction","target":["https:\/\/alloraliving.com\/fr\/ensemble-tramonto-element-simple-pouf\/"]}]},{"@type":"ImageObject","inLanguage":"fr-FR","@id":"https:\/\/alloraliving.com\/fr\/ensemble-tramonto-element-simple-pouf\/#primaryimage","url":"https:\/\/alloraliving.com\/wp-content\/uploads\/1-zestaw-element-prosty-z-pufa-tramonto-sand-cream.jpg","contentUrl":"https:\/\/alloraliving.com\/wp-content\/uploads\/1-zestaw-element-prosty-z-pufa-tramonto-sand-cream.jpg","width":1600,"height":1200},{"@type":"BreadcrumbList","@id":"https:\/\/alloraliving.com\/fr\/ensemble-tramonto-element-simple-pouf\/#breadcrumb","itemListElement":[{"@type":"ListItem","position":1,"name":"Strona g\u0142\u00f3wna","item":"https:\/\/alloraliving.com\/fr\/"},{"@type":"ListItem","position":2,"name":"Boutique","item":"https:\/\/alloraliving.com\/fr\/?page_id=6496"},{"@type":"ListItem","position":3,"name":"Ensemble Tramonto \u00c9l\u00e9ment Simple + Pouf"}]},{"@type":"WebSite","@id":"https:\/\/alloraliving.com\/fr\/#website","url":"https:\/\/alloraliving.com\/fr\/","name":"AlloraLiving.com","description":"","potentialAction":[{"@type":"SearchAction","target":{"@type":"EntryPoint","urlTemplate":"https:\/\/alloraliving.com\/fr\/?s={search_term_string}"},"query-input":{"@type":"PropertyValueSpecification","valueRequired":true,"valueName":"search_term_string"}}],"inLanguage":"fr-FR"}]},"og_availability":"instock","product_availability":"instock","product_condition":"new"},"_links":{"self":[{"href":"https:\/\/alloraliving.com\/fr\/wp-json\/wp\/v2\/product\/8331","targetHints":{"allow":["GET"]}}],"collection":[{"href":"https:\/\/alloraliving.com\/fr\/wp-json\/wp\/v2\/product"}],"about":[{"href":"https:\/\/alloraliving.com\/fr\/wp-json\/wp\/v2\/types\/product"}],"wp:featuredmedia":[{"embeddable":true,"href":"https:\/\/alloraliving.com\/fr\/wp-json\/wp\/v2\/media\/8334"}],"wp:attachment":[{"href":"https:\/\/alloraliving.com\/fr\/wp-json\/wp\/v2\/media?parent=8331"}],"wp:term":[{"taxonomy":"product_brand","embeddable":true,"href":"https:\/\/alloraliving.com\/fr\/wp-json\/wp\/v2\/product_brand?post=8331"},{"taxonomy":"product_cat","embeddable":true,"href":"https:\/\/alloraliving.com\/fr\/wp-json\/wp\/v2\/product_cat?post=8331"},{"taxonomy":"product_tag","embeddable":true,"href":"https:\/\/alloraliving.com\/fr\/wp-json\/wp\/v2\/product_tag?post=8331"}],"curies":[{"name":"wp","href":"https:\/\/api.w.org\/{rel}","templated":true}]}}