{"id":8348,"date":"2024-07-05T12:29:18","date_gmt":"2024-07-05T10:29:18","guid":{"rendered":"https:\/\/alloraliving.com\/canape-3-places-tramonto\/"},"modified":"2025-02-11T08:46:52","modified_gmt":"2025-02-11T07:46:52","slug":"canape-3-places-tramonto","status":"publish","type":"product","link":"https:\/\/alloraliving.com\/fr\/canape-3-places-tramonto\/","title":{"rendered":"Canap\u00e9 3 places Tramonto"},"content":{"rendered":"","protected":false},"excerpt":{"rendered":"<p>Le canap\u00e9 3 places de la collection TRAMONTO est une combinaison de design moderne et de confort, parfait pour les grands int\u00e9rieurs. Ses larges assises et ses dossiers moelleux et arrondis offrent une d\u00e9tente compl\u00e8te, tandis que les surpiq\u00fbres ajoutent une touche subtile et \u00e9l\u00e9gante. <\/p>\n<p>La conception modulaire permet au canap\u00e9 d&rsquo;\u00eatre librement combin\u00e9 avec d&rsquo;autres \u00e9l\u00e9ments de la collection, offrant une totale libert\u00e9 d&rsquo;agencement. Choisissez des couleurs sobres ou optez pour l&rsquo;audacieux Orange Cannelle pour introduire une chaleur inspir\u00e9e du soleil couchant dans votre int\u00e9rieur. <\/p>\n","protected":false},"featured_media":8349,"template":"","meta":[],"product_brand":[],"product_cat":[946,947,940],"product_tag":[],"class_list":{"0":"post-8348","1":"product","2":"type-product","3":"status-publish","4":"has-post-thumbnail","6":"product_cat-canapes","7":"product_cat-canapes-modulaires","8":"product_cat-collection-tramonto","9":"product_shipping_class-livraison-gratuite","11":"first","12":"instock","13":"taxable","14":"shipping-taxable","15":"purchasable","16":"product-type-variable","17":"has-default-attributes","18":"wvs-archive-product-wrapper"},"yoast_head":"<!-- This site is optimized with the Yoast SEO Premium plugin v26.8 (Yoast SEO v26.8) - https:\/\/yoast.com\/product\/yoast-seo-premium-wordpress\/ -->\n<title>Canap\u00e9 3 places Tramonto - AlloraLiving.com<\/title>\n<meta name=\"robots\" content=\"index, follow, max-snippet:-1, max-image-preview:large, max-video-preview:-1\" \/>\n<link rel=\"canonical\" href=\"https:\/\/alloraliving.com\/fr\/canape-3-places-tramonto\/\" \/>\n<meta property=\"og:locale\" content=\"fr_FR\" \/>\n<meta property=\"og:type\" content=\"article\" \/>\n<meta property=\"og:title\" content=\"Canap\u00e9 3 places Tramonto\" \/>\n<meta property=\"og:description\" content=\"Le canap\u00e9 3 places de la collection TRAMONTO est une combinaison de design moderne et de confort, parfait pour les grands int\u00e9rieurs. Ses larges assises et ses dossiers moelleux et arrondis offrent une d\u00e9tente compl\u00e8te, tandis que les surpiq\u00fbres ajoutent une touche subtile et \u00e9l\u00e9gante.  La conception modulaire permet au canap\u00e9 d&#039;\u00eatre librement combin\u00e9 avec d&#039;autres \u00e9l\u00e9ments de la collection, offrant une totale libert\u00e9 d&#039;agencement. Choisissez des couleurs sobres ou optez pour l&#039;audacieux Orange Cannelle pour introduire une chaleur inspir\u00e9e du soleil couchant dans votre int\u00e9rieur.\" \/>\n<meta property=\"og:url\" content=\"https:\/\/alloraliving.com\/fr\/canape-3-places-tramonto\/\" \/>\n<meta property=\"og:site_name\" content=\"AlloraLiving.com\" \/>\n<meta property=\"article:modified_time\" content=\"2025-02-11T07:46:52+00:00\" \/>\n<meta property=\"og:image\" content=\"https:\/\/alloraliving.com\/wp-content\/uploads\/1-jasna-sofa-modulowa-do-salonu-tramonto-sand-cream.jpg\" \/>\n\t<meta property=\"og:image:width\" content=\"1600\" \/>\n\t<meta property=\"og:image:height\" content=\"1200\" \/>\n\t<meta property=\"og:image:type\" content=\"image\/jpeg\" \/>\n<meta name=\"twitter:card\" content=\"summary_large_image\" \/>\n<meta name=\"twitter:label1\" content=\"Disponibilit\u00e9\" \/>\n\t<meta name=\"twitter:data1\" content=\"En stock\" \/>\n<script type=\"application\/ld+json\" class=\"yoast-schema-graph\">{\"@context\":\"https:\/\/schema.org\",\"@graph\":[{\"@type\":[\"WebPage\",\"ItemPage\"],\"@id\":\"https:\/\/alloraliving.com\/fr\/canape-3-places-tramonto\/\",\"url\":\"https:\/\/alloraliving.com\/fr\/canape-3-places-tramonto\/\",\"name\":\"Canap\u00e9 3 places Tramonto - AlloraLiving.com\",\"isPartOf\":{\"@id\":\"https:\/\/alloraliving.com\/fr\/#website\"},\"primaryImageOfPage\":{\"@id\":\"https:\/\/alloraliving.com\/fr\/canape-3-places-tramonto\/#primaryimage\"},\"image\":{\"@id\":\"https:\/\/alloraliving.com\/fr\/canape-3-places-tramonto\/#primaryimage\"},\"thumbnailUrl\":\"https:\/\/alloraliving.com\/wp-content\/uploads\/1-jasna-sofa-modulowa-do-salonu-tramonto-sand-cream.jpg\",\"datePublished\":\"2024-07-05T10:29:18+00:00\",\"dateModified\":\"2025-02-11T07:46:52+00:00\",\"breadcrumb\":{\"@id\":\"https:\/\/alloraliving.com\/fr\/canape-3-places-tramonto\/#breadcrumb\"},\"inLanguage\":\"fr-FR\",\"potentialAction\":[{\"@type\":\"ReadAction\",\"target\":[\"https:\/\/alloraliving.com\/fr\/canape-3-places-tramonto\/\"]}]},{\"@type\":\"ImageObject\",\"inLanguage\":\"fr-FR\",\"@id\":\"https:\/\/alloraliving.com\/fr\/canape-3-places-tramonto\/#primaryimage\",\"url\":\"https:\/\/alloraliving.com\/wp-content\/uploads\/1-jasna-sofa-modulowa-do-salonu-tramonto-sand-cream.jpg\",\"contentUrl\":\"https:\/\/alloraliving.com\/wp-content\/uploads\/1-jasna-sofa-modulowa-do-salonu-tramonto-sand-cream.jpg\",\"width\":1600,\"height\":1200},{\"@type\":\"BreadcrumbList\",\"@id\":\"https:\/\/alloraliving.com\/fr\/canape-3-places-tramonto\/#breadcrumb\",\"itemListElement\":[{\"@type\":\"ListItem\",\"position\":1,\"name\":\"Strona g\u0142\u00f3wna\",\"item\":\"https:\/\/alloraliving.com\/fr\/\"},{\"@type\":\"ListItem\",\"position\":2,\"name\":\"Boutique\",\"item\":\"https:\/\/alloraliving.com\/fr\/?page_id=6496\"},{\"@type\":\"ListItem\",\"position\":3,\"name\":\"Canap\u00e9 3 places Tramonto\"}]},{\"@type\":\"WebSite\",\"@id\":\"https:\/\/alloraliving.com\/fr\/#website\",\"url\":\"https:\/\/alloraliving.com\/fr\/\",\"name\":\"AlloraLiving.com\",\"description\":\"\",\"potentialAction\":[{\"@type\":\"SearchAction\",\"target\":{\"@type\":\"EntryPoint\",\"urlTemplate\":\"https:\/\/alloraliving.com\/fr\/?s={search_term_string}\"},\"query-input\":{\"@type\":\"PropertyValueSpecification\",\"valueRequired\":true,\"valueName\":\"search_term_string\"}}],\"inLanguage\":\"fr-FR\"}]}<\/script>\n<meta property=\"og:availability\" content=\"instock\" \/>\n<meta property=\"product:availability\" content=\"instock\" \/>\n<meta property=\"product:condition\" content=\"new\" \/>\n<!-- \/ Yoast SEO Premium plugin. -->","yoast_head_json":{"title":"Canap\u00e9 3 places Tramonto - AlloraLiving.com","robots":{"index":"index","follow":"follow","max-snippet":"max-snippet:-1","max-image-preview":"max-image-preview:large","max-video-preview":"max-video-preview:-1"},"canonical":"https:\/\/alloraliving.com\/fr\/canape-3-places-tramonto\/","og_locale":"fr_FR","og_type":"article","og_title":"Canap\u00e9 3 places Tramonto","og_description":"Le canap\u00e9 3 places de la collection TRAMONTO est une combinaison de design moderne et de confort, parfait pour les grands int\u00e9rieurs. Ses larges assises et ses dossiers moelleux et arrondis offrent une d\u00e9tente compl\u00e8te, tandis que les surpiq\u00fbres ajoutent une touche subtile et \u00e9l\u00e9gante.  La conception modulaire permet au canap\u00e9 d'\u00eatre librement combin\u00e9 avec d'autres \u00e9l\u00e9ments de la collection, offrant une totale libert\u00e9 d'agencement. Choisissez des couleurs sobres ou optez pour l'audacieux Orange Cannelle pour introduire une chaleur inspir\u00e9e du soleil couchant dans votre int\u00e9rieur.","og_url":"https:\/\/alloraliving.com\/fr\/canape-3-places-tramonto\/","og_site_name":"AlloraLiving.com","article_modified_time":"2025-02-11T07:46:52+00:00","og_image":[{"width":1600,"height":1200,"url":"https:\/\/alloraliving.com\/wp-content\/uploads\/1-jasna-sofa-modulowa-do-salonu-tramonto-sand-cream.jpg","type":"image\/jpeg"}],"twitter_card":"summary_large_image","twitter_misc":{"Disponibilit\u00e9":"En stock"},"schema":{"@context":"https:\/\/schema.org","@graph":[{"@type":["WebPage","ItemPage"],"@id":"https:\/\/alloraliving.com\/fr\/canape-3-places-tramonto\/","url":"https:\/\/alloraliving.com\/fr\/canape-3-places-tramonto\/","name":"Canap\u00e9 3 places Tramonto - AlloraLiving.com","isPartOf":{"@id":"https:\/\/alloraliving.com\/fr\/#website"},"primaryImageOfPage":{"@id":"https:\/\/alloraliving.com\/fr\/canape-3-places-tramonto\/#primaryimage"},"image":{"@id":"https:\/\/alloraliving.com\/fr\/canape-3-places-tramonto\/#primaryimage"},"thumbnailUrl":"https:\/\/alloraliving.com\/wp-content\/uploads\/1-jasna-sofa-modulowa-do-salonu-tramonto-sand-cream.jpg","datePublished":"2024-07-05T10:29:18+00:00","dateModified":"2025-02-11T07:46:52+00:00","breadcrumb":{"@id":"https:\/\/alloraliving.com\/fr\/canape-3-places-tramonto\/#breadcrumb"},"inLanguage":"fr-FR","potentialAction":[{"@type":"ReadAction","target":["https:\/\/alloraliving.com\/fr\/canape-3-places-tramonto\/"]}]},{"@type":"ImageObject","inLanguage":"fr-FR","@id":"https:\/\/alloraliving.com\/fr\/canape-3-places-tramonto\/#primaryimage","url":"https:\/\/alloraliving.com\/wp-content\/uploads\/1-jasna-sofa-modulowa-do-salonu-tramonto-sand-cream.jpg","contentUrl":"https:\/\/alloraliving.com\/wp-content\/uploads\/1-jasna-sofa-modulowa-do-salonu-tramonto-sand-cream.jpg","width":1600,"height":1200},{"@type":"BreadcrumbList","@id":"https:\/\/alloraliving.com\/fr\/canape-3-places-tramonto\/#breadcrumb","itemListElement":[{"@type":"ListItem","position":1,"name":"Strona g\u0142\u00f3wna","item":"https:\/\/alloraliving.com\/fr\/"},{"@type":"ListItem","position":2,"name":"Boutique","item":"https:\/\/alloraliving.com\/fr\/?page_id=6496"},{"@type":"ListItem","position":3,"name":"Canap\u00e9 3 places Tramonto"}]},{"@type":"WebSite","@id":"https:\/\/alloraliving.com\/fr\/#website","url":"https:\/\/alloraliving.com\/fr\/","name":"AlloraLiving.com","description":"","potentialAction":[{"@type":"SearchAction","target":{"@type":"EntryPoint","urlTemplate":"https:\/\/alloraliving.com\/fr\/?s={search_term_string}"},"query-input":{"@type":"PropertyValueSpecification","valueRequired":true,"valueName":"search_term_string"}}],"inLanguage":"fr-FR"}]},"og_availability":"instock","product_availability":"instock","product_condition":"new"},"_links":{"self":[{"href":"https:\/\/alloraliving.com\/fr\/wp-json\/wp\/v2\/product\/8348","targetHints":{"allow":["GET"]}}],"collection":[{"href":"https:\/\/alloraliving.com\/fr\/wp-json\/wp\/v2\/product"}],"about":[{"href":"https:\/\/alloraliving.com\/fr\/wp-json\/wp\/v2\/types\/product"}],"wp:featuredmedia":[{"embeddable":true,"href":"https:\/\/alloraliving.com\/fr\/wp-json\/wp\/v2\/media\/8349"}],"wp:attachment":[{"href":"https:\/\/alloraliving.com\/fr\/wp-json\/wp\/v2\/media?parent=8348"}],"wp:term":[{"taxonomy":"product_brand","embeddable":true,"href":"https:\/\/alloraliving.com\/fr\/wp-json\/wp\/v2\/product_brand?post=8348"},{"taxonomy":"product_cat","embeddable":true,"href":"https:\/\/alloraliving.com\/fr\/wp-json\/wp\/v2\/product_cat?post=8348"},{"taxonomy":"product_tag","embeddable":true,"href":"https:\/\/alloraliving.com\/fr\/wp-json\/wp\/v2\/product_tag?post=8348"}],"curies":[{"name":"wp","href":"https:\/\/api.w.org\/{rel}","templated":true}]}}