{"id":8370,"date":"2024-12-22T07:26:21","date_gmt":"2024-12-22T06:26:21","guid":{"rendered":"https:\/\/alloraliving.com\/ensemble-fauteuil-pouf-tramonto\/"},"modified":"2025-02-11T08:46:54","modified_gmt":"2025-02-11T07:46:54","slug":"ensemble-fauteuil-pouf-tramonto","status":"publish","type":"product","link":"https:\/\/alloraliving.com\/fr\/ensemble-fauteuil-pouf-tramonto\/","title":{"rendered":"Ensemble Fauteuil + Pouf Tramonto"},"content":{"rendered":"","protected":false},"excerpt":{"rendered":"<p>La combinaison d&rsquo;un fauteuil et d&rsquo;un pouf de la collection TRAMONTO offre une zone de d\u00e9tente confortable de petite taille mais de grandes possibilit\u00e9s. Le fauteuil offre un excellent maintien, et le pouf peut \u00eatre utilis\u00e9 comme repose-pieds ou si\u00e8ge d&rsquo;appoint, cr\u00e9ant ainsi un duo harmonieux. <\/p>\n<p>La collection TRAMONTO est bas\u00e9e sur la modularit\u00e9 et une esth\u00e9tique coh\u00e9rente, inspir\u00e9e de l&rsquo;horizon. Cela vous permet de cr\u00e9er des am\u00e9nagements adapt\u00e9s \u00e0 votre propre style, en profitant d&rsquo;une combinaison de design moderne et de confort. <\/p>\n","protected":false},"featured_media":8373,"template":"","meta":[],"product_brand":[],"product_cat":[940,930],"product_tag":[],"class_list":{"0":"post-8370","1":"product","2":"type-product","3":"status-publish","4":"has-post-thumbnail","6":"product_cat-collection-tramonto","7":"product_cat-sieges","8":"product_shipping_class-livraison-gratuite","10":"first","11":"instock","12":"taxable","13":"shipping-taxable","14":"purchasable","15":"product-type-variable","16":"has-default-attributes","17":"wvs-archive-product-wrapper"},"yoast_head":"<!-- This site is optimized with the Yoast SEO Premium plugin v26.8 (Yoast SEO v26.8) - https:\/\/yoast.com\/product\/yoast-seo-premium-wordpress\/ -->\n<title>Ensemble Fauteuil + Pouf Tramonto - AlloraLiving.com<\/title>\n<meta name=\"robots\" content=\"index, follow, max-snippet:-1, max-image-preview:large, max-video-preview:-1\" \/>\n<link rel=\"canonical\" href=\"https:\/\/alloraliving.com\/fr\/ensemble-fauteuil-pouf-tramonto\/\" \/>\n<meta property=\"og:locale\" content=\"fr_FR\" \/>\n<meta property=\"og:type\" content=\"article\" \/>\n<meta property=\"og:title\" content=\"Ensemble Fauteuil + Pouf Tramonto\" \/>\n<meta property=\"og:description\" content=\"La combinaison d&#039;un fauteuil et d&#039;un pouf de la collection TRAMONTO offre une zone de d\u00e9tente confortable de petite taille mais de grandes possibilit\u00e9s. Le fauteuil offre un excellent maintien, et le pouf peut \u00eatre utilis\u00e9 comme repose-pieds ou si\u00e8ge d&#039;appoint, cr\u00e9ant ainsi un duo harmonieux.  La collection TRAMONTO est bas\u00e9e sur la modularit\u00e9 et une esth\u00e9tique coh\u00e9rente, inspir\u00e9e de l&#039;horizon. Cela vous permet de cr\u00e9er des am\u00e9nagements adapt\u00e9s \u00e0 votre propre style, en profitant d&#039;une combinaison de design moderne et de confort.\" \/>\n<meta property=\"og:url\" content=\"https:\/\/alloraliving.com\/fr\/ensemble-fauteuil-pouf-tramonto\/\" \/>\n<meta property=\"og:site_name\" content=\"AlloraLiving.com\" \/>\n<meta property=\"article:modified_time\" content=\"2025-02-11T07:46:54+00:00\" \/>\n<meta property=\"og:image\" content=\"https:\/\/alloraliving.com\/wp-content\/uploads\/1-zestaw-fotel-z-pufa-tramonto-sand-cream.jpg\" \/>\n\t<meta property=\"og:image:width\" content=\"1600\" \/>\n\t<meta property=\"og:image:height\" content=\"1200\" \/>\n\t<meta property=\"og:image:type\" content=\"image\/jpeg\" \/>\n<meta name=\"twitter:card\" content=\"summary_large_image\" \/>\n<meta name=\"twitter:label1\" content=\"Disponibilit\u00e9\" \/>\n\t<meta name=\"twitter:data1\" content=\"En stock\" \/>\n<script type=\"application\/ld+json\" class=\"yoast-schema-graph\">{\"@context\":\"https:\/\/schema.org\",\"@graph\":[{\"@type\":[\"WebPage\",\"ItemPage\"],\"@id\":\"https:\/\/alloraliving.com\/fr\/ensemble-fauteuil-pouf-tramonto\/\",\"url\":\"https:\/\/alloraliving.com\/fr\/ensemble-fauteuil-pouf-tramonto\/\",\"name\":\"Ensemble Fauteuil + Pouf Tramonto - AlloraLiving.com\",\"isPartOf\":{\"@id\":\"https:\/\/alloraliving.com\/fr\/#website\"},\"primaryImageOfPage\":{\"@id\":\"https:\/\/alloraliving.com\/fr\/ensemble-fauteuil-pouf-tramonto\/#primaryimage\"},\"image\":{\"@id\":\"https:\/\/alloraliving.com\/fr\/ensemble-fauteuil-pouf-tramonto\/#primaryimage\"},\"thumbnailUrl\":\"https:\/\/alloraliving.com\/wp-content\/uploads\/1-zestaw-fotel-z-pufa-tramonto-sand-cream.jpg\",\"datePublished\":\"2024-12-22T06:26:21+00:00\",\"dateModified\":\"2025-02-11T07:46:54+00:00\",\"breadcrumb\":{\"@id\":\"https:\/\/alloraliving.com\/fr\/ensemble-fauteuil-pouf-tramonto\/#breadcrumb\"},\"inLanguage\":\"fr-FR\",\"potentialAction\":[{\"@type\":\"ReadAction\",\"target\":[\"https:\/\/alloraliving.com\/fr\/ensemble-fauteuil-pouf-tramonto\/\"]}]},{\"@type\":\"ImageObject\",\"inLanguage\":\"fr-FR\",\"@id\":\"https:\/\/alloraliving.com\/fr\/ensemble-fauteuil-pouf-tramonto\/#primaryimage\",\"url\":\"https:\/\/alloraliving.com\/wp-content\/uploads\/1-zestaw-fotel-z-pufa-tramonto-sand-cream.jpg\",\"contentUrl\":\"https:\/\/alloraliving.com\/wp-content\/uploads\/1-zestaw-fotel-z-pufa-tramonto-sand-cream.jpg\",\"width\":1600,\"height\":1200},{\"@type\":\"BreadcrumbList\",\"@id\":\"https:\/\/alloraliving.com\/fr\/ensemble-fauteuil-pouf-tramonto\/#breadcrumb\",\"itemListElement\":[{\"@type\":\"ListItem\",\"position\":1,\"name\":\"Strona g\u0142\u00f3wna\",\"item\":\"https:\/\/alloraliving.com\/fr\/\"},{\"@type\":\"ListItem\",\"position\":2,\"name\":\"Boutique\",\"item\":\"https:\/\/alloraliving.com\/fr\/?page_id=6496\"},{\"@type\":\"ListItem\",\"position\":3,\"name\":\"Ensemble Fauteuil + Pouf Tramonto\"}]},{\"@type\":\"WebSite\",\"@id\":\"https:\/\/alloraliving.com\/fr\/#website\",\"url\":\"https:\/\/alloraliving.com\/fr\/\",\"name\":\"AlloraLiving.com\",\"description\":\"\",\"potentialAction\":[{\"@type\":\"SearchAction\",\"target\":{\"@type\":\"EntryPoint\",\"urlTemplate\":\"https:\/\/alloraliving.com\/fr\/?s={search_term_string}\"},\"query-input\":{\"@type\":\"PropertyValueSpecification\",\"valueRequired\":true,\"valueName\":\"search_term_string\"}}],\"inLanguage\":\"fr-FR\"}]}<\/script>\n<meta property=\"og:availability\" content=\"instock\" \/>\n<meta property=\"product:availability\" content=\"instock\" \/>\n<meta property=\"product:condition\" content=\"new\" \/>\n<!-- \/ Yoast SEO Premium plugin. -->","yoast_head_json":{"title":"Ensemble Fauteuil + Pouf Tramonto - AlloraLiving.com","robots":{"index":"index","follow":"follow","max-snippet":"max-snippet:-1","max-image-preview":"max-image-preview:large","max-video-preview":"max-video-preview:-1"},"canonical":"https:\/\/alloraliving.com\/fr\/ensemble-fauteuil-pouf-tramonto\/","og_locale":"fr_FR","og_type":"article","og_title":"Ensemble Fauteuil + Pouf Tramonto","og_description":"La combinaison d'un fauteuil et d'un pouf de la collection TRAMONTO offre une zone de d\u00e9tente confortable de petite taille mais de grandes possibilit\u00e9s. Le fauteuil offre un excellent maintien, et le pouf peut \u00eatre utilis\u00e9 comme repose-pieds ou si\u00e8ge d'appoint, cr\u00e9ant ainsi un duo harmonieux.  La collection TRAMONTO est bas\u00e9e sur la modularit\u00e9 et une esth\u00e9tique coh\u00e9rente, inspir\u00e9e de l'horizon. Cela vous permet de cr\u00e9er des am\u00e9nagements adapt\u00e9s \u00e0 votre propre style, en profitant d'une combinaison de design moderne et de confort.","og_url":"https:\/\/alloraliving.com\/fr\/ensemble-fauteuil-pouf-tramonto\/","og_site_name":"AlloraLiving.com","article_modified_time":"2025-02-11T07:46:54+00:00","og_image":[{"width":1600,"height":1200,"url":"https:\/\/alloraliving.com\/wp-content\/uploads\/1-zestaw-fotel-z-pufa-tramonto-sand-cream.jpg","type":"image\/jpeg"}],"twitter_card":"summary_large_image","twitter_misc":{"Disponibilit\u00e9":"En stock"},"schema":{"@context":"https:\/\/schema.org","@graph":[{"@type":["WebPage","ItemPage"],"@id":"https:\/\/alloraliving.com\/fr\/ensemble-fauteuil-pouf-tramonto\/","url":"https:\/\/alloraliving.com\/fr\/ensemble-fauteuil-pouf-tramonto\/","name":"Ensemble Fauteuil + Pouf Tramonto - AlloraLiving.com","isPartOf":{"@id":"https:\/\/alloraliving.com\/fr\/#website"},"primaryImageOfPage":{"@id":"https:\/\/alloraliving.com\/fr\/ensemble-fauteuil-pouf-tramonto\/#primaryimage"},"image":{"@id":"https:\/\/alloraliving.com\/fr\/ensemble-fauteuil-pouf-tramonto\/#primaryimage"},"thumbnailUrl":"https:\/\/alloraliving.com\/wp-content\/uploads\/1-zestaw-fotel-z-pufa-tramonto-sand-cream.jpg","datePublished":"2024-12-22T06:26:21+00:00","dateModified":"2025-02-11T07:46:54+00:00","breadcrumb":{"@id":"https:\/\/alloraliving.com\/fr\/ensemble-fauteuil-pouf-tramonto\/#breadcrumb"},"inLanguage":"fr-FR","potentialAction":[{"@type":"ReadAction","target":["https:\/\/alloraliving.com\/fr\/ensemble-fauteuil-pouf-tramonto\/"]}]},{"@type":"ImageObject","inLanguage":"fr-FR","@id":"https:\/\/alloraliving.com\/fr\/ensemble-fauteuil-pouf-tramonto\/#primaryimage","url":"https:\/\/alloraliving.com\/wp-content\/uploads\/1-zestaw-fotel-z-pufa-tramonto-sand-cream.jpg","contentUrl":"https:\/\/alloraliving.com\/wp-content\/uploads\/1-zestaw-fotel-z-pufa-tramonto-sand-cream.jpg","width":1600,"height":1200},{"@type":"BreadcrumbList","@id":"https:\/\/alloraliving.com\/fr\/ensemble-fauteuil-pouf-tramonto\/#breadcrumb","itemListElement":[{"@type":"ListItem","position":1,"name":"Strona g\u0142\u00f3wna","item":"https:\/\/alloraliving.com\/fr\/"},{"@type":"ListItem","position":2,"name":"Boutique","item":"https:\/\/alloraliving.com\/fr\/?page_id=6496"},{"@type":"ListItem","position":3,"name":"Ensemble Fauteuil + Pouf Tramonto"}]},{"@type":"WebSite","@id":"https:\/\/alloraliving.com\/fr\/#website","url":"https:\/\/alloraliving.com\/fr\/","name":"AlloraLiving.com","description":"","potentialAction":[{"@type":"SearchAction","target":{"@type":"EntryPoint","urlTemplate":"https:\/\/alloraliving.com\/fr\/?s={search_term_string}"},"query-input":{"@type":"PropertyValueSpecification","valueRequired":true,"valueName":"search_term_string"}}],"inLanguage":"fr-FR"}]},"og_availability":"instock","product_availability":"instock","product_condition":"new"},"_links":{"self":[{"href":"https:\/\/alloraliving.com\/fr\/wp-json\/wp\/v2\/product\/8370","targetHints":{"allow":["GET"]}}],"collection":[{"href":"https:\/\/alloraliving.com\/fr\/wp-json\/wp\/v2\/product"}],"about":[{"href":"https:\/\/alloraliving.com\/fr\/wp-json\/wp\/v2\/types\/product"}],"wp:featuredmedia":[{"embeddable":true,"href":"https:\/\/alloraliving.com\/fr\/wp-json\/wp\/v2\/media\/8373"}],"wp:attachment":[{"href":"https:\/\/alloraliving.com\/fr\/wp-json\/wp\/v2\/media?parent=8370"}],"wp:term":[{"taxonomy":"product_brand","embeddable":true,"href":"https:\/\/alloraliving.com\/fr\/wp-json\/wp\/v2\/product_brand?post=8370"},{"taxonomy":"product_cat","embeddable":true,"href":"https:\/\/alloraliving.com\/fr\/wp-json\/wp\/v2\/product_cat?post=8370"},{"taxonomy":"product_tag","embeddable":true,"href":"https:\/\/alloraliving.com\/fr\/wp-json\/wp\/v2\/product_tag?post=8370"}],"curies":[{"name":"wp","href":"https:\/\/api.w.org\/{rel}","templated":true}]}}