{"id":8395,"date":"2024-09-14T10:53:12","date_gmt":"2024-09-14T08:53:12","guid":{"rendered":"https:\/\/alloraliving.com\/canape-2-places-vento-avec-table\/"},"modified":"2025-02-11T08:47:38","modified_gmt":"2025-02-11T07:47:38","slug":"canape-2-places-vento-avec-table","status":"publish","type":"product","link":"https:\/\/alloraliving.com\/fr\/canape-2-places-vento-avec-table\/","title":{"rendered":"Canap\u00e9 2 places Vento avec table"},"content":{"rendered":"","protected":false},"excerpt":{"rendered":"<p>Le canap\u00e9 2 places de la collection VENTO avec table en bois int\u00e9gr\u00e9e est une proposition unique qui allie confort et fonctionnalit\u00e9. Des si\u00e8ges moelleux et des dossiers ergonomiques, recouverts de tissu boucl\u00e9 de couleur cr\u00e8me, assurent une d\u00e9tente confortable, tandis que la table en bois int\u00e9gr\u00e9e ajoute une praticit\u00e9 suppl\u00e9mentaire. <\/p>\n<p>Cette table est l&rsquo;endroit id\u00e9al pour une tasse de caf\u00e9, un livre ou des d\u00e9corations qui compl\u00e8teront l&rsquo;esth\u00e9tique du canap\u00e9. Avec cet accent fonctionnel, le canap\u00e9 VENTO devient le point central de n\u2019importe quel espace, offrant \u00e0 la fois \u00e9l\u00e9gance et confort. <\/p>\n","protected":false},"featured_media":8397,"template":"","meta":[],"product_brand":[],"product_cat":[946,947,941],"product_tag":[],"class_list":{"0":"post-8395","1":"product","2":"type-product","3":"status-publish","4":"has-post-thumbnail","6":"product_cat-canapes","7":"product_cat-canapes-modulaires","8":"product_cat-collection-vento","9":"product_shipping_class-livraison-gratuite","11":"first","12":"instock","13":"taxable","14":"shipping-taxable","15":"purchasable","16":"product-type-variable","17":"has-default-attributes","18":"wvs-archive-product-wrapper"},"yoast_head":"<!-- This site is optimized with the Yoast SEO Premium plugin v26.8 (Yoast SEO v26.8) - https:\/\/yoast.com\/product\/yoast-seo-premium-wordpress\/ -->\n<title>Canap\u00e9 2 places Vento avec table - AlloraLiving.com<\/title>\n<meta name=\"robots\" content=\"index, follow, max-snippet:-1, max-image-preview:large, max-video-preview:-1\" \/>\n<link rel=\"canonical\" href=\"https:\/\/alloraliving.com\/fr\/canape-2-places-vento-avec-table\/\" \/>\n<meta property=\"og:locale\" content=\"fr_FR\" \/>\n<meta property=\"og:type\" content=\"article\" \/>\n<meta property=\"og:title\" content=\"Canap\u00e9 2 places Vento avec table\" \/>\n<meta property=\"og:description\" content=\"Le canap\u00e9 2 places de la collection VENTO avec table en bois int\u00e9gr\u00e9e est une proposition unique qui allie confort et fonctionnalit\u00e9. Des si\u00e8ges moelleux et des dossiers ergonomiques, recouverts de tissu boucl\u00e9 de couleur cr\u00e8me, assurent une d\u00e9tente confortable, tandis que la table en bois int\u00e9gr\u00e9e ajoute une praticit\u00e9 suppl\u00e9mentaire.  Cette table est l&#039;endroit id\u00e9al pour une tasse de caf\u00e9, un livre ou des d\u00e9corations qui compl\u00e8teront l&#039;esth\u00e9tique du canap\u00e9. Avec cet accent fonctionnel, le canap\u00e9 VENTO devient le point central de n\u2019importe quel espace, offrant \u00e0 la fois \u00e9l\u00e9gance et confort.\" \/>\n<meta property=\"og:url\" content=\"https:\/\/alloraliving.com\/fr\/canape-2-places-vento-avec-table\/\" \/>\n<meta property=\"og:site_name\" content=\"AlloraLiving.com\" \/>\n<meta property=\"article:modified_time\" content=\"2025-02-11T07:47:38+00:00\" \/>\n<meta property=\"og:image\" content=\"https:\/\/alloraliving.com\/wp-content\/uploads\/1-nowoczesna-sofa-modulowa-2-osobowa-do-salonu-vento-sand-cream.jpg\" \/>\n\t<meta property=\"og:image:width\" content=\"1600\" \/>\n\t<meta property=\"og:image:height\" content=\"1200\" \/>\n\t<meta property=\"og:image:type\" content=\"image\/jpeg\" \/>\n<meta name=\"twitter:card\" content=\"summary_large_image\" \/>\n<meta name=\"twitter:label1\" content=\"Disponibilit\u00e9\" \/>\n\t<meta name=\"twitter:data1\" content=\"En stock\" \/>\n<script type=\"application\/ld+json\" class=\"yoast-schema-graph\">{\"@context\":\"https:\/\/schema.org\",\"@graph\":[{\"@type\":[\"WebPage\",\"ItemPage\"],\"@id\":\"https:\/\/alloraliving.com\/fr\/canape-2-places-vento-avec-table\/\",\"url\":\"https:\/\/alloraliving.com\/fr\/canape-2-places-vento-avec-table\/\",\"name\":\"Canap\u00e9 2 places Vento avec table - AlloraLiving.com\",\"isPartOf\":{\"@id\":\"https:\/\/alloraliving.com\/fr\/#website\"},\"primaryImageOfPage\":{\"@id\":\"https:\/\/alloraliving.com\/fr\/canape-2-places-vento-avec-table\/#primaryimage\"},\"image\":{\"@id\":\"https:\/\/alloraliving.com\/fr\/canape-2-places-vento-avec-table\/#primaryimage\"},\"thumbnailUrl\":\"https:\/\/alloraliving.com\/wp-content\/uploads\/1-nowoczesna-sofa-modulowa-2-osobowa-do-salonu-vento-sand-cream.jpg\",\"datePublished\":\"2024-09-14T08:53:12+00:00\",\"dateModified\":\"2025-02-11T07:47:38+00:00\",\"breadcrumb\":{\"@id\":\"https:\/\/alloraliving.com\/fr\/canape-2-places-vento-avec-table\/#breadcrumb\"},\"inLanguage\":\"fr-FR\",\"potentialAction\":[{\"@type\":\"ReadAction\",\"target\":[\"https:\/\/alloraliving.com\/fr\/canape-2-places-vento-avec-table\/\"]}]},{\"@type\":\"ImageObject\",\"inLanguage\":\"fr-FR\",\"@id\":\"https:\/\/alloraliving.com\/fr\/canape-2-places-vento-avec-table\/#primaryimage\",\"url\":\"https:\/\/alloraliving.com\/wp-content\/uploads\/1-nowoczesna-sofa-modulowa-2-osobowa-do-salonu-vento-sand-cream.jpg\",\"contentUrl\":\"https:\/\/alloraliving.com\/wp-content\/uploads\/1-nowoczesna-sofa-modulowa-2-osobowa-do-salonu-vento-sand-cream.jpg\",\"width\":1600,\"height\":1200},{\"@type\":\"BreadcrumbList\",\"@id\":\"https:\/\/alloraliving.com\/fr\/canape-2-places-vento-avec-table\/#breadcrumb\",\"itemListElement\":[{\"@type\":\"ListItem\",\"position\":1,\"name\":\"Strona g\u0142\u00f3wna\",\"item\":\"https:\/\/alloraliving.com\/fr\/\"},{\"@type\":\"ListItem\",\"position\":2,\"name\":\"Boutique\",\"item\":\"https:\/\/alloraliving.com\/fr\/?page_id=6496\"},{\"@type\":\"ListItem\",\"position\":3,\"name\":\"Canap\u00e9 2 places Vento avec table\"}]},{\"@type\":\"WebSite\",\"@id\":\"https:\/\/alloraliving.com\/fr\/#website\",\"url\":\"https:\/\/alloraliving.com\/fr\/\",\"name\":\"AlloraLiving.com\",\"description\":\"\",\"potentialAction\":[{\"@type\":\"SearchAction\",\"target\":{\"@type\":\"EntryPoint\",\"urlTemplate\":\"https:\/\/alloraliving.com\/fr\/?s={search_term_string}\"},\"query-input\":{\"@type\":\"PropertyValueSpecification\",\"valueRequired\":true,\"valueName\":\"search_term_string\"}}],\"inLanguage\":\"fr-FR\"}]}<\/script>\n<meta property=\"og:availability\" content=\"instock\" \/>\n<meta property=\"product:availability\" content=\"instock\" \/>\n<meta property=\"product:condition\" content=\"new\" \/>\n<!-- \/ Yoast SEO Premium plugin. -->","yoast_head_json":{"title":"Canap\u00e9 2 places Vento avec table - AlloraLiving.com","robots":{"index":"index","follow":"follow","max-snippet":"max-snippet:-1","max-image-preview":"max-image-preview:large","max-video-preview":"max-video-preview:-1"},"canonical":"https:\/\/alloraliving.com\/fr\/canape-2-places-vento-avec-table\/","og_locale":"fr_FR","og_type":"article","og_title":"Canap\u00e9 2 places Vento avec table","og_description":"Le canap\u00e9 2 places de la collection VENTO avec table en bois int\u00e9gr\u00e9e est une proposition unique qui allie confort et fonctionnalit\u00e9. Des si\u00e8ges moelleux et des dossiers ergonomiques, recouverts de tissu boucl\u00e9 de couleur cr\u00e8me, assurent une d\u00e9tente confortable, tandis que la table en bois int\u00e9gr\u00e9e ajoute une praticit\u00e9 suppl\u00e9mentaire.  Cette table est l'endroit id\u00e9al pour une tasse de caf\u00e9, un livre ou des d\u00e9corations qui compl\u00e8teront l'esth\u00e9tique du canap\u00e9. Avec cet accent fonctionnel, le canap\u00e9 VENTO devient le point central de n\u2019importe quel espace, offrant \u00e0 la fois \u00e9l\u00e9gance et confort.","og_url":"https:\/\/alloraliving.com\/fr\/canape-2-places-vento-avec-table\/","og_site_name":"AlloraLiving.com","article_modified_time":"2025-02-11T07:47:38+00:00","og_image":[{"width":1600,"height":1200,"url":"https:\/\/alloraliving.com\/wp-content\/uploads\/1-nowoczesna-sofa-modulowa-2-osobowa-do-salonu-vento-sand-cream.jpg","type":"image\/jpeg"}],"twitter_card":"summary_large_image","twitter_misc":{"Disponibilit\u00e9":"En stock"},"schema":{"@context":"https:\/\/schema.org","@graph":[{"@type":["WebPage","ItemPage"],"@id":"https:\/\/alloraliving.com\/fr\/canape-2-places-vento-avec-table\/","url":"https:\/\/alloraliving.com\/fr\/canape-2-places-vento-avec-table\/","name":"Canap\u00e9 2 places Vento avec table - AlloraLiving.com","isPartOf":{"@id":"https:\/\/alloraliving.com\/fr\/#website"},"primaryImageOfPage":{"@id":"https:\/\/alloraliving.com\/fr\/canape-2-places-vento-avec-table\/#primaryimage"},"image":{"@id":"https:\/\/alloraliving.com\/fr\/canape-2-places-vento-avec-table\/#primaryimage"},"thumbnailUrl":"https:\/\/alloraliving.com\/wp-content\/uploads\/1-nowoczesna-sofa-modulowa-2-osobowa-do-salonu-vento-sand-cream.jpg","datePublished":"2024-09-14T08:53:12+00:00","dateModified":"2025-02-11T07:47:38+00:00","breadcrumb":{"@id":"https:\/\/alloraliving.com\/fr\/canape-2-places-vento-avec-table\/#breadcrumb"},"inLanguage":"fr-FR","potentialAction":[{"@type":"ReadAction","target":["https:\/\/alloraliving.com\/fr\/canape-2-places-vento-avec-table\/"]}]},{"@type":"ImageObject","inLanguage":"fr-FR","@id":"https:\/\/alloraliving.com\/fr\/canape-2-places-vento-avec-table\/#primaryimage","url":"https:\/\/alloraliving.com\/wp-content\/uploads\/1-nowoczesna-sofa-modulowa-2-osobowa-do-salonu-vento-sand-cream.jpg","contentUrl":"https:\/\/alloraliving.com\/wp-content\/uploads\/1-nowoczesna-sofa-modulowa-2-osobowa-do-salonu-vento-sand-cream.jpg","width":1600,"height":1200},{"@type":"BreadcrumbList","@id":"https:\/\/alloraliving.com\/fr\/canape-2-places-vento-avec-table\/#breadcrumb","itemListElement":[{"@type":"ListItem","position":1,"name":"Strona g\u0142\u00f3wna","item":"https:\/\/alloraliving.com\/fr\/"},{"@type":"ListItem","position":2,"name":"Boutique","item":"https:\/\/alloraliving.com\/fr\/?page_id=6496"},{"@type":"ListItem","position":3,"name":"Canap\u00e9 2 places Vento avec table"}]},{"@type":"WebSite","@id":"https:\/\/alloraliving.com\/fr\/#website","url":"https:\/\/alloraliving.com\/fr\/","name":"AlloraLiving.com","description":"","potentialAction":[{"@type":"SearchAction","target":{"@type":"EntryPoint","urlTemplate":"https:\/\/alloraliving.com\/fr\/?s={search_term_string}"},"query-input":{"@type":"PropertyValueSpecification","valueRequired":true,"valueName":"search_term_string"}}],"inLanguage":"fr-FR"}]},"og_availability":"instock","product_availability":"instock","product_condition":"new"},"_links":{"self":[{"href":"https:\/\/alloraliving.com\/fr\/wp-json\/wp\/v2\/product\/8395","targetHints":{"allow":["GET"]}}],"collection":[{"href":"https:\/\/alloraliving.com\/fr\/wp-json\/wp\/v2\/product"}],"about":[{"href":"https:\/\/alloraliving.com\/fr\/wp-json\/wp\/v2\/types\/product"}],"wp:featuredmedia":[{"embeddable":true,"href":"https:\/\/alloraliving.com\/fr\/wp-json\/wp\/v2\/media\/8397"}],"wp:attachment":[{"href":"https:\/\/alloraliving.com\/fr\/wp-json\/wp\/v2\/media?parent=8395"}],"wp:term":[{"taxonomy":"product_brand","embeddable":true,"href":"https:\/\/alloraliving.com\/fr\/wp-json\/wp\/v2\/product_brand?post=8395"},{"taxonomy":"product_cat","embeddable":true,"href":"https:\/\/alloraliving.com\/fr\/wp-json\/wp\/v2\/product_cat?post=8395"},{"taxonomy":"product_tag","embeddable":true,"href":"https:\/\/alloraliving.com\/fr\/wp-json\/wp\/v2\/product_tag?post=8395"}],"curies":[{"name":"wp","href":"https:\/\/api.w.org\/{rel}","templated":true}]}}